{"id":887,"date":"2017-10-02T11:06:53","date_gmt":"2017-10-02T09:06:53","guid":{"rendered":"http:\/\/www.gietka.be\/?page_id=887"},"modified":"2017-10-02T13:24:37","modified_gmt":"2017-10-02T11:24:37","slug":"personnages","status":"publish","type":"page","link":"https:\/\/www.gietka.be\/index.php\/personnages\/","title":{"rendered":"Personnages"},"content":{"rendered":"<p class=\"jetpack-slideshow-noscript robots-nocontent\">Ce diaporama n\u00e9cessite JavaScript.<\/p><div id=\"gallery-887-1-slideshow\" class=\"jetpack-slideshow-window jetpack-slideshow jetpack-slideshow-black\" data-trans=\"fade\" data-autostart=\"1\" data-gallery=\"[{&quot;src&quot;:&quot;https:\\\/\\\/i0.wp.com\\\/www.gietka.be\\\/wp-content\\\/uploads\\\/2016\\\/11\\\/2009-TRISTESSE.jpg?fit=756%2C1024\\u0026ssl=1&quot;,&quot;id&quot;:&quot;481&quot;,&quot;title&quot;:&quot;2009-tristesse-37\\u0026#215;27&quot;,&quot;alt&quot;:&quot;Aquarelle Jos\\u00e9 Gietka&quot;,&quot;caption&quot;:&quot;\\u00ab\\u00a0Tristesse\\u00a0\\u00bb&quot;,&quot;itemprop&quot;:&quot;image&quot;},{&quot;src&quot;:&quot;https:\\\/\\\/i0.wp.com\\\/www.gietka.be\\\/wp-content\\\/uploads\\\/2016\\\/11\\\/2015-MADAME-EN-PROMENADE-37x27.jpg?fit=737%2C1024\\u0026ssl=1&quot;,&quot;id&quot;:&quot;638&quot;,&quot;title&quot;:&quot;2015-madame-en-promenade-37\\u0026#215;27&quot;,&quot;alt&quot;:&quot;Aquarelle Jos\\u00e9 Gietka&quot;,&quot;caption&quot;:&quot;\\u00ab\\u00a0Madame en promenade\\u00a0\\u00bb&quot;,&quot;itemprop&quot;:&quot;image&quot;},{&quot;src&quot;:&quot;https:\\\/\\\/i0.wp.com\\\/www.gietka.be\\\/wp-content\\\/uploads\\\/2016\\\/11\\\/2012-MISS-BIGOUDIS-37x27.jpg?fit=759%2C1024\\u0026ssl=1&quot;,&quot;id&quot;:&quot;558&quot;,&quot;title&quot;:&quot;2012-miss-bigoudis-37\\u0026#215;27&quot;,&quot;alt&quot;:&quot;Aquarelle Jos\\u00e9 Gietka&quot;,&quot;caption&quot;:&quot;\\u00ab\\u00a0Miss Bigoudis\\u00a0\\u00bb&quot;,&quot;itemprop&quot;:&quot;image&quot;},{&quot;src&quot;:&quot;https:\\\/\\\/i0.wp.com\\\/www.gietka.be\\\/wp-content\\\/uploads\\\/2016\\\/11\\\/2012-LA-DAME-AU-CHAT-37x27.jpg?fit=755%2C1024\\u0026ssl=1&quot;,&quot;id&quot;:&quot;553&quot;,&quot;title&quot;:&quot;2012-la-dame-au-chat-37\\u0026#215;27&quot;,&quot;alt&quot;:&quot;Aquarelle Jos\\u00e9 Gietka&quot;,&quot;caption&quot;:&quot;\\u00ab\\u00a0La dame au chat\\u00a0\\u00bb&quot;,&quot;itemprop&quot;:&quot;image&quot;},{&quot;src&quot;:&quot;https:\\\/\\\/i0.wp.com\\\/www.gietka.be\\\/wp-content\\\/uploads\\\/2016\\\/11\\\/2010-CONCENTRATION.jpg?fit=790%2C999\\u0026ssl=1&quot;,&quot;id&quot;:&quot;490&quot;,&quot;title&quot;:&quot;2010-concentration-37\\u0026#215;27&quot;,&quot;alt&quot;:&quot;Aquarelle Jos\\u00e9 Gietka&quot;,&quot;caption&quot;:&quot;\\u00ab\\u00a0Concentration\\u00a0\\u00bb&quot;,&quot;itemprop&quot;:&quot;image&quot;},{&quot;src&quot;:&quot;https:\\\/\\\/i0.wp.com\\\/www.gietka.be\\\/wp-content\\\/uploads\\\/2017\\\/10\\\/0319-2015-MADAME-EN-VESPA-19x27-e1506940356280.jpg?fit=1000%2C641\\u0026ssl=1&quot;,&quot;id&quot;:&quot;937&quot;,&quot;title&quot;:&quot;0319 2015 MADAME EN VESPA (19\\u0026#215;27)&quot;,&quot;alt&quot;:&quot;&quot;,&quot;caption&quot;:&quot;\\u00ab\\u00a0Madame en vespa\\u00a0\\u00bb&quot;,&quot;itemprop&quot;:&quot;image&quot;}]\" itemscope itemtype=\"https:\/\/schema.org\/ImageGallery\"><\/div>\n","protected":false},"excerpt":{"rendered":"","protected":false},"author":2,"featured_media":0,"parent":0,"menu_order":0,"comment_status":"closed","ping_status":"closed","template":"","meta":{"jetpack_post_was_ever_published":false,"footnotes":""},"class_list":["post-887","page","type-page","status-publish","hentry"],"yoast_head":"<!-- This site is optimized with the Yoast SEO plugin v27.2 - https:\/\/yoast.com\/product\/yoast-seo-wordpress\/ -->\n<title>Personnages - Jos\u00e9 Gietka, aquarelliste et cr\u00e9ateur de bijoux<\/title>\n<meta name=\"robots\" content=\"index, follow, max-snippet:-1, max-image-preview:large, max-video-preview:-1\" \/>\n<link rel=\"canonical\" href=\"https:\/\/www.gietka.be\/index.php\/personnages\/\" \/>\n<meta property=\"og:locale\" content=\"fr_FR\" \/>\n<meta property=\"og:type\" content=\"article\" \/>\n<meta property=\"og:title\" content=\"Personnages - Jos\u00e9 Gietka, aquarelliste et cr\u00e9ateur de bijoux\" \/>\n<meta property=\"og:url\" content=\"https:\/\/www.gietka.be\/index.php\/personnages\/\" \/>\n<meta property=\"og:site_name\" content=\"Jos\u00e9 Gietka, aquarelliste et cr\u00e9ateur de bijoux\" \/>\n<meta property=\"article:modified_time\" content=\"2017-10-02T11:24:37+00:00\" \/>\n<meta name=\"twitter:card\" content=\"summary_large_image\" \/>\n<script type=\"application\/ld+json\" class=\"yoast-schema-graph\">{\"@context\":\"https:\/\/schema.org\",\"@graph\":[{\"@type\":\"WebPage\",\"@id\":\"https:\/\/www.gietka.be\/index.php\/personnages\/\",\"url\":\"https:\/\/www.gietka.be\/index.php\/personnages\/\",\"name\":\"Personnages - Jos\u00e9 Gietka, aquarelliste et cr\u00e9ateur de bijoux\",\"isPartOf\":{\"@id\":\"https:\/\/www.gietka.be\/#website\"},\"datePublished\":\"2017-10-02T09:06:53+00:00\",\"dateModified\":\"2017-10-02T11:24:37+00:00\",\"breadcrumb\":{\"@id\":\"https:\/\/www.gietka.be\/index.php\/personnages\/#breadcrumb\"},\"inLanguage\":\"fr-FR\",\"potentialAction\":[{\"@type\":\"ReadAction\",\"target\":[\"https:\/\/www.gietka.be\/index.php\/personnages\/\"]}]},{\"@type\":\"BreadcrumbList\",\"@id\":\"https:\/\/www.gietka.be\/index.php\/personnages\/#breadcrumb\",\"itemListElement\":[{\"@type\":\"ListItem\",\"position\":1,\"name\":\"Accueil\",\"item\":\"https:\/\/www.gietka.be\/\"},{\"@type\":\"ListItem\",\"position\":2,\"name\":\"Personnages\"}]},{\"@type\":\"WebSite\",\"@id\":\"https:\/\/www.gietka.be\/#website\",\"url\":\"https:\/\/www.gietka.be\/\",\"name\":\"Jos\u00e9 Gietka, aquarelliste et cr\u00e9ateur de bijoux\",\"description\":\"L&#039;art de l&#039;aquarelle cr\u00e9ative\",\"potentialAction\":[{\"@type\":\"SearchAction\",\"target\":{\"@type\":\"EntryPoint\",\"urlTemplate\":\"https:\/\/www.gietka.be\/?s={search_term_string}\"},\"query-input\":{\"@type\":\"PropertyValueSpecification\",\"valueRequired\":true,\"valueName\":\"search_term_string\"}}],\"inLanguage\":\"fr-FR\"}]}<\/script>\n<!-- \/ Yoast SEO plugin. -->","yoast_head_json":{"title":"Personnages - Jos\u00e9 Gietka, aquarelliste et cr\u00e9ateur de bijoux","robots":{"index":"index","follow":"follow","max-snippet":"max-snippet:-1","max-image-preview":"max-image-preview:large","max-video-preview":"max-video-preview:-1"},"canonical":"https:\/\/www.gietka.be\/index.php\/personnages\/","og_locale":"fr_FR","og_type":"article","og_title":"Personnages - Jos\u00e9 Gietka, aquarelliste et cr\u00e9ateur de bijoux","og_url":"https:\/\/www.gietka.be\/index.php\/personnages\/","og_site_name":"Jos\u00e9 Gietka, aquarelliste et cr\u00e9ateur de bijoux","article_modified_time":"2017-10-02T11:24:37+00:00","twitter_card":"summary_large_image","schema":{"@context":"https:\/\/schema.org","@graph":[{"@type":"WebPage","@id":"https:\/\/www.gietka.be\/index.php\/personnages\/","url":"https:\/\/www.gietka.be\/index.php\/personnages\/","name":"Personnages - Jos\u00e9 Gietka, aquarelliste et cr\u00e9ateur de bijoux","isPartOf":{"@id":"https:\/\/www.gietka.be\/#website"},"datePublished":"2017-10-02T09:06:53+00:00","dateModified":"2017-10-02T11:24:37+00:00","breadcrumb":{"@id":"https:\/\/www.gietka.be\/index.php\/personnages\/#breadcrumb"},"inLanguage":"fr-FR","potentialAction":[{"@type":"ReadAction","target":["https:\/\/www.gietka.be\/index.php\/personnages\/"]}]},{"@type":"BreadcrumbList","@id":"https:\/\/www.gietka.be\/index.php\/personnages\/#breadcrumb","itemListElement":[{"@type":"ListItem","position":1,"name":"Accueil","item":"https:\/\/www.gietka.be\/"},{"@type":"ListItem","position":2,"name":"Personnages"}]},{"@type":"WebSite","@id":"https:\/\/www.gietka.be\/#website","url":"https:\/\/www.gietka.be\/","name":"Jos\u00e9 Gietka, aquarelliste et cr\u00e9ateur de bijoux","description":"L&#039;art de l&#039;aquarelle cr\u00e9ative","potentialAction":[{"@type":"SearchAction","target":{"@type":"EntryPoint","urlTemplate":"https:\/\/www.gietka.be\/?s={search_term_string}"},"query-input":{"@type":"PropertyValueSpecification","valueRequired":true,"valueName":"search_term_string"}}],"inLanguage":"fr-FR"}]}},"jetpack_sharing_enabled":true,"jetpack_shortlink":"https:\/\/wp.me\/P7ZytP-ej","_links":{"self":[{"href":"https:\/\/www.gietka.be\/index.php\/wp-json\/wp\/v2\/pages\/887","targetHints":{"allow":["GET"]}}],"collection":[{"href":"https:\/\/www.gietka.be\/index.php\/wp-json\/wp\/v2\/pages"}],"about":[{"href":"https:\/\/www.gietka.be\/index.php\/wp-json\/wp\/v2\/types\/page"}],"author":[{"embeddable":true,"href":"https:\/\/www.gietka.be\/index.php\/wp-json\/wp\/v2\/users\/2"}],"replies":[{"embeddable":true,"href":"https:\/\/www.gietka.be\/index.php\/wp-json\/wp\/v2\/comments?post=887"}],"version-history":[{"count":3,"href":"https:\/\/www.gietka.be\/index.php\/wp-json\/wp\/v2\/pages\/887\/revisions"}],"predecessor-version":[{"id":943,"href":"https:\/\/www.gietka.be\/index.php\/wp-json\/wp\/v2\/pages\/887\/revisions\/943"}],"wp:attachment":[{"href":"https:\/\/www.gietka.be\/index.php\/wp-json\/wp\/v2\/media?parent=887"}],"curies":[{"name":"wp","href":"https:\/\/api.w.org\/{rel}","templated":true}]}}