{"id":883,"date":"2017-10-02T11:06:04","date_gmt":"2017-10-02T09:06:04","guid":{"rendered":"http:\/\/www.gietka.be\/?page_id=883"},"modified":"2017-10-02T13:23:47","modified_gmt":"2017-10-02T11:23:47","slug":"psychose","status":"publish","type":"page","link":"https:\/\/www.gietka.be\/index.php\/psychose\/","title":{"rendered":"Psychose"},"content":{"rendered":"<p class=\"jetpack-slideshow-noscript robots-nocontent\">Ce diaporama n\u00e9cessite JavaScript.<\/p><div id=\"gallery-883-1-slideshow\" class=\"jetpack-slideshow-window jetpack-slideshow jetpack-slideshow-black\" data-trans=\"fade\" data-autostart=\"1\" data-gallery=\"[{&quot;src&quot;:&quot;https:\\\/\\\/i0.wp.com\\\/www.gietka.be\\\/wp-content\\\/uploads\\\/2017\\\/10\\\/0386-2016-VANITE-ENSANGLANTEE-29x20-e1506940784489.jpg?fit=702%2C1000\\u0026ssl=1&quot;,&quot;id&quot;:&quot;920&quot;,&quot;title&quot;:&quot;0386 2016 VANITE ENSANGLANTEE (29\\u0026#215;20)&quot;,&quot;alt&quot;:&quot;&quot;,&quot;caption&quot;:&quot;\\u00ab\\u00a0Vanit\\u00e9 ensanglant\\u00e9e\\u00a0\\u00bb&quot;,&quot;itemprop&quot;:&quot;image&quot;},{&quot;src&quot;:&quot;https:\\\/\\\/i0.wp.com\\\/www.gietka.be\\\/wp-content\\\/uploads\\\/2017\\\/10\\\/0376-2016-CA-HURLE-DANS-MA-TETE-29x20-e1506940744520.jpg?fit=706%2C1000\\u0026ssl=1&quot;,&quot;id&quot;:&quot;922&quot;,&quot;title&quot;:&quot;0376 2016 CA HURLE DANS MA TETE (29\\u0026#215;20)&quot;,&quot;alt&quot;:&quot;&quot;,&quot;caption&quot;:&quot;\\u00ab\\u00a0Ca hurle dans ma t\\u00eate\\u00a0\\u00bb&quot;,&quot;itemprop&quot;:&quot;image&quot;},{&quot;src&quot;:&quot;https:\\\/\\\/i0.wp.com\\\/www.gietka.be\\\/wp-content\\\/uploads\\\/2017\\\/10\\\/0383-2016-LES-VOIX-DU-CIEL-29x20-e1506940729480.jpg?fit=740%2C1000\\u0026ssl=1&quot;,&quot;id&quot;:&quot;923&quot;,&quot;title&quot;:&quot;0383 2016 LES VOIX DU CIEL (29\\u0026#215;20)&quot;,&quot;alt&quot;:&quot;&quot;,&quot;caption&quot;:&quot;\\u00ab\\u00a0Les voix du ciel\\u00a0\\u00bb&quot;,&quot;itemprop&quot;:&quot;image&quot;},{&quot;src&quot;:&quot;https:\\\/\\\/i0.wp.com\\\/www.gietka.be\\\/wp-content\\\/uploads\\\/2017\\\/10\\\/0384-2016-OU-EST-MA-PLACE-DANS-CE-MONDE29x20-e1506940558241.jpg?fit=702%2C1000\\u0026ssl=1&quot;,&quot;id&quot;:&quot;932&quot;,&quot;title&quot;:&quot;0384 2016 OU EST MA PLACE DANS CE MONDE(29\\u0026#215;20)&quot;,&quot;alt&quot;:&quot;&quot;,&quot;caption&quot;:&quot;\\u00ab\\u00a0O\\u00f9 est ma place dans ce monde\\u00a0\\u00bb&quot;,&quot;itemprop&quot;:&quot;image&quot;},{&quot;src&quot;:&quot;https:\\\/\\\/i0.wp.com\\\/www.gietka.be\\\/wp-content\\\/uploads\\\/2017\\\/10\\\/0380-2016-LA-MAISON-DES-FOUS-20x29-e1506940712640.jpg?fit=1000%2C673\\u0026ssl=1&quot;,&quot;id&quot;:&quot;924&quot;,&quot;title&quot;:&quot;0380 2016 LA MAISON DES FOUS (20\\u0026#215;29)&quot;,&quot;alt&quot;:&quot;&quot;,&quot;caption&quot;:&quot;\\u00ab\\u00a0La maison des fous\\u00a0\\u00bb&quot;,&quot;itemprop&quot;:&quot;image&quot;},{&quot;src&quot;:&quot;https:\\\/\\\/i0.wp.com\\\/www.gietka.be\\\/wp-content\\\/uploads\\\/2017\\\/10\\\/0378-2016-FUITE-DANS-UN-AUTRE-MONDE-20x29-e1506940647910.jpg?fit=1000%2C722\\u0026ssl=1&quot;,&quot;id&quot;:&quot;928&quot;,&quot;title&quot;:&quot;0378 2016 FUITE DANS UN AUTRE MONDE (20\\u0026#215;29)&quot;,&quot;alt&quot;:&quot;&quot;,&quot;caption&quot;:&quot;\\u00ab\\u00a0Fuite dans un autre monde\\u00a0\\u00bb&quot;,&quot;itemprop&quot;:&quot;image&quot;}]\" itemscope itemtype=\"https:\/\/schema.org\/ImageGallery\"><\/div>\n","protected":false},"excerpt":{"rendered":"","protected":false},"author":2,"featured_media":0,"parent":0,"menu_order":0,"comment_status":"closed","ping_status":"closed","template":"","meta":{"jetpack_post_was_ever_published":false,"footnotes":""},"class_list":["post-883","page","type-page","status-publish","hentry"],"yoast_head":"<!-- This site is optimized with the Yoast SEO plugin v27.2 - https:\/\/yoast.com\/product\/yoast-seo-wordpress\/ -->\n<title>Psychose - Jos\u00e9 Gietka, aquarelliste et cr\u00e9ateur de bijoux<\/title>\n<meta name=\"robots\" content=\"index, follow, max-snippet:-1, max-image-preview:large, max-video-preview:-1\" \/>\n<link rel=\"canonical\" href=\"https:\/\/www.gietka.be\/index.php\/psychose\/\" \/>\n<meta property=\"og:locale\" content=\"fr_FR\" \/>\n<meta property=\"og:type\" content=\"article\" \/>\n<meta property=\"og:title\" content=\"Psychose - Jos\u00e9 Gietka, aquarelliste et cr\u00e9ateur de bijoux\" \/>\n<meta property=\"og:url\" content=\"https:\/\/www.gietka.be\/index.php\/psychose\/\" \/>\n<meta property=\"og:site_name\" content=\"Jos\u00e9 Gietka, aquarelliste et cr\u00e9ateur de bijoux\" \/>\n<meta property=\"article:modified_time\" content=\"2017-10-02T11:23:47+00:00\" \/>\n<meta name=\"twitter:card\" content=\"summary_large_image\" \/>\n<script type=\"application\/ld+json\" class=\"yoast-schema-graph\">{\"@context\":\"https:\/\/schema.org\",\"@graph\":[{\"@type\":\"WebPage\",\"@id\":\"https:\/\/www.gietka.be\/index.php\/psychose\/\",\"url\":\"https:\/\/www.gietka.be\/index.php\/psychose\/\",\"name\":\"Psychose - Jos\u00e9 Gietka, aquarelliste et cr\u00e9ateur de bijoux\",\"isPartOf\":{\"@id\":\"https:\/\/www.gietka.be\/#website\"},\"datePublished\":\"2017-10-02T09:06:04+00:00\",\"dateModified\":\"2017-10-02T11:23:47+00:00\",\"breadcrumb\":{\"@id\":\"https:\/\/www.gietka.be\/index.php\/psychose\/#breadcrumb\"},\"inLanguage\":\"fr-FR\",\"potentialAction\":[{\"@type\":\"ReadAction\",\"target\":[\"https:\/\/www.gietka.be\/index.php\/psychose\/\"]}]},{\"@type\":\"BreadcrumbList\",\"@id\":\"https:\/\/www.gietka.be\/index.php\/psychose\/#breadcrumb\",\"itemListElement\":[{\"@type\":\"ListItem\",\"position\":1,\"name\":\"Accueil\",\"item\":\"https:\/\/www.gietka.be\/\"},{\"@type\":\"ListItem\",\"position\":2,\"name\":\"Psychose\"}]},{\"@type\":\"WebSite\",\"@id\":\"https:\/\/www.gietka.be\/#website\",\"url\":\"https:\/\/www.gietka.be\/\",\"name\":\"Jos\u00e9 Gietka, aquarelliste et cr\u00e9ateur de bijoux\",\"description\":\"L&#039;art de l&#039;aquarelle cr\u00e9ative\",\"potentialAction\":[{\"@type\":\"SearchAction\",\"target\":{\"@type\":\"EntryPoint\",\"urlTemplate\":\"https:\/\/www.gietka.be\/?s={search_term_string}\"},\"query-input\":{\"@type\":\"PropertyValueSpecification\",\"valueRequired\":true,\"valueName\":\"search_term_string\"}}],\"inLanguage\":\"fr-FR\"}]}<\/script>\n<!-- \/ Yoast SEO plugin. -->","yoast_head_json":{"title":"Psychose - Jos\u00e9 Gietka, aquarelliste et cr\u00e9ateur de bijoux","robots":{"index":"index","follow":"follow","max-snippet":"max-snippet:-1","max-image-preview":"max-image-preview:large","max-video-preview":"max-video-preview:-1"},"canonical":"https:\/\/www.gietka.be\/index.php\/psychose\/","og_locale":"fr_FR","og_type":"article","og_title":"Psychose - Jos\u00e9 Gietka, aquarelliste et cr\u00e9ateur de bijoux","og_url":"https:\/\/www.gietka.be\/index.php\/psychose\/","og_site_name":"Jos\u00e9 Gietka, aquarelliste et cr\u00e9ateur de bijoux","article_modified_time":"2017-10-02T11:23:47+00:00","twitter_card":"summary_large_image","schema":{"@context":"https:\/\/schema.org","@graph":[{"@type":"WebPage","@id":"https:\/\/www.gietka.be\/index.php\/psychose\/","url":"https:\/\/www.gietka.be\/index.php\/psychose\/","name":"Psychose - Jos\u00e9 Gietka, aquarelliste et cr\u00e9ateur de bijoux","isPartOf":{"@id":"https:\/\/www.gietka.be\/#website"},"datePublished":"2017-10-02T09:06:04+00:00","dateModified":"2017-10-02T11:23:47+00:00","breadcrumb":{"@id":"https:\/\/www.gietka.be\/index.php\/psychose\/#breadcrumb"},"inLanguage":"fr-FR","potentialAction":[{"@type":"ReadAction","target":["https:\/\/www.gietka.be\/index.php\/psychose\/"]}]},{"@type":"BreadcrumbList","@id":"https:\/\/www.gietka.be\/index.php\/psychose\/#breadcrumb","itemListElement":[{"@type":"ListItem","position":1,"name":"Accueil","item":"https:\/\/www.gietka.be\/"},{"@type":"ListItem","position":2,"name":"Psychose"}]},{"@type":"WebSite","@id":"https:\/\/www.gietka.be\/#website","url":"https:\/\/www.gietka.be\/","name":"Jos\u00e9 Gietka, aquarelliste et cr\u00e9ateur de bijoux","description":"L&#039;art de l&#039;aquarelle cr\u00e9ative","potentialAction":[{"@type":"SearchAction","target":{"@type":"EntryPoint","urlTemplate":"https:\/\/www.gietka.be\/?s={search_term_string}"},"query-input":{"@type":"PropertyValueSpecification","valueRequired":true,"valueName":"search_term_string"}}],"inLanguage":"fr-FR"}]}},"jetpack_sharing_enabled":true,"jetpack_shortlink":"https:\/\/wp.me\/P7ZytP-ef","_links":{"self":[{"href":"https:\/\/www.gietka.be\/index.php\/wp-json\/wp\/v2\/pages\/883","targetHints":{"allow":["GET"]}}],"collection":[{"href":"https:\/\/www.gietka.be\/index.php\/wp-json\/wp\/v2\/pages"}],"about":[{"href":"https:\/\/www.gietka.be\/index.php\/wp-json\/wp\/v2\/types\/page"}],"author":[{"embeddable":true,"href":"https:\/\/www.gietka.be\/index.php\/wp-json\/wp\/v2\/users\/2"}],"replies":[{"embeddable":true,"href":"https:\/\/www.gietka.be\/index.php\/wp-json\/wp\/v2\/comments?post=883"}],"version-history":[{"count":2,"href":"https:\/\/www.gietka.be\/index.php\/wp-json\/wp\/v2\/pages\/883\/revisions"}],"predecessor-version":[{"id":942,"href":"https:\/\/www.gietka.be\/index.php\/wp-json\/wp\/v2\/pages\/883\/revisions\/942"}],"wp:attachment":[{"href":"https:\/\/www.gietka.be\/index.php\/wp-json\/wp\/v2\/media?parent=883"}],"curies":[{"name":"wp","href":"https:\/\/api.w.org\/{rel}","templated":true}]}}