{"id":881,"date":"2017-10-02T11:05:41","date_gmt":"2017-10-02T09:05:41","guid":{"rendered":"http:\/\/www.gietka.be\/?page_id=881"},"modified":"2017-10-02T12:03:36","modified_gmt":"2017-10-02T10:03:36","slug":"reves","status":"publish","type":"page","link":"https:\/\/www.gietka.be\/index.php\/reves\/","title":{"rendered":"R\u00eaves"},"content":{"rendered":"<p class=\"jetpack-slideshow-noscript robots-nocontent\">Ce diaporama n\u00e9cessite JavaScript.<\/p><div id=\"gallery-881-1-slideshow\" class=\"jetpack-slideshow-window jetpack-slideshow jetpack-slideshow-black\" data-trans=\"fade\" data-autostart=\"1\" data-gallery=\"[{&quot;src&quot;:&quot;https:\\\/\\\/i0.wp.com\\\/www.gietka.be\\\/wp-content\\\/uploads\\\/2016\\\/11\\\/2016-LA-PETITE-MIGRATION-37x27.jpg?fit=721%2C1024\\u0026ssl=1&quot;,&quot;id&quot;:&quot;654&quot;,&quot;title&quot;:&quot;2016-la-petite-migration-37\\u0026#215;27&quot;,&quot;alt&quot;:&quot;Aquarelle Jos\\u00e9 Gietka&quot;,&quot;caption&quot;:&quot;\\u00ab\\u00a0La petite migration\\u00a0\\u00bb&quot;,&quot;itemprop&quot;:&quot;image&quot;},{&quot;src&quot;:&quot;https:\\\/\\\/i0.wp.com\\\/www.gietka.be\\\/wp-content\\\/uploads\\\/2016\\\/11\\\/2015-DEPART-37x27.jpg?fit=734%2C1024\\u0026ssl=1&quot;,&quot;id&quot;:&quot;620&quot;,&quot;title&quot;:&quot;2015-depart-37\\u0026#215;27&quot;,&quot;alt&quot;:&quot;Aquarelle Jos\\u00e9 Gietka&quot;,&quot;caption&quot;:&quot;\\u00ab\\u00a0D\\u00e9part\\u00a0\\u00bb&quot;,&quot;itemprop&quot;:&quot;image&quot;},{&quot;src&quot;:&quot;https:\\\/\\\/i0.wp.com\\\/www.gietka.be\\\/wp-content\\\/uploads\\\/2016\\\/11\\\/2009-CARRES-COULEURS.jpg?fit=724%2C1024\\u0026ssl=1&quot;,&quot;id&quot;:&quot;411&quot;,&quot;title&quot;:&quot;2009 : Carr\\u00e9s couleurs&quot;,&quot;alt&quot;:&quot;aquarelle Jos\\u00e9 Gietka&quot;,&quot;caption&quot;:&quot;\\u00ab\\u00a0Carr\\u00e9s couleurs\\u00a0\\u00bb&quot;,&quot;itemprop&quot;:&quot;image&quot;},{&quot;src&quot;:&quot;https:\\\/\\\/i0.wp.com\\\/www.gietka.be\\\/wp-content\\\/uploads\\\/2016\\\/11\\\/2015-PETITS-ANGES-DANS-LE-COSMOS-57x38.jpg?fit=658%2C1024\\u0026ssl=1&quot;,&quot;id&quot;:&quot;409&quot;,&quot;title&quot;:&quot;2015 : Les petits anges dans le cosmos&quot;,&quot;alt&quot;:&quot;aquarelle Jos\\u00e9 Gietka&quot;,&quot;caption&quot;:&quot;\\u00ab\\u00a0Les petits anges dans le cosmos\\u00a0\\u00bb&quot;,&quot;itemprop&quot;:&quot;image&quot;},{&quot;src&quot;:&quot;https:\\\/\\\/i0.wp.com\\\/www.gietka.be\\\/wp-content\\\/uploads\\\/2016\\\/11\\\/2016-05-MON-MOULIN-DARCHES-57x38.jpg?fit=661%2C1024\\u0026ssl=1&quot;,&quot;id&quot;:&quot;694&quot;,&quot;title&quot;:&quot;2016-05-mon-moulin-darches-57\\u0026#215;38&quot;,&quot;alt&quot;:&quot;&quot;,&quot;caption&quot;:&quot;&quot;,&quot;itemprop&quot;:&quot;image&quot;},{&quot;src&quot;:&quot;https:\\\/\\\/i0.wp.com\\\/www.gietka.be\\\/wp-content\\\/uploads\\\/2016\\\/11\\\/2015-DEBUT-DUN-REVE-29x19.jpg?fit=666%2C1024\\u0026ssl=1&quot;,&quot;id&quot;:&quot;619&quot;,&quot;title&quot;:&quot;2015-debut-dun-reve-29\\u0026#215;19&quot;,&quot;alt&quot;:&quot;Aquarelle Jos\\u00e9 Gietka&quot;,&quot;caption&quot;:&quot;\\u00ab\\u00a0D\\u00e9but d\\u0026rsquo;un r\\u00eave\\u00a0\\u00bb&quot;,&quot;itemprop&quot;:&quot;image&quot;}]\" itemscope itemtype=\"https:\/\/schema.org\/ImageGallery\"><\/div>\n","protected":false},"excerpt":{"rendered":"","protected":false},"author":2,"featured_media":0,"parent":0,"menu_order":0,"comment_status":"closed","ping_status":"closed","template":"","meta":{"jetpack_post_was_ever_published":false,"footnotes":""},"class_list":["post-881","page","type-page","status-publish","hentry"],"yoast_head":"<!-- This site is optimized with the Yoast SEO plugin v27.2 - https:\/\/yoast.com\/product\/yoast-seo-wordpress\/ -->\n<title>R\u00eaves - Jos\u00e9 Gietka, aquarelliste et cr\u00e9ateur de bijoux<\/title>\n<meta name=\"robots\" content=\"index, follow, max-snippet:-1, max-image-preview:large, max-video-preview:-1\" \/>\n<link rel=\"canonical\" href=\"https:\/\/www.gietka.be\/index.php\/reves\/\" \/>\n<meta property=\"og:locale\" content=\"fr_FR\" \/>\n<meta property=\"og:type\" content=\"article\" \/>\n<meta property=\"og:title\" content=\"R\u00eaves - Jos\u00e9 Gietka, aquarelliste et cr\u00e9ateur de bijoux\" \/>\n<meta property=\"og:url\" content=\"https:\/\/www.gietka.be\/index.php\/reves\/\" \/>\n<meta property=\"og:site_name\" content=\"Jos\u00e9 Gietka, aquarelliste et cr\u00e9ateur de bijoux\" \/>\n<meta property=\"article:modified_time\" content=\"2017-10-02T10:03:36+00:00\" \/>\n<meta name=\"twitter:card\" content=\"summary_large_image\" \/>\n<script type=\"application\/ld+json\" class=\"yoast-schema-graph\">{\"@context\":\"https:\/\/schema.org\",\"@graph\":[{\"@type\":\"WebPage\",\"@id\":\"https:\/\/www.gietka.be\/index.php\/reves\/\",\"url\":\"https:\/\/www.gietka.be\/index.php\/reves\/\",\"name\":\"R\u00eaves - Jos\u00e9 Gietka, aquarelliste et cr\u00e9ateur de bijoux\",\"isPartOf\":{\"@id\":\"https:\/\/www.gietka.be\/#website\"},\"datePublished\":\"2017-10-02T09:05:41+00:00\",\"dateModified\":\"2017-10-02T10:03:36+00:00\",\"breadcrumb\":{\"@id\":\"https:\/\/www.gietka.be\/index.php\/reves\/#breadcrumb\"},\"inLanguage\":\"fr-FR\",\"potentialAction\":[{\"@type\":\"ReadAction\",\"target\":[\"https:\/\/www.gietka.be\/index.php\/reves\/\"]}]},{\"@type\":\"BreadcrumbList\",\"@id\":\"https:\/\/www.gietka.be\/index.php\/reves\/#breadcrumb\",\"itemListElement\":[{\"@type\":\"ListItem\",\"position\":1,\"name\":\"Accueil\",\"item\":\"https:\/\/www.gietka.be\/\"},{\"@type\":\"ListItem\",\"position\":2,\"name\":\"R\u00eaves\"}]},{\"@type\":\"WebSite\",\"@id\":\"https:\/\/www.gietka.be\/#website\",\"url\":\"https:\/\/www.gietka.be\/\",\"name\":\"Jos\u00e9 Gietka, aquarelliste et cr\u00e9ateur de bijoux\",\"description\":\"L&#039;art de l&#039;aquarelle cr\u00e9ative\",\"potentialAction\":[{\"@type\":\"SearchAction\",\"target\":{\"@type\":\"EntryPoint\",\"urlTemplate\":\"https:\/\/www.gietka.be\/?s={search_term_string}\"},\"query-input\":{\"@type\":\"PropertyValueSpecification\",\"valueRequired\":true,\"valueName\":\"search_term_string\"}}],\"inLanguage\":\"fr-FR\"}]}<\/script>\n<!-- \/ Yoast SEO plugin. -->","yoast_head_json":{"title":"R\u00eaves - Jos\u00e9 Gietka, aquarelliste et cr\u00e9ateur de bijoux","robots":{"index":"index","follow":"follow","max-snippet":"max-snippet:-1","max-image-preview":"max-image-preview:large","max-video-preview":"max-video-preview:-1"},"canonical":"https:\/\/www.gietka.be\/index.php\/reves\/","og_locale":"fr_FR","og_type":"article","og_title":"R\u00eaves - Jos\u00e9 Gietka, aquarelliste et cr\u00e9ateur de bijoux","og_url":"https:\/\/www.gietka.be\/index.php\/reves\/","og_site_name":"Jos\u00e9 Gietka, aquarelliste et cr\u00e9ateur de bijoux","article_modified_time":"2017-10-02T10:03:36+00:00","twitter_card":"summary_large_image","schema":{"@context":"https:\/\/schema.org","@graph":[{"@type":"WebPage","@id":"https:\/\/www.gietka.be\/index.php\/reves\/","url":"https:\/\/www.gietka.be\/index.php\/reves\/","name":"R\u00eaves - Jos\u00e9 Gietka, aquarelliste et cr\u00e9ateur de bijoux","isPartOf":{"@id":"https:\/\/www.gietka.be\/#website"},"datePublished":"2017-10-02T09:05:41+00:00","dateModified":"2017-10-02T10:03:36+00:00","breadcrumb":{"@id":"https:\/\/www.gietka.be\/index.php\/reves\/#breadcrumb"},"inLanguage":"fr-FR","potentialAction":[{"@type":"ReadAction","target":["https:\/\/www.gietka.be\/index.php\/reves\/"]}]},{"@type":"BreadcrumbList","@id":"https:\/\/www.gietka.be\/index.php\/reves\/#breadcrumb","itemListElement":[{"@type":"ListItem","position":1,"name":"Accueil","item":"https:\/\/www.gietka.be\/"},{"@type":"ListItem","position":2,"name":"R\u00eaves"}]},{"@type":"WebSite","@id":"https:\/\/www.gietka.be\/#website","url":"https:\/\/www.gietka.be\/","name":"Jos\u00e9 Gietka, aquarelliste et cr\u00e9ateur de bijoux","description":"L&#039;art de l&#039;aquarelle cr\u00e9ative","potentialAction":[{"@type":"SearchAction","target":{"@type":"EntryPoint","urlTemplate":"https:\/\/www.gietka.be\/?s={search_term_string}"},"query-input":{"@type":"PropertyValueSpecification","valueRequired":true,"valueName":"search_term_string"}}],"inLanguage":"fr-FR"}]}},"jetpack_sharing_enabled":true,"jetpack_shortlink":"https:\/\/wp.me\/P7ZytP-ed","_links":{"self":[{"href":"https:\/\/www.gietka.be\/index.php\/wp-json\/wp\/v2\/pages\/881","targetHints":{"allow":["GET"]}}],"collection":[{"href":"https:\/\/www.gietka.be\/index.php\/wp-json\/wp\/v2\/pages"}],"about":[{"href":"https:\/\/www.gietka.be\/index.php\/wp-json\/wp\/v2\/types\/page"}],"author":[{"embeddable":true,"href":"https:\/\/www.gietka.be\/index.php\/wp-json\/wp\/v2\/users\/2"}],"replies":[{"embeddable":true,"href":"https:\/\/www.gietka.be\/index.php\/wp-json\/wp\/v2\/comments?post=881"}],"version-history":[{"count":2,"href":"https:\/\/www.gietka.be\/index.php\/wp-json\/wp\/v2\/pages\/881\/revisions"}],"predecessor-version":[{"id":918,"href":"https:\/\/www.gietka.be\/index.php\/wp-json\/wp\/v2\/pages\/881\/revisions\/918"}],"wp:attachment":[{"href":"https:\/\/www.gietka.be\/index.php\/wp-json\/wp\/v2\/media?parent=881"}],"curies":[{"name":"wp","href":"https:\/\/api.w.org\/{rel}","templated":true}]}}