{"id":873,"date":"2017-10-02T11:04:12","date_gmt":"2017-10-02T09:04:12","guid":{"rendered":"http:\/\/www.gietka.be\/?page_id=873"},"modified":"2017-10-02T11:33:36","modified_gmt":"2017-10-02T09:33:36","slug":"fleurs","status":"publish","type":"page","link":"https:\/\/www.gietka.be\/index.php\/fleurs\/","title":{"rendered":"Fleurs"},"content":{"rendered":"<p class=\"jetpack-slideshow-noscript robots-nocontent\">Ce diaporama n\u00e9cessite JavaScript.<\/p><div id=\"gallery-873-1-slideshow\" class=\"jetpack-slideshow-window jetpack-slideshow jetpack-slideshow-black\" data-trans=\"fade\" data-autostart=\"1\" data-gallery=\"[{&quot;src&quot;:&quot;https:\\\/\\\/i0.wp.com\\\/www.gietka.be\\\/wp-content\\\/uploads\\\/2016\\\/11\\\/2012-BOUQUET-DAUTOMNE-37x27.jpg?fit=776%2C1024\\u0026ssl=1&quot;,&quot;id&quot;:&quot;545&quot;,&quot;title&quot;:&quot;2012-bouquet-dautomne-37\\u0026#215;27&quot;,&quot;alt&quot;:&quot;Aquarelle Jos\\u00e9 Gietka&quot;,&quot;caption&quot;:&quot;\\u00ab\\u00a0Bouquet d\\u0026rsquo;automne\\u00a0\\u00bb&quot;,&quot;itemprop&quot;:&quot;image&quot;},{&quot;src&quot;:&quot;https:\\\/\\\/i0.wp.com\\\/www.gietka.be\\\/wp-content\\\/uploads\\\/2016\\\/11\\\/2016-FLEURS-MAGIQUES-37x27.jpg?fit=708%2C1024\\u0026ssl=1&quot;,&quot;id&quot;:&quot;651&quot;,&quot;title&quot;:&quot;2016-fleurs-magiques-37\\u0026#215;27&quot;,&quot;alt&quot;:&quot;Aquarelle Jos\\u00e9 Gietka&quot;,&quot;caption&quot;:&quot;\\u00ab\\u00a0Fleurs magiques\\u00a0\\u00bb&quot;,&quot;itemprop&quot;:&quot;image&quot;},{&quot;src&quot;:&quot;https:\\\/\\\/i0.wp.com\\\/www.gietka.be\\\/wp-content\\\/uploads\\\/2016\\\/11\\\/2015-LIBERTE-FLEURIE-37x27.jpg?fit=1024%2C765\\u0026ssl=1&quot;,&quot;id&quot;:&quot;634&quot;,&quot;title&quot;:&quot;2015-liberte-fleurie-37\\u0026#215;27&quot;,&quot;alt&quot;:&quot;Aquarelle Jos\\u00e9 Gietka&quot;,&quot;caption&quot;:&quot;\\u00ab\\u00a0Libert\\u00e9 fleurie\\u00a0\\u00bb&quot;,&quot;itemprop&quot;:&quot;image&quot;},{&quot;src&quot;:&quot;https:\\\/\\\/i0.wp.com\\\/www.gietka.be\\\/wp-content\\\/uploads\\\/2016\\\/11\\\/2012-BOUQUET-DETE-37x27.jpg?fit=756%2C1024\\u0026ssl=1&quot;,&quot;id&quot;:&quot;547&quot;,&quot;title&quot;:&quot;2012-bouquet-dete-37\\u0026#215;27&quot;,&quot;alt&quot;:&quot;Aquarelle Jos\\u00e9 Gietka&quot;,&quot;caption&quot;:&quot;\\u00ab\\u00a0Bouquet d\\u0026rsquo;\\u00e9t\\u00e9\\u00a0\\u00bb&quot;,&quot;itemprop&quot;:&quot;image&quot;},{&quot;src&quot;:&quot;https:\\\/\\\/i0.wp.com\\\/www.gietka.be\\\/wp-content\\\/uploads\\\/2016\\\/11\\\/2011-FLEURS-DES-CHAMPS-37x27.jpg?fit=745%2C1024\\u0026ssl=1&quot;,&quot;id&quot;:&quot;526&quot;,&quot;title&quot;:&quot;2011-fleurs-des-champs-37\\u0026#215;27&quot;,&quot;alt&quot;:&quot;Aquarelle Jos\\u00e9 Gietka&quot;,&quot;caption&quot;:&quot;\\u00ab\\u00a0Fleurs des champs\\u00a0\\u00bb&quot;,&quot;itemprop&quot;:&quot;image&quot;},{&quot;src&quot;:&quot;https:\\\/\\\/i0.wp.com\\\/www.gietka.be\\\/wp-content\\\/uploads\\\/2016\\\/11\\\/2013-LE-POT-DE-FLEURS-37x27.jpg?fit=743%2C1024\\u0026ssl=1&quot;,&quot;id&quot;:&quot;579&quot;,&quot;title&quot;:&quot;2013-le-pot-de-fleurs-37\\u0026#215;27&quot;,&quot;alt&quot;:&quot;Aquarelle Jos\\u00e9 Gietka&quot;,&quot;caption&quot;:&quot;\\u00ab\\u00a0Le pot de fleurs\\u00a0\\u00bb&quot;,&quot;itemprop&quot;:&quot;image&quot;}]\" itemscope itemtype=\"https:\/\/schema.org\/ImageGallery\"><\/div>\n","protected":false},"excerpt":{"rendered":"","protected":false},"author":2,"featured_media":0,"parent":0,"menu_order":0,"comment_status":"closed","ping_status":"closed","template":"","meta":{"jetpack_post_was_ever_published":false,"footnotes":""},"class_list":["post-873","page","type-page","status-publish","hentry"],"yoast_head":"<!-- This site is optimized with the Yoast SEO plugin v27.2 - https:\/\/yoast.com\/product\/yoast-seo-wordpress\/ -->\n<title>Fleurs - Jos\u00e9 Gietka, aquarelliste et cr\u00e9ateur de bijoux<\/title>\n<meta name=\"robots\" content=\"index, follow, max-snippet:-1, max-image-preview:large, max-video-preview:-1\" \/>\n<link rel=\"canonical\" href=\"https:\/\/www.gietka.be\/index.php\/fleurs\/\" \/>\n<meta property=\"og:locale\" content=\"fr_FR\" \/>\n<meta property=\"og:type\" content=\"article\" \/>\n<meta property=\"og:title\" content=\"Fleurs - Jos\u00e9 Gietka, aquarelliste et cr\u00e9ateur de bijoux\" \/>\n<meta property=\"og:url\" content=\"https:\/\/www.gietka.be\/index.php\/fleurs\/\" \/>\n<meta property=\"og:site_name\" content=\"Jos\u00e9 Gietka, aquarelliste et cr\u00e9ateur de bijoux\" \/>\n<meta property=\"article:modified_time\" content=\"2017-10-02T09:33:36+00:00\" \/>\n<meta name=\"twitter:card\" content=\"summary_large_image\" \/>\n<script type=\"application\/ld+json\" class=\"yoast-schema-graph\">{\"@context\":\"https:\/\/schema.org\",\"@graph\":[{\"@type\":\"WebPage\",\"@id\":\"https:\/\/www.gietka.be\/index.php\/fleurs\/\",\"url\":\"https:\/\/www.gietka.be\/index.php\/fleurs\/\",\"name\":\"Fleurs - Jos\u00e9 Gietka, aquarelliste et cr\u00e9ateur de bijoux\",\"isPartOf\":{\"@id\":\"https:\/\/www.gietka.be\/#website\"},\"datePublished\":\"2017-10-02T09:04:12+00:00\",\"dateModified\":\"2017-10-02T09:33:36+00:00\",\"breadcrumb\":{\"@id\":\"https:\/\/www.gietka.be\/index.php\/fleurs\/#breadcrumb\"},\"inLanguage\":\"fr-FR\",\"potentialAction\":[{\"@type\":\"ReadAction\",\"target\":[\"https:\/\/www.gietka.be\/index.php\/fleurs\/\"]}]},{\"@type\":\"BreadcrumbList\",\"@id\":\"https:\/\/www.gietka.be\/index.php\/fleurs\/#breadcrumb\",\"itemListElement\":[{\"@type\":\"ListItem\",\"position\":1,\"name\":\"Accueil\",\"item\":\"https:\/\/www.gietka.be\/\"},{\"@type\":\"ListItem\",\"position\":2,\"name\":\"Fleurs\"}]},{\"@type\":\"WebSite\",\"@id\":\"https:\/\/www.gietka.be\/#website\",\"url\":\"https:\/\/www.gietka.be\/\",\"name\":\"Jos\u00e9 Gietka, aquarelliste et cr\u00e9ateur de bijoux\",\"description\":\"L&#039;art de l&#039;aquarelle cr\u00e9ative\",\"potentialAction\":[{\"@type\":\"SearchAction\",\"target\":{\"@type\":\"EntryPoint\",\"urlTemplate\":\"https:\/\/www.gietka.be\/?s={search_term_string}\"},\"query-input\":{\"@type\":\"PropertyValueSpecification\",\"valueRequired\":true,\"valueName\":\"search_term_string\"}}],\"inLanguage\":\"fr-FR\"}]}<\/script>\n<!-- \/ Yoast SEO plugin. -->","yoast_head_json":{"title":"Fleurs - Jos\u00e9 Gietka, aquarelliste et cr\u00e9ateur de bijoux","robots":{"index":"index","follow":"follow","max-snippet":"max-snippet:-1","max-image-preview":"max-image-preview:large","max-video-preview":"max-video-preview:-1"},"canonical":"https:\/\/www.gietka.be\/index.php\/fleurs\/","og_locale":"fr_FR","og_type":"article","og_title":"Fleurs - Jos\u00e9 Gietka, aquarelliste et cr\u00e9ateur de bijoux","og_url":"https:\/\/www.gietka.be\/index.php\/fleurs\/","og_site_name":"Jos\u00e9 Gietka, aquarelliste et cr\u00e9ateur de bijoux","article_modified_time":"2017-10-02T09:33:36+00:00","twitter_card":"summary_large_image","schema":{"@context":"https:\/\/schema.org","@graph":[{"@type":"WebPage","@id":"https:\/\/www.gietka.be\/index.php\/fleurs\/","url":"https:\/\/www.gietka.be\/index.php\/fleurs\/","name":"Fleurs - Jos\u00e9 Gietka, aquarelliste et cr\u00e9ateur de bijoux","isPartOf":{"@id":"https:\/\/www.gietka.be\/#website"},"datePublished":"2017-10-02T09:04:12+00:00","dateModified":"2017-10-02T09:33:36+00:00","breadcrumb":{"@id":"https:\/\/www.gietka.be\/index.php\/fleurs\/#breadcrumb"},"inLanguage":"fr-FR","potentialAction":[{"@type":"ReadAction","target":["https:\/\/www.gietka.be\/index.php\/fleurs\/"]}]},{"@type":"BreadcrumbList","@id":"https:\/\/www.gietka.be\/index.php\/fleurs\/#breadcrumb","itemListElement":[{"@type":"ListItem","position":1,"name":"Accueil","item":"https:\/\/www.gietka.be\/"},{"@type":"ListItem","position":2,"name":"Fleurs"}]},{"@type":"WebSite","@id":"https:\/\/www.gietka.be\/#website","url":"https:\/\/www.gietka.be\/","name":"Jos\u00e9 Gietka, aquarelliste et cr\u00e9ateur de bijoux","description":"L&#039;art de l&#039;aquarelle cr\u00e9ative","potentialAction":[{"@type":"SearchAction","target":{"@type":"EntryPoint","urlTemplate":"https:\/\/www.gietka.be\/?s={search_term_string}"},"query-input":{"@type":"PropertyValueSpecification","valueRequired":true,"valueName":"search_term_string"}}],"inLanguage":"fr-FR"}]}},"jetpack_sharing_enabled":true,"jetpack_shortlink":"https:\/\/wp.me\/P7ZytP-e5","_links":{"self":[{"href":"https:\/\/www.gietka.be\/index.php\/wp-json\/wp\/v2\/pages\/873","targetHints":{"allow":["GET"]}}],"collection":[{"href":"https:\/\/www.gietka.be\/index.php\/wp-json\/wp\/v2\/pages"}],"about":[{"href":"https:\/\/www.gietka.be\/index.php\/wp-json\/wp\/v2\/types\/page"}],"author":[{"embeddable":true,"href":"https:\/\/www.gietka.be\/index.php\/wp-json\/wp\/v2\/users\/2"}],"replies":[{"embeddable":true,"href":"https:\/\/www.gietka.be\/index.php\/wp-json\/wp\/v2\/comments?post=873"}],"version-history":[{"count":2,"href":"https:\/\/www.gietka.be\/index.php\/wp-json\/wp\/v2\/pages\/873\/revisions"}],"predecessor-version":[{"id":906,"href":"https:\/\/www.gietka.be\/index.php\/wp-json\/wp\/v2\/pages\/873\/revisions\/906"}],"wp:attachment":[{"href":"https:\/\/www.gietka.be\/index.php\/wp-json\/wp\/v2\/media?parent=873"}],"curies":[{"name":"wp","href":"https:\/\/api.w.org\/{rel}","templated":true}]}}