{"id":871,"date":"2017-10-02T11:03:52","date_gmt":"2017-10-02T09:03:52","guid":{"rendered":"http:\/\/www.gietka.be\/?page_id=871"},"modified":"2017-10-02T11:57:11","modified_gmt":"2017-10-02T09:57:11","slug":"paysages","status":"publish","type":"page","link":"https:\/\/www.gietka.be\/index.php\/paysages\/","title":{"rendered":"Paysages"},"content":{"rendered":"<p class=\"jetpack-slideshow-noscript robots-nocontent\">Ce diaporama n\u00e9cessite JavaScript.<\/p><div id=\"gallery-871-1-slideshow\" class=\"jetpack-slideshow-window jetpack-slideshow jetpack-slideshow-black\" data-trans=\"fade\" data-autostart=\"1\" data-gallery=\"[{&quot;src&quot;:&quot;https:\\\/\\\/i0.wp.com\\\/www.gietka.be\\\/wp-content\\\/uploads\\\/2016\\\/11\\\/2016-AVANT-LA-TEMPETE-27x37.jpg?fit=1000%2C734\\u0026ssl=1&quot;,&quot;id&quot;:&quot;647&quot;,&quot;title&quot;:&quot;2016-avant-la-tempete-27\\u0026#215;37&quot;,&quot;alt&quot;:&quot;Aquarelle Jos\\u00e9 Gietka&quot;,&quot;caption&quot;:&quot;\\u00ab\\u00a0Avant la temp\\u00eate\\u00a0\\u00bb&quot;,&quot;itemprop&quot;:&quot;image&quot;},{&quot;src&quot;:&quot;https:\\\/\\\/i0.wp.com\\\/www.gietka.be\\\/wp-content\\\/uploads\\\/2016\\\/11\\\/2014-ASCENSSION-37x27.jpg?fit=742%2C1024\\u0026ssl=1&quot;,&quot;id&quot;:&quot;590&quot;,&quot;title&quot;:&quot;2014-ascenssion-37\\u0026#215;27&quot;,&quot;alt&quot;:&quot;Aquarelle Jos\\u00e9 Gietka&quot;,&quot;caption&quot;:&quot;\\u00ab\\u00a0Ascension\\u00a0\\u00bb&quot;,&quot;itemprop&quot;:&quot;image&quot;},{&quot;src&quot;:&quot;https:\\\/\\\/i0.wp.com\\\/www.gietka.be\\\/wp-content\\\/uploads\\\/2016\\\/11\\\/2014-ARBRES-DANS-LE-VENT-27x37-e1624641828330.jpg?fit=1000%2C734\\u0026ssl=1&quot;,&quot;id&quot;:&quot;589&quot;,&quot;title&quot;:&quot;2014-arbres-dans-le-vent-27\\u0026#215;37&quot;,&quot;alt&quot;:&quot;Aquarelle Jos\\u00e9 Gietka&quot;,&quot;caption&quot;:&quot;\\u00ab\\u00a0Arbres dans le vent\\u00a0\\u00bb&quot;,&quot;itemprop&quot;:&quot;image&quot;},{&quot;src&quot;:&quot;https:\\\/\\\/i0.wp.com\\\/www.gietka.be\\\/wp-content\\\/uploads\\\/2016\\\/11\\\/2011-NEIGE-13x37.jpg?fit=1000%2C358\\u0026ssl=1&quot;,&quot;id&quot;:&quot;539&quot;,&quot;title&quot;:&quot;2011-neige-13\\u0026#215;37&quot;,&quot;alt&quot;:&quot;Aquarelle Jos\\u00e9 Gietka&quot;,&quot;caption&quot;:&quot;\\u00ab\\u00a0Neige\\u00a0\\u00bb&quot;,&quot;itemprop&quot;:&quot;image&quot;},{&quot;src&quot;:&quot;https:\\\/\\\/i0.wp.com\\\/www.gietka.be\\\/wp-content\\\/uploads\\\/2016\\\/11\\\/2014-JAPONISANTE-37x27.jpg?fit=739%2C1024\\u0026ssl=1&quot;,&quot;id&quot;:&quot;601&quot;,&quot;title&quot;:&quot;2014-japonisante-37\\u0026#215;27&quot;,&quot;alt&quot;:&quot;Aquarelle Jos\\u00e9 Gietka&quot;,&quot;caption&quot;:&quot;\\u00ab\\u00a0Japonisante\\u00a0\\u00bb&quot;,&quot;itemprop&quot;:&quot;image&quot;},{&quot;src&quot;:&quot;https:\\\/\\\/i0.wp.com\\\/www.gietka.be\\\/wp-content\\\/uploads\\\/2016\\\/11\\\/2015-CHEMIN-LUMINEUX-27x37.jpg?fit=1000%2C721\\u0026ssl=1&quot;,&quot;id&quot;:&quot;616&quot;,&quot;title&quot;:&quot;2015-chemin-lumineux-27\\u0026#215;37&quot;,&quot;alt&quot;:&quot;Aquarelle Jos\\u00e9 Gietka&quot;,&quot;caption&quot;:&quot;\\u00ab\\u00a0Chemin lumineux\\u00a0\\u00bb&quot;,&quot;itemprop&quot;:&quot;image&quot;}]\" itemscope itemtype=\"https:\/\/schema.org\/ImageGallery\"><\/div>\n","protected":false},"excerpt":{"rendered":"","protected":false},"author":2,"featured_media":0,"parent":0,"menu_order":0,"comment_status":"closed","ping_status":"closed","template":"","meta":{"jetpack_post_was_ever_published":false,"footnotes":""},"class_list":["post-871","page","type-page","status-publish","hentry"],"yoast_head":"<!-- This site is optimized with the Yoast SEO plugin v27.2 - https:\/\/yoast.com\/product\/yoast-seo-wordpress\/ -->\n<title>Paysages - Jos\u00e9 Gietka, aquarelliste et cr\u00e9ateur de bijoux<\/title>\n<meta name=\"robots\" content=\"index, follow, max-snippet:-1, max-image-preview:large, max-video-preview:-1\" \/>\n<link rel=\"canonical\" href=\"https:\/\/www.gietka.be\/index.php\/paysages\/\" \/>\n<meta property=\"og:locale\" content=\"fr_FR\" \/>\n<meta property=\"og:type\" content=\"article\" \/>\n<meta property=\"og:title\" content=\"Paysages - Jos\u00e9 Gietka, aquarelliste et cr\u00e9ateur de bijoux\" \/>\n<meta property=\"og:url\" content=\"https:\/\/www.gietka.be\/index.php\/paysages\/\" \/>\n<meta property=\"og:site_name\" content=\"Jos\u00e9 Gietka, aquarelliste et cr\u00e9ateur de bijoux\" \/>\n<meta property=\"article:modified_time\" content=\"2017-10-02T09:57:11+00:00\" \/>\n<meta name=\"twitter:card\" content=\"summary_large_image\" \/>\n<script type=\"application\/ld+json\" class=\"yoast-schema-graph\">{\"@context\":\"https:\/\/schema.org\",\"@graph\":[{\"@type\":\"WebPage\",\"@id\":\"https:\/\/www.gietka.be\/index.php\/paysages\/\",\"url\":\"https:\/\/www.gietka.be\/index.php\/paysages\/\",\"name\":\"Paysages - Jos\u00e9 Gietka, aquarelliste et cr\u00e9ateur de bijoux\",\"isPartOf\":{\"@id\":\"https:\/\/www.gietka.be\/#website\"},\"datePublished\":\"2017-10-02T09:03:52+00:00\",\"dateModified\":\"2017-10-02T09:57:11+00:00\",\"breadcrumb\":{\"@id\":\"https:\/\/www.gietka.be\/index.php\/paysages\/#breadcrumb\"},\"inLanguage\":\"fr-FR\",\"potentialAction\":[{\"@type\":\"ReadAction\",\"target\":[\"https:\/\/www.gietka.be\/index.php\/paysages\/\"]}]},{\"@type\":\"BreadcrumbList\",\"@id\":\"https:\/\/www.gietka.be\/index.php\/paysages\/#breadcrumb\",\"itemListElement\":[{\"@type\":\"ListItem\",\"position\":1,\"name\":\"Accueil\",\"item\":\"https:\/\/www.gietka.be\/\"},{\"@type\":\"ListItem\",\"position\":2,\"name\":\"Paysages\"}]},{\"@type\":\"WebSite\",\"@id\":\"https:\/\/www.gietka.be\/#website\",\"url\":\"https:\/\/www.gietka.be\/\",\"name\":\"Jos\u00e9 Gietka, aquarelliste et cr\u00e9ateur de bijoux\",\"description\":\"L&#039;art de l&#039;aquarelle cr\u00e9ative\",\"potentialAction\":[{\"@type\":\"SearchAction\",\"target\":{\"@type\":\"EntryPoint\",\"urlTemplate\":\"https:\/\/www.gietka.be\/?s={search_term_string}\"},\"query-input\":{\"@type\":\"PropertyValueSpecification\",\"valueRequired\":true,\"valueName\":\"search_term_string\"}}],\"inLanguage\":\"fr-FR\"}]}<\/script>\n<!-- \/ Yoast SEO plugin. -->","yoast_head_json":{"title":"Paysages - Jos\u00e9 Gietka, aquarelliste et cr\u00e9ateur de bijoux","robots":{"index":"index","follow":"follow","max-snippet":"max-snippet:-1","max-image-preview":"max-image-preview:large","max-video-preview":"max-video-preview:-1"},"canonical":"https:\/\/www.gietka.be\/index.php\/paysages\/","og_locale":"fr_FR","og_type":"article","og_title":"Paysages - Jos\u00e9 Gietka, aquarelliste et cr\u00e9ateur de bijoux","og_url":"https:\/\/www.gietka.be\/index.php\/paysages\/","og_site_name":"Jos\u00e9 Gietka, aquarelliste et cr\u00e9ateur de bijoux","article_modified_time":"2017-10-02T09:57:11+00:00","twitter_card":"summary_large_image","schema":{"@context":"https:\/\/schema.org","@graph":[{"@type":"WebPage","@id":"https:\/\/www.gietka.be\/index.php\/paysages\/","url":"https:\/\/www.gietka.be\/index.php\/paysages\/","name":"Paysages - Jos\u00e9 Gietka, aquarelliste et cr\u00e9ateur de bijoux","isPartOf":{"@id":"https:\/\/www.gietka.be\/#website"},"datePublished":"2017-10-02T09:03:52+00:00","dateModified":"2017-10-02T09:57:11+00:00","breadcrumb":{"@id":"https:\/\/www.gietka.be\/index.php\/paysages\/#breadcrumb"},"inLanguage":"fr-FR","potentialAction":[{"@type":"ReadAction","target":["https:\/\/www.gietka.be\/index.php\/paysages\/"]}]},{"@type":"BreadcrumbList","@id":"https:\/\/www.gietka.be\/index.php\/paysages\/#breadcrumb","itemListElement":[{"@type":"ListItem","position":1,"name":"Accueil","item":"https:\/\/www.gietka.be\/"},{"@type":"ListItem","position":2,"name":"Paysages"}]},{"@type":"WebSite","@id":"https:\/\/www.gietka.be\/#website","url":"https:\/\/www.gietka.be\/","name":"Jos\u00e9 Gietka, aquarelliste et cr\u00e9ateur de bijoux","description":"L&#039;art de l&#039;aquarelle cr\u00e9ative","potentialAction":[{"@type":"SearchAction","target":{"@type":"EntryPoint","urlTemplate":"https:\/\/www.gietka.be\/?s={search_term_string}"},"query-input":{"@type":"PropertyValueSpecification","valueRequired":true,"valueName":"search_term_string"}}],"inLanguage":"fr-FR"}]}},"jetpack_sharing_enabled":true,"jetpack_shortlink":"https:\/\/wp.me\/P7ZytP-e3","_links":{"self":[{"href":"https:\/\/www.gietka.be\/index.php\/wp-json\/wp\/v2\/pages\/871","targetHints":{"allow":["GET"]}}],"collection":[{"href":"https:\/\/www.gietka.be\/index.php\/wp-json\/wp\/v2\/pages"}],"about":[{"href":"https:\/\/www.gietka.be\/index.php\/wp-json\/wp\/v2\/types\/page"}],"author":[{"embeddable":true,"href":"https:\/\/www.gietka.be\/index.php\/wp-json\/wp\/v2\/users\/2"}],"replies":[{"embeddable":true,"href":"https:\/\/www.gietka.be\/index.php\/wp-json\/wp\/v2\/comments?post=871"}],"version-history":[{"count":2,"href":"https:\/\/www.gietka.be\/index.php\/wp-json\/wp\/v2\/pages\/871\/revisions"}],"predecessor-version":[{"id":916,"href":"https:\/\/www.gietka.be\/index.php\/wp-json\/wp\/v2\/pages\/871\/revisions\/916"}],"wp:attachment":[{"href":"https:\/\/www.gietka.be\/index.php\/wp-json\/wp\/v2\/media?parent=871"}],"curies":[{"name":"wp","href":"https:\/\/api.w.org\/{rel}","templated":true}]}}