{"id":803,"date":"2017-05-07T16:34:14","date_gmt":"2017-05-07T14:34:14","guid":{"rendered":"http:\/\/www.gietka.be\/?page_id=803"},"modified":"2018-01-09T10:45:03","modified_gmt":"2018-01-09T09:45:03","slug":"2017-3","status":"publish","type":"page","link":"https:\/\/www.gietka.be\/index.php\/2017-3\/","title":{"rendered":"2017"},"content":{"rendered":"<p><span style=\"color: #000000;\"><strong><u>Novembre 2017<\/u><\/strong><strong>\u00a0:<\/strong> Jos\u00e9 Gietka figure \u00e0 la page 13 du catalogue de l\u2019exposition annuelle d\u2019Envoz\u2019Art \u00e0 Couthuin.<\/span><\/p>\n<p><a href=\"https:\/\/i0.wp.com\/www.gietka.be\/wp-content\/uploads\/2018\/01\/Catalogue-12%C3%A8me-expo-dart-e1515490873406.jpg?ssl=1\"><img data-recalc-dims=\"1\" loading=\"lazy\" decoding=\"async\" data-attachment-id=\"995\" data-permalink=\"https:\/\/www.gietka.be\/index.php\/2017-3\/catalogue-12eme-expo-dart\/\" data-orig-file=\"https:\/\/i0.wp.com\/www.gietka.be\/wp-content\/uploads\/2018\/01\/Catalogue-12%C3%A8me-expo-dart-e1515490873406.jpg?fit=684%2C1000&amp;ssl=1\" data-orig-size=\"684,1000\" data-comments-opened=\"0\" data-image-meta=\"{&quot;aperture&quot;:&quot;0&quot;,&quot;credit&quot;:&quot;&quot;,&quot;camera&quot;:&quot;&quot;,&quot;caption&quot;:&quot;&quot;,&quot;created_timestamp&quot;:&quot;0&quot;,&quot;copyright&quot;:&quot;&quot;,&quot;focal_length&quot;:&quot;0&quot;,&quot;iso&quot;:&quot;0&quot;,&quot;shutter_speed&quot;:&quot;0&quot;,&quot;title&quot;:&quot;&quot;,&quot;orientation&quot;:&quot;0&quot;}\" data-image-title=\"Catalogue 12\u00e8me expo d&amp;rsquo;art\" data-image-description=\"\" data-image-caption=\"\" data-medium-file=\"https:\/\/i0.wp.com\/www.gietka.be\/wp-content\/uploads\/2018\/01\/Catalogue-12%C3%A8me-expo-dart-e1515490873406.jpg?fit=205%2C300&amp;ssl=1\" data-large-file=\"https:\/\/i0.wp.com\/www.gietka.be\/wp-content\/uploads\/2018\/01\/Catalogue-12%C3%A8me-expo-dart-e1515490873406.jpg?fit=640%2C936&amp;ssl=1\" class=\"aligncenter wp-image-995 size-medium\" src=\"https:\/\/i0.wp.com\/www.gietka.be\/wp-content\/uploads\/2018\/01\/Catalogue-12%C3%A8me-expo-dart.jpg?resize=205%2C300&#038;ssl=1\" alt=\"\" width=\"205\" height=\"300\" \/><\/a><\/p>\n<p><span style=\"color: #000000;\"><strong><u>Novembre 2017<\/u><\/strong>\u00a0: Jos\u00e9 Gietka figure dans le Vis\u00e9 magazine du 21 novembre 2017.<\/span><\/p>\n<p><span style=\"color: #000000;\"><strong><u>Octobre 2017<\/u><\/strong><strong>\u00a0:\u00a0<\/strong>Jos\u00e9 Gietka figure dans le catalogue de la 4\u00e8me \u00e9dition de l\u2019Art d\u2019Ici et d\u2019Ailleurs<strong><em>\u00a0<\/em><\/strong>\u00e0 l\u2019Eglise Saint-Mengold, dans le c\u0153ur historique de Huy.<\/span><\/p>\n<p><a href=\"https:\/\/i0.wp.com\/www.gietka.be\/wp-content\/uploads\/2018\/01\/Catalogue.jpg?ssl=1\"><img data-recalc-dims=\"1\" loading=\"lazy\" decoding=\"async\" data-attachment-id=\"998\" data-permalink=\"https:\/\/www.gietka.be\/index.php\/2017-3\/catalogue\/\" data-orig-file=\"https:\/\/i0.wp.com\/www.gietka.be\/wp-content\/uploads\/2018\/01\/Catalogue.jpg?fit=814%2C620&amp;ssl=1\" data-orig-size=\"814,620\" data-comments-opened=\"0\" data-image-meta=\"{&quot;aperture&quot;:&quot;0&quot;,&quot;credit&quot;:&quot;&quot;,&quot;camera&quot;:&quot;&quot;,&quot;caption&quot;:&quot;&quot;,&quot;created_timestamp&quot;:&quot;0&quot;,&quot;copyright&quot;:&quot;&quot;,&quot;focal_length&quot;:&quot;0&quot;,&quot;iso&quot;:&quot;0&quot;,&quot;shutter_speed&quot;:&quot;0&quot;,&quot;title&quot;:&quot;&quot;,&quot;orientation&quot;:&quot;0&quot;}\" data-image-title=\"Catalogue\" data-image-description=\"\" data-image-caption=\"\" data-medium-file=\"https:\/\/i0.wp.com\/www.gietka.be\/wp-content\/uploads\/2018\/01\/Catalogue.jpg?fit=300%2C229&amp;ssl=1\" data-large-file=\"https:\/\/i0.wp.com\/www.gietka.be\/wp-content\/uploads\/2018\/01\/Catalogue.jpg?fit=640%2C487&amp;ssl=1\" class=\"aligncenter wp-image-998 size-medium\" src=\"https:\/\/i0.wp.com\/www.gietka.be\/wp-content\/uploads\/2018\/01\/Catalogue.jpg?resize=300%2C229&#038;ssl=1\" alt=\"\" width=\"300\" height=\"229\" srcset=\"https:\/\/i0.wp.com\/www.gietka.be\/wp-content\/uploads\/2018\/01\/Catalogue.jpg?resize=300%2C229&amp;ssl=1 300w, https:\/\/i0.wp.com\/www.gietka.be\/wp-content\/uploads\/2018\/01\/Catalogue.jpg?resize=768%2C585&amp;ssl=1 768w, https:\/\/i0.wp.com\/www.gietka.be\/wp-content\/uploads\/2018\/01\/Catalogue.jpg?w=814&amp;ssl=1 814w\" sizes=\"auto, (max-width: 300px) 100vw, 300px\" \/><\/a><\/p>\n<p><span style=\"color: #000000;\"><strong><u>Septembre 2017<\/u><\/strong>\u00a0: Jos\u00e9 Gietka figure dans le catalogue de l\u2019exposition des Arts de l\u2019Imaginaire \u00ab\u00a0Visions et Curiosit\u00e9s, cl\u00e9 d\u2019un Grand Voyage\u00a0\u00bb au ch\u00e2teau de Waroux.<\/span><\/p>\n<p><a href=\"https:\/\/i0.wp.com\/www.gietka.be\/wp-content\/uploads\/2018\/01\/Exposition-des-arts-visionnaires-visions-curiosit%C3%A9s-cl%C3%A9s-dun-grand-voyage-e1515491082329.jpg?ssl=1\"><img data-recalc-dims=\"1\" loading=\"lazy\" decoding=\"async\" data-attachment-id=\"999\" data-permalink=\"https:\/\/www.gietka.be\/index.php\/2017-3\/exposition-des-arts-visionnaires-visions-curiosites-cles-dun-grand-voyage\/\" data-orig-file=\"https:\/\/i0.wp.com\/www.gietka.be\/wp-content\/uploads\/2018\/01\/Exposition-des-arts-visionnaires-visions-curiosit%C3%A9s-cl%C3%A9s-dun-grand-voyage-e1515491082329.jpg?fit=1000%2C704&amp;ssl=1\" data-orig-size=\"1000,704\" data-comments-opened=\"0\" data-image-meta=\"{&quot;aperture&quot;:&quot;0&quot;,&quot;credit&quot;:&quot;&quot;,&quot;camera&quot;:&quot;&quot;,&quot;caption&quot;:&quot;&quot;,&quot;created_timestamp&quot;:&quot;0&quot;,&quot;copyright&quot;:&quot;&quot;,&quot;focal_length&quot;:&quot;0&quot;,&quot;iso&quot;:&quot;0&quot;,&quot;shutter_speed&quot;:&quot;0&quot;,&quot;title&quot;:&quot;&quot;,&quot;orientation&quot;:&quot;0&quot;}\" data-image-title=\"Exposition des arts visionnaires, visions &amp;#038; curiosit\u00e9s, cl\u00e9s d&amp;rsquo;un grand voyage\" data-image-description=\"\" data-image-caption=\"\" data-medium-file=\"https:\/\/i0.wp.com\/www.gietka.be\/wp-content\/uploads\/2018\/01\/Exposition-des-arts-visionnaires-visions-curiosit%C3%A9s-cl%C3%A9s-dun-grand-voyage-e1515491082329.jpg?fit=300%2C211&amp;ssl=1\" data-large-file=\"https:\/\/i0.wp.com\/www.gietka.be\/wp-content\/uploads\/2018\/01\/Exposition-des-arts-visionnaires-visions-curiosit%C3%A9s-cl%C3%A9s-dun-grand-voyage-e1515491082329.jpg?fit=640%2C451&amp;ssl=1\" class=\"aligncenter wp-image-999 size-medium\" src=\"https:\/\/i0.wp.com\/www.gietka.be\/wp-content\/uploads\/2018\/01\/Exposition-des-arts-visionnaires-visions-curiosit%C3%A9s-cl%C3%A9s-dun-grand-voyage.jpg?resize=300%2C211&#038;ssl=1\" alt=\"\" width=\"300\" height=\"211\" \/><\/a><\/p>\n<p><span style=\"color: #000000;\"><strong><u>Avril 2017<\/u><\/strong>\u00a0: Jos\u00e9 Gietka est cot\u00e9 sur <a style=\"color: #000000;\" href=\"https:\/\/fr.artprice.com\/\">Artprice<\/a>.<\/span><\/p>\n","protected":false},"excerpt":{"rendered":"<p>Novembre 2017\u00a0: Jos\u00e9 Gietka figure \u00e0 la page 13 du catalogue de l\u2019exposition annuelle d\u2019Envoz\u2019Art \u00e0 Couthuin. Novembre 2017\u00a0: Jos\u00e9 Gietka figure dans le Vis\u00e9 magazine du 21 novembre 2017. Octobre 2017\u00a0:\u00a0Jos\u00e9 Gietka figure dans le catalogue de la 4\u00e8me &hellip; <a href=\"https:\/\/www.gietka.be\/index.php\/2017-3\/\">Continuer la lecture <span class=\"meta-nav\">&rarr;<\/span><\/a><\/p>\n","protected":false},"author":2,"featured_media":0,"parent":0,"menu_order":0,"comment_status":"closed","ping_status":"closed","template":"","meta":{"jetpack_post_was_ever_published":false,"footnotes":""},"class_list":["post-803","page","type-page","status-publish","hentry"],"yoast_head":"<!-- This site is optimized with the Yoast SEO plugin v27.2 - https:\/\/yoast.com\/product\/yoast-seo-wordpress\/ -->\n<title>2017 - Jos\u00e9 Gietka, aquarelliste et cr\u00e9ateur de bijoux<\/title>\n<meta name=\"robots\" content=\"index, follow, max-snippet:-1, max-image-preview:large, max-video-preview:-1\" \/>\n<link rel=\"canonical\" href=\"https:\/\/www.gietka.be\/index.php\/2017-3\/\" \/>\n<meta property=\"og:locale\" content=\"fr_FR\" \/>\n<meta property=\"og:type\" content=\"article\" \/>\n<meta property=\"og:title\" content=\"2017 - Jos\u00e9 Gietka, aquarelliste et cr\u00e9ateur de bijoux\" \/>\n<meta property=\"og:description\" content=\"Novembre 2017\u00a0: Jos\u00e9 Gietka figure \u00e0 la page 13 du catalogue de l\u2019exposition annuelle d\u2019Envoz\u2019Art \u00e0 Couthuin. Novembre 2017\u00a0: Jos\u00e9 Gietka figure dans le Vis\u00e9 magazine du 21 novembre 2017. Octobre 2017\u00a0:\u00a0Jos\u00e9 Gietka figure dans le catalogue de la 4\u00e8me &hellip; Continuer la lecture &rarr;\" \/>\n<meta property=\"og:url\" content=\"https:\/\/www.gietka.be\/index.php\/2017-3\/\" \/>\n<meta property=\"og:site_name\" content=\"Jos\u00e9 Gietka, aquarelliste et cr\u00e9ateur de bijoux\" \/>\n<meta property=\"article:modified_time\" content=\"2018-01-09T09:45:03+00:00\" \/>\n<meta property=\"og:image\" content=\"http:\/\/www.gietka.be\/wp-content\/uploads\/2018\/01\/Catalogue-300x229.jpg\" \/>\n<meta name=\"twitter:card\" content=\"summary_large_image\" \/>\n<script type=\"application\/ld+json\" class=\"yoast-schema-graph\">{\"@context\":\"https:\/\/schema.org\",\"@graph\":[{\"@type\":\"WebPage\",\"@id\":\"https:\/\/www.gietka.be\/index.php\/2017-3\/\",\"url\":\"https:\/\/www.gietka.be\/index.php\/2017-3\/\",\"name\":\"2017 - Jos\u00e9 Gietka, aquarelliste et cr\u00e9ateur de bijoux\",\"isPartOf\":{\"@id\":\"https:\/\/www.gietka.be\/#website\"},\"primaryImageOfPage\":{\"@id\":\"https:\/\/www.gietka.be\/index.php\/2017-3\/#primaryimage\"},\"image\":{\"@id\":\"https:\/\/www.gietka.be\/index.php\/2017-3\/#primaryimage\"},\"thumbnailUrl\":\"http:\/\/www.gietka.be\/wp-content\/uploads\/2018\/01\/Catalogue-300x229.jpg\",\"datePublished\":\"2017-05-07T14:34:14+00:00\",\"dateModified\":\"2018-01-09T09:45:03+00:00\",\"breadcrumb\":{\"@id\":\"https:\/\/www.gietka.be\/index.php\/2017-3\/#breadcrumb\"},\"inLanguage\":\"fr-FR\",\"potentialAction\":[{\"@type\":\"ReadAction\",\"target\":[\"https:\/\/www.gietka.be\/index.php\/2017-3\/\"]}]},{\"@type\":\"ImageObject\",\"inLanguage\":\"fr-FR\",\"@id\":\"https:\/\/www.gietka.be\/index.php\/2017-3\/#primaryimage\",\"url\":\"http:\/\/www.gietka.be\/wp-content\/uploads\/2018\/01\/Catalogue-300x229.jpg\",\"contentUrl\":\"http:\/\/www.gietka.be\/wp-content\/uploads\/2018\/01\/Catalogue-300x229.jpg\"},{\"@type\":\"BreadcrumbList\",\"@id\":\"https:\/\/www.gietka.be\/index.php\/2017-3\/#breadcrumb\",\"itemListElement\":[{\"@type\":\"ListItem\",\"position\":1,\"name\":\"Accueil\",\"item\":\"https:\/\/www.gietka.be\/\"},{\"@type\":\"ListItem\",\"position\":2,\"name\":\"2017\"}]},{\"@type\":\"WebSite\",\"@id\":\"https:\/\/www.gietka.be\/#website\",\"url\":\"https:\/\/www.gietka.be\/\",\"name\":\"Jos\u00e9 Gietka, aquarelliste et cr\u00e9ateur de bijoux\",\"description\":\"L&#039;art de l&#039;aquarelle cr\u00e9ative\",\"potentialAction\":[{\"@type\":\"SearchAction\",\"target\":{\"@type\":\"EntryPoint\",\"urlTemplate\":\"https:\/\/www.gietka.be\/?s={search_term_string}\"},\"query-input\":{\"@type\":\"PropertyValueSpecification\",\"valueRequired\":true,\"valueName\":\"search_term_string\"}}],\"inLanguage\":\"fr-FR\"}]}<\/script>\n<!-- \/ Yoast SEO plugin. -->","yoast_head_json":{"title":"2017 - Jos\u00e9 Gietka, aquarelliste et cr\u00e9ateur de bijoux","robots":{"index":"index","follow":"follow","max-snippet":"max-snippet:-1","max-image-preview":"max-image-preview:large","max-video-preview":"max-video-preview:-1"},"canonical":"https:\/\/www.gietka.be\/index.php\/2017-3\/","og_locale":"fr_FR","og_type":"article","og_title":"2017 - Jos\u00e9 Gietka, aquarelliste et cr\u00e9ateur de bijoux","og_description":"Novembre 2017\u00a0: Jos\u00e9 Gietka figure \u00e0 la page 13 du catalogue de l\u2019exposition annuelle d\u2019Envoz\u2019Art \u00e0 Couthuin. Novembre 2017\u00a0: Jos\u00e9 Gietka figure dans le Vis\u00e9 magazine du 21 novembre 2017. Octobre 2017\u00a0:\u00a0Jos\u00e9 Gietka figure dans le catalogue de la 4\u00e8me &hellip; Continuer la lecture &rarr;","og_url":"https:\/\/www.gietka.be\/index.php\/2017-3\/","og_site_name":"Jos\u00e9 Gietka, aquarelliste et cr\u00e9ateur de bijoux","article_modified_time":"2018-01-09T09:45:03+00:00","og_image":[{"url":"http:\/\/www.gietka.be\/wp-content\/uploads\/2018\/01\/Catalogue-300x229.jpg","type":"","width":"","height":""}],"twitter_card":"summary_large_image","schema":{"@context":"https:\/\/schema.org","@graph":[{"@type":"WebPage","@id":"https:\/\/www.gietka.be\/index.php\/2017-3\/","url":"https:\/\/www.gietka.be\/index.php\/2017-3\/","name":"2017 - Jos\u00e9 Gietka, aquarelliste et cr\u00e9ateur de bijoux","isPartOf":{"@id":"https:\/\/www.gietka.be\/#website"},"primaryImageOfPage":{"@id":"https:\/\/www.gietka.be\/index.php\/2017-3\/#primaryimage"},"image":{"@id":"https:\/\/www.gietka.be\/index.php\/2017-3\/#primaryimage"},"thumbnailUrl":"http:\/\/www.gietka.be\/wp-content\/uploads\/2018\/01\/Catalogue-300x229.jpg","datePublished":"2017-05-07T14:34:14+00:00","dateModified":"2018-01-09T09:45:03+00:00","breadcrumb":{"@id":"https:\/\/www.gietka.be\/index.php\/2017-3\/#breadcrumb"},"inLanguage":"fr-FR","potentialAction":[{"@type":"ReadAction","target":["https:\/\/www.gietka.be\/index.php\/2017-3\/"]}]},{"@type":"ImageObject","inLanguage":"fr-FR","@id":"https:\/\/www.gietka.be\/index.php\/2017-3\/#primaryimage","url":"http:\/\/www.gietka.be\/wp-content\/uploads\/2018\/01\/Catalogue-300x229.jpg","contentUrl":"http:\/\/www.gietka.be\/wp-content\/uploads\/2018\/01\/Catalogue-300x229.jpg"},{"@type":"BreadcrumbList","@id":"https:\/\/www.gietka.be\/index.php\/2017-3\/#breadcrumb","itemListElement":[{"@type":"ListItem","position":1,"name":"Accueil","item":"https:\/\/www.gietka.be\/"},{"@type":"ListItem","position":2,"name":"2017"}]},{"@type":"WebSite","@id":"https:\/\/www.gietka.be\/#website","url":"https:\/\/www.gietka.be\/","name":"Jos\u00e9 Gietka, aquarelliste et cr\u00e9ateur de bijoux","description":"L&#039;art de l&#039;aquarelle cr\u00e9ative","potentialAction":[{"@type":"SearchAction","target":{"@type":"EntryPoint","urlTemplate":"https:\/\/www.gietka.be\/?s={search_term_string}"},"query-input":{"@type":"PropertyValueSpecification","valueRequired":true,"valueName":"search_term_string"}}],"inLanguage":"fr-FR"}]}},"jetpack_sharing_enabled":true,"jetpack_shortlink":"https:\/\/wp.me\/P7ZytP-cX","_links":{"self":[{"href":"https:\/\/www.gietka.be\/index.php\/wp-json\/wp\/v2\/pages\/803","targetHints":{"allow":["GET"]}}],"collection":[{"href":"https:\/\/www.gietka.be\/index.php\/wp-json\/wp\/v2\/pages"}],"about":[{"href":"https:\/\/www.gietka.be\/index.php\/wp-json\/wp\/v2\/types\/page"}],"author":[{"embeddable":true,"href":"https:\/\/www.gietka.be\/index.php\/wp-json\/wp\/v2\/users\/2"}],"replies":[{"embeddable":true,"href":"https:\/\/www.gietka.be\/index.php\/wp-json\/wp\/v2\/comments?post=803"}],"version-history":[{"count":6,"href":"https:\/\/www.gietka.be\/index.php\/wp-json\/wp\/v2\/pages\/803\/revisions"}],"predecessor-version":[{"id":1000,"href":"https:\/\/www.gietka.be\/index.php\/wp-json\/wp\/v2\/pages\/803\/revisions\/1000"}],"wp:attachment":[{"href":"https:\/\/www.gietka.be\/index.php\/wp-json\/wp\/v2\/media?parent=803"}],"curies":[{"name":"wp","href":"https:\/\/api.w.org\/{rel}","templated":true}]}}