{"id":7740,"date":"2024-02-07T12:05:20","date_gmt":"2024-02-07T11:05:20","guid":{"rendered":"https:\/\/www.gietka.be\/?page_id=7740"},"modified":"2024-02-07T12:12:28","modified_gmt":"2024-02-07T11:12:28","slug":"2024-3","status":"publish","type":"page","link":"https:\/\/www.gietka.be\/index.php\/2024-3\/","title":{"rendered":"2024"},"content":{"rendered":"\n<p><strong>Janvier 2024\u00a0:<\/strong><\/p>\n\n\n\n<p> Jos\u00e9 Gietka figure \u00e0 la page 20 du catalogue Envoz&rsquo;art <\/p>\n\n\n\n<figure class=\"wp-block-image size-full\"><img data-recalc-dims=\"1\" loading=\"lazy\" decoding=\"async\" width=\"640\" height=\"642\" data-attachment-id=\"7738\" data-permalink=\"https:\/\/www.gietka.be\/index.php\/2024-2\/envozart-catalogue\/\" data-orig-file=\"https:\/\/i0.wp.com\/www.gietka.be\/wp-content\/uploads\/2024\/02\/Envozart-catalogue.jpg?fit=844%2C847&amp;ssl=1\" data-orig-size=\"844,847\" data-comments-opened=\"0\" data-image-meta=\"{&quot;aperture&quot;:&quot;0&quot;,&quot;credit&quot;:&quot;&quot;,&quot;camera&quot;:&quot;&quot;,&quot;caption&quot;:&quot;&quot;,&quot;created_timestamp&quot;:&quot;0&quot;,&quot;copyright&quot;:&quot;&quot;,&quot;focal_length&quot;:&quot;0&quot;,&quot;iso&quot;:&quot;0&quot;,&quot;shutter_speed&quot;:&quot;0&quot;,&quot;title&quot;:&quot;&quot;,&quot;orientation&quot;:&quot;0&quot;}\" data-image-title=\"Envoz&amp;rsquo;art catalogue\" data-image-description=\"\" data-image-caption=\"\" data-medium-file=\"https:\/\/i0.wp.com\/www.gietka.be\/wp-content\/uploads\/2024\/02\/Envozart-catalogue.jpg?fit=300%2C300&amp;ssl=1\" data-large-file=\"https:\/\/i0.wp.com\/www.gietka.be\/wp-content\/uploads\/2024\/02\/Envozart-catalogue.jpg?fit=640%2C642&amp;ssl=1\" src=\"https:\/\/i0.wp.com\/www.gietka.be\/wp-content\/uploads\/2024\/02\/Envozart-catalogue.jpg?resize=640%2C642&#038;ssl=1\" alt=\"\" class=\"wp-image-7738\" srcset=\"https:\/\/i0.wp.com\/www.gietka.be\/wp-content\/uploads\/2024\/02\/Envozart-catalogue.jpg?w=844&amp;ssl=1 844w, https:\/\/i0.wp.com\/www.gietka.be\/wp-content\/uploads\/2024\/02\/Envozart-catalogue.jpg?resize=300%2C300&amp;ssl=1 300w, https:\/\/i0.wp.com\/www.gietka.be\/wp-content\/uploads\/2024\/02\/Envozart-catalogue.jpg?resize=150%2C150&amp;ssl=1 150w, https:\/\/i0.wp.com\/www.gietka.be\/wp-content\/uploads\/2024\/02\/Envozart-catalogue.jpg?resize=768%2C771&amp;ssl=1 768w\" sizes=\"auto, (max-width: 640px) 100vw, 640px\" \/><\/figure>\n","protected":false},"excerpt":{"rendered":"<p>Janvier 2024\u00a0: Jos\u00e9 Gietka figure \u00e0 la page 20 du catalogue Envoz&rsquo;art<\/p>\n","protected":false},"author":2,"featured_media":0,"parent":0,"menu_order":0,"comment_status":"closed","ping_status":"closed","template":"","meta":{"jetpack_post_was_ever_published":false,"footnotes":""},"class_list":["post-7740","page","type-page","status-publish","hentry"],"yoast_head":"<!-- This site is optimized with the Yoast SEO plugin v27.2 - https:\/\/yoast.com\/product\/yoast-seo-wordpress\/ -->\n<title>2024 - Jos\u00e9 Gietka, aquarelliste et cr\u00e9ateur de bijoux<\/title>\n<meta name=\"robots\" content=\"index, follow, max-snippet:-1, max-image-preview:large, max-video-preview:-1\" \/>\n<link rel=\"canonical\" href=\"https:\/\/www.gietka.be\/index.php\/2024-3\/\" \/>\n<meta property=\"og:locale\" content=\"fr_FR\" \/>\n<meta property=\"og:type\" content=\"article\" \/>\n<meta property=\"og:title\" content=\"2024 - Jos\u00e9 Gietka, aquarelliste et cr\u00e9ateur de bijoux\" \/>\n<meta property=\"og:description\" content=\"Janvier 2024\u00a0: Jos\u00e9 Gietka figure \u00e0 la page 20 du catalogue Envoz&rsquo;art\" \/>\n<meta property=\"og:url\" content=\"https:\/\/www.gietka.be\/index.php\/2024-3\/\" \/>\n<meta property=\"og:site_name\" content=\"Jos\u00e9 Gietka, aquarelliste et cr\u00e9ateur de bijoux\" \/>\n<meta property=\"article:modified_time\" content=\"2024-02-07T11:12:28+00:00\" \/>\n<meta property=\"og:image\" content=\"https:\/\/www.gietka.be\/wp-content\/uploads\/2024\/02\/Envozart-catalogue.jpg\" \/>\n<meta name=\"twitter:card\" content=\"summary_large_image\" \/>\n<meta name=\"twitter:label1\" content=\"Dur\u00e9e de lecture estim\u00e9e\" \/>\n\t<meta name=\"twitter:data1\" content=\"1 minute\" \/>\n<script type=\"application\/ld+json\" class=\"yoast-schema-graph\">{\"@context\":\"https:\/\/schema.org\",\"@graph\":[{\"@type\":\"WebPage\",\"@id\":\"https:\/\/www.gietka.be\/index.php\/2024-3\/\",\"url\":\"https:\/\/www.gietka.be\/index.php\/2024-3\/\",\"name\":\"2024 - Jos\u00e9 Gietka, aquarelliste et cr\u00e9ateur de bijoux\",\"isPartOf\":{\"@id\":\"https:\/\/www.gietka.be\/#website\"},\"primaryImageOfPage\":{\"@id\":\"https:\/\/www.gietka.be\/index.php\/2024-3\/#primaryimage\"},\"image\":{\"@id\":\"https:\/\/www.gietka.be\/index.php\/2024-3\/#primaryimage\"},\"thumbnailUrl\":\"https:\/\/www.gietka.be\/wp-content\/uploads\/2024\/02\/Envozart-catalogue.jpg\",\"datePublished\":\"2024-02-07T11:05:20+00:00\",\"dateModified\":\"2024-02-07T11:12:28+00:00\",\"breadcrumb\":{\"@id\":\"https:\/\/www.gietka.be\/index.php\/2024-3\/#breadcrumb\"},\"inLanguage\":\"fr-FR\",\"potentialAction\":[{\"@type\":\"ReadAction\",\"target\":[\"https:\/\/www.gietka.be\/index.php\/2024-3\/\"]}]},{\"@type\":\"ImageObject\",\"inLanguage\":\"fr-FR\",\"@id\":\"https:\/\/www.gietka.be\/index.php\/2024-3\/#primaryimage\",\"url\":\"https:\/\/i0.wp.com\/www.gietka.be\/wp-content\/uploads\/2024\/02\/Envozart-catalogue.jpg?fit=844%2C847&ssl=1\",\"contentUrl\":\"https:\/\/i0.wp.com\/www.gietka.be\/wp-content\/uploads\/2024\/02\/Envozart-catalogue.jpg?fit=844%2C847&ssl=1\",\"width\":844,\"height\":847},{\"@type\":\"BreadcrumbList\",\"@id\":\"https:\/\/www.gietka.be\/index.php\/2024-3\/#breadcrumb\",\"itemListElement\":[{\"@type\":\"ListItem\",\"position\":1,\"name\":\"Accueil\",\"item\":\"https:\/\/www.gietka.be\/\"},{\"@type\":\"ListItem\",\"position\":2,\"name\":\"2024\"}]},{\"@type\":\"WebSite\",\"@id\":\"https:\/\/www.gietka.be\/#website\",\"url\":\"https:\/\/www.gietka.be\/\",\"name\":\"Jos\u00e9 Gietka, aquarelliste et cr\u00e9ateur de bijoux\",\"description\":\"L&#039;art de l&#039;aquarelle cr\u00e9ative\",\"potentialAction\":[{\"@type\":\"SearchAction\",\"target\":{\"@type\":\"EntryPoint\",\"urlTemplate\":\"https:\/\/www.gietka.be\/?s={search_term_string}\"},\"query-input\":{\"@type\":\"PropertyValueSpecification\",\"valueRequired\":true,\"valueName\":\"search_term_string\"}}],\"inLanguage\":\"fr-FR\"}]}<\/script>\n<!-- \/ Yoast SEO plugin. -->","yoast_head_json":{"title":"2024 - Jos\u00e9 Gietka, aquarelliste et cr\u00e9ateur de bijoux","robots":{"index":"index","follow":"follow","max-snippet":"max-snippet:-1","max-image-preview":"max-image-preview:large","max-video-preview":"max-video-preview:-1"},"canonical":"https:\/\/www.gietka.be\/index.php\/2024-3\/","og_locale":"fr_FR","og_type":"article","og_title":"2024 - Jos\u00e9 Gietka, aquarelliste et cr\u00e9ateur de bijoux","og_description":"Janvier 2024\u00a0: Jos\u00e9 Gietka figure \u00e0 la page 20 du catalogue Envoz&rsquo;art","og_url":"https:\/\/www.gietka.be\/index.php\/2024-3\/","og_site_name":"Jos\u00e9 Gietka, aquarelliste et cr\u00e9ateur de bijoux","article_modified_time":"2024-02-07T11:12:28+00:00","og_image":[{"url":"https:\/\/www.gietka.be\/wp-content\/uploads\/2024\/02\/Envozart-catalogue.jpg","type":"","width":"","height":""}],"twitter_card":"summary_large_image","twitter_misc":{"Dur\u00e9e de lecture estim\u00e9e":"1 minute"},"schema":{"@context":"https:\/\/schema.org","@graph":[{"@type":"WebPage","@id":"https:\/\/www.gietka.be\/index.php\/2024-3\/","url":"https:\/\/www.gietka.be\/index.php\/2024-3\/","name":"2024 - Jos\u00e9 Gietka, aquarelliste et cr\u00e9ateur de bijoux","isPartOf":{"@id":"https:\/\/www.gietka.be\/#website"},"primaryImageOfPage":{"@id":"https:\/\/www.gietka.be\/index.php\/2024-3\/#primaryimage"},"image":{"@id":"https:\/\/www.gietka.be\/index.php\/2024-3\/#primaryimage"},"thumbnailUrl":"https:\/\/www.gietka.be\/wp-content\/uploads\/2024\/02\/Envozart-catalogue.jpg","datePublished":"2024-02-07T11:05:20+00:00","dateModified":"2024-02-07T11:12:28+00:00","breadcrumb":{"@id":"https:\/\/www.gietka.be\/index.php\/2024-3\/#breadcrumb"},"inLanguage":"fr-FR","potentialAction":[{"@type":"ReadAction","target":["https:\/\/www.gietka.be\/index.php\/2024-3\/"]}]},{"@type":"ImageObject","inLanguage":"fr-FR","@id":"https:\/\/www.gietka.be\/index.php\/2024-3\/#primaryimage","url":"https:\/\/i0.wp.com\/www.gietka.be\/wp-content\/uploads\/2024\/02\/Envozart-catalogue.jpg?fit=844%2C847&ssl=1","contentUrl":"https:\/\/i0.wp.com\/www.gietka.be\/wp-content\/uploads\/2024\/02\/Envozart-catalogue.jpg?fit=844%2C847&ssl=1","width":844,"height":847},{"@type":"BreadcrumbList","@id":"https:\/\/www.gietka.be\/index.php\/2024-3\/#breadcrumb","itemListElement":[{"@type":"ListItem","position":1,"name":"Accueil","item":"https:\/\/www.gietka.be\/"},{"@type":"ListItem","position":2,"name":"2024"}]},{"@type":"WebSite","@id":"https:\/\/www.gietka.be\/#website","url":"https:\/\/www.gietka.be\/","name":"Jos\u00e9 Gietka, aquarelliste et cr\u00e9ateur de bijoux","description":"L&#039;art de l&#039;aquarelle cr\u00e9ative","potentialAction":[{"@type":"SearchAction","target":{"@type":"EntryPoint","urlTemplate":"https:\/\/www.gietka.be\/?s={search_term_string}"},"query-input":{"@type":"PropertyValueSpecification","valueRequired":true,"valueName":"search_term_string"}}],"inLanguage":"fr-FR"}]}},"jetpack_sharing_enabled":true,"jetpack_shortlink":"https:\/\/wp.me\/P7ZytP-20Q","_links":{"self":[{"href":"https:\/\/www.gietka.be\/index.php\/wp-json\/wp\/v2\/pages\/7740","targetHints":{"allow":["GET"]}}],"collection":[{"href":"https:\/\/www.gietka.be\/index.php\/wp-json\/wp\/v2\/pages"}],"about":[{"href":"https:\/\/www.gietka.be\/index.php\/wp-json\/wp\/v2\/types\/page"}],"author":[{"embeddable":true,"href":"https:\/\/www.gietka.be\/index.php\/wp-json\/wp\/v2\/users\/2"}],"replies":[{"embeddable":true,"href":"https:\/\/www.gietka.be\/index.php\/wp-json\/wp\/v2\/comments?post=7740"}],"version-history":[{"count":2,"href":"https:\/\/www.gietka.be\/index.php\/wp-json\/wp\/v2\/pages\/7740\/revisions"}],"predecessor-version":[{"id":7745,"href":"https:\/\/www.gietka.be\/index.php\/wp-json\/wp\/v2\/pages\/7740\/revisions\/7745"}],"wp:attachment":[{"href":"https:\/\/www.gietka.be\/index.php\/wp-json\/wp\/v2\/media?parent=7740"}],"curies":[{"name":"wp","href":"https:\/\/api.w.org\/{rel}","templated":true}]}}