{"id":73,"date":"2016-11-07T19:32:41","date_gmt":"2016-11-07T18:32:41","guid":{"rendered":"http:\/\/www.gietka.be\/?page_id=73"},"modified":"2016-11-10T19:27:13","modified_gmt":"2016-11-10T18:27:13","slug":"avant-2010","status":"publish","type":"page","link":"https:\/\/www.gietka.be\/index.php\/avant-2010\/","title":{"rendered":"Avant 2010"},"content":{"rendered":"<p><a href=\"http:\/\/fr.artprice.com\/artiste\/471699\/jose-gietka\" target=\"_blank\"><strong>Artprice<\/strong><\/a><strong><u>\u00a0\u2013 leader mondial de l\u2019information sur le march\u00e9 de l\u2019art<\/u><\/strong>\u00a0: Jos\u00e9 Gietka est r\u00e9f\u00e9renci\u00e9 depuis 2009.<\/p>\n<p><strong><u>Acad\u00e9mie Europ\u00e9enne des Arts<\/u><\/strong>\u00a0: Jos\u00e9 Gietka est membre de l\u2019AEA depuis avril 2009 Monsieur Alphonse Crepin le pr\u00e9sente dans le p\u00e9riodique n\u00b0 133 d\u2019 ao\u00fbt 2009 Son aquarelle \u00ab Tristesse \u00bb fait la couverture du p\u00e9riodique n\u00b0134 de d\u00e9cembre 2009.<\/p>\n<p><a href=\"https:\/\/i0.wp.com\/www.gietka.be\/wp-content\/uploads\/2016\/11\/2009-AEA-tristesse.jpg?ssl=1\" target=\"_blank\"><img data-recalc-dims=\"1\" loading=\"lazy\" decoding=\"async\" data-attachment-id=\"346\" data-permalink=\"https:\/\/www.gietka.be\/index.php\/avant-2010\/2009-aea-tristesse\/\" data-orig-file=\"https:\/\/i0.wp.com\/www.gietka.be\/wp-content\/uploads\/2016\/11\/2009-AEA-tristesse.jpg?fit=745%2C1024&amp;ssl=1\" data-orig-size=\"745,1024\" data-comments-opened=\"1\" data-image-meta=\"{&quot;aperture&quot;:&quot;0&quot;,&quot;credit&quot;:&quot;&quot;,&quot;camera&quot;:&quot;&quot;,&quot;caption&quot;:&quot;&quot;,&quot;created_timestamp&quot;:&quot;0&quot;,&quot;copyright&quot;:&quot;&quot;,&quot;focal_length&quot;:&quot;0&quot;,&quot;iso&quot;:&quot;0&quot;,&quot;shutter_speed&quot;:&quot;0&quot;,&quot;title&quot;:&quot;&quot;,&quot;orientation&quot;:&quot;0&quot;}\" data-image-title=\"2009-aea-tristesse\" data-image-description=\"\" data-image-caption=\"\" data-medium-file=\"https:\/\/i0.wp.com\/www.gietka.be\/wp-content\/uploads\/2016\/11\/2009-AEA-tristesse.jpg?fit=218%2C300&amp;ssl=1\" data-large-file=\"https:\/\/i0.wp.com\/www.gietka.be\/wp-content\/uploads\/2016\/11\/2009-AEA-tristesse.jpg?fit=640%2C880&amp;ssl=1\" class=\"aligncenter wp-image-346 size-medium\" src=\"https:\/\/i0.wp.com\/www.gietka.be\/wp-content\/uploads\/2016\/11\/2009-AEA-tristesse.jpg?resize=218%2C300&#038;ssl=1\" alt=\"2009-aea-tristesse\" width=\"218\" height=\"300\" srcset=\"https:\/\/i0.wp.com\/www.gietka.be\/wp-content\/uploads\/2016\/11\/2009-AEA-tristesse.jpg?resize=218%2C300&amp;ssl=1 218w, https:\/\/i0.wp.com\/www.gietka.be\/wp-content\/uploads\/2016\/11\/2009-AEA-tristesse.jpg?resize=300%2C412&amp;ssl=1 300w, https:\/\/i0.wp.com\/www.gietka.be\/wp-content\/uploads\/2016\/11\/2009-AEA-tristesse.jpg?w=745&amp;ssl=1 745w\" sizes=\"auto, (max-width: 218px) 100vw, 218px\" \/><\/a><\/p>\n<p><strong><u>Vers l\u2019Avenir \u2013 9 juin 2009<\/u><\/strong>\u00a0: Au service de la beaut\u00e9. Jos\u00e9 Gietka re\u00e7oit le Mos\u2019arts de bronze \u00e0 la douzi\u00e8me \u00e9dition du Mos\u2019Art.<\/p>\n<p><a href=\"https:\/\/i0.wp.com\/www.gietka.be\/wp-content\/uploads\/2016\/11\/2009-Mosart-vers-lavenir.jpg?ssl=1\" target=\"_blank\"><img data-recalc-dims=\"1\" loading=\"lazy\" decoding=\"async\" data-attachment-id=\"348\" data-permalink=\"https:\/\/www.gietka.be\/index.php\/avant-2010\/2009-mosart-vers-lavenir\/\" data-orig-file=\"https:\/\/i0.wp.com\/www.gietka.be\/wp-content\/uploads\/2016\/11\/2009-Mosart-vers-lavenir.jpg?fit=1000%2C539&amp;ssl=1\" data-orig-size=\"1000,539\" data-comments-opened=\"1\" data-image-meta=\"{&quot;aperture&quot;:&quot;0&quot;,&quot;credit&quot;:&quot;&quot;,&quot;camera&quot;:&quot;&quot;,&quot;caption&quot;:&quot;&quot;,&quot;created_timestamp&quot;:&quot;0&quot;,&quot;copyright&quot;:&quot;&quot;,&quot;focal_length&quot;:&quot;0&quot;,&quot;iso&quot;:&quot;0&quot;,&quot;shutter_speed&quot;:&quot;0&quot;,&quot;title&quot;:&quot;&quot;,&quot;orientation&quot;:&quot;0&quot;}\" data-image-title=\"2009-mosart-vers-lavenir\" data-image-description=\"\" data-image-caption=\"\" data-medium-file=\"https:\/\/i0.wp.com\/www.gietka.be\/wp-content\/uploads\/2016\/11\/2009-Mosart-vers-lavenir.jpg?fit=300%2C162&amp;ssl=1\" data-large-file=\"https:\/\/i0.wp.com\/www.gietka.be\/wp-content\/uploads\/2016\/11\/2009-Mosart-vers-lavenir.jpg?fit=640%2C345&amp;ssl=1\" class=\"aligncenter wp-image-348 size-medium\" src=\"https:\/\/i0.wp.com\/www.gietka.be\/wp-content\/uploads\/2016\/11\/2009-Mosart-vers-lavenir.jpg?resize=300%2C162&#038;ssl=1\" alt=\"2009-mosart-vers-lavenir\" width=\"300\" height=\"162\" srcset=\"https:\/\/i0.wp.com\/www.gietka.be\/wp-content\/uploads\/2016\/11\/2009-Mosart-vers-lavenir.jpg?resize=300%2C162&amp;ssl=1 300w, https:\/\/i0.wp.com\/www.gietka.be\/wp-content\/uploads\/2016\/11\/2009-Mosart-vers-lavenir.jpg?resize=768%2C414&amp;ssl=1 768w, https:\/\/i0.wp.com\/www.gietka.be\/wp-content\/uploads\/2016\/11\/2009-Mosart-vers-lavenir.jpg?w=1000&amp;ssl=1 1000w\" sizes=\"auto, (max-width: 300px) 100vw, 300px\" \/><\/a><\/p>\n<p><strong><u>Catalogue des 18\u00e8me Printemps de l\u2019Aquarelle de Libramont<\/u><\/strong>\u2014du 21 mai 2009 au 1er juin 2009: Jos\u00e9 Gietka figure \u00e0 la page 19 de ce catalogue<\/p>\n<p><a href=\"https:\/\/i0.wp.com\/www.gietka.be\/wp-content\/uploads\/2016\/11\/2009-Libramont-catalogue.jpg?ssl=1\" target=\"_blank\"><img data-recalc-dims=\"1\" loading=\"lazy\" decoding=\"async\" data-attachment-id=\"349\" data-permalink=\"https:\/\/www.gietka.be\/index.php\/avant-2010\/2009-libramont-catalogue\/\" data-orig-file=\"https:\/\/i0.wp.com\/www.gietka.be\/wp-content\/uploads\/2016\/11\/2009-Libramont-catalogue.jpg?fit=910%2C768&amp;ssl=1\" data-orig-size=\"910,768\" data-comments-opened=\"1\" data-image-meta=\"{&quot;aperture&quot;:&quot;0&quot;,&quot;credit&quot;:&quot;&quot;,&quot;camera&quot;:&quot;&quot;,&quot;caption&quot;:&quot;&quot;,&quot;created_timestamp&quot;:&quot;0&quot;,&quot;copyright&quot;:&quot;&quot;,&quot;focal_length&quot;:&quot;0&quot;,&quot;iso&quot;:&quot;0&quot;,&quot;shutter_speed&quot;:&quot;0&quot;,&quot;title&quot;:&quot;&quot;,&quot;orientation&quot;:&quot;0&quot;}\" data-image-title=\"2009-libramont-catalogue\" data-image-description=\"\" data-image-caption=\"\" data-medium-file=\"https:\/\/i0.wp.com\/www.gietka.be\/wp-content\/uploads\/2016\/11\/2009-Libramont-catalogue.jpg?fit=300%2C253&amp;ssl=1\" data-large-file=\"https:\/\/i0.wp.com\/www.gietka.be\/wp-content\/uploads\/2016\/11\/2009-Libramont-catalogue.jpg?fit=640%2C540&amp;ssl=1\" class=\"aligncenter wp-image-349 size-medium\" src=\"https:\/\/i0.wp.com\/www.gietka.be\/wp-content\/uploads\/2016\/11\/2009-Libramont-catalogue.jpg?resize=300%2C253&#038;ssl=1\" alt=\"2009-libramont-catalogue\" width=\"300\" height=\"253\" srcset=\"https:\/\/i0.wp.com\/www.gietka.be\/wp-content\/uploads\/2016\/11\/2009-Libramont-catalogue.jpg?resize=300%2C253&amp;ssl=1 300w, https:\/\/i0.wp.com\/www.gietka.be\/wp-content\/uploads\/2016\/11\/2009-Libramont-catalogue.jpg?resize=768%2C648&amp;ssl=1 768w, https:\/\/i0.wp.com\/www.gietka.be\/wp-content\/uploads\/2016\/11\/2009-Libramont-catalogue.jpg?w=910&amp;ssl=1 910w\" sizes=\"auto, (max-width: 300px) 100vw, 300px\" \/><\/a><\/p>\n","protected":false},"excerpt":{"rendered":"<p>Artprice\u00a0\u2013 leader mondial de l\u2019information sur le march\u00e9 de l\u2019art\u00a0: Jos\u00e9 Gietka est r\u00e9f\u00e9renci\u00e9 depuis 2009. Acad\u00e9mie Europ\u00e9enne des Arts\u00a0: Jos\u00e9 Gietka est membre de l\u2019AEA depuis avril 2009 Monsieur Alphonse Crepin le pr\u00e9sente dans le p\u00e9riodique n\u00b0 133 d\u2019 &hellip; <a href=\"https:\/\/www.gietka.be\/index.php\/avant-2010\/\">Continuer la lecture <span class=\"meta-nav\">&rarr;<\/span><\/a><\/p>\n","protected":false},"author":2,"featured_media":0,"parent":0,"menu_order":0,"comment_status":"closed","ping_status":"closed","template":"","meta":{"jetpack_post_was_ever_published":false,"footnotes":""},"class_list":["post-73","page","type-page","status-publish","hentry"],"yoast_head":"<!-- This site is optimized with the Yoast SEO plugin v27.2 - https:\/\/yoast.com\/product\/yoast-seo-wordpress\/ -->\n<title>Avant 2010 - Jos\u00e9 Gietka, aquarelliste et cr\u00e9ateur de bijoux<\/title>\n<meta name=\"robots\" content=\"index, follow, max-snippet:-1, max-image-preview:large, max-video-preview:-1\" \/>\n<link rel=\"canonical\" href=\"https:\/\/www.gietka.be\/index.php\/avant-2010\/\" \/>\n<meta property=\"og:locale\" content=\"fr_FR\" \/>\n<meta property=\"og:type\" content=\"article\" \/>\n<meta property=\"og:title\" content=\"Avant 2010 - Jos\u00e9 Gietka, aquarelliste et cr\u00e9ateur de bijoux\" \/>\n<meta property=\"og:description\" content=\"Artprice\u00a0\u2013 leader mondial de l\u2019information sur le march\u00e9 de l\u2019art\u00a0: Jos\u00e9 Gietka est r\u00e9f\u00e9renci\u00e9 depuis 2009. Acad\u00e9mie Europ\u00e9enne des Arts\u00a0: Jos\u00e9 Gietka est membre de l\u2019AEA depuis avril 2009 Monsieur Alphonse Crepin le pr\u00e9sente dans le p\u00e9riodique n\u00b0 133 d\u2019 &hellip; Continuer la lecture &rarr;\" \/>\n<meta property=\"og:url\" content=\"https:\/\/www.gietka.be\/index.php\/avant-2010\/\" \/>\n<meta property=\"og:site_name\" content=\"Jos\u00e9 Gietka, aquarelliste et cr\u00e9ateur de bijoux\" \/>\n<meta property=\"article:modified_time\" content=\"2016-11-10T18:27:13+00:00\" \/>\n<meta property=\"og:image\" content=\"http:\/\/www.gietka.be\/wp-content\/uploads\/2016\/11\/2009-AEA-tristesse-218x300.jpg\" \/>\n<meta name=\"twitter:card\" content=\"summary_large_image\" \/>\n<meta name=\"twitter:label1\" content=\"Dur\u00e9e de lecture estim\u00e9e\" \/>\n\t<meta name=\"twitter:data1\" content=\"1 minute\" \/>\n<script type=\"application\/ld+json\" class=\"yoast-schema-graph\">{\"@context\":\"https:\/\/schema.org\",\"@graph\":[{\"@type\":\"WebPage\",\"@id\":\"https:\/\/www.gietka.be\/index.php\/avant-2010\/\",\"url\":\"https:\/\/www.gietka.be\/index.php\/avant-2010\/\",\"name\":\"Avant 2010 - Jos\u00e9 Gietka, aquarelliste et cr\u00e9ateur de bijoux\",\"isPartOf\":{\"@id\":\"https:\/\/www.gietka.be\/#website\"},\"primaryImageOfPage\":{\"@id\":\"https:\/\/www.gietka.be\/index.php\/avant-2010\/#primaryimage\"},\"image\":{\"@id\":\"https:\/\/www.gietka.be\/index.php\/avant-2010\/#primaryimage\"},\"thumbnailUrl\":\"http:\/\/www.gietka.be\/wp-content\/uploads\/2016\/11\/2009-AEA-tristesse-218x300.jpg\",\"datePublished\":\"2016-11-07T18:32:41+00:00\",\"dateModified\":\"2016-11-10T18:27:13+00:00\",\"breadcrumb\":{\"@id\":\"https:\/\/www.gietka.be\/index.php\/avant-2010\/#breadcrumb\"},\"inLanguage\":\"fr-FR\",\"potentialAction\":[{\"@type\":\"ReadAction\",\"target\":[\"https:\/\/www.gietka.be\/index.php\/avant-2010\/\"]}]},{\"@type\":\"ImageObject\",\"inLanguage\":\"fr-FR\",\"@id\":\"https:\/\/www.gietka.be\/index.php\/avant-2010\/#primaryimage\",\"url\":\"http:\/\/www.gietka.be\/wp-content\/uploads\/2016\/11\/2009-AEA-tristesse-218x300.jpg\",\"contentUrl\":\"http:\/\/www.gietka.be\/wp-content\/uploads\/2016\/11\/2009-AEA-tristesse-218x300.jpg\"},{\"@type\":\"BreadcrumbList\",\"@id\":\"https:\/\/www.gietka.be\/index.php\/avant-2010\/#breadcrumb\",\"itemListElement\":[{\"@type\":\"ListItem\",\"position\":1,\"name\":\"Accueil\",\"item\":\"https:\/\/www.gietka.be\/\"},{\"@type\":\"ListItem\",\"position\":2,\"name\":\"Avant 2010\"}]},{\"@type\":\"WebSite\",\"@id\":\"https:\/\/www.gietka.be\/#website\",\"url\":\"https:\/\/www.gietka.be\/\",\"name\":\"Jos\u00e9 Gietka, aquarelliste et cr\u00e9ateur de bijoux\",\"description\":\"L&#039;art de l&#039;aquarelle cr\u00e9ative\",\"potentialAction\":[{\"@type\":\"SearchAction\",\"target\":{\"@type\":\"EntryPoint\",\"urlTemplate\":\"https:\/\/www.gietka.be\/?s={search_term_string}\"},\"query-input\":{\"@type\":\"PropertyValueSpecification\",\"valueRequired\":true,\"valueName\":\"search_term_string\"}}],\"inLanguage\":\"fr-FR\"}]}<\/script>\n<!-- \/ Yoast SEO plugin. -->","yoast_head_json":{"title":"Avant 2010 - Jos\u00e9 Gietka, aquarelliste et cr\u00e9ateur de bijoux","robots":{"index":"index","follow":"follow","max-snippet":"max-snippet:-1","max-image-preview":"max-image-preview:large","max-video-preview":"max-video-preview:-1"},"canonical":"https:\/\/www.gietka.be\/index.php\/avant-2010\/","og_locale":"fr_FR","og_type":"article","og_title":"Avant 2010 - Jos\u00e9 Gietka, aquarelliste et cr\u00e9ateur de bijoux","og_description":"Artprice\u00a0\u2013 leader mondial de l\u2019information sur le march\u00e9 de l\u2019art\u00a0: Jos\u00e9 Gietka est r\u00e9f\u00e9renci\u00e9 depuis 2009. Acad\u00e9mie Europ\u00e9enne des Arts\u00a0: Jos\u00e9 Gietka est membre de l\u2019AEA depuis avril 2009 Monsieur Alphonse Crepin le pr\u00e9sente dans le p\u00e9riodique n\u00b0 133 d\u2019 &hellip; Continuer la lecture &rarr;","og_url":"https:\/\/www.gietka.be\/index.php\/avant-2010\/","og_site_name":"Jos\u00e9 Gietka, aquarelliste et cr\u00e9ateur de bijoux","article_modified_time":"2016-11-10T18:27:13+00:00","og_image":[{"url":"http:\/\/www.gietka.be\/wp-content\/uploads\/2016\/11\/2009-AEA-tristesse-218x300.jpg","type":"","width":"","height":""}],"twitter_card":"summary_large_image","twitter_misc":{"Dur\u00e9e de lecture estim\u00e9e":"1 minute"},"schema":{"@context":"https:\/\/schema.org","@graph":[{"@type":"WebPage","@id":"https:\/\/www.gietka.be\/index.php\/avant-2010\/","url":"https:\/\/www.gietka.be\/index.php\/avant-2010\/","name":"Avant 2010 - Jos\u00e9 Gietka, aquarelliste et cr\u00e9ateur de bijoux","isPartOf":{"@id":"https:\/\/www.gietka.be\/#website"},"primaryImageOfPage":{"@id":"https:\/\/www.gietka.be\/index.php\/avant-2010\/#primaryimage"},"image":{"@id":"https:\/\/www.gietka.be\/index.php\/avant-2010\/#primaryimage"},"thumbnailUrl":"http:\/\/www.gietka.be\/wp-content\/uploads\/2016\/11\/2009-AEA-tristesse-218x300.jpg","datePublished":"2016-11-07T18:32:41+00:00","dateModified":"2016-11-10T18:27:13+00:00","breadcrumb":{"@id":"https:\/\/www.gietka.be\/index.php\/avant-2010\/#breadcrumb"},"inLanguage":"fr-FR","potentialAction":[{"@type":"ReadAction","target":["https:\/\/www.gietka.be\/index.php\/avant-2010\/"]}]},{"@type":"ImageObject","inLanguage":"fr-FR","@id":"https:\/\/www.gietka.be\/index.php\/avant-2010\/#primaryimage","url":"http:\/\/www.gietka.be\/wp-content\/uploads\/2016\/11\/2009-AEA-tristesse-218x300.jpg","contentUrl":"http:\/\/www.gietka.be\/wp-content\/uploads\/2016\/11\/2009-AEA-tristesse-218x300.jpg"},{"@type":"BreadcrumbList","@id":"https:\/\/www.gietka.be\/index.php\/avant-2010\/#breadcrumb","itemListElement":[{"@type":"ListItem","position":1,"name":"Accueil","item":"https:\/\/www.gietka.be\/"},{"@type":"ListItem","position":2,"name":"Avant 2010"}]},{"@type":"WebSite","@id":"https:\/\/www.gietka.be\/#website","url":"https:\/\/www.gietka.be\/","name":"Jos\u00e9 Gietka, aquarelliste et cr\u00e9ateur de bijoux","description":"L&#039;art de l&#039;aquarelle cr\u00e9ative","potentialAction":[{"@type":"SearchAction","target":{"@type":"EntryPoint","urlTemplate":"https:\/\/www.gietka.be\/?s={search_term_string}"},"query-input":{"@type":"PropertyValueSpecification","valueRequired":true,"valueName":"search_term_string"}}],"inLanguage":"fr-FR"}]}},"jetpack_sharing_enabled":true,"jetpack_shortlink":"https:\/\/wp.me\/P7ZytP-1b","_links":{"self":[{"href":"https:\/\/www.gietka.be\/index.php\/wp-json\/wp\/v2\/pages\/73","targetHints":{"allow":["GET"]}}],"collection":[{"href":"https:\/\/www.gietka.be\/index.php\/wp-json\/wp\/v2\/pages"}],"about":[{"href":"https:\/\/www.gietka.be\/index.php\/wp-json\/wp\/v2\/types\/page"}],"author":[{"embeddable":true,"href":"https:\/\/www.gietka.be\/index.php\/wp-json\/wp\/v2\/users\/2"}],"replies":[{"embeddable":true,"href":"https:\/\/www.gietka.be\/index.php\/wp-json\/wp\/v2\/comments?post=73"}],"version-history":[{"count":9,"href":"https:\/\/www.gietka.be\/index.php\/wp-json\/wp\/v2\/pages\/73\/revisions"}],"predecessor-version":[{"id":351,"href":"https:\/\/www.gietka.be\/index.php\/wp-json\/wp\/v2\/pages\/73\/revisions\/351"}],"wp:attachment":[{"href":"https:\/\/www.gietka.be\/index.php\/wp-json\/wp\/v2\/media?parent=73"}],"curies":[{"name":"wp","href":"https:\/\/api.w.org\/{rel}","templated":true}]}}