{"id":71,"date":"2016-11-07T19:32:28","date_gmt":"2016-11-07T18:32:28","guid":{"rendered":"http:\/\/www.gietka.be\/?page_id=71"},"modified":"2016-11-10T19:23:48","modified_gmt":"2016-11-10T18:23:48","slug":"2010-3","status":"publish","type":"page","link":"https:\/\/www.gietka.be\/index.php\/2010-3\/","title":{"rendered":"2010"},"content":{"rendered":"<p><strong><u>Vers l\u2019Avenir \u2013 3 novembre 2010<\/u><\/strong>\u00a0: Jos\u00e9 Gietka expose \u00e0 la Maison de l\u2019Artisanat de Maredret<\/p>\n<p><a href=\"https:\/\/i0.wp.com\/www.gietka.be\/wp-content\/uploads\/2016\/11\/2010-Maredret-lavenir.jpg?ssl=1\" target=\"_blank\"><img data-recalc-dims=\"1\" loading=\"lazy\" decoding=\"async\" data-attachment-id=\"339\" data-permalink=\"https:\/\/www.gietka.be\/index.php\/2010-3\/2010-maredret-lavenir\/\" data-orig-file=\"https:\/\/i0.wp.com\/www.gietka.be\/wp-content\/uploads\/2016\/11\/2010-Maredret-lavenir.jpg?fit=1000%2C658&amp;ssl=1\" data-orig-size=\"1000,658\" data-comments-opened=\"1\" data-image-meta=\"{&quot;aperture&quot;:&quot;0&quot;,&quot;credit&quot;:&quot;&quot;,&quot;camera&quot;:&quot;&quot;,&quot;caption&quot;:&quot;&quot;,&quot;created_timestamp&quot;:&quot;0&quot;,&quot;copyright&quot;:&quot;&quot;,&quot;focal_length&quot;:&quot;0&quot;,&quot;iso&quot;:&quot;0&quot;,&quot;shutter_speed&quot;:&quot;0&quot;,&quot;title&quot;:&quot;&quot;,&quot;orientation&quot;:&quot;0&quot;}\" data-image-title=\"2010-maredret-lavenir\" data-image-description=\"\" data-image-caption=\"\" data-medium-file=\"https:\/\/i0.wp.com\/www.gietka.be\/wp-content\/uploads\/2016\/11\/2010-Maredret-lavenir.jpg?fit=300%2C197&amp;ssl=1\" data-large-file=\"https:\/\/i0.wp.com\/www.gietka.be\/wp-content\/uploads\/2016\/11\/2010-Maredret-lavenir.jpg?fit=640%2C421&amp;ssl=1\" class=\"aligncenter wp-image-339 size-medium\" src=\"https:\/\/i0.wp.com\/www.gietka.be\/wp-content\/uploads\/2016\/11\/2010-Maredret-lavenir.jpg?resize=300%2C197&#038;ssl=1\" alt=\"2010-maredret-lavenir\" width=\"300\" height=\"197\" srcset=\"https:\/\/i0.wp.com\/www.gietka.be\/wp-content\/uploads\/2016\/11\/2010-Maredret-lavenir.jpg?resize=300%2C197&amp;ssl=1 300w, https:\/\/i0.wp.com\/www.gietka.be\/wp-content\/uploads\/2016\/11\/2010-Maredret-lavenir.jpg?resize=768%2C505&amp;ssl=1 768w, https:\/\/i0.wp.com\/www.gietka.be\/wp-content\/uploads\/2016\/11\/2010-Maredret-lavenir.jpg?w=1000&amp;ssl=1 1000w\" sizes=\"auto, (max-width: 300px) 100vw, 300px\" \/><\/a><\/p>\n<p><strong><u>Catalogue des 19\u00e8me Printemps de l\u2019Aquarelle de Libramont<\/u><\/strong>\u2014du 14 mai 2010 au 24 mai 2010 : Jos\u00e9 Gietka figure \u00e0 la page 23 de ce catalogue<\/p>\n<p><a href=\"https:\/\/i0.wp.com\/www.gietka.be\/wp-content\/uploads\/2016\/11\/2010-Libramont-catalogue.jpg?ssl=1\" target=\"_blank\"><img data-recalc-dims=\"1\" loading=\"lazy\" decoding=\"async\" data-attachment-id=\"340\" data-permalink=\"https:\/\/www.gietka.be\/index.php\/2010-3\/2010-libramont-catalogue\/\" data-orig-file=\"https:\/\/i0.wp.com\/www.gietka.be\/wp-content\/uploads\/2016\/11\/2010-Libramont-catalogue.jpg?fit=893%2C768&amp;ssl=1\" data-orig-size=\"893,768\" data-comments-opened=\"1\" data-image-meta=\"{&quot;aperture&quot;:&quot;0&quot;,&quot;credit&quot;:&quot;&quot;,&quot;camera&quot;:&quot;&quot;,&quot;caption&quot;:&quot;&quot;,&quot;created_timestamp&quot;:&quot;0&quot;,&quot;copyright&quot;:&quot;&quot;,&quot;focal_length&quot;:&quot;0&quot;,&quot;iso&quot;:&quot;0&quot;,&quot;shutter_speed&quot;:&quot;0&quot;,&quot;title&quot;:&quot;&quot;,&quot;orientation&quot;:&quot;0&quot;}\" data-image-title=\"2010-libramont-catalogue\" data-image-description=\"\" data-image-caption=\"\" data-medium-file=\"https:\/\/i0.wp.com\/www.gietka.be\/wp-content\/uploads\/2016\/11\/2010-Libramont-catalogue.jpg?fit=300%2C258&amp;ssl=1\" data-large-file=\"https:\/\/i0.wp.com\/www.gietka.be\/wp-content\/uploads\/2016\/11\/2010-Libramont-catalogue.jpg?fit=640%2C550&amp;ssl=1\" class=\"aligncenter wp-image-340 size-medium\" src=\"https:\/\/i0.wp.com\/www.gietka.be\/wp-content\/uploads\/2016\/11\/2010-Libramont-catalogue.jpg?resize=300%2C258&#038;ssl=1\" alt=\"2010-libramont-catalogue\" width=\"300\" height=\"258\" srcset=\"https:\/\/i0.wp.com\/www.gietka.be\/wp-content\/uploads\/2016\/11\/2010-Libramont-catalogue.jpg?resize=300%2C258&amp;ssl=1 300w, https:\/\/i0.wp.com\/www.gietka.be\/wp-content\/uploads\/2016\/11\/2010-Libramont-catalogue.jpg?resize=768%2C660&amp;ssl=1 768w, https:\/\/i0.wp.com\/www.gietka.be\/wp-content\/uploads\/2016\/11\/2010-Libramont-catalogue.jpg?w=893&amp;ssl=1 893w\" sizes=\"auto, (max-width: 300px) 100vw, 300px\" \/><\/a><\/p>\n<p><strong><u>Mai 2010<\/u><\/strong><u>\u00a0<\/u>: \u00ab Contraste \u00bb dans la presse li\u00e9geoise: La Meuse, le Vlan et le M\u00e9tro<\/p>\n<p><a href=\"https:\/\/i0.wp.com\/www.gietka.be\/wp-content\/uploads\/2016\/11\/2010-Contraste-m%C3%A9tro.jpg?ssl=1\" target=\"_blank\"><img data-recalc-dims=\"1\" loading=\"lazy\" decoding=\"async\" data-attachment-id=\"342\" data-permalink=\"https:\/\/www.gietka.be\/index.php\/2010-3\/2010-contraste-metro\/\" data-orig-file=\"https:\/\/i0.wp.com\/www.gietka.be\/wp-content\/uploads\/2016\/11\/2010-Contraste-m%C3%A9tro.jpg?fit=699%2C1024&amp;ssl=1\" data-orig-size=\"699,1024\" data-comments-opened=\"1\" data-image-meta=\"{&quot;aperture&quot;:&quot;0&quot;,&quot;credit&quot;:&quot;&quot;,&quot;camera&quot;:&quot;&quot;,&quot;caption&quot;:&quot;&quot;,&quot;created_timestamp&quot;:&quot;0&quot;,&quot;copyright&quot;:&quot;&quot;,&quot;focal_length&quot;:&quot;0&quot;,&quot;iso&quot;:&quot;0&quot;,&quot;shutter_speed&quot;:&quot;0&quot;,&quot;title&quot;:&quot;&quot;,&quot;orientation&quot;:&quot;0&quot;}\" data-image-title=\"2010-contraste-metro\" data-image-description=\"\" data-image-caption=\"\" data-medium-file=\"https:\/\/i0.wp.com\/www.gietka.be\/wp-content\/uploads\/2016\/11\/2010-Contraste-m%C3%A9tro.jpg?fit=205%2C300&amp;ssl=1\" data-large-file=\"https:\/\/i0.wp.com\/www.gietka.be\/wp-content\/uploads\/2016\/11\/2010-Contraste-m%C3%A9tro.jpg?fit=640%2C938&amp;ssl=1\" class=\"aligncenter wp-image-342 size-medium\" src=\"https:\/\/i0.wp.com\/www.gietka.be\/wp-content\/uploads\/2016\/11\/2010-Contraste-m%C3%A9tro.jpg?resize=205%2C300&#038;ssl=1\" alt=\"2010-contraste-metro\" width=\"205\" height=\"300\" srcset=\"https:\/\/i0.wp.com\/www.gietka.be\/wp-content\/uploads\/2016\/11\/2010-Contraste-m%C3%A9tro.jpg?resize=205%2C300&amp;ssl=1 205w, https:\/\/i0.wp.com\/www.gietka.be\/wp-content\/uploads\/2016\/11\/2010-Contraste-m%C3%A9tro.jpg?resize=300%2C439&amp;ssl=1 300w, https:\/\/i0.wp.com\/www.gietka.be\/wp-content\/uploads\/2016\/11\/2010-Contraste-m%C3%A9tro.jpg?w=699&amp;ssl=1 699w\" sizes=\"auto, (max-width: 205px) 100vw, 205px\" \/><\/a><\/p>\n<p><strong><u>Mai 2010<\/u><\/strong>\u00a0: Jos\u00e9 Gietka re\u00e7oit son certificat de participation au Grand Stage International de la Formation des Ma\u00eetres 2010, ce certificat t\u00e9moigne de l\u2019apprentissage de la M\u00e9thode Palm\u2019Arts 2010.<\/p>\n<p><a href=\"https:\/\/i0.wp.com\/www.gietka.be\/wp-content\/uploads\/2016\/11\/2010-formation-des-maitres.jpg?ssl=1\" target=\"_blank\"><img data-recalc-dims=\"1\" loading=\"lazy\" decoding=\"async\" data-attachment-id=\"343\" data-permalink=\"https:\/\/www.gietka.be\/index.php\/2010-3\/2010-formation-des-maitres\/\" data-orig-file=\"https:\/\/i0.wp.com\/www.gietka.be\/wp-content\/uploads\/2016\/11\/2010-formation-des-maitres.jpg?fit=1000%2C701&amp;ssl=1\" data-orig-size=\"1000,701\" data-comments-opened=\"1\" data-image-meta=\"{&quot;aperture&quot;:&quot;0&quot;,&quot;credit&quot;:&quot;&quot;,&quot;camera&quot;:&quot;&quot;,&quot;caption&quot;:&quot;&quot;,&quot;created_timestamp&quot;:&quot;0&quot;,&quot;copyright&quot;:&quot;&quot;,&quot;focal_length&quot;:&quot;0&quot;,&quot;iso&quot;:&quot;0&quot;,&quot;shutter_speed&quot;:&quot;0&quot;,&quot;title&quot;:&quot;&quot;,&quot;orientation&quot;:&quot;0&quot;}\" data-image-title=\"2010-formation-des-maitres\" data-image-description=\"\" data-image-caption=\"\" data-medium-file=\"https:\/\/i0.wp.com\/www.gietka.be\/wp-content\/uploads\/2016\/11\/2010-formation-des-maitres.jpg?fit=300%2C210&amp;ssl=1\" data-large-file=\"https:\/\/i0.wp.com\/www.gietka.be\/wp-content\/uploads\/2016\/11\/2010-formation-des-maitres.jpg?fit=640%2C449&amp;ssl=1\" class=\"aligncenter wp-image-343 size-medium\" src=\"https:\/\/i0.wp.com\/www.gietka.be\/wp-content\/uploads\/2016\/11\/2010-formation-des-maitres.jpg?resize=300%2C210&#038;ssl=1\" alt=\"2010-formation-des-maitres\" width=\"300\" height=\"210\" srcset=\"https:\/\/i0.wp.com\/www.gietka.be\/wp-content\/uploads\/2016\/11\/2010-formation-des-maitres.jpg?resize=300%2C210&amp;ssl=1 300w, https:\/\/i0.wp.com\/www.gietka.be\/wp-content\/uploads\/2016\/11\/2010-formation-des-maitres.jpg?resize=768%2C538&amp;ssl=1 768w, https:\/\/i0.wp.com\/www.gietka.be\/wp-content\/uploads\/2016\/11\/2010-formation-des-maitres.jpg?w=1000&amp;ssl=1 1000w\" sizes=\"auto, (max-width: 300px) 100vw, 300px\" \/><\/a><\/p>\n<p><strong><u>Avril 2010<\/u><\/strong>\u00a0: Jos\u00e9 Gietka re\u00e7oit son Certificat du Stage Couleurs d\u00e9livr\u00e9 par la Palm\u2019Arts International<\/p>\n<p><a href=\"https:\/\/i0.wp.com\/www.gietka.be\/wp-content\/uploads\/2016\/11\/2010-stage-couleurs.jpg?ssl=1\" target=\"_blank\"><img data-recalc-dims=\"1\" loading=\"lazy\" decoding=\"async\" data-attachment-id=\"344\" data-permalink=\"https:\/\/www.gietka.be\/index.php\/2010-3\/2010-stage-couleurs\/\" data-orig-file=\"https:\/\/i0.wp.com\/www.gietka.be\/wp-content\/uploads\/2016\/11\/2010-stage-couleurs.jpg?fit=1000%2C709&amp;ssl=1\" data-orig-size=\"1000,709\" data-comments-opened=\"1\" data-image-meta=\"{&quot;aperture&quot;:&quot;0&quot;,&quot;credit&quot;:&quot;&quot;,&quot;camera&quot;:&quot;&quot;,&quot;caption&quot;:&quot;&quot;,&quot;created_timestamp&quot;:&quot;0&quot;,&quot;copyright&quot;:&quot;&quot;,&quot;focal_length&quot;:&quot;0&quot;,&quot;iso&quot;:&quot;0&quot;,&quot;shutter_speed&quot;:&quot;0&quot;,&quot;title&quot;:&quot;&quot;,&quot;orientation&quot;:&quot;0&quot;}\" data-image-title=\"2010-stage-couleurs\" data-image-description=\"\" data-image-caption=\"\" data-medium-file=\"https:\/\/i0.wp.com\/www.gietka.be\/wp-content\/uploads\/2016\/11\/2010-stage-couleurs.jpg?fit=300%2C213&amp;ssl=1\" data-large-file=\"https:\/\/i0.wp.com\/www.gietka.be\/wp-content\/uploads\/2016\/11\/2010-stage-couleurs.jpg?fit=640%2C454&amp;ssl=1\" class=\"aligncenter wp-image-344 size-medium\" src=\"https:\/\/i0.wp.com\/www.gietka.be\/wp-content\/uploads\/2016\/11\/2010-stage-couleurs.jpg?resize=300%2C213&#038;ssl=1\" alt=\"2010-stage-couleurs\" width=\"300\" height=\"213\" srcset=\"https:\/\/i0.wp.com\/www.gietka.be\/wp-content\/uploads\/2016\/11\/2010-stage-couleurs.jpg?resize=300%2C213&amp;ssl=1 300w, https:\/\/i0.wp.com\/www.gietka.be\/wp-content\/uploads\/2016\/11\/2010-stage-couleurs.jpg?resize=768%2C545&amp;ssl=1 768w, https:\/\/i0.wp.com\/www.gietka.be\/wp-content\/uploads\/2016\/11\/2010-stage-couleurs.jpg?w=1000&amp;ssl=1 1000w\" sizes=\"auto, (max-width: 300px) 100vw, 300px\" \/><\/a><\/p>\n","protected":false},"excerpt":{"rendered":"<p>Vers l\u2019Avenir \u2013 3 novembre 2010\u00a0: Jos\u00e9 Gietka expose \u00e0 la Maison de l\u2019Artisanat de Maredret Catalogue des 19\u00e8me Printemps de l\u2019Aquarelle de Libramont\u2014du 14 mai 2010 au 24 mai 2010 : Jos\u00e9 Gietka figure \u00e0 la page 23 de &hellip; <a href=\"https:\/\/www.gietka.be\/index.php\/2010-3\/\">Continuer la lecture <span class=\"meta-nav\">&rarr;<\/span><\/a><\/p>\n","protected":false},"author":2,"featured_media":0,"parent":0,"menu_order":0,"comment_status":"closed","ping_status":"closed","template":"","meta":{"jetpack_post_was_ever_published":false,"footnotes":""},"class_list":["post-71","page","type-page","status-publish","hentry"],"yoast_head":"<!-- This site is optimized with the Yoast SEO plugin v27.2 - https:\/\/yoast.com\/product\/yoast-seo-wordpress\/ -->\n<title>2010 - Jos\u00e9 Gietka, aquarelliste et cr\u00e9ateur de bijoux<\/title>\n<meta name=\"robots\" content=\"index, follow, max-snippet:-1, max-image-preview:large, max-video-preview:-1\" \/>\n<link rel=\"canonical\" href=\"https:\/\/www.gietka.be\/index.php\/2010-3\/\" \/>\n<meta property=\"og:locale\" content=\"fr_FR\" \/>\n<meta property=\"og:type\" content=\"article\" \/>\n<meta property=\"og:title\" content=\"2010 - Jos\u00e9 Gietka, aquarelliste et cr\u00e9ateur de bijoux\" \/>\n<meta property=\"og:description\" content=\"Vers l\u2019Avenir \u2013 3 novembre 2010\u00a0: Jos\u00e9 Gietka expose \u00e0 la Maison de l\u2019Artisanat de Maredret Catalogue des 19\u00e8me Printemps de l\u2019Aquarelle de Libramont\u2014du 14 mai 2010 au 24 mai 2010 : Jos\u00e9 Gietka figure \u00e0 la page 23 de &hellip; Continuer la lecture &rarr;\" \/>\n<meta property=\"og:url\" content=\"https:\/\/www.gietka.be\/index.php\/2010-3\/\" \/>\n<meta property=\"og:site_name\" content=\"Jos\u00e9 Gietka, aquarelliste et cr\u00e9ateur de bijoux\" \/>\n<meta property=\"article:modified_time\" content=\"2016-11-10T18:23:48+00:00\" \/>\n<meta property=\"og:image\" content=\"http:\/\/www.gietka.be\/wp-content\/uploads\/2016\/11\/2010-Maredret-lavenir-300x197.jpg\" \/>\n<meta name=\"twitter:card\" content=\"summary_large_image\" \/>\n<script type=\"application\/ld+json\" class=\"yoast-schema-graph\">{\"@context\":\"https:\/\/schema.org\",\"@graph\":[{\"@type\":\"WebPage\",\"@id\":\"https:\/\/www.gietka.be\/index.php\/2010-3\/\",\"url\":\"https:\/\/www.gietka.be\/index.php\/2010-3\/\",\"name\":\"2010 - Jos\u00e9 Gietka, aquarelliste et cr\u00e9ateur de bijoux\",\"isPartOf\":{\"@id\":\"https:\/\/www.gietka.be\/#website\"},\"primaryImageOfPage\":{\"@id\":\"https:\/\/www.gietka.be\/index.php\/2010-3\/#primaryimage\"},\"image\":{\"@id\":\"https:\/\/www.gietka.be\/index.php\/2010-3\/#primaryimage\"},\"thumbnailUrl\":\"http:\/\/www.gietka.be\/wp-content\/uploads\/2016\/11\/2010-Maredret-lavenir-300x197.jpg\",\"datePublished\":\"2016-11-07T18:32:28+00:00\",\"dateModified\":\"2016-11-10T18:23:48+00:00\",\"breadcrumb\":{\"@id\":\"https:\/\/www.gietka.be\/index.php\/2010-3\/#breadcrumb\"},\"inLanguage\":\"fr-FR\",\"potentialAction\":[{\"@type\":\"ReadAction\",\"target\":[\"https:\/\/www.gietka.be\/index.php\/2010-3\/\"]}]},{\"@type\":\"ImageObject\",\"inLanguage\":\"fr-FR\",\"@id\":\"https:\/\/www.gietka.be\/index.php\/2010-3\/#primaryimage\",\"url\":\"http:\/\/www.gietka.be\/wp-content\/uploads\/2016\/11\/2010-Maredret-lavenir-300x197.jpg\",\"contentUrl\":\"http:\/\/www.gietka.be\/wp-content\/uploads\/2016\/11\/2010-Maredret-lavenir-300x197.jpg\"},{\"@type\":\"BreadcrumbList\",\"@id\":\"https:\/\/www.gietka.be\/index.php\/2010-3\/#breadcrumb\",\"itemListElement\":[{\"@type\":\"ListItem\",\"position\":1,\"name\":\"Accueil\",\"item\":\"https:\/\/www.gietka.be\/\"},{\"@type\":\"ListItem\",\"position\":2,\"name\":\"2010\"}]},{\"@type\":\"WebSite\",\"@id\":\"https:\/\/www.gietka.be\/#website\",\"url\":\"https:\/\/www.gietka.be\/\",\"name\":\"Jos\u00e9 Gietka, aquarelliste et cr\u00e9ateur de bijoux\",\"description\":\"L&#039;art de l&#039;aquarelle cr\u00e9ative\",\"potentialAction\":[{\"@type\":\"SearchAction\",\"target\":{\"@type\":\"EntryPoint\",\"urlTemplate\":\"https:\/\/www.gietka.be\/?s={search_term_string}\"},\"query-input\":{\"@type\":\"PropertyValueSpecification\",\"valueRequired\":true,\"valueName\":\"search_term_string\"}}],\"inLanguage\":\"fr-FR\"}]}<\/script>\n<!-- \/ Yoast SEO plugin. -->","yoast_head_json":{"title":"2010 - Jos\u00e9 Gietka, aquarelliste et cr\u00e9ateur de bijoux","robots":{"index":"index","follow":"follow","max-snippet":"max-snippet:-1","max-image-preview":"max-image-preview:large","max-video-preview":"max-video-preview:-1"},"canonical":"https:\/\/www.gietka.be\/index.php\/2010-3\/","og_locale":"fr_FR","og_type":"article","og_title":"2010 - Jos\u00e9 Gietka, aquarelliste et cr\u00e9ateur de bijoux","og_description":"Vers l\u2019Avenir \u2013 3 novembre 2010\u00a0: Jos\u00e9 Gietka expose \u00e0 la Maison de l\u2019Artisanat de Maredret Catalogue des 19\u00e8me Printemps de l\u2019Aquarelle de Libramont\u2014du 14 mai 2010 au 24 mai 2010 : Jos\u00e9 Gietka figure \u00e0 la page 23 de &hellip; Continuer la lecture &rarr;","og_url":"https:\/\/www.gietka.be\/index.php\/2010-3\/","og_site_name":"Jos\u00e9 Gietka, aquarelliste et cr\u00e9ateur de bijoux","article_modified_time":"2016-11-10T18:23:48+00:00","og_image":[{"url":"http:\/\/www.gietka.be\/wp-content\/uploads\/2016\/11\/2010-Maredret-lavenir-300x197.jpg","type":"","width":"","height":""}],"twitter_card":"summary_large_image","schema":{"@context":"https:\/\/schema.org","@graph":[{"@type":"WebPage","@id":"https:\/\/www.gietka.be\/index.php\/2010-3\/","url":"https:\/\/www.gietka.be\/index.php\/2010-3\/","name":"2010 - Jos\u00e9 Gietka, aquarelliste et cr\u00e9ateur de bijoux","isPartOf":{"@id":"https:\/\/www.gietka.be\/#website"},"primaryImageOfPage":{"@id":"https:\/\/www.gietka.be\/index.php\/2010-3\/#primaryimage"},"image":{"@id":"https:\/\/www.gietka.be\/index.php\/2010-3\/#primaryimage"},"thumbnailUrl":"http:\/\/www.gietka.be\/wp-content\/uploads\/2016\/11\/2010-Maredret-lavenir-300x197.jpg","datePublished":"2016-11-07T18:32:28+00:00","dateModified":"2016-11-10T18:23:48+00:00","breadcrumb":{"@id":"https:\/\/www.gietka.be\/index.php\/2010-3\/#breadcrumb"},"inLanguage":"fr-FR","potentialAction":[{"@type":"ReadAction","target":["https:\/\/www.gietka.be\/index.php\/2010-3\/"]}]},{"@type":"ImageObject","inLanguage":"fr-FR","@id":"https:\/\/www.gietka.be\/index.php\/2010-3\/#primaryimage","url":"http:\/\/www.gietka.be\/wp-content\/uploads\/2016\/11\/2010-Maredret-lavenir-300x197.jpg","contentUrl":"http:\/\/www.gietka.be\/wp-content\/uploads\/2016\/11\/2010-Maredret-lavenir-300x197.jpg"},{"@type":"BreadcrumbList","@id":"https:\/\/www.gietka.be\/index.php\/2010-3\/#breadcrumb","itemListElement":[{"@type":"ListItem","position":1,"name":"Accueil","item":"https:\/\/www.gietka.be\/"},{"@type":"ListItem","position":2,"name":"2010"}]},{"@type":"WebSite","@id":"https:\/\/www.gietka.be\/#website","url":"https:\/\/www.gietka.be\/","name":"Jos\u00e9 Gietka, aquarelliste et cr\u00e9ateur de bijoux","description":"L&#039;art de l&#039;aquarelle cr\u00e9ative","potentialAction":[{"@type":"SearchAction","target":{"@type":"EntryPoint","urlTemplate":"https:\/\/www.gietka.be\/?s={search_term_string}"},"query-input":{"@type":"PropertyValueSpecification","valueRequired":true,"valueName":"search_term_string"}}],"inLanguage":"fr-FR"}]}},"jetpack_sharing_enabled":true,"jetpack_shortlink":"https:\/\/wp.me\/P7ZytP-19","_links":{"self":[{"href":"https:\/\/www.gietka.be\/index.php\/wp-json\/wp\/v2\/pages\/71","targetHints":{"allow":["GET"]}}],"collection":[{"href":"https:\/\/www.gietka.be\/index.php\/wp-json\/wp\/v2\/pages"}],"about":[{"href":"https:\/\/www.gietka.be\/index.php\/wp-json\/wp\/v2\/types\/page"}],"author":[{"embeddable":true,"href":"https:\/\/www.gietka.be\/index.php\/wp-json\/wp\/v2\/users\/2"}],"replies":[{"embeddable":true,"href":"https:\/\/www.gietka.be\/index.php\/wp-json\/wp\/v2\/comments?post=71"}],"version-history":[{"count":5,"href":"https:\/\/www.gietka.be\/index.php\/wp-json\/wp\/v2\/pages\/71\/revisions"}],"predecessor-version":[{"id":345,"href":"https:\/\/www.gietka.be\/index.php\/wp-json\/wp\/v2\/pages\/71\/revisions\/345"}],"wp:attachment":[{"href":"https:\/\/www.gietka.be\/index.php\/wp-json\/wp\/v2\/media?parent=71"}],"curies":[{"name":"wp","href":"https:\/\/api.w.org\/{rel}","templated":true}]}}