{"id":686,"date":"2016-11-12T13:31:04","date_gmt":"2016-11-12T12:31:04","guid":{"rendered":"http:\/\/www.gietka.be\/?page_id=686"},"modified":"2023-11-25T10:29:56","modified_gmt":"2023-11-25T09:29:56","slug":"acceuil","status":"publish","type":"page","link":"https:\/\/www.gietka.be\/","title":{"rendered":""},"content":{"rendered":"<h1 style=\"text-align: center;\"><strong>BIENVENUE SUR\u00a0MON SITE<\/strong><\/h1>\n<p><a href=\"https:\/\/i0.wp.com\/www.gietka.be\/wp-content\/uploads\/2021\/10\/P1010607-2.jpg?ssl=1\"><img data-recalc-dims=\"1\" loading=\"lazy\" decoding=\"async\" data-attachment-id=\"5385\" data-permalink=\"https:\/\/www.gietka.be\/index.php\/acceuil\/p1010607-2\/\" data-orig-file=\"https:\/\/i0.wp.com\/www.gietka.be\/wp-content\/uploads\/2021\/10\/P1010607-2.jpg?fit=2033%2C2032&amp;ssl=1\" data-orig-size=\"2033,2032\" data-comments-opened=\"0\" data-image-meta=\"{&quot;aperture&quot;:&quot;3.3&quot;,&quot;credit&quot;:&quot;&quot;,&quot;camera&quot;:&quot;DMC-TZ80&quot;,&quot;caption&quot;:&quot;&quot;,&quot;created_timestamp&quot;:&quot;1626092903&quot;,&quot;copyright&quot;:&quot;&quot;,&quot;focal_length&quot;:&quot;4.3&quot;,&quot;iso&quot;:&quot;800&quot;,&quot;shutter_speed&quot;:&quot;0.016666666666667&quot;,&quot;title&quot;:&quot;&quot;,&quot;orientation&quot;:&quot;1&quot;}\" data-image-title=\"P1010607 (2)\" data-image-description=\"\" data-image-caption=\"\" data-medium-file=\"https:\/\/i0.wp.com\/www.gietka.be\/wp-content\/uploads\/2021\/10\/P1010607-2.jpg?fit=300%2C300&amp;ssl=1\" data-large-file=\"https:\/\/i0.wp.com\/www.gietka.be\/wp-content\/uploads\/2021\/10\/P1010607-2.jpg?fit=640%2C640&amp;ssl=1\" class=\"alignnone wp-image-5385 size-medium\" src=\"https:\/\/i0.wp.com\/www.gietka.be\/wp-content\/uploads\/2021\/10\/P1010607-2.jpg?resize=300%2C300&#038;ssl=1\" alt=\"\" width=\"300\" height=\"300\" srcset=\"https:\/\/i0.wp.com\/www.gietka.be\/wp-content\/uploads\/2021\/10\/P1010607-2.jpg?resize=300%2C300&amp;ssl=1 300w, https:\/\/i0.wp.com\/www.gietka.be\/wp-content\/uploads\/2021\/10\/P1010607-2.jpg?resize=200%2C200&amp;ssl=1 200w, https:\/\/i0.wp.com\/www.gietka.be\/wp-content\/uploads\/2021\/10\/P1010607-2.jpg?resize=100%2C100&amp;ssl=1 100w, https:\/\/i0.wp.com\/www.gietka.be\/wp-content\/uploads\/2021\/10\/P1010607-2.jpg?resize=1024%2C1024&amp;ssl=1 1024w, https:\/\/i0.wp.com\/www.gietka.be\/wp-content\/uploads\/2021\/10\/P1010607-2.jpg?resize=150%2C150&amp;ssl=1 150w, https:\/\/i0.wp.com\/www.gietka.be\/wp-content\/uploads\/2021\/10\/P1010607-2.jpg?resize=768%2C768&amp;ssl=1 768w, https:\/\/i0.wp.com\/www.gietka.be\/wp-content\/uploads\/2021\/10\/P1010607-2.jpg?resize=1536%2C1536&amp;ssl=1 1536w, https:\/\/i0.wp.com\/www.gietka.be\/wp-content\/uploads\/2021\/10\/P1010607-2.jpg?w=2033&amp;ssl=1 2033w, https:\/\/i0.wp.com\/www.gietka.be\/wp-content\/uploads\/2021\/10\/P1010607-2.jpg?w=1280&amp;ssl=1 1280w, https:\/\/i0.wp.com\/www.gietka.be\/wp-content\/uploads\/2021\/10\/P1010607-2.jpg?w=1920&amp;ssl=1 1920w\" sizes=\"auto, (max-width: 300px) 100vw, 300px\" \/><\/a><a href=\"https:\/\/i0.wp.com\/www.gietka.be\/wp-content\/uploads\/2019\/11\/0492-2018-05-LES-POISSONS-LAMPES-36x36-e1575101325123.jpg?ssl=1\"><img data-recalc-dims=\"1\" loading=\"lazy\" decoding=\"async\" data-attachment-id=\"1940\" data-permalink=\"https:\/\/www.gietka.be\/index.php\/acceuil\/0492-2018-05-les-poissons-lampes-36x36\/\" data-orig-file=\"https:\/\/i0.wp.com\/www.gietka.be\/wp-content\/uploads\/2019\/11\/0492-2018-05-LES-POISSONS-LAMPES-36x36-e1575101325123.jpg?fit=1000%2C1010&amp;ssl=1\" data-orig-size=\"1000,1010\" data-comments-opened=\"0\" data-image-meta=\"{&quot;aperture&quot;:&quot;4&quot;,&quot;credit&quot;:&quot;&quot;,&quot;camera&quot;:&quot;Canon IXUS 157&quot;,&quot;caption&quot;:&quot;&quot;,&quot;created_timestamp&quot;:&quot;1526032000&quot;,&quot;copyright&quot;:&quot;&quot;,&quot;focal_length&quot;:&quot;12.154&quot;,&quot;iso&quot;:&quot;400&quot;,&quot;shutter_speed&quot;:&quot;0.004&quot;,&quot;title&quot;:&quot;&quot;,&quot;orientation&quot;:&quot;1&quot;}\" data-image-title=\"0492 2018-05 LES POISSONS LAMPES (36&amp;#215;36)\" data-image-description=\"\" data-image-caption=\"\" data-medium-file=\"https:\/\/i0.wp.com\/www.gietka.be\/wp-content\/uploads\/2019\/11\/0492-2018-05-LES-POISSONS-LAMPES-36x36-e1575101325123.jpg?fit=297%2C300&amp;ssl=1\" data-large-file=\"https:\/\/i0.wp.com\/www.gietka.be\/wp-content\/uploads\/2019\/11\/0492-2018-05-LES-POISSONS-LAMPES-36x36-e1575101325123.jpg?fit=640%2C646&amp;ssl=1\" class=\"wp-image-1940 size-medium alignleft\" src=\"https:\/\/i0.wp.com\/www.gietka.be\/wp-content\/uploads\/2019\/11\/0492-2018-05-LES-POISSONS-LAMPES-36x36.jpg?resize=297%2C300&#038;ssl=1\" alt=\"\" width=\"297\" height=\"300\" \/><\/a><img data-recalc-dims=\"1\" loading=\"lazy\" decoding=\"async\" data-attachment-id=\"8\" data-permalink=\"https:\/\/www.gietka.be\/copie-de-004\/\" data-orig-file=\"https:\/\/i0.wp.com\/www.gietka.be\/wp-content\/uploads\/2016\/11\/Copie-de-004.jpg?fit=645%2C263&amp;ssl=1\" data-orig-size=\"645,263\" data-comments-opened=\"1\" data-image-meta=\"{&quot;aperture&quot;:&quot;0&quot;,&quot;credit&quot;:&quot;&quot;,&quot;camera&quot;:&quot;&quot;,&quot;caption&quot;:&quot;&quot;,&quot;created_timestamp&quot;:&quot;0&quot;,&quot;copyright&quot;:&quot;&quot;,&quot;focal_length&quot;:&quot;0&quot;,&quot;iso&quot;:&quot;0&quot;,&quot;shutter_speed&quot;:&quot;0&quot;,&quot;title&quot;:&quot;&quot;,&quot;orientation&quot;:&quot;0&quot;}\" data-image-title=\"copie-de-004\" data-image-description=\"\" data-image-caption=\"\" data-medium-file=\"https:\/\/i0.wp.com\/www.gietka.be\/wp-content\/uploads\/2016\/11\/Copie-de-004.jpg?fit=300%2C122&amp;ssl=1\" data-large-file=\"https:\/\/i0.wp.com\/www.gietka.be\/wp-content\/uploads\/2016\/11\/Copie-de-004.jpg?fit=640%2C261&amp;ssl=1\" class=\"size-medium wp-image-8 aligncenter\" src=\"https:\/\/i0.wp.com\/www.gietka.be\/wp-content\/uploads\/2016\/11\/Copie-de-004.jpg?resize=300%2C122&#038;ssl=1\" alt=\"copie-de-004\" width=\"300\" height=\"122\" srcset=\"https:\/\/i0.wp.com\/www.gietka.be\/wp-content\/uploads\/2016\/11\/Copie-de-004.jpg?resize=300%2C122&amp;ssl=1 300w, https:\/\/i0.wp.com\/www.gietka.be\/wp-content\/uploads\/2016\/11\/Copie-de-004.jpg?w=645&amp;ssl=1 645w\" sizes=\"auto, (max-width: 300px) 100vw, 300px\" \/><\/p>\n\n<div class=\"wp-block-image\">\n<figure class=\"aligncenter size-large is-resized\"><img data-recalc-dims=\"1\" loading=\"lazy\" decoding=\"async\" width=\"640\" height=\"640\" data-attachment-id=\"7515\" data-permalink=\"https:\/\/www.gietka.be\/index.php\/acceuil\/122-16-logo-fr\/\" data-orig-file=\"https:\/\/i0.wp.com\/www.gietka.be\/wp-content\/uploads\/2023\/11\/122-16-logo-fr.jpg?fit=1618%2C1618&amp;ssl=1\" data-orig-size=\"1618,1618\" data-comments-opened=\"0\" data-image-meta=\"{&quot;aperture&quot;:&quot;0&quot;,&quot;credit&quot;:&quot;&quot;,&quot;camera&quot;:&quot;&quot;,&quot;caption&quot;:&quot;&quot;,&quot;created_timestamp&quot;:&quot;0&quot;,&quot;copyright&quot;:&quot;&quot;,&quot;focal_length&quot;:&quot;0&quot;,&quot;iso&quot;:&quot;0&quot;,&quot;shutter_speed&quot;:&quot;0&quot;,&quot;title&quot;:&quot;&quot;,&quot;orientation&quot;:&quot;0&quot;}\" data-image-title=\"122-16-logo-fr\" data-image-description=\"\" data-image-caption=\"\" data-medium-file=\"https:\/\/i0.wp.com\/www.gietka.be\/wp-content\/uploads\/2023\/11\/122-16-logo-fr.jpg?fit=300%2C300&amp;ssl=1\" data-large-file=\"https:\/\/i0.wp.com\/www.gietka.be\/wp-content\/uploads\/2023\/11\/122-16-logo-fr.jpg?fit=640%2C640&amp;ssl=1\" src=\"https:\/\/i0.wp.com\/www.gietka.be\/wp-content\/uploads\/2023\/11\/122-16-logo-fr.jpg?resize=640%2C640&#038;ssl=1\" alt=\"\" class=\"wp-image-7515\" style=\"width:202px;height:auto\" srcset=\"https:\/\/i0.wp.com\/www.gietka.be\/wp-content\/uploads\/2023\/11\/122-16-logo-fr.jpg?resize=1024%2C1024&amp;ssl=1 1024w, https:\/\/i0.wp.com\/www.gietka.be\/wp-content\/uploads\/2023\/11\/122-16-logo-fr.jpg?resize=300%2C300&amp;ssl=1 300w, https:\/\/i0.wp.com\/www.gietka.be\/wp-content\/uploads\/2023\/11\/122-16-logo-fr.jpg?resize=150%2C150&amp;ssl=1 150w, https:\/\/i0.wp.com\/www.gietka.be\/wp-content\/uploads\/2023\/11\/122-16-logo-fr.jpg?resize=768%2C768&amp;ssl=1 768w, https:\/\/i0.wp.com\/www.gietka.be\/wp-content\/uploads\/2023\/11\/122-16-logo-fr.jpg?resize=1536%2C1536&amp;ssl=1 1536w, https:\/\/i0.wp.com\/www.gietka.be\/wp-content\/uploads\/2023\/11\/122-16-logo-fr.jpg?resize=1320%2C1320&amp;ssl=1 1320w, https:\/\/i0.wp.com\/www.gietka.be\/wp-content\/uploads\/2023\/11\/122-16-logo-fr.jpg?w=1618&amp;ssl=1 1618w\" sizes=\"auto, (max-width: 640px) 100vw, 640px\" \/><\/figure>\n<\/div>","protected":false},"excerpt":{"rendered":"<p>BIENVENUE SUR\u00a0MON SITE<\/p>\n","protected":false},"author":2,"featured_media":0,"parent":0,"menu_order":0,"comment_status":"closed","ping_status":"closed","template":"","meta":{"jetpack_post_was_ever_published":false,"footnotes":""},"class_list":["post-686","page","type-page","status-publish","hentry"],"yoast_head":"<!-- This site is optimized with the Yoast SEO plugin v27.2 - https:\/\/yoast.com\/product\/yoast-seo-wordpress\/ -->\n<title>- Jos\u00e9 Gietka, aquarelliste et cr\u00e9ateur de bijoux<\/title>\n<meta name=\"robots\" content=\"index, follow, max-snippet:-1, max-image-preview:large, max-video-preview:-1\" \/>\n<link rel=\"canonical\" href=\"https:\/\/www.gietka.be\/\" \/>\n<meta property=\"og:locale\" content=\"fr_FR\" \/>\n<meta property=\"og:type\" content=\"article\" \/>\n<meta property=\"og:title\" content=\"- Jos\u00e9 Gietka, aquarelliste et cr\u00e9ateur de bijoux\" \/>\n<meta property=\"og:description\" content=\"BIENVENUE SUR\u00a0MON SITE\" \/>\n<meta property=\"og:url\" content=\"https:\/\/www.gietka.be\/\" \/>\n<meta property=\"og:site_name\" content=\"Jos\u00e9 Gietka, aquarelliste et cr\u00e9ateur de bijoux\" \/>\n<meta property=\"article:modified_time\" content=\"2023-11-25T09:29:56+00:00\" \/>\n<meta property=\"og:image\" content=\"http:\/\/www.gietka.be\/wp-content\/uploads\/2021\/10\/P1010607-2-300x300.jpg\" \/>\n<meta name=\"twitter:card\" content=\"summary_large_image\" \/>\n<meta name=\"twitter:label1\" content=\"Dur\u00e9e de lecture estim\u00e9e\" \/>\n\t<meta name=\"twitter:data1\" content=\"1 minute\" \/>\n<script type=\"application\/ld+json\" class=\"yoast-schema-graph\">{\"@context\":\"https:\/\/schema.org\",\"@graph\":[{\"@type\":\"WebPage\",\"@id\":\"https:\/\/www.gietka.be\/\",\"url\":\"https:\/\/www.gietka.be\/\",\"name\":\"- Jos\u00e9 Gietka, aquarelliste et cr\u00e9ateur de bijoux\",\"isPartOf\":{\"@id\":\"https:\/\/www.gietka.be\/#website\"},\"primaryImageOfPage\":{\"@id\":\"https:\/\/www.gietka.be\/#primaryimage\"},\"image\":{\"@id\":\"https:\/\/www.gietka.be\/#primaryimage\"},\"thumbnailUrl\":\"http:\/\/www.gietka.be\/wp-content\/uploads\/2021\/10\/P1010607-2-300x300.jpg\",\"datePublished\":\"2016-11-12T12:31:04+00:00\",\"dateModified\":\"2023-11-25T09:29:56+00:00\",\"inLanguage\":\"fr-FR\",\"potentialAction\":[{\"@type\":\"ReadAction\",\"target\":[\"https:\/\/www.gietka.be\/\"]}]},{\"@type\":\"ImageObject\",\"inLanguage\":\"fr-FR\",\"@id\":\"https:\/\/www.gietka.be\/#primaryimage\",\"url\":\"http:\/\/www.gietka.be\/wp-content\/uploads\/2021\/10\/P1010607-2-300x300.jpg\",\"contentUrl\":\"http:\/\/www.gietka.be\/wp-content\/uploads\/2021\/10\/P1010607-2-300x300.jpg\"},{\"@type\":\"WebSite\",\"@id\":\"https:\/\/www.gietka.be\/#website\",\"url\":\"https:\/\/www.gietka.be\/\",\"name\":\"Jos\u00e9 Gietka, aquarelliste et cr\u00e9ateur de bijoux\",\"description\":\"L&#039;art de l&#039;aquarelle cr\u00e9ative\",\"potentialAction\":[{\"@type\":\"SearchAction\",\"target\":{\"@type\":\"EntryPoint\",\"urlTemplate\":\"https:\/\/www.gietka.be\/?s={search_term_string}\"},\"query-input\":{\"@type\":\"PropertyValueSpecification\",\"valueRequired\":true,\"valueName\":\"search_term_string\"}}],\"inLanguage\":\"fr-FR\"}]}<\/script>\n<!-- \/ Yoast SEO plugin. -->","yoast_head_json":{"title":"- Jos\u00e9 Gietka, aquarelliste et cr\u00e9ateur de bijoux","robots":{"index":"index","follow":"follow","max-snippet":"max-snippet:-1","max-image-preview":"max-image-preview:large","max-video-preview":"max-video-preview:-1"},"canonical":"https:\/\/www.gietka.be\/","og_locale":"fr_FR","og_type":"article","og_title":"- Jos\u00e9 Gietka, aquarelliste et cr\u00e9ateur de bijoux","og_description":"BIENVENUE SUR\u00a0MON SITE","og_url":"https:\/\/www.gietka.be\/","og_site_name":"Jos\u00e9 Gietka, aquarelliste et cr\u00e9ateur de bijoux","article_modified_time":"2023-11-25T09:29:56+00:00","og_image":[{"url":"http:\/\/www.gietka.be\/wp-content\/uploads\/2021\/10\/P1010607-2-300x300.jpg","type":"","width":"","height":""}],"twitter_card":"summary_large_image","twitter_misc":{"Dur\u00e9e de lecture estim\u00e9e":"1 minute"},"schema":{"@context":"https:\/\/schema.org","@graph":[{"@type":"WebPage","@id":"https:\/\/www.gietka.be\/","url":"https:\/\/www.gietka.be\/","name":"- Jos\u00e9 Gietka, aquarelliste et cr\u00e9ateur de bijoux","isPartOf":{"@id":"https:\/\/www.gietka.be\/#website"},"primaryImageOfPage":{"@id":"https:\/\/www.gietka.be\/#primaryimage"},"image":{"@id":"https:\/\/www.gietka.be\/#primaryimage"},"thumbnailUrl":"http:\/\/www.gietka.be\/wp-content\/uploads\/2021\/10\/P1010607-2-300x300.jpg","datePublished":"2016-11-12T12:31:04+00:00","dateModified":"2023-11-25T09:29:56+00:00","inLanguage":"fr-FR","potentialAction":[{"@type":"ReadAction","target":["https:\/\/www.gietka.be\/"]}]},{"@type":"ImageObject","inLanguage":"fr-FR","@id":"https:\/\/www.gietka.be\/#primaryimage","url":"http:\/\/www.gietka.be\/wp-content\/uploads\/2021\/10\/P1010607-2-300x300.jpg","contentUrl":"http:\/\/www.gietka.be\/wp-content\/uploads\/2021\/10\/P1010607-2-300x300.jpg"},{"@type":"WebSite","@id":"https:\/\/www.gietka.be\/#website","url":"https:\/\/www.gietka.be\/","name":"Jos\u00e9 Gietka, aquarelliste et cr\u00e9ateur de bijoux","description":"L&#039;art de l&#039;aquarelle cr\u00e9ative","potentialAction":[{"@type":"SearchAction","target":{"@type":"EntryPoint","urlTemplate":"https:\/\/www.gietka.be\/?s={search_term_string}"},"query-input":{"@type":"PropertyValueSpecification","valueRequired":true,"valueName":"search_term_string"}}],"inLanguage":"fr-FR"}]}},"jetpack_sharing_enabled":true,"jetpack_shortlink":"https:\/\/wp.me\/P7ZytP-b4","_links":{"self":[{"href":"https:\/\/www.gietka.be\/index.php\/wp-json\/wp\/v2\/pages\/686","targetHints":{"allow":["GET"]}}],"collection":[{"href":"https:\/\/www.gietka.be\/index.php\/wp-json\/wp\/v2\/pages"}],"about":[{"href":"https:\/\/www.gietka.be\/index.php\/wp-json\/wp\/v2\/types\/page"}],"author":[{"embeddable":true,"href":"https:\/\/www.gietka.be\/index.php\/wp-json\/wp\/v2\/users\/2"}],"replies":[{"embeddable":true,"href":"https:\/\/www.gietka.be\/index.php\/wp-json\/wp\/v2\/comments?post=686"}],"version-history":[{"count":41,"href":"https:\/\/www.gietka.be\/index.php\/wp-json\/wp\/v2\/pages\/686\/revisions"}],"predecessor-version":[{"id":7517,"href":"https:\/\/www.gietka.be\/index.php\/wp-json\/wp\/v2\/pages\/686\/revisions\/7517"}],"wp:attachment":[{"href":"https:\/\/www.gietka.be\/index.php\/wp-json\/wp\/v2\/media?parent=686"}],"curies":[{"name":"wp","href":"https:\/\/api.w.org\/{rel}","templated":true}]}}