{"id":6387,"date":"2022-05-23T09:06:39","date_gmt":"2022-05-23T07:06:39","guid":{"rendered":"https:\/\/www.gietka.be\/?page_id=6387"},"modified":"2023-11-25T10:38:32","modified_gmt":"2023-11-25T09:38:32","slug":"bijoux","status":"publish","type":"page","link":"https:\/\/www.gietka.be\/index.php\/bijoux\/","title":{"rendered":"Bijoux"},"content":{"rendered":"\n<p class=\"has-text-align-center\">Artisan certifi\u00e9 depuis le 13 novembre 2023<\/p>\n\n\n\n<p class=\"has-text-align-center\"><strong><em>N\u00b0 d\u2019entreprise : 0601.990.908<\/em><\/strong><\/p>\n\n\n\n<p><\/p>\n\n\n<div class=\"wp-block-image\">\n<figure class=\"aligncenter size-large is-resized\"><img data-recalc-dims=\"1\" loading=\"lazy\" decoding=\"async\" width=\"640\" height=\"640\" data-attachment-id=\"7515\" data-permalink=\"https:\/\/www.gietka.be\/index.php\/acceuil\/122-16-logo-fr\/\" data-orig-file=\"https:\/\/i0.wp.com\/www.gietka.be\/wp-content\/uploads\/2023\/11\/122-16-logo-fr.jpg?fit=1618%2C1618&amp;ssl=1\" data-orig-size=\"1618,1618\" data-comments-opened=\"0\" data-image-meta=\"{&quot;aperture&quot;:&quot;0&quot;,&quot;credit&quot;:&quot;&quot;,&quot;camera&quot;:&quot;&quot;,&quot;caption&quot;:&quot;&quot;,&quot;created_timestamp&quot;:&quot;0&quot;,&quot;copyright&quot;:&quot;&quot;,&quot;focal_length&quot;:&quot;0&quot;,&quot;iso&quot;:&quot;0&quot;,&quot;shutter_speed&quot;:&quot;0&quot;,&quot;title&quot;:&quot;&quot;,&quot;orientation&quot;:&quot;0&quot;}\" data-image-title=\"122-16-logo-fr\" data-image-description=\"\" data-image-caption=\"\" data-medium-file=\"https:\/\/i0.wp.com\/www.gietka.be\/wp-content\/uploads\/2023\/11\/122-16-logo-fr.jpg?fit=300%2C300&amp;ssl=1\" data-large-file=\"https:\/\/i0.wp.com\/www.gietka.be\/wp-content\/uploads\/2023\/11\/122-16-logo-fr.jpg?fit=640%2C640&amp;ssl=1\" src=\"https:\/\/i0.wp.com\/www.gietka.be\/wp-content\/uploads\/2023\/11\/122-16-logo-fr.jpg?resize=640%2C640&#038;ssl=1\" alt=\"\" class=\"wp-image-7515\" style=\"width:260px;height:auto\" srcset=\"https:\/\/i0.wp.com\/www.gietka.be\/wp-content\/uploads\/2023\/11\/122-16-logo-fr.jpg?resize=1024%2C1024&amp;ssl=1 1024w, https:\/\/i0.wp.com\/www.gietka.be\/wp-content\/uploads\/2023\/11\/122-16-logo-fr.jpg?resize=300%2C300&amp;ssl=1 300w, https:\/\/i0.wp.com\/www.gietka.be\/wp-content\/uploads\/2023\/11\/122-16-logo-fr.jpg?resize=150%2C150&amp;ssl=1 150w, https:\/\/i0.wp.com\/www.gietka.be\/wp-content\/uploads\/2023\/11\/122-16-logo-fr.jpg?resize=768%2C768&amp;ssl=1 768w, https:\/\/i0.wp.com\/www.gietka.be\/wp-content\/uploads\/2023\/11\/122-16-logo-fr.jpg?resize=1536%2C1536&amp;ssl=1 1536w, https:\/\/i0.wp.com\/www.gietka.be\/wp-content\/uploads\/2023\/11\/122-16-logo-fr.jpg?resize=1320%2C1320&amp;ssl=1 1320w, https:\/\/i0.wp.com\/www.gietka.be\/wp-content\/uploads\/2023\/11\/122-16-logo-fr.jpg?w=1618&amp;ssl=1 1618w\" sizes=\"auto, (max-width: 640px) 100vw, 640px\" \/><\/figure>\n<\/div>","protected":false},"excerpt":{"rendered":"<p>Artisan certifi\u00e9 depuis le 13 novembre 2023 N\u00b0 d\u2019entreprise : 0601.990.908<\/p>\n","protected":false},"author":2,"featured_media":0,"parent":0,"menu_order":0,"comment_status":"closed","ping_status":"closed","template":"","meta":{"jetpack_post_was_ever_published":false,"footnotes":""},"class_list":["post-6387","page","type-page","status-publish","hentry"],"yoast_head":"<!-- This site is optimized with the Yoast SEO plugin v27.2 - https:\/\/yoast.com\/product\/yoast-seo-wordpress\/ -->\n<title>Bijoux - Jos\u00e9 Gietka, aquarelliste et cr\u00e9ateur de bijoux<\/title>\n<meta name=\"robots\" content=\"index, follow, max-snippet:-1, max-image-preview:large, max-video-preview:-1\" \/>\n<link rel=\"canonical\" href=\"https:\/\/www.gietka.be\/index.php\/bijoux\/\" \/>\n<meta property=\"og:locale\" content=\"fr_FR\" \/>\n<meta property=\"og:type\" content=\"article\" \/>\n<meta property=\"og:title\" content=\"Bijoux - Jos\u00e9 Gietka, aquarelliste et cr\u00e9ateur de bijoux\" \/>\n<meta property=\"og:description\" content=\"Artisan certifi\u00e9 depuis le 13 novembre 2023 N\u00b0 d\u2019entreprise : 0601.990.908\" \/>\n<meta property=\"og:url\" content=\"https:\/\/www.gietka.be\/index.php\/bijoux\/\" \/>\n<meta property=\"og:site_name\" content=\"Jos\u00e9 Gietka, aquarelliste et cr\u00e9ateur de bijoux\" \/>\n<meta property=\"article:modified_time\" content=\"2023-11-25T09:38:32+00:00\" \/>\n<meta property=\"og:image\" content=\"https:\/\/www.gietka.be\/wp-content\/uploads\/2023\/11\/122-16-logo-fr-1024x1024.jpg\" \/>\n<meta name=\"twitter:card\" content=\"summary_large_image\" \/>\n<meta name=\"twitter:label1\" content=\"Dur\u00e9e de lecture estim\u00e9e\" \/>\n\t<meta name=\"twitter:data1\" content=\"1 minute\" \/>\n<script type=\"application\/ld+json\" class=\"yoast-schema-graph\">{\"@context\":\"https:\/\/schema.org\",\"@graph\":[{\"@type\":\"WebPage\",\"@id\":\"https:\/\/www.gietka.be\/index.php\/bijoux\/\",\"url\":\"https:\/\/www.gietka.be\/index.php\/bijoux\/\",\"name\":\"Bijoux - Jos\u00e9 Gietka, aquarelliste et cr\u00e9ateur de bijoux\",\"isPartOf\":{\"@id\":\"https:\/\/www.gietka.be\/#website\"},\"primaryImageOfPage\":{\"@id\":\"https:\/\/www.gietka.be\/index.php\/bijoux\/#primaryimage\"},\"image\":{\"@id\":\"https:\/\/www.gietka.be\/index.php\/bijoux\/#primaryimage\"},\"thumbnailUrl\":\"https:\/\/www.gietka.be\/wp-content\/uploads\/2023\/11\/122-16-logo-fr-1024x1024.jpg\",\"datePublished\":\"2022-05-23T07:06:39+00:00\",\"dateModified\":\"2023-11-25T09:38:32+00:00\",\"breadcrumb\":{\"@id\":\"https:\/\/www.gietka.be\/index.php\/bijoux\/#breadcrumb\"},\"inLanguage\":\"fr-FR\",\"potentialAction\":[{\"@type\":\"ReadAction\",\"target\":[\"https:\/\/www.gietka.be\/index.php\/bijoux\/\"]}]},{\"@type\":\"ImageObject\",\"inLanguage\":\"fr-FR\",\"@id\":\"https:\/\/www.gietka.be\/index.php\/bijoux\/#primaryimage\",\"url\":\"https:\/\/i0.wp.com\/www.gietka.be\/wp-content\/uploads\/2023\/11\/122-16-logo-fr.jpg?fit=1618%2C1618&ssl=1\",\"contentUrl\":\"https:\/\/i0.wp.com\/www.gietka.be\/wp-content\/uploads\/2023\/11\/122-16-logo-fr.jpg?fit=1618%2C1618&ssl=1\",\"width\":1618,\"height\":1618},{\"@type\":\"BreadcrumbList\",\"@id\":\"https:\/\/www.gietka.be\/index.php\/bijoux\/#breadcrumb\",\"itemListElement\":[{\"@type\":\"ListItem\",\"position\":1,\"name\":\"Accueil\",\"item\":\"https:\/\/www.gietka.be\/\"},{\"@type\":\"ListItem\",\"position\":2,\"name\":\"Bijoux\"}]},{\"@type\":\"WebSite\",\"@id\":\"https:\/\/www.gietka.be\/#website\",\"url\":\"https:\/\/www.gietka.be\/\",\"name\":\"Jos\u00e9 Gietka, aquarelliste et cr\u00e9ateur de bijoux\",\"description\":\"L&#039;art de l&#039;aquarelle cr\u00e9ative\",\"potentialAction\":[{\"@type\":\"SearchAction\",\"target\":{\"@type\":\"EntryPoint\",\"urlTemplate\":\"https:\/\/www.gietka.be\/?s={search_term_string}\"},\"query-input\":{\"@type\":\"PropertyValueSpecification\",\"valueRequired\":true,\"valueName\":\"search_term_string\"}}],\"inLanguage\":\"fr-FR\"}]}<\/script>\n<!-- \/ Yoast SEO plugin. -->","yoast_head_json":{"title":"Bijoux - Jos\u00e9 Gietka, aquarelliste et cr\u00e9ateur de bijoux","robots":{"index":"index","follow":"follow","max-snippet":"max-snippet:-1","max-image-preview":"max-image-preview:large","max-video-preview":"max-video-preview:-1"},"canonical":"https:\/\/www.gietka.be\/index.php\/bijoux\/","og_locale":"fr_FR","og_type":"article","og_title":"Bijoux - Jos\u00e9 Gietka, aquarelliste et cr\u00e9ateur de bijoux","og_description":"Artisan certifi\u00e9 depuis le 13 novembre 2023 N\u00b0 d\u2019entreprise : 0601.990.908","og_url":"https:\/\/www.gietka.be\/index.php\/bijoux\/","og_site_name":"Jos\u00e9 Gietka, aquarelliste et cr\u00e9ateur de bijoux","article_modified_time":"2023-11-25T09:38:32+00:00","og_image":[{"url":"https:\/\/www.gietka.be\/wp-content\/uploads\/2023\/11\/122-16-logo-fr-1024x1024.jpg","type":"","width":"","height":""}],"twitter_card":"summary_large_image","twitter_misc":{"Dur\u00e9e de lecture estim\u00e9e":"1 minute"},"schema":{"@context":"https:\/\/schema.org","@graph":[{"@type":"WebPage","@id":"https:\/\/www.gietka.be\/index.php\/bijoux\/","url":"https:\/\/www.gietka.be\/index.php\/bijoux\/","name":"Bijoux - Jos\u00e9 Gietka, aquarelliste et cr\u00e9ateur de bijoux","isPartOf":{"@id":"https:\/\/www.gietka.be\/#website"},"primaryImageOfPage":{"@id":"https:\/\/www.gietka.be\/index.php\/bijoux\/#primaryimage"},"image":{"@id":"https:\/\/www.gietka.be\/index.php\/bijoux\/#primaryimage"},"thumbnailUrl":"https:\/\/www.gietka.be\/wp-content\/uploads\/2023\/11\/122-16-logo-fr-1024x1024.jpg","datePublished":"2022-05-23T07:06:39+00:00","dateModified":"2023-11-25T09:38:32+00:00","breadcrumb":{"@id":"https:\/\/www.gietka.be\/index.php\/bijoux\/#breadcrumb"},"inLanguage":"fr-FR","potentialAction":[{"@type":"ReadAction","target":["https:\/\/www.gietka.be\/index.php\/bijoux\/"]}]},{"@type":"ImageObject","inLanguage":"fr-FR","@id":"https:\/\/www.gietka.be\/index.php\/bijoux\/#primaryimage","url":"https:\/\/i0.wp.com\/www.gietka.be\/wp-content\/uploads\/2023\/11\/122-16-logo-fr.jpg?fit=1618%2C1618&ssl=1","contentUrl":"https:\/\/i0.wp.com\/www.gietka.be\/wp-content\/uploads\/2023\/11\/122-16-logo-fr.jpg?fit=1618%2C1618&ssl=1","width":1618,"height":1618},{"@type":"BreadcrumbList","@id":"https:\/\/www.gietka.be\/index.php\/bijoux\/#breadcrumb","itemListElement":[{"@type":"ListItem","position":1,"name":"Accueil","item":"https:\/\/www.gietka.be\/"},{"@type":"ListItem","position":2,"name":"Bijoux"}]},{"@type":"WebSite","@id":"https:\/\/www.gietka.be\/#website","url":"https:\/\/www.gietka.be\/","name":"Jos\u00e9 Gietka, aquarelliste et cr\u00e9ateur de bijoux","description":"L&#039;art de l&#039;aquarelle cr\u00e9ative","potentialAction":[{"@type":"SearchAction","target":{"@type":"EntryPoint","urlTemplate":"https:\/\/www.gietka.be\/?s={search_term_string}"},"query-input":{"@type":"PropertyValueSpecification","valueRequired":true,"valueName":"search_term_string"}}],"inLanguage":"fr-FR"}]}},"jetpack_sharing_enabled":true,"jetpack_shortlink":"https:\/\/wp.me\/P7ZytP-1F1","_links":{"self":[{"href":"https:\/\/www.gietka.be\/index.php\/wp-json\/wp\/v2\/pages\/6387","targetHints":{"allow":["GET"]}}],"collection":[{"href":"https:\/\/www.gietka.be\/index.php\/wp-json\/wp\/v2\/pages"}],"about":[{"href":"https:\/\/www.gietka.be\/index.php\/wp-json\/wp\/v2\/types\/page"}],"author":[{"embeddable":true,"href":"https:\/\/www.gietka.be\/index.php\/wp-json\/wp\/v2\/users\/2"}],"replies":[{"embeddable":true,"href":"https:\/\/www.gietka.be\/index.php\/wp-json\/wp\/v2\/comments?post=6387"}],"version-history":[{"count":3,"href":"https:\/\/www.gietka.be\/index.php\/wp-json\/wp\/v2\/pages\/6387\/revisions"}],"predecessor-version":[{"id":7520,"href":"https:\/\/www.gietka.be\/index.php\/wp-json\/wp\/v2\/pages\/6387\/revisions\/7520"}],"wp:attachment":[{"href":"https:\/\/www.gietka.be\/index.php\/wp-json\/wp\/v2\/media?parent=6387"}],"curies":[{"name":"wp","href":"https:\/\/api.w.org\/{rel}","templated":true}]}}