{"id":63,"date":"2016-11-07T19:31:51","date_gmt":"2016-11-07T18:31:51","guid":{"rendered":"http:\/\/www.gietka.be\/?page_id=63"},"modified":"2016-11-10T17:18:36","modified_gmt":"2016-11-10T16:18:36","slug":"2012-3","status":"publish","type":"page","link":"https:\/\/www.gietka.be\/index.php\/2012-3\/","title":{"rendered":"2012"},"content":{"rendered":"<p style=\"margin: 0cm; margin-bottom: .0001pt;\"><strong><u><span style=\"font-family: 'Georgia','serif';\">Du 9 novembre au 11 novembre 2012<\/span><\/u><\/strong><span class=\"apple-converted-space\"><span style=\"font-family: 'Georgia','serif';\">\u00a0<\/span><\/span><span style=\"font-family: 'Georgia','serif';\">: Expos\u00e9 par la Soci\u00e9t\u00e9 AAAZ au Salon des antiquaires de Libramont<\/span><\/p>\n<p style=\"margin: 0cm; margin-bottom: .0001pt;\">\n<p style=\"margin: 0cm; margin-bottom: .0001pt;\"><strong><u><span style=\"font-family: 'Georgia','serif';\">Du 12 au 14 octobre 2012<\/span><\/u><\/strong><span class=\"apple-converted-space\"><span style=\"font-family: 'Georgia','serif';\">\u00a0<\/span><\/span><span style=\"font-family: 'Georgia','serif';\">: 57\u00e8me \u00e9dition de Ciney-puces, expos\u00e9 par la Soci\u00e9t\u00e9 AAAZ dans le hall de Ciney-Expo<\/span><\/p>\n<p style=\"margin: 0cm; margin-bottom: .0001pt;\">\n<p style=\"margin: 0cm; margin-bottom: .0001pt;\"><strong><u><span style=\"font-family: 'Georgia','serif';\">Du 8 juin au 17 juin 2012<\/span><\/u><\/strong><span class=\"apple-converted-space\"><span style=\"font-family: 'Georgia','serif';\">\u00a0<\/span><\/span><span style=\"font-family: 'Georgia','serif';\">: Exposition \u00ab\u00a0Contraste\u00a0\u00bb au sein de l&rsquo;exposition \u00ab\u00a0Mos&rsquo;art\u00a0\u00bb\u00e0 Yvoir<\/span><\/p>\n<p style=\"margin: 0cm; margin-bottom: .0001pt;\">\n<p style=\"margin: 0cm; margin-bottom: .0001pt;\"><a href=\"https:\/\/i0.wp.com\/www.gietka.be\/wp-content\/uploads\/2016\/11\/2012-Mosart-expo.jpg?ssl=1\" target=\"_blank\"><img data-recalc-dims=\"1\" loading=\"lazy\" decoding=\"async\" data-attachment-id=\"263\" data-permalink=\"https:\/\/www.gietka.be\/index.php\/2012-3\/olympus-digital-camera-7\/\" data-orig-file=\"https:\/\/i0.wp.com\/www.gietka.be\/wp-content\/uploads\/2016\/11\/2012-Mosart-expo.jpg?fit=1000%2C750&amp;ssl=1\" data-orig-size=\"1000,750\" data-comments-opened=\"1\" data-image-meta=\"{&quot;aperture&quot;:&quot;3.1&quot;,&quot;credit&quot;:&quot;&quot;,&quot;camera&quot;:&quot;u10D,S300D,u300D&quot;,&quot;caption&quot;:&quot;OLYMPUS DIGITAL CAMERA&quot;,&quot;created_timestamp&quot;:&quot;1339180263&quot;,&quot;copyright&quot;:&quot;&quot;,&quot;focal_length&quot;:&quot;5.8&quot;,&quot;iso&quot;:&quot;100&quot;,&quot;shutter_speed&quot;:&quot;0.033333333333333&quot;,&quot;title&quot;:&quot;OLYMPUS DIGITAL CAMERA&quot;,&quot;orientation&quot;:&quot;1&quot;}\" data-image-title=\"2012-Mosart-expo\" data-image-description=\"\" data-image-caption=\"\" data-medium-file=\"https:\/\/i0.wp.com\/www.gietka.be\/wp-content\/uploads\/2016\/11\/2012-Mosart-expo.jpg?fit=300%2C225&amp;ssl=1\" data-large-file=\"https:\/\/i0.wp.com\/www.gietka.be\/wp-content\/uploads\/2016\/11\/2012-Mosart-expo.jpg?fit=640%2C480&amp;ssl=1\" class=\"aligncenter wp-image-263 size-medium\" src=\"https:\/\/i0.wp.com\/www.gietka.be\/wp-content\/uploads\/2016\/11\/2012-Mosart-expo-300x225.jpg?resize=300%2C225&#038;ssl=1\" alt=\"2012-Mosart-expo\" width=\"300\" height=\"225\" srcset=\"https:\/\/i0.wp.com\/www.gietka.be\/wp-content\/uploads\/2016\/11\/2012-Mosart-expo.jpg?resize=300%2C225&amp;ssl=1 300w, https:\/\/i0.wp.com\/www.gietka.be\/wp-content\/uploads\/2016\/11\/2012-Mosart-expo.jpg?resize=768%2C576&amp;ssl=1 768w, https:\/\/i0.wp.com\/www.gietka.be\/wp-content\/uploads\/2016\/11\/2012-Mosart-expo.jpg?w=1000&amp;ssl=1 1000w\" sizes=\"auto, (max-width: 300px) 100vw, 300px\" \/><\/a><\/p>\n<p style=\"margin: 0cm; margin-bottom: .0001pt; text-align: center;\" align=\"center\"><span style=\"font-family: 'Georgia','serif';\">\u00a0<\/span><\/p>\n<p style=\"margin: 0cm; margin-bottom: .0001pt;\"><strong><u><span style=\"font-family: 'Georgia','serif';\">Du 17 mai au 28 mai 2012<\/span><\/u><\/strong><span class=\"apple-converted-space\"><span style=\"font-family: 'Georgia','serif';\">\u00a0<\/span><\/span><span style=\"font-family: 'Georgia','serif';\">: \u00ab\u00a0Les printemps de l&rsquo;Aquarelle\u00a0\u00bb de Libramont<\/span><\/p>\n<p style=\"margin: 0cm; margin-bottom: .0001pt;\">\n<p style=\"margin: 0cm; margin-bottom: .0001pt;\"><a href=\"https:\/\/i0.wp.com\/www.gietka.be\/wp-content\/uploads\/2016\/11\/2012-Libramont-expo.jpg?ssl=1\" target=\"_blank\"><img data-recalc-dims=\"1\" loading=\"lazy\" decoding=\"async\" data-attachment-id=\"264\" data-permalink=\"https:\/\/www.gietka.be\/index.php\/2012-3\/olympus-digital-camera-8\/\" data-orig-file=\"https:\/\/i0.wp.com\/www.gietka.be\/wp-content\/uploads\/2016\/11\/2012-Libramont-expo.jpg?fit=1000%2C750&amp;ssl=1\" data-orig-size=\"1000,750\" data-comments-opened=\"1\" data-image-meta=\"{&quot;aperture&quot;:&quot;3.1&quot;,&quot;credit&quot;:&quot;&quot;,&quot;camera&quot;:&quot;u10D,S300D,u300D&quot;,&quot;caption&quot;:&quot;OLYMPUS DIGITAL CAMERA&quot;,&quot;created_timestamp&quot;:&quot;1336858575&quot;,&quot;copyright&quot;:&quot;&quot;,&quot;focal_length&quot;:&quot;5.8&quot;,&quot;iso&quot;:&quot;100&quot;,&quot;shutter_speed&quot;:&quot;0.033333333333333&quot;,&quot;title&quot;:&quot;OLYMPUS DIGITAL CAMERA&quot;,&quot;orientation&quot;:&quot;1&quot;}\" data-image-title=\"2012-Libramont-expo\" data-image-description=\"\" data-image-caption=\"\" data-medium-file=\"https:\/\/i0.wp.com\/www.gietka.be\/wp-content\/uploads\/2016\/11\/2012-Libramont-expo.jpg?fit=300%2C225&amp;ssl=1\" data-large-file=\"https:\/\/i0.wp.com\/www.gietka.be\/wp-content\/uploads\/2016\/11\/2012-Libramont-expo.jpg?fit=640%2C480&amp;ssl=1\" class=\"aligncenter wp-image-264 size-medium\" src=\"https:\/\/i0.wp.com\/www.gietka.be\/wp-content\/uploads\/2016\/11\/2012-Libramont-expo-300x225.jpg?resize=300%2C225&#038;ssl=1\" alt=\"2012-Libramont-expo\" width=\"300\" height=\"225\" srcset=\"https:\/\/i0.wp.com\/www.gietka.be\/wp-content\/uploads\/2016\/11\/2012-Libramont-expo.jpg?resize=300%2C225&amp;ssl=1 300w, https:\/\/i0.wp.com\/www.gietka.be\/wp-content\/uploads\/2016\/11\/2012-Libramont-expo.jpg?resize=768%2C576&amp;ssl=1 768w, https:\/\/i0.wp.com\/www.gietka.be\/wp-content\/uploads\/2016\/11\/2012-Libramont-expo.jpg?w=1000&amp;ssl=1 1000w\" sizes=\"auto, (max-width: 300px) 100vw, 300px\" \/><\/a><\/p>\n<p style=\"margin: 0cm; margin-bottom: .0001pt; text-align: center;\" align=\"center\"><span style=\"font-family: 'Georgia','serif';\">\u00a0<\/span><\/p>\n<p style=\"margin: 0cm; margin-bottom: .0001pt;\"><strong><u><span style=\"font-family: 'Georgia','serif';\">Du 6 avril au 9 avril 2012<\/span><\/u><\/strong><span class=\"apple-converted-space\"><span style=\"font-family: 'Georgia','serif';\">\u00a0<\/span><\/span><span style=\"font-family: 'Georgia','serif';\">: 56\u00e8me \u00e9dition de Ciney-puces, expos\u00e9 par la Soci\u00e9t\u00e9 AAAZ dans le hall de Ciney-Expo<\/span><\/p>\n<p style=\"margin: 0cm; margin-bottom: .0001pt;\">\n<p style=\"margin: 0cm; margin-bottom: .0001pt;\"><strong><u><span style=\"font-family: 'Georgia','serif';\">Du 8 avril au 30 avril 2012<\/span><\/u><\/strong><span class=\"apple-converted-space\"><span style=\"font-family: 'Georgia','serif';\">\u00a0<\/span><\/span><span style=\"font-family: 'Georgia','serif';\">: Exposition en l&rsquo;atelier de parfumerie Guy Delforge \u00e0 Namur<\/span><\/p>\n<p style=\"margin: 0cm; margin-bottom: .0001pt;\">\n<p style=\"margin: 0cm; margin-bottom: .0001pt;\"><a href=\"https:\/\/i0.wp.com\/www.gietka.be\/wp-content\/uploads\/2016\/11\/2012-Guy-Delforge-expo.jpg?ssl=1\" target=\"_blank\"><img data-recalc-dims=\"1\" loading=\"lazy\" decoding=\"async\" data-attachment-id=\"265\" data-permalink=\"https:\/\/www.gietka.be\/index.php\/2012-3\/olympus-digital-camera-9\/\" data-orig-file=\"https:\/\/i0.wp.com\/www.gietka.be\/wp-content\/uploads\/2016\/11\/2012-Guy-Delforge-expo.jpg?fit=1000%2C750&amp;ssl=1\" data-orig-size=\"1000,750\" data-comments-opened=\"1\" data-image-meta=\"{&quot;aperture&quot;:&quot;3.6&quot;,&quot;credit&quot;:&quot;&quot;,&quot;camera&quot;:&quot;u10D,S300D,u300D&quot;,&quot;caption&quot;:&quot;OLYMPUS DIGITAL CAMERA&quot;,&quot;created_timestamp&quot;:&quot;1333384576&quot;,&quot;copyright&quot;:&quot;&quot;,&quot;focal_length&quot;:&quot;7.28&quot;,&quot;iso&quot;:&quot;80&quot;,&quot;shutter_speed&quot;:&quot;0.025&quot;,&quot;title&quot;:&quot;OLYMPUS DIGITAL CAMERA&quot;,&quot;orientation&quot;:&quot;1&quot;}\" data-image-title=\"2012-Guy-Delforge-expo\" data-image-description=\"\" data-image-caption=\"\" data-medium-file=\"https:\/\/i0.wp.com\/www.gietka.be\/wp-content\/uploads\/2016\/11\/2012-Guy-Delforge-expo.jpg?fit=300%2C225&amp;ssl=1\" data-large-file=\"https:\/\/i0.wp.com\/www.gietka.be\/wp-content\/uploads\/2016\/11\/2012-Guy-Delforge-expo.jpg?fit=640%2C480&amp;ssl=1\" class=\"aligncenter wp-image-265 size-medium\" src=\"https:\/\/i0.wp.com\/www.gietka.be\/wp-content\/uploads\/2016\/11\/2012-Guy-Delforge-expo-300x225.jpg?resize=300%2C225&#038;ssl=1\" alt=\"2012-Guy-Delforge-expo\" width=\"300\" height=\"225\" srcset=\"https:\/\/i0.wp.com\/www.gietka.be\/wp-content\/uploads\/2016\/11\/2012-Guy-Delforge-expo.jpg?resize=300%2C225&amp;ssl=1 300w, https:\/\/i0.wp.com\/www.gietka.be\/wp-content\/uploads\/2016\/11\/2012-Guy-Delforge-expo.jpg?resize=768%2C576&amp;ssl=1 768w, https:\/\/i0.wp.com\/www.gietka.be\/wp-content\/uploads\/2016\/11\/2012-Guy-Delforge-expo.jpg?w=1000&amp;ssl=1 1000w\" sizes=\"auto, (max-width: 300px) 100vw, 300px\" \/><\/a><\/p>\n<p style=\"margin: 0cm; margin-bottom: .0001pt; text-align: center;\" align=\"center\"><span style=\"font-family: 'Georgia','serif';\">\u00a0<\/span><\/p>\n<p style=\"margin: 0cm; margin-bottom: .0001pt;\"><strong><u><span style=\"font-family: 'Georgia','serif';\">Du 18 mars au 1 avril 2012<\/span><\/u><\/strong><span class=\"apple-converted-space\"><span style=\"font-family: 'Georgia','serif';\">\u00a0<\/span><\/span><span style=\"font-family: 'Georgia','serif';\">: \u00ab\u00a0Salon d&rsquo;aquarelles Y.S.A.Fr\u00e9cinaux\u00a0\u00bb au centre Culturel de Rossignol-Tintigny<\/span><\/p>\n<p style=\"margin: 0cm; margin-bottom: .0001pt;\">\n<p style=\"margin: 0cm; margin-bottom: .0001pt;\"><a href=\"https:\/\/i0.wp.com\/www.gietka.be\/wp-content\/uploads\/2016\/11\/2012-Tintigny-expo.jpg?ssl=1\" target=\"_blank\"><img data-recalc-dims=\"1\" loading=\"lazy\" decoding=\"async\" data-attachment-id=\"266\" data-permalink=\"https:\/\/www.gietka.be\/index.php\/2012-3\/olympus-digital-camera-10\/\" data-orig-file=\"https:\/\/i0.wp.com\/www.gietka.be\/wp-content\/uploads\/2016\/11\/2012-Tintigny-expo.jpg?fit=1000%2C750&amp;ssl=1\" data-orig-size=\"1000,750\" data-comments-opened=\"1\" data-image-meta=\"{&quot;aperture&quot;:&quot;3.1&quot;,&quot;credit&quot;:&quot;&quot;,&quot;camera&quot;:&quot;u10D,S300D,u300D&quot;,&quot;caption&quot;:&quot;OLYMPUS DIGITAL CAMERA&quot;,&quot;created_timestamp&quot;:&quot;1331596641&quot;,&quot;copyright&quot;:&quot;&quot;,&quot;focal_length&quot;:&quot;5.8&quot;,&quot;iso&quot;:&quot;80&quot;,&quot;shutter_speed&quot;:&quot;0.033333333333333&quot;,&quot;title&quot;:&quot;OLYMPUS DIGITAL CAMERA&quot;,&quot;orientation&quot;:&quot;1&quot;}\" data-image-title=\"2012-Tintigny-expo\" data-image-description=\"\" data-image-caption=\"\" data-medium-file=\"https:\/\/i0.wp.com\/www.gietka.be\/wp-content\/uploads\/2016\/11\/2012-Tintigny-expo.jpg?fit=300%2C225&amp;ssl=1\" data-large-file=\"https:\/\/i0.wp.com\/www.gietka.be\/wp-content\/uploads\/2016\/11\/2012-Tintigny-expo.jpg?fit=640%2C480&amp;ssl=1\" class=\"aligncenter wp-image-266 size-medium\" src=\"https:\/\/i0.wp.com\/www.gietka.be\/wp-content\/uploads\/2016\/11\/2012-Tintigny-expo-300x225.jpg?resize=300%2C225&#038;ssl=1\" alt=\"2012-Tintigny-expo\" width=\"300\" height=\"225\" srcset=\"https:\/\/i0.wp.com\/www.gietka.be\/wp-content\/uploads\/2016\/11\/2012-Tintigny-expo.jpg?resize=300%2C225&amp;ssl=1 300w, https:\/\/i0.wp.com\/www.gietka.be\/wp-content\/uploads\/2016\/11\/2012-Tintigny-expo.jpg?resize=768%2C576&amp;ssl=1 768w, https:\/\/i0.wp.com\/www.gietka.be\/wp-content\/uploads\/2016\/11\/2012-Tintigny-expo.jpg?w=1000&amp;ssl=1 1000w\" sizes=\"auto, (max-width: 300px) 100vw, 300px\" \/><\/a><\/p>\n","protected":false},"excerpt":{"rendered":"<p>Du 9 novembre au 11 novembre 2012\u00a0: Expos\u00e9 par la Soci\u00e9t\u00e9 AAAZ au Salon des antiquaires de Libramont Du 12 au 14 octobre 2012\u00a0: 57\u00e8me \u00e9dition de Ciney-puces, expos\u00e9 par la Soci\u00e9t\u00e9 AAAZ dans le hall de Ciney-Expo Du 8 &hellip; <a href=\"https:\/\/www.gietka.be\/index.php\/2012-3\/\">Continuer la lecture <span class=\"meta-nav\">&rarr;<\/span><\/a><\/p>\n","protected":false},"author":2,"featured_media":0,"parent":0,"menu_order":0,"comment_status":"closed","ping_status":"closed","template":"","meta":{"jetpack_post_was_ever_published":false,"footnotes":""},"class_list":["post-63","page","type-page","status-publish","hentry"],"yoast_head":"<!-- This site is optimized with the Yoast SEO plugin v27.2 - https:\/\/yoast.com\/product\/yoast-seo-wordpress\/ -->\n<title>2012 - Jos\u00e9 Gietka, aquarelliste et cr\u00e9ateur de bijoux<\/title>\n<meta name=\"robots\" content=\"index, follow, max-snippet:-1, max-image-preview:large, max-video-preview:-1\" \/>\n<link rel=\"canonical\" href=\"https:\/\/www.gietka.be\/index.php\/2012-3\/\" \/>\n<meta property=\"og:locale\" content=\"fr_FR\" \/>\n<meta property=\"og:type\" content=\"article\" \/>\n<meta property=\"og:title\" content=\"2012 - Jos\u00e9 Gietka, aquarelliste et cr\u00e9ateur de bijoux\" \/>\n<meta property=\"og:description\" content=\"Du 9 novembre au 11 novembre 2012\u00a0: Expos\u00e9 par la Soci\u00e9t\u00e9 AAAZ au Salon des antiquaires de Libramont Du 12 au 14 octobre 2012\u00a0: 57\u00e8me \u00e9dition de Ciney-puces, expos\u00e9 par la Soci\u00e9t\u00e9 AAAZ dans le hall de Ciney-Expo Du 8 &hellip; Continuer la lecture &rarr;\" \/>\n<meta property=\"og:url\" content=\"https:\/\/www.gietka.be\/index.php\/2012-3\/\" \/>\n<meta property=\"og:site_name\" content=\"Jos\u00e9 Gietka, aquarelliste et cr\u00e9ateur de bijoux\" \/>\n<meta property=\"article:modified_time\" content=\"2016-11-10T16:18:36+00:00\" \/>\n<meta property=\"og:image\" content=\"http:\/\/www.gietka.be\/wp-content\/uploads\/2016\/11\/2012-Mosart-expo-300x225.jpg\" \/>\n<meta name=\"twitter:card\" content=\"summary_large_image\" \/>\n<meta name=\"twitter:label1\" content=\"Dur\u00e9e de lecture estim\u00e9e\" \/>\n\t<meta name=\"twitter:data1\" content=\"1 minute\" \/>\n<script type=\"application\/ld+json\" class=\"yoast-schema-graph\">{\"@context\":\"https:\/\/schema.org\",\"@graph\":[{\"@type\":\"WebPage\",\"@id\":\"https:\/\/www.gietka.be\/index.php\/2012-3\/\",\"url\":\"https:\/\/www.gietka.be\/index.php\/2012-3\/\",\"name\":\"2012 - Jos\u00e9 Gietka, aquarelliste et cr\u00e9ateur de bijoux\",\"isPartOf\":{\"@id\":\"https:\/\/www.gietka.be\/#website\"},\"primaryImageOfPage\":{\"@id\":\"https:\/\/www.gietka.be\/index.php\/2012-3\/#primaryimage\"},\"image\":{\"@id\":\"https:\/\/www.gietka.be\/index.php\/2012-3\/#primaryimage\"},\"thumbnailUrl\":\"http:\/\/www.gietka.be\/wp-content\/uploads\/2016\/11\/2012-Mosart-expo-300x225.jpg\",\"datePublished\":\"2016-11-07T18:31:51+00:00\",\"dateModified\":\"2016-11-10T16:18:36+00:00\",\"breadcrumb\":{\"@id\":\"https:\/\/www.gietka.be\/index.php\/2012-3\/#breadcrumb\"},\"inLanguage\":\"fr-FR\",\"potentialAction\":[{\"@type\":\"ReadAction\",\"target\":[\"https:\/\/www.gietka.be\/index.php\/2012-3\/\"]}]},{\"@type\":\"ImageObject\",\"inLanguage\":\"fr-FR\",\"@id\":\"https:\/\/www.gietka.be\/index.php\/2012-3\/#primaryimage\",\"url\":\"http:\/\/www.gietka.be\/wp-content\/uploads\/2016\/11\/2012-Mosart-expo-300x225.jpg\",\"contentUrl\":\"http:\/\/www.gietka.be\/wp-content\/uploads\/2016\/11\/2012-Mosart-expo-300x225.jpg\"},{\"@type\":\"BreadcrumbList\",\"@id\":\"https:\/\/www.gietka.be\/index.php\/2012-3\/#breadcrumb\",\"itemListElement\":[{\"@type\":\"ListItem\",\"position\":1,\"name\":\"Accueil\",\"item\":\"https:\/\/www.gietka.be\/\"},{\"@type\":\"ListItem\",\"position\":2,\"name\":\"2012\"}]},{\"@type\":\"WebSite\",\"@id\":\"https:\/\/www.gietka.be\/#website\",\"url\":\"https:\/\/www.gietka.be\/\",\"name\":\"Jos\u00e9 Gietka, aquarelliste et cr\u00e9ateur de bijoux\",\"description\":\"L&#039;art de l&#039;aquarelle cr\u00e9ative\",\"potentialAction\":[{\"@type\":\"SearchAction\",\"target\":{\"@type\":\"EntryPoint\",\"urlTemplate\":\"https:\/\/www.gietka.be\/?s={search_term_string}\"},\"query-input\":{\"@type\":\"PropertyValueSpecification\",\"valueRequired\":true,\"valueName\":\"search_term_string\"}}],\"inLanguage\":\"fr-FR\"}]}<\/script>\n<!-- \/ Yoast SEO plugin. -->","yoast_head_json":{"title":"2012 - Jos\u00e9 Gietka, aquarelliste et cr\u00e9ateur de bijoux","robots":{"index":"index","follow":"follow","max-snippet":"max-snippet:-1","max-image-preview":"max-image-preview:large","max-video-preview":"max-video-preview:-1"},"canonical":"https:\/\/www.gietka.be\/index.php\/2012-3\/","og_locale":"fr_FR","og_type":"article","og_title":"2012 - Jos\u00e9 Gietka, aquarelliste et cr\u00e9ateur de bijoux","og_description":"Du 9 novembre au 11 novembre 2012\u00a0: Expos\u00e9 par la Soci\u00e9t\u00e9 AAAZ au Salon des antiquaires de Libramont Du 12 au 14 octobre 2012\u00a0: 57\u00e8me \u00e9dition de Ciney-puces, expos\u00e9 par la Soci\u00e9t\u00e9 AAAZ dans le hall de Ciney-Expo Du 8 &hellip; Continuer la lecture &rarr;","og_url":"https:\/\/www.gietka.be\/index.php\/2012-3\/","og_site_name":"Jos\u00e9 Gietka, aquarelliste et cr\u00e9ateur de bijoux","article_modified_time":"2016-11-10T16:18:36+00:00","og_image":[{"url":"http:\/\/www.gietka.be\/wp-content\/uploads\/2016\/11\/2012-Mosart-expo-300x225.jpg","type":"","width":"","height":""}],"twitter_card":"summary_large_image","twitter_misc":{"Dur\u00e9e de lecture estim\u00e9e":"1 minute"},"schema":{"@context":"https:\/\/schema.org","@graph":[{"@type":"WebPage","@id":"https:\/\/www.gietka.be\/index.php\/2012-3\/","url":"https:\/\/www.gietka.be\/index.php\/2012-3\/","name":"2012 - Jos\u00e9 Gietka, aquarelliste et cr\u00e9ateur de bijoux","isPartOf":{"@id":"https:\/\/www.gietka.be\/#website"},"primaryImageOfPage":{"@id":"https:\/\/www.gietka.be\/index.php\/2012-3\/#primaryimage"},"image":{"@id":"https:\/\/www.gietka.be\/index.php\/2012-3\/#primaryimage"},"thumbnailUrl":"http:\/\/www.gietka.be\/wp-content\/uploads\/2016\/11\/2012-Mosart-expo-300x225.jpg","datePublished":"2016-11-07T18:31:51+00:00","dateModified":"2016-11-10T16:18:36+00:00","breadcrumb":{"@id":"https:\/\/www.gietka.be\/index.php\/2012-3\/#breadcrumb"},"inLanguage":"fr-FR","potentialAction":[{"@type":"ReadAction","target":["https:\/\/www.gietka.be\/index.php\/2012-3\/"]}]},{"@type":"ImageObject","inLanguage":"fr-FR","@id":"https:\/\/www.gietka.be\/index.php\/2012-3\/#primaryimage","url":"http:\/\/www.gietka.be\/wp-content\/uploads\/2016\/11\/2012-Mosart-expo-300x225.jpg","contentUrl":"http:\/\/www.gietka.be\/wp-content\/uploads\/2016\/11\/2012-Mosart-expo-300x225.jpg"},{"@type":"BreadcrumbList","@id":"https:\/\/www.gietka.be\/index.php\/2012-3\/#breadcrumb","itemListElement":[{"@type":"ListItem","position":1,"name":"Accueil","item":"https:\/\/www.gietka.be\/"},{"@type":"ListItem","position":2,"name":"2012"}]},{"@type":"WebSite","@id":"https:\/\/www.gietka.be\/#website","url":"https:\/\/www.gietka.be\/","name":"Jos\u00e9 Gietka, aquarelliste et cr\u00e9ateur de bijoux","description":"L&#039;art de l&#039;aquarelle cr\u00e9ative","potentialAction":[{"@type":"SearchAction","target":{"@type":"EntryPoint","urlTemplate":"https:\/\/www.gietka.be\/?s={search_term_string}"},"query-input":{"@type":"PropertyValueSpecification","valueRequired":true,"valueName":"search_term_string"}}],"inLanguage":"fr-FR"}]}},"jetpack_sharing_enabled":true,"jetpack_shortlink":"https:\/\/wp.me\/P7ZytP-11","_links":{"self":[{"href":"https:\/\/www.gietka.be\/index.php\/wp-json\/wp\/v2\/pages\/63","targetHints":{"allow":["GET"]}}],"collection":[{"href":"https:\/\/www.gietka.be\/index.php\/wp-json\/wp\/v2\/pages"}],"about":[{"href":"https:\/\/www.gietka.be\/index.php\/wp-json\/wp\/v2\/types\/page"}],"author":[{"embeddable":true,"href":"https:\/\/www.gietka.be\/index.php\/wp-json\/wp\/v2\/users\/2"}],"replies":[{"embeddable":true,"href":"https:\/\/www.gietka.be\/index.php\/wp-json\/wp\/v2\/comments?post=63"}],"version-history":[{"count":5,"href":"https:\/\/www.gietka.be\/index.php\/wp-json\/wp\/v2\/pages\/63\/revisions"}],"predecessor-version":[{"id":267,"href":"https:\/\/www.gietka.be\/index.php\/wp-json\/wp\/v2\/pages\/63\/revisions\/267"}],"wp:attachment":[{"href":"https:\/\/www.gietka.be\/index.php\/wp-json\/wp\/v2\/media?parent=63"}],"curies":[{"name":"wp","href":"https:\/\/api.w.org\/{rel}","templated":true}]}}