{"id":5604,"date":"2021-12-13T10:12:50","date_gmt":"2021-12-13T09:12:50","guid":{"rendered":"https:\/\/www.gietka.be\/?page_id=5604"},"modified":"2021-12-13T11:57:16","modified_gmt":"2021-12-13T10:57:16","slug":"2021-3","status":"publish","type":"page","link":"https:\/\/www.gietka.be\/index.php\/2021-3\/","title":{"rendered":"2021"},"content":{"rendered":"\n<p><\/p>\n\n\n\n<p><strong>Novembre 2021<\/strong> : <\/p>\n\n\n\n<p>En plus de son 1er prix partag\u00e9 (le jury n&rsquo;ayant pas su trancher), Jos\u00e9 Gietka a re\u00e7u le prix de la commune de Tintigny, son aquarelle \u00ab\u00a0Libert\u00e9 fleurie\u00a0\u00bb a \u00e9t\u00e9 choisie pour les cartons d&rsquo;invitation et son aquarelle \u00ab\u00a0Bouleversement\u00a0\u00bb acquise par Mme Fr\u00e9cinaux, pr\u00e9sidente de l&rsquo;ASBL<\/p>\n\n\n\n<div class=\"wp-block-jetpack-tiled-gallery aligncenter is-style-rectangular\"><div class=\"tiled-gallery__gallery\"><div class=\"tiled-gallery__row\"><div class=\"tiled-gallery__col\" style=\"flex-basis:67.68692%\"><figure class=\"tiled-gallery__item\"><img decoding=\"async\" data-attachment-id=\"5624\" data-permalink=\"https:\/\/www.gietka.be\/index.php\/2021-3\/img_20211114_0001-2-1\/\" data-orig-file=\"https:\/\/i0.wp.com\/www.gietka.be\/wp-content\/uploads\/2021\/12\/IMG_20211114_0001-2-1-scaled.jpg?fit=2560%2C1801&amp;ssl=1\" data-orig-size=\"2560,1801\" data-comments-opened=\"0\" data-image-meta=\"{&quot;aperture&quot;:&quot;0&quot;,&quot;credit&quot;:&quot;&quot;,&quot;camera&quot;:&quot;Canon TS6000 series Network&quot;,&quot;caption&quot;:&quot;&quot;,&quot;created_timestamp&quot;:&quot;1636906902&quot;,&quot;copyright&quot;:&quot;&quot;,&quot;focal_length&quot;:&quot;0&quot;,&quot;iso&quot;:&quot;0&quot;,&quot;shutter_speed&quot;:&quot;0&quot;,&quot;title&quot;:&quot;&quot;,&quot;orientation&quot;:&quot;1&quot;}\" data-image-title=\"IMG_20211114_0001-2-1\" data-image-description=\"\" data-image-caption=\"\" data-medium-file=\"https:\/\/i0.wp.com\/www.gietka.be\/wp-content\/uploads\/2021\/12\/IMG_20211114_0001-2-1-scaled.jpg?fit=300%2C211&amp;ssl=1\" data-large-file=\"https:\/\/i0.wp.com\/www.gietka.be\/wp-content\/uploads\/2021\/12\/IMG_20211114_0001-2-1-scaled.jpg?fit=640%2C451&amp;ssl=1\" data-attachment-id=\"5624\" data-permalink=\"https:\/\/www.gietka.be\/index.php\/2021-3\/img_20211114_0001-2-1\/\" data-orig-file=\"https:\/\/i0.wp.com\/www.gietka.be\/wp-content\/uploads\/2021\/12\/IMG_20211114_0001-2-1-scaled.jpg?fit=2560%2C1801&amp;ssl=1\" data-orig-size=\"2560,1801\" data-comments-opened=\"0\" data-image-meta=\"{&quot;aperture&quot;:&quot;0&quot;,&quot;credit&quot;:&quot;&quot;,&quot;camera&quot;:&quot;Canon TS6000 series Network&quot;,&quot;caption&quot;:&quot;&quot;,&quot;created_timestamp&quot;:&quot;1636906902&quot;,&quot;copyright&quot;:&quot;&quot;,&quot;focal_length&quot;:&quot;0&quot;,&quot;iso&quot;:&quot;0&quot;,&quot;shutter_speed&quot;:&quot;0&quot;,&quot;title&quot;:&quot;&quot;,&quot;orientation&quot;:&quot;1&quot;}\" data-image-title=\"IMG_20211114_0001-2-1\" data-image-description=\"\" data-image-caption=\"\" data-medium-file=\"https:\/\/i0.wp.com\/www.gietka.be\/wp-content\/uploads\/2021\/12\/IMG_20211114_0001-2-1-scaled.jpg?fit=300%2C211&amp;ssl=1\" data-large-file=\"https:\/\/i0.wp.com\/www.gietka.be\/wp-content\/uploads\/2021\/12\/IMG_20211114_0001-2-1-scaled.jpg?fit=640%2C451&amp;ssl=1\" role=\"button\" tabindex=\"0\" aria-label=\"Ouvrir l\u2019image 1 sur 3 en plein \u00e9cran\"srcset=\"https:\/\/i2.wp.com\/www.gietka.be\/wp-content\/uploads\/2021\/12\/IMG_20211114_0001-2-1-1024x721.jpg?strip=info&#038;w=600 600w,https:\/\/i2.wp.com\/www.gietka.be\/wp-content\/uploads\/2021\/12\/IMG_20211114_0001-2-1-1024x721.jpg?strip=info&#038;w=900 900w,https:\/\/i2.wp.com\/www.gietka.be\/wp-content\/uploads\/2021\/12\/IMG_20211114_0001-2-1-1024x721.jpg?strip=info&#038;w=1200 1200w,https:\/\/i2.wp.com\/www.gietka.be\/wp-content\/uploads\/2021\/12\/IMG_20211114_0001-2-1-1024x721.jpg?strip=info&#038;w=1500 1500w,https:\/\/i2.wp.com\/www.gietka.be\/wp-content\/uploads\/2021\/12\/IMG_20211114_0001-2-1-1024x721.jpg?strip=info&#038;w=1800 1800w,https:\/\/i2.wp.com\/www.gietka.be\/wp-content\/uploads\/2021\/12\/IMG_20211114_0001-2-1-1024x721.jpg?strip=info&#038;w=2000 2000w\" alt=\"\" data-height=\"1801\" data-id=\"5624\" data-link=\"https:\/\/www.gietka.be\/index.php\/2021-3\/img_20211114_0001-2-1\/\" data-url=\"https:\/\/www.gietka.be\/wp-content\/uploads\/2021\/12\/IMG_20211114_0001-2-1-1024x721.jpg\" data-width=\"2560\" src=\"https:\/\/i2.wp.com\/www.gietka.be\/wp-content\/uploads\/2021\/12\/IMG_20211114_0001-2-1-1024x721.jpg\" data-amp-layout=\"responsive\"\/><\/figure><\/div><div class=\"tiled-gallery__col\" style=\"flex-basis:32.31308%\"><figure class=\"tiled-gallery__item\"><img decoding=\"async\" data-attachment-id=\"5622\" data-permalink=\"https:\/\/www.gietka.be\/index.php\/2021-3\/bouleversement-27x37\/\" data-orig-file=\"https:\/\/i0.wp.com\/www.gietka.be\/wp-content\/uploads\/2021\/12\/BOULEVERSEMENT-27x37-1.jpg?fit=1687%2C1242&amp;ssl=1\" data-orig-size=\"1687,1242\" data-comments-opened=\"0\" data-image-meta=\"{&quot;aperture&quot;:&quot;0&quot;,&quot;credit&quot;:&quot;&quot;,&quot;camera&quot;:&quot;&quot;,&quot;caption&quot;:&quot;&quot;,&quot;created_timestamp&quot;:&quot;1471792930&quot;,&quot;copyright&quot;:&quot;&quot;,&quot;focal_length&quot;:&quot;0&quot;,&quot;iso&quot;:&quot;0&quot;,&quot;shutter_speed&quot;:&quot;0&quot;,&quot;title&quot;:&quot;&quot;,&quot;orientation&quot;:&quot;1&quot;}\" data-image-title=\"BOULEVERSEMENT (27&amp;#215;37)\" data-image-description=\"\" data-image-caption=\"\" data-medium-file=\"https:\/\/i0.wp.com\/www.gietka.be\/wp-content\/uploads\/2021\/12\/BOULEVERSEMENT-27x37-1.jpg?fit=300%2C221&amp;ssl=1\" data-large-file=\"https:\/\/i0.wp.com\/www.gietka.be\/wp-content\/uploads\/2021\/12\/BOULEVERSEMENT-27x37-1.jpg?fit=640%2C471&amp;ssl=1\" data-attachment-id=\"5622\" data-permalink=\"https:\/\/www.gietka.be\/index.php\/2021-3\/bouleversement-27x37\/\" data-orig-file=\"https:\/\/i0.wp.com\/www.gietka.be\/wp-content\/uploads\/2021\/12\/BOULEVERSEMENT-27x37-1.jpg?fit=1687%2C1242&amp;ssl=1\" data-orig-size=\"1687,1242\" data-comments-opened=\"0\" data-image-meta=\"{&quot;aperture&quot;:&quot;0&quot;,&quot;credit&quot;:&quot;&quot;,&quot;camera&quot;:&quot;&quot;,&quot;caption&quot;:&quot;&quot;,&quot;created_timestamp&quot;:&quot;1471792930&quot;,&quot;copyright&quot;:&quot;&quot;,&quot;focal_length&quot;:&quot;0&quot;,&quot;iso&quot;:&quot;0&quot;,&quot;shutter_speed&quot;:&quot;0&quot;,&quot;title&quot;:&quot;&quot;,&quot;orientation&quot;:&quot;1&quot;}\" data-image-title=\"BOULEVERSEMENT (27&amp;#215;37)\" data-image-description=\"\" data-image-caption=\"\" data-medium-file=\"https:\/\/i0.wp.com\/www.gietka.be\/wp-content\/uploads\/2021\/12\/BOULEVERSEMENT-27x37-1.jpg?fit=300%2C221&amp;ssl=1\" data-large-file=\"https:\/\/i0.wp.com\/www.gietka.be\/wp-content\/uploads\/2021\/12\/BOULEVERSEMENT-27x37-1.jpg?fit=640%2C471&amp;ssl=1\" role=\"button\" tabindex=\"0\" aria-label=\"Ouvrir l\u2019image 2 sur 3 en plein \u00e9cran\"srcset=\"https:\/\/i2.wp.com\/www.gietka.be\/wp-content\/uploads\/2021\/12\/BOULEVERSEMENT-27x37-1-1024x754.jpg?strip=info&#038;w=600 600w,https:\/\/i2.wp.com\/www.gietka.be\/wp-content\/uploads\/2021\/12\/BOULEVERSEMENT-27x37-1-1024x754.jpg?strip=info&#038;w=900 900w,https:\/\/i2.wp.com\/www.gietka.be\/wp-content\/uploads\/2021\/12\/BOULEVERSEMENT-27x37-1-1024x754.jpg?strip=info&#038;w=1200 1200w,https:\/\/i2.wp.com\/www.gietka.be\/wp-content\/uploads\/2021\/12\/BOULEVERSEMENT-27x37-1-1024x754.jpg?strip=info&#038;w=1500 1500w,https:\/\/i2.wp.com\/www.gietka.be\/wp-content\/uploads\/2021\/12\/BOULEVERSEMENT-27x37-1-1024x754.jpg?strip=info&#038;w=1687 1687w\" alt=\"\" data-height=\"1242\" data-id=\"5622\" data-link=\"https:\/\/www.gietka.be\/index.php\/2021-3\/bouleversement-27x37\/\" data-url=\"https:\/\/www.gietka.be\/wp-content\/uploads\/2021\/12\/BOULEVERSEMENT-27x37-1-1024x754.jpg\" data-width=\"1687\" src=\"https:\/\/i2.wp.com\/www.gietka.be\/wp-content\/uploads\/2021\/12\/BOULEVERSEMENT-27x37-1-1024x754.jpg\" data-amp-layout=\"responsive\"\/><\/figure><figure class=\"tiled-gallery__item\"><img decoding=\"async\" data-attachment-id=\"5620\" data-permalink=\"https:\/\/www.gietka.be\/index.php\/2021-3\/rossignol-tintigny-1-2\/\" data-orig-file=\"https:\/\/i0.wp.com\/www.gietka.be\/wp-content\/uploads\/2021\/12\/Rossignol-Tintigny-1-scaled-e1659970201202.jpg?fit=900%2C656&amp;ssl=1\" data-orig-size=\"900,656\" data-comments-opened=\"0\" data-image-meta=\"{&quot;aperture&quot;:&quot;0&quot;,&quot;credit&quot;:&quot;&quot;,&quot;camera&quot;:&quot;Canon TS6000 series Network&quot;,&quot;caption&quot;:&quot;&quot;,&quot;created_timestamp&quot;:&quot;1634749553&quot;,&quot;copyright&quot;:&quot;&quot;,&quot;focal_length&quot;:&quot;0&quot;,&quot;iso&quot;:&quot;0&quot;,&quot;shutter_speed&quot;:&quot;0&quot;,&quot;title&quot;:&quot;&quot;,&quot;orientation&quot;:&quot;1&quot;}\" data-image-title=\"Rossignol-Tintigny 1\" data-image-description=\"\" data-image-caption=\"\" data-medium-file=\"https:\/\/i0.wp.com\/www.gietka.be\/wp-content\/uploads\/2021\/12\/Rossignol-Tintigny-1-scaled-e1659970201202.jpg?fit=300%2C219&amp;ssl=1\" data-large-file=\"https:\/\/i0.wp.com\/www.gietka.be\/wp-content\/uploads\/2021\/12\/Rossignol-Tintigny-1-scaled-e1659970201202.jpg?fit=640%2C466&amp;ssl=1\" data-attachment-id=\"5620\" data-permalink=\"https:\/\/www.gietka.be\/index.php\/2021-3\/rossignol-tintigny-1-2\/\" data-orig-file=\"https:\/\/i0.wp.com\/www.gietka.be\/wp-content\/uploads\/2021\/12\/Rossignol-Tintigny-1-scaled-e1659970201202.jpg?fit=900%2C656&amp;ssl=1\" data-orig-size=\"900,656\" data-comments-opened=\"0\" data-image-meta=\"{&quot;aperture&quot;:&quot;0&quot;,&quot;credit&quot;:&quot;&quot;,&quot;camera&quot;:&quot;Canon TS6000 series Network&quot;,&quot;caption&quot;:&quot;&quot;,&quot;created_timestamp&quot;:&quot;1634749553&quot;,&quot;copyright&quot;:&quot;&quot;,&quot;focal_length&quot;:&quot;0&quot;,&quot;iso&quot;:&quot;0&quot;,&quot;shutter_speed&quot;:&quot;0&quot;,&quot;title&quot;:&quot;&quot;,&quot;orientation&quot;:&quot;1&quot;}\" data-image-title=\"Rossignol-Tintigny 1\" data-image-description=\"\" data-image-caption=\"\" data-medium-file=\"https:\/\/i0.wp.com\/www.gietka.be\/wp-content\/uploads\/2021\/12\/Rossignol-Tintigny-1-scaled-e1659970201202.jpg?fit=300%2C219&amp;ssl=1\" data-large-file=\"https:\/\/i0.wp.com\/www.gietka.be\/wp-content\/uploads\/2021\/12\/Rossignol-Tintigny-1-scaled-e1659970201202.jpg?fit=640%2C466&amp;ssl=1\" role=\"button\" tabindex=\"0\" aria-label=\"Ouvrir l\u2019image 3 sur 3 en plein \u00e9cran\"srcset=\"https:\/\/i1.wp.com\/www.gietka.be\/wp-content\/uploads\/2021\/12\/Rossignol-Tintigny-1-1024x746.jpg?strip=info&#038;w=600 600w,https:\/\/i1.wp.com\/www.gietka.be\/wp-content\/uploads\/2021\/12\/Rossignol-Tintigny-1-1024x746.jpg?strip=info&#038;w=900 900w,https:\/\/i1.wp.com\/www.gietka.be\/wp-content\/uploads\/2021\/12\/Rossignol-Tintigny-1-1024x746.jpg?strip=info&#038;w=1200 1200w,https:\/\/i1.wp.com\/www.gietka.be\/wp-content\/uploads\/2021\/12\/Rossignol-Tintigny-1-1024x746.jpg?strip=info&#038;w=1500 1500w,https:\/\/i1.wp.com\/www.gietka.be\/wp-content\/uploads\/2021\/12\/Rossignol-Tintigny-1-1024x746.jpg?strip=info&#038;w=1800 1800w,https:\/\/i1.wp.com\/www.gietka.be\/wp-content\/uploads\/2021\/12\/Rossignol-Tintigny-1-1024x746.jpg?strip=info&#038;w=2000 2000w\" alt=\"\" data-height=\"1865\" data-id=\"5620\" data-link=\"https:\/\/www.gietka.be\/index.php\/2021-3\/rossignol-tintigny-1-2\/\" data-url=\"https:\/\/www.gietka.be\/wp-content\/uploads\/2021\/12\/Rossignol-Tintigny-1-1024x746.jpg\" data-width=\"2560\" src=\"https:\/\/i1.wp.com\/www.gietka.be\/wp-content\/uploads\/2021\/12\/Rossignol-Tintigny-1-1024x746.jpg\" data-amp-layout=\"responsive\"\/><\/figure><\/div><\/div><\/div><\/div>\n\n\n\n<p><\/p>\n","protected":false},"excerpt":{"rendered":"<p>Novembre 2021 : En plus de son 1er prix partag\u00e9 (le jury n&rsquo;ayant pas su trancher), Jos\u00e9 Gietka a re\u00e7u le prix de la commune de Tintigny, son aquarelle \u00ab\u00a0Libert\u00e9 fleurie\u00a0\u00bb a \u00e9t\u00e9 choisie pour les cartons d&rsquo;invitation et son &hellip; <a href=\"https:\/\/www.gietka.be\/index.php\/2021-3\/\">Continuer la lecture <span class=\"meta-nav\">&rarr;<\/span><\/a><\/p>\n","protected":false},"author":2,"featured_media":0,"parent":0,"menu_order":0,"comment_status":"closed","ping_status":"closed","template":"","meta":{"jetpack_post_was_ever_published":false,"footnotes":""},"class_list":["post-5604","page","type-page","status-publish","hentry"],"yoast_head":"<!-- This site is optimized with the Yoast SEO plugin v27.2 - https:\/\/yoast.com\/product\/yoast-seo-wordpress\/ -->\n<title>2021 - Jos\u00e9 Gietka, aquarelliste et cr\u00e9ateur de bijoux<\/title>\n<meta name=\"robots\" content=\"index, follow, max-snippet:-1, max-image-preview:large, max-video-preview:-1\" \/>\n<link rel=\"canonical\" href=\"https:\/\/www.gietka.be\/index.php\/2021-3\/\" \/>\n<meta property=\"og:locale\" content=\"fr_FR\" \/>\n<meta property=\"og:type\" content=\"article\" \/>\n<meta property=\"og:title\" content=\"2021 - Jos\u00e9 Gietka, aquarelliste et cr\u00e9ateur de bijoux\" \/>\n<meta property=\"og:description\" content=\"Novembre 2021 : En plus de son 1er prix partag\u00e9 (le jury n&rsquo;ayant pas su trancher), Jos\u00e9 Gietka a re\u00e7u le prix de la commune de Tintigny, son aquarelle \u00ab\u00a0Libert\u00e9 fleurie\u00a0\u00bb a \u00e9t\u00e9 choisie pour les cartons d&rsquo;invitation et son &hellip; Continuer la lecture &rarr;\" \/>\n<meta property=\"og:url\" content=\"https:\/\/www.gietka.be\/index.php\/2021-3\/\" \/>\n<meta property=\"og:site_name\" content=\"Jos\u00e9 Gietka, aquarelliste et cr\u00e9ateur de bijoux\" \/>\n<meta property=\"article:modified_time\" content=\"2021-12-13T10:57:16+00:00\" \/>\n<meta property=\"og:image\" content=\"https:\/\/i2.wp.com\/www.gietka.be\/wp-content\/uploads\/2021\/12\/IMG_20211114_0001-2-1-1024x721.jpg\" \/>\n<meta name=\"twitter:card\" content=\"summary_large_image\" \/>\n<script type=\"application\/ld+json\" class=\"yoast-schema-graph\">{\"@context\":\"https:\/\/schema.org\",\"@graph\":[{\"@type\":\"WebPage\",\"@id\":\"https:\/\/www.gietka.be\/index.php\/2021-3\/\",\"url\":\"https:\/\/www.gietka.be\/index.php\/2021-3\/\",\"name\":\"2021 - Jos\u00e9 Gietka, aquarelliste et cr\u00e9ateur de bijoux\",\"isPartOf\":{\"@id\":\"https:\/\/www.gietka.be\/#website\"},\"primaryImageOfPage\":{\"@id\":\"https:\/\/www.gietka.be\/index.php\/2021-3\/#primaryimage\"},\"image\":{\"@id\":\"https:\/\/www.gietka.be\/index.php\/2021-3\/#primaryimage\"},\"thumbnailUrl\":\"https:\/\/i2.wp.com\/www.gietka.be\/wp-content\/uploads\/2021\/12\/IMG_20211114_0001-2-1-1024x721.jpg\",\"datePublished\":\"2021-12-13T09:12:50+00:00\",\"dateModified\":\"2021-12-13T10:57:16+00:00\",\"breadcrumb\":{\"@id\":\"https:\/\/www.gietka.be\/index.php\/2021-3\/#breadcrumb\"},\"inLanguage\":\"fr-FR\",\"potentialAction\":[{\"@type\":\"ReadAction\",\"target\":[\"https:\/\/www.gietka.be\/index.php\/2021-3\/\"]}]},{\"@type\":\"ImageObject\",\"inLanguage\":\"fr-FR\",\"@id\":\"https:\/\/www.gietka.be\/index.php\/2021-3\/#primaryimage\",\"url\":\"https:\/\/i2.wp.com\/www.gietka.be\/wp-content\/uploads\/2021\/12\/IMG_20211114_0001-2-1-1024x721.jpg\",\"contentUrl\":\"https:\/\/i2.wp.com\/www.gietka.be\/wp-content\/uploads\/2021\/12\/IMG_20211114_0001-2-1-1024x721.jpg\"},{\"@type\":\"BreadcrumbList\",\"@id\":\"https:\/\/www.gietka.be\/index.php\/2021-3\/#breadcrumb\",\"itemListElement\":[{\"@type\":\"ListItem\",\"position\":1,\"name\":\"Accueil\",\"item\":\"https:\/\/www.gietka.be\/\"},{\"@type\":\"ListItem\",\"position\":2,\"name\":\"2021\"}]},{\"@type\":\"WebSite\",\"@id\":\"https:\/\/www.gietka.be\/#website\",\"url\":\"https:\/\/www.gietka.be\/\",\"name\":\"Jos\u00e9 Gietka, aquarelliste et cr\u00e9ateur de bijoux\",\"description\":\"L&#039;art de l&#039;aquarelle cr\u00e9ative\",\"potentialAction\":[{\"@type\":\"SearchAction\",\"target\":{\"@type\":\"EntryPoint\",\"urlTemplate\":\"https:\/\/www.gietka.be\/?s={search_term_string}\"},\"query-input\":{\"@type\":\"PropertyValueSpecification\",\"valueRequired\":true,\"valueName\":\"search_term_string\"}}],\"inLanguage\":\"fr-FR\"}]}<\/script>\n<!-- \/ Yoast SEO plugin. -->","yoast_head_json":{"title":"2021 - Jos\u00e9 Gietka, aquarelliste et cr\u00e9ateur de bijoux","robots":{"index":"index","follow":"follow","max-snippet":"max-snippet:-1","max-image-preview":"max-image-preview:large","max-video-preview":"max-video-preview:-1"},"canonical":"https:\/\/www.gietka.be\/index.php\/2021-3\/","og_locale":"fr_FR","og_type":"article","og_title":"2021 - Jos\u00e9 Gietka, aquarelliste et cr\u00e9ateur de bijoux","og_description":"Novembre 2021 : En plus de son 1er prix partag\u00e9 (le jury n&rsquo;ayant pas su trancher), Jos\u00e9 Gietka a re\u00e7u le prix de la commune de Tintigny, son aquarelle \u00ab\u00a0Libert\u00e9 fleurie\u00a0\u00bb a \u00e9t\u00e9 choisie pour les cartons d&rsquo;invitation et son &hellip; Continuer la lecture &rarr;","og_url":"https:\/\/www.gietka.be\/index.php\/2021-3\/","og_site_name":"Jos\u00e9 Gietka, aquarelliste et cr\u00e9ateur de bijoux","article_modified_time":"2021-12-13T10:57:16+00:00","og_image":[{"url":"https:\/\/i2.wp.com\/www.gietka.be\/wp-content\/uploads\/2021\/12\/IMG_20211114_0001-2-1-1024x721.jpg","type":"","width":"","height":""}],"twitter_card":"summary_large_image","schema":{"@context":"https:\/\/schema.org","@graph":[{"@type":"WebPage","@id":"https:\/\/www.gietka.be\/index.php\/2021-3\/","url":"https:\/\/www.gietka.be\/index.php\/2021-3\/","name":"2021 - Jos\u00e9 Gietka, aquarelliste et cr\u00e9ateur de bijoux","isPartOf":{"@id":"https:\/\/www.gietka.be\/#website"},"primaryImageOfPage":{"@id":"https:\/\/www.gietka.be\/index.php\/2021-3\/#primaryimage"},"image":{"@id":"https:\/\/www.gietka.be\/index.php\/2021-3\/#primaryimage"},"thumbnailUrl":"https:\/\/i2.wp.com\/www.gietka.be\/wp-content\/uploads\/2021\/12\/IMG_20211114_0001-2-1-1024x721.jpg","datePublished":"2021-12-13T09:12:50+00:00","dateModified":"2021-12-13T10:57:16+00:00","breadcrumb":{"@id":"https:\/\/www.gietka.be\/index.php\/2021-3\/#breadcrumb"},"inLanguage":"fr-FR","potentialAction":[{"@type":"ReadAction","target":["https:\/\/www.gietka.be\/index.php\/2021-3\/"]}]},{"@type":"ImageObject","inLanguage":"fr-FR","@id":"https:\/\/www.gietka.be\/index.php\/2021-3\/#primaryimage","url":"https:\/\/i2.wp.com\/www.gietka.be\/wp-content\/uploads\/2021\/12\/IMG_20211114_0001-2-1-1024x721.jpg","contentUrl":"https:\/\/i2.wp.com\/www.gietka.be\/wp-content\/uploads\/2021\/12\/IMG_20211114_0001-2-1-1024x721.jpg"},{"@type":"BreadcrumbList","@id":"https:\/\/www.gietka.be\/index.php\/2021-3\/#breadcrumb","itemListElement":[{"@type":"ListItem","position":1,"name":"Accueil","item":"https:\/\/www.gietka.be\/"},{"@type":"ListItem","position":2,"name":"2021"}]},{"@type":"WebSite","@id":"https:\/\/www.gietka.be\/#website","url":"https:\/\/www.gietka.be\/","name":"Jos\u00e9 Gietka, aquarelliste et cr\u00e9ateur de bijoux","description":"L&#039;art de l&#039;aquarelle cr\u00e9ative","potentialAction":[{"@type":"SearchAction","target":{"@type":"EntryPoint","urlTemplate":"https:\/\/www.gietka.be\/?s={search_term_string}"},"query-input":{"@type":"PropertyValueSpecification","valueRequired":true,"valueName":"search_term_string"}}],"inLanguage":"fr-FR"}]}},"jetpack_sharing_enabled":true,"jetpack_shortlink":"https:\/\/wp.me\/P7ZytP-1so","_links":{"self":[{"href":"https:\/\/www.gietka.be\/index.php\/wp-json\/wp\/v2\/pages\/5604","targetHints":{"allow":["GET"]}}],"collection":[{"href":"https:\/\/www.gietka.be\/index.php\/wp-json\/wp\/v2\/pages"}],"about":[{"href":"https:\/\/www.gietka.be\/index.php\/wp-json\/wp\/v2\/types\/page"}],"author":[{"embeddable":true,"href":"https:\/\/www.gietka.be\/index.php\/wp-json\/wp\/v2\/users\/2"}],"replies":[{"embeddable":true,"href":"https:\/\/www.gietka.be\/index.php\/wp-json\/wp\/v2\/comments?post=5604"}],"version-history":[{"count":3,"href":"https:\/\/www.gietka.be\/index.php\/wp-json\/wp\/v2\/pages\/5604\/revisions"}],"predecessor-version":[{"id":5627,"href":"https:\/\/www.gietka.be\/index.php\/wp-json\/wp\/v2\/pages\/5604\/revisions\/5627"}],"wp:attachment":[{"href":"https:\/\/www.gietka.be\/index.php\/wp-json\/wp\/v2\/media?parent=5604"}],"curies":[{"name":"wp","href":"https:\/\/api.w.org\/{rel}","templated":true}]}}