{"id":5499,"date":"2021-11-02T14:22:14","date_gmt":"2021-11-02T13:22:14","guid":{"rendered":"https:\/\/www.gietka.be\/?page_id=5499"},"modified":"2021-11-02T15:16:29","modified_gmt":"2021-11-02T14:16:29","slug":"2020-3","status":"publish","type":"page","link":"https:\/\/www.gietka.be\/index.php\/2020-3\/","title":{"rendered":"2020"},"content":{"rendered":"\n<p><strong>Mai 2020<\/strong>&nbsp;: Jos\u00e9 Gietka figure dans le catalogue de \u00ab\u00a0C&rsquo;est du belge\u00a0\u00bb pr\u00e9sent\u00e9 par Reg&rsquo;Art actuel au ch\u00e2teau de Waroux.<\/p>\n\n\n\n<div class=\"wp-block-image\"><figure class=\"aligncenter size-large is-resized\"><img data-recalc-dims=\"1\" loading=\"lazy\" decoding=\"async\" data-attachment-id=\"5513\" data-permalink=\"https:\/\/www.gietka.be\/index.php\/2020-3\/waroux-2020\/\" data-orig-file=\"https:\/\/i0.wp.com\/www.gietka.be\/wp-content\/uploads\/2021\/11\/Waroux-2020-scaled-e1635861147840.jpg?fit=554%2C800&amp;ssl=1\" data-orig-size=\"554,800\" data-comments-opened=\"0\" data-image-meta=\"{&quot;aperture&quot;:&quot;0&quot;,&quot;credit&quot;:&quot;&quot;,&quot;camera&quot;:&quot;Canon TS6000 series Network&quot;,&quot;caption&quot;:&quot;&quot;,&quot;created_timestamp&quot;:&quot;1635861958&quot;,&quot;copyright&quot;:&quot;&quot;,&quot;focal_length&quot;:&quot;0&quot;,&quot;iso&quot;:&quot;0&quot;,&quot;shutter_speed&quot;:&quot;0&quot;,&quot;title&quot;:&quot;&quot;,&quot;orientation&quot;:&quot;1&quot;}\" data-image-title=\"Waroux 2020\" data-image-description=\"\" data-image-caption=\"\" data-medium-file=\"https:\/\/i0.wp.com\/www.gietka.be\/wp-content\/uploads\/2021\/11\/Waroux-2020-scaled-e1635861147840.jpg?fit=208%2C300&amp;ssl=1\" data-large-file=\"https:\/\/i0.wp.com\/www.gietka.be\/wp-content\/uploads\/2021\/11\/Waroux-2020-scaled-e1635861147840.jpg?fit=640%2C924&amp;ssl=1\" src=\"https:\/\/i0.wp.com\/www.gietka.be\/wp-content\/uploads\/2021\/11\/Waroux-2020.jpg?resize=532%2C768&#038;ssl=1\" alt=\"\" class=\"wp-image-5513\" width=\"532\" height=\"768\"\/><\/figure><\/div>\n\n\n\n<p><strong>Janvier 2020<\/strong> : L&rsquo;aquarelle \u00ab\u00a0Mon moulin d&rsquo;Arches\u00a0\u00bb de Jos\u00e9 Gietka figure \u00e0 la page 27 du catalogue \u00ab\u00a0ARCHES  premium art papers, since 1492\u00a0\u00bb.<\/p>\n\n\n\n<figure class=\"wp-block-gallery columns-2 is-cropped wp-block-gallery-1 is-layout-flex wp-block-gallery-is-layout-flex\"><ul class=\"blocks-gallery-grid\"><li class=\"blocks-gallery-item\"><figure><img data-recalc-dims=\"1\" loading=\"lazy\" decoding=\"async\" width=\"640\" height=\"915\" data-attachment-id=\"5527\" data-permalink=\"https:\/\/www.gietka.be\/index.php\/2020-3\/catalogue-page-27\/\" data-orig-file=\"https:\/\/i0.wp.com\/www.gietka.be\/wp-content\/uploads\/2021\/11\/Catalogue-page-27-scaled-e1635862698525.jpg?fit=560%2C800&amp;ssl=1\" data-orig-size=\"560,800\" data-comments-opened=\"0\" data-image-meta=\"{&quot;aperture&quot;:&quot;0&quot;,&quot;credit&quot;:&quot;&quot;,&quot;camera&quot;:&quot;Canon TS6000 series&quot;,&quot;caption&quot;:&quot;&quot;,&quot;created_timestamp&quot;:&quot;1580235060&quot;,&quot;copyright&quot;:&quot;&quot;,&quot;focal_length&quot;:&quot;0&quot;,&quot;iso&quot;:&quot;0&quot;,&quot;shutter_speed&quot;:&quot;0&quot;,&quot;title&quot;:&quot;&quot;,&quot;orientation&quot;:&quot;1&quot;}\" data-image-title=\"Catalogue page 27\" data-image-description=\"\" data-image-caption=\"\" data-medium-file=\"https:\/\/i0.wp.com\/www.gietka.be\/wp-content\/uploads\/2021\/11\/Catalogue-page-27-scaled-e1635862698525.jpg?fit=210%2C300&amp;ssl=1\" data-large-file=\"https:\/\/i0.wp.com\/www.gietka.be\/wp-content\/uploads\/2021\/11\/Catalogue-page-27-scaled-e1635862698525.jpg?fit=640%2C915&amp;ssl=1\" src=\"https:\/\/i0.wp.com\/www.gietka.be\/wp-content\/uploads\/2021\/11\/Catalogue-page-27.jpg?resize=640%2C915&#038;ssl=1\" alt=\"\" data-id=\"5527\" data-full-url=\"https:\/\/www.gietka.be\/wp-content\/uploads\/2021\/11\/Catalogue-page-27-scaled.jpg\" data-link=\"https:\/\/www.gietka.be\/index.php\/2020-3\/catalogue-page-27\/\" class=\"wp-image-5527\"\/><\/figure><\/li><li class=\"blocks-gallery-item\"><figure><img data-recalc-dims=\"1\" loading=\"lazy\" decoding=\"async\" width=\"640\" height=\"511\" data-attachment-id=\"5528\" data-permalink=\"https:\/\/www.gietka.be\/index.php\/2020-3\/catalogue-page-27-texte\/\" data-orig-file=\"https:\/\/i0.wp.com\/www.gietka.be\/wp-content\/uploads\/2021\/11\/Catalogue-page-27-Texte-e1635862685724.jpg?fit=800%2C638&amp;ssl=1\" data-orig-size=\"800,638\" data-comments-opened=\"0\" data-image-meta=\"{&quot;aperture&quot;:&quot;0&quot;,&quot;credit&quot;:&quot;&quot;,&quot;camera&quot;:&quot;Canon TS6000 series&quot;,&quot;caption&quot;:&quot;&quot;,&quot;created_timestamp&quot;:&quot;1580235060&quot;,&quot;copyright&quot;:&quot;&quot;,&quot;focal_length&quot;:&quot;0&quot;,&quot;iso&quot;:&quot;0&quot;,&quot;shutter_speed&quot;:&quot;0&quot;,&quot;title&quot;:&quot;&quot;,&quot;orientation&quot;:&quot;1&quot;}\" data-image-title=\"Catalogue page 27 Texte\" data-image-description=\"\" data-image-caption=\"\" data-medium-file=\"https:\/\/i0.wp.com\/www.gietka.be\/wp-content\/uploads\/2021\/11\/Catalogue-page-27-Texte-e1635862685724.jpg?fit=300%2C239&amp;ssl=1\" data-large-file=\"https:\/\/i0.wp.com\/www.gietka.be\/wp-content\/uploads\/2021\/11\/Catalogue-page-27-Texte-e1635862685724.jpg?fit=640%2C511&amp;ssl=1\" src=\"https:\/\/i0.wp.com\/www.gietka.be\/wp-content\/uploads\/2021\/11\/Catalogue-page-27-Texte.jpg?resize=640%2C511&#038;ssl=1\" alt=\"\" data-id=\"5528\" data-full-url=\"https:\/\/www.gietka.be\/wp-content\/uploads\/2021\/11\/Catalogue-page-27-Texte.jpg\" data-link=\"https:\/\/www.gietka.be\/index.php\/2020-3\/catalogue-page-27-texte\/\" class=\"wp-image-5528\"\/><\/figure><\/li><\/ul><\/figure>\n","protected":false},"excerpt":{"rendered":"<p>Mai 2020&nbsp;: Jos\u00e9 Gietka figure dans le catalogue de \u00ab\u00a0C&rsquo;est du belge\u00a0\u00bb pr\u00e9sent\u00e9 par Reg&rsquo;Art actuel au ch\u00e2teau de Waroux. Janvier 2020 : L&rsquo;aquarelle \u00ab\u00a0Mon moulin d&rsquo;Arches\u00a0\u00bb de Jos\u00e9 Gietka figure \u00e0 la page 27 du catalogue \u00ab\u00a0ARCHES premium art &hellip; <a href=\"https:\/\/www.gietka.be\/index.php\/2020-3\/\">Continuer la lecture <span class=\"meta-nav\">&rarr;<\/span><\/a><\/p>\n","protected":false},"author":2,"featured_media":0,"parent":0,"menu_order":0,"comment_status":"closed","ping_status":"closed","template":"","meta":{"jetpack_post_was_ever_published":false,"footnotes":""},"class_list":["post-5499","page","type-page","status-publish","hentry"],"yoast_head":"<!-- This site is optimized with the Yoast SEO plugin v27.2 - https:\/\/yoast.com\/product\/yoast-seo-wordpress\/ -->\n<title>2020 - Jos\u00e9 Gietka, aquarelliste et cr\u00e9ateur de bijoux<\/title>\n<meta name=\"robots\" content=\"index, follow, max-snippet:-1, max-image-preview:large, max-video-preview:-1\" \/>\n<link rel=\"canonical\" href=\"https:\/\/www.gietka.be\/index.php\/2020-3\/\" \/>\n<meta property=\"og:locale\" content=\"fr_FR\" \/>\n<meta property=\"og:type\" content=\"article\" \/>\n<meta property=\"og:title\" content=\"2020 - Jos\u00e9 Gietka, aquarelliste et cr\u00e9ateur de bijoux\" \/>\n<meta property=\"og:description\" content=\"Mai 2020&nbsp;: Jos\u00e9 Gietka figure dans le catalogue de \u00ab\u00a0C&rsquo;est du belge\u00a0\u00bb pr\u00e9sent\u00e9 par Reg&rsquo;Art actuel au ch\u00e2teau de Waroux. Janvier 2020 : L&rsquo;aquarelle \u00ab\u00a0Mon moulin d&rsquo;Arches\u00a0\u00bb de Jos\u00e9 Gietka figure \u00e0 la page 27 du catalogue \u00ab\u00a0ARCHES premium art &hellip; Continuer la lecture &rarr;\" \/>\n<meta property=\"og:url\" content=\"https:\/\/www.gietka.be\/index.php\/2020-3\/\" \/>\n<meta property=\"og:site_name\" content=\"Jos\u00e9 Gietka, aquarelliste et cr\u00e9ateur de bijoux\" \/>\n<meta property=\"article:modified_time\" content=\"2021-11-02T14:16:29+00:00\" \/>\n<meta property=\"og:image\" content=\"https:\/\/www.gietka.be\/wp-content\/uploads\/2021\/11\/Waroux-2020-709x1024.jpg\" \/>\n<meta name=\"twitter:card\" content=\"summary_large_image\" \/>\n<script type=\"application\/ld+json\" class=\"yoast-schema-graph\">{\"@context\":\"https:\/\/schema.org\",\"@graph\":[{\"@type\":\"WebPage\",\"@id\":\"https:\/\/www.gietka.be\/index.php\/2020-3\/\",\"url\":\"https:\/\/www.gietka.be\/index.php\/2020-3\/\",\"name\":\"2020 - Jos\u00e9 Gietka, aquarelliste et cr\u00e9ateur de bijoux\",\"isPartOf\":{\"@id\":\"https:\/\/www.gietka.be\/#website\"},\"primaryImageOfPage\":{\"@id\":\"https:\/\/www.gietka.be\/index.php\/2020-3\/#primaryimage\"},\"image\":{\"@id\":\"https:\/\/www.gietka.be\/index.php\/2020-3\/#primaryimage\"},\"thumbnailUrl\":\"https:\/\/www.gietka.be\/wp-content\/uploads\/2021\/11\/Waroux-2020-709x1024.jpg\",\"datePublished\":\"2021-11-02T13:22:14+00:00\",\"dateModified\":\"2021-11-02T14:16:29+00:00\",\"breadcrumb\":{\"@id\":\"https:\/\/www.gietka.be\/index.php\/2020-3\/#breadcrumb\"},\"inLanguage\":\"fr-FR\",\"potentialAction\":[{\"@type\":\"ReadAction\",\"target\":[\"https:\/\/www.gietka.be\/index.php\/2020-3\/\"]}]},{\"@type\":\"ImageObject\",\"inLanguage\":\"fr-FR\",\"@id\":\"https:\/\/www.gietka.be\/index.php\/2020-3\/#primaryimage\",\"url\":\"https:\/\/www.gietka.be\/wp-content\/uploads\/2021\/11\/Waroux-2020-709x1024.jpg\",\"contentUrl\":\"https:\/\/www.gietka.be\/wp-content\/uploads\/2021\/11\/Waroux-2020-709x1024.jpg\"},{\"@type\":\"BreadcrumbList\",\"@id\":\"https:\/\/www.gietka.be\/index.php\/2020-3\/#breadcrumb\",\"itemListElement\":[{\"@type\":\"ListItem\",\"position\":1,\"name\":\"Accueil\",\"item\":\"https:\/\/www.gietka.be\/\"},{\"@type\":\"ListItem\",\"position\":2,\"name\":\"2020\"}]},{\"@type\":\"WebSite\",\"@id\":\"https:\/\/www.gietka.be\/#website\",\"url\":\"https:\/\/www.gietka.be\/\",\"name\":\"Jos\u00e9 Gietka, aquarelliste et cr\u00e9ateur de bijoux\",\"description\":\"L&#039;art de l&#039;aquarelle cr\u00e9ative\",\"potentialAction\":[{\"@type\":\"SearchAction\",\"target\":{\"@type\":\"EntryPoint\",\"urlTemplate\":\"https:\/\/www.gietka.be\/?s={search_term_string}\"},\"query-input\":{\"@type\":\"PropertyValueSpecification\",\"valueRequired\":true,\"valueName\":\"search_term_string\"}}],\"inLanguage\":\"fr-FR\"}]}<\/script>\n<!-- \/ Yoast SEO plugin. -->","yoast_head_json":{"title":"2020 - Jos\u00e9 Gietka, aquarelliste et cr\u00e9ateur de bijoux","robots":{"index":"index","follow":"follow","max-snippet":"max-snippet:-1","max-image-preview":"max-image-preview:large","max-video-preview":"max-video-preview:-1"},"canonical":"https:\/\/www.gietka.be\/index.php\/2020-3\/","og_locale":"fr_FR","og_type":"article","og_title":"2020 - Jos\u00e9 Gietka, aquarelliste et cr\u00e9ateur de bijoux","og_description":"Mai 2020&nbsp;: Jos\u00e9 Gietka figure dans le catalogue de \u00ab\u00a0C&rsquo;est du belge\u00a0\u00bb pr\u00e9sent\u00e9 par Reg&rsquo;Art actuel au ch\u00e2teau de Waroux. Janvier 2020 : L&rsquo;aquarelle \u00ab\u00a0Mon moulin d&rsquo;Arches\u00a0\u00bb de Jos\u00e9 Gietka figure \u00e0 la page 27 du catalogue \u00ab\u00a0ARCHES premium art &hellip; Continuer la lecture &rarr;","og_url":"https:\/\/www.gietka.be\/index.php\/2020-3\/","og_site_name":"Jos\u00e9 Gietka, aquarelliste et cr\u00e9ateur de bijoux","article_modified_time":"2021-11-02T14:16:29+00:00","og_image":[{"url":"https:\/\/www.gietka.be\/wp-content\/uploads\/2021\/11\/Waroux-2020-709x1024.jpg","type":"","width":"","height":""}],"twitter_card":"summary_large_image","schema":{"@context":"https:\/\/schema.org","@graph":[{"@type":"WebPage","@id":"https:\/\/www.gietka.be\/index.php\/2020-3\/","url":"https:\/\/www.gietka.be\/index.php\/2020-3\/","name":"2020 - Jos\u00e9 Gietka, aquarelliste et cr\u00e9ateur de bijoux","isPartOf":{"@id":"https:\/\/www.gietka.be\/#website"},"primaryImageOfPage":{"@id":"https:\/\/www.gietka.be\/index.php\/2020-3\/#primaryimage"},"image":{"@id":"https:\/\/www.gietka.be\/index.php\/2020-3\/#primaryimage"},"thumbnailUrl":"https:\/\/www.gietka.be\/wp-content\/uploads\/2021\/11\/Waroux-2020-709x1024.jpg","datePublished":"2021-11-02T13:22:14+00:00","dateModified":"2021-11-02T14:16:29+00:00","breadcrumb":{"@id":"https:\/\/www.gietka.be\/index.php\/2020-3\/#breadcrumb"},"inLanguage":"fr-FR","potentialAction":[{"@type":"ReadAction","target":["https:\/\/www.gietka.be\/index.php\/2020-3\/"]}]},{"@type":"ImageObject","inLanguage":"fr-FR","@id":"https:\/\/www.gietka.be\/index.php\/2020-3\/#primaryimage","url":"https:\/\/www.gietka.be\/wp-content\/uploads\/2021\/11\/Waroux-2020-709x1024.jpg","contentUrl":"https:\/\/www.gietka.be\/wp-content\/uploads\/2021\/11\/Waroux-2020-709x1024.jpg"},{"@type":"BreadcrumbList","@id":"https:\/\/www.gietka.be\/index.php\/2020-3\/#breadcrumb","itemListElement":[{"@type":"ListItem","position":1,"name":"Accueil","item":"https:\/\/www.gietka.be\/"},{"@type":"ListItem","position":2,"name":"2020"}]},{"@type":"WebSite","@id":"https:\/\/www.gietka.be\/#website","url":"https:\/\/www.gietka.be\/","name":"Jos\u00e9 Gietka, aquarelliste et cr\u00e9ateur de bijoux","description":"L&#039;art de l&#039;aquarelle cr\u00e9ative","potentialAction":[{"@type":"SearchAction","target":{"@type":"EntryPoint","urlTemplate":"https:\/\/www.gietka.be\/?s={search_term_string}"},"query-input":{"@type":"PropertyValueSpecification","valueRequired":true,"valueName":"search_term_string"}}],"inLanguage":"fr-FR"}]}},"jetpack_sharing_enabled":true,"jetpack_shortlink":"https:\/\/wp.me\/P7ZytP-1qH","_links":{"self":[{"href":"https:\/\/www.gietka.be\/index.php\/wp-json\/wp\/v2\/pages\/5499","targetHints":{"allow":["GET"]}}],"collection":[{"href":"https:\/\/www.gietka.be\/index.php\/wp-json\/wp\/v2\/pages"}],"about":[{"href":"https:\/\/www.gietka.be\/index.php\/wp-json\/wp\/v2\/types\/page"}],"author":[{"embeddable":true,"href":"https:\/\/www.gietka.be\/index.php\/wp-json\/wp\/v2\/users\/2"}],"replies":[{"embeddable":true,"href":"https:\/\/www.gietka.be\/index.php\/wp-json\/wp\/v2\/comments?post=5499"}],"version-history":[{"count":3,"href":"https:\/\/www.gietka.be\/index.php\/wp-json\/wp\/v2\/pages\/5499\/revisions"}],"predecessor-version":[{"id":5529,"href":"https:\/\/www.gietka.be\/index.php\/wp-json\/wp\/v2\/pages\/5499\/revisions\/5529"}],"wp:attachment":[{"href":"https:\/\/www.gietka.be\/index.php\/wp-json\/wp\/v2\/media?parent=5499"}],"curies":[{"name":"wp","href":"https:\/\/api.w.org\/{rel}","templated":true}]}}