{"id":5497,"date":"2021-11-02T14:21:47","date_gmt":"2021-11-02T13:21:47","guid":{"rendered":"https:\/\/www.gietka.be\/?page_id=5497"},"modified":"2021-11-02T15:07:57","modified_gmt":"2021-11-02T14:07:57","slug":"2019-3","status":"publish","type":"page","link":"https:\/\/www.gietka.be\/index.php\/2019-3\/","title":{"rendered":"2019"},"content":{"rendered":"\n<p><strong>Septembre 2019<\/strong>&nbsp;: Jos\u00e9 Gietka figure dans le catalogue de la Biennale internationale d\u2019Art na\u00eff et singulier au ch\u00e2teau de Waroux.<\/p>\n\n\n\n<figure class=\"wp-block-gallery columns-2 is-cropped wp-block-gallery-1 is-layout-flex wp-block-gallery-is-layout-flex\"><ul class=\"blocks-gallery-grid\"><li class=\"blocks-gallery-item\"><figure><img data-recalc-dims=\"1\" loading=\"lazy\" decoding=\"async\" width=\"640\" height=\"868\" data-attachment-id=\"5509\" data-permalink=\"https:\/\/www.gietka.be\/index.php\/2019-3\/waroux-2019-1\/\" data-orig-file=\"https:\/\/i0.wp.com\/www.gietka.be\/wp-content\/uploads\/2021\/11\/Waroux-2019-1-scaled-e1635860344865.jpg?fit=800%2C1085&amp;ssl=1\" data-orig-size=\"800,1085\" data-comments-opened=\"0\" data-image-meta=\"{&quot;aperture&quot;:&quot;0&quot;,&quot;credit&quot;:&quot;&quot;,&quot;camera&quot;:&quot;Canon TS6000 series Network&quot;,&quot;caption&quot;:&quot;&quot;,&quot;created_timestamp&quot;:&quot;1635861756&quot;,&quot;copyright&quot;:&quot;&quot;,&quot;focal_length&quot;:&quot;0&quot;,&quot;iso&quot;:&quot;0&quot;,&quot;shutter_speed&quot;:&quot;0&quot;,&quot;title&quot;:&quot;&quot;,&quot;orientation&quot;:&quot;1&quot;}\" data-image-title=\"Waroux 2019 1\" data-image-description=\"\" data-image-caption=\"\" data-medium-file=\"https:\/\/i0.wp.com\/www.gietka.be\/wp-content\/uploads\/2021\/11\/Waroux-2019-1-scaled-e1635860344865.jpg?fit=221%2C300&amp;ssl=1\" data-large-file=\"https:\/\/i0.wp.com\/www.gietka.be\/wp-content\/uploads\/2021\/11\/Waroux-2019-1-scaled-e1635860344865.jpg?fit=640%2C868&amp;ssl=1\" src=\"https:\/\/i0.wp.com\/www.gietka.be\/wp-content\/uploads\/2021\/11\/Waroux-2019-1.jpg?resize=640%2C868&#038;ssl=1\" alt=\"\" data-id=\"5509\" data-full-url=\"https:\/\/www.gietka.be\/wp-content\/uploads\/2021\/11\/Waroux-2019-1-scaled-e1635860344865.jpg\" data-link=\"https:\/\/www.gietka.be\/index.php\/2019-3\/waroux-2019-1\/\" class=\"wp-image-5509\"\/><\/figure><\/li><li class=\"blocks-gallery-item\"><figure><img data-recalc-dims=\"1\" loading=\"lazy\" decoding=\"async\" width=\"640\" height=\"898\" data-attachment-id=\"5510\" data-permalink=\"https:\/\/www.gietka.be\/index.php\/2019-3\/waroux-2019-2\/\" data-orig-file=\"https:\/\/i0.wp.com\/www.gietka.be\/wp-content\/uploads\/2021\/11\/Waroux-2019-2-scaled-e1635860375695.jpg?fit=800%2C1122&amp;ssl=1\" data-orig-size=\"800,1122\" data-comments-opened=\"0\" data-image-meta=\"{&quot;aperture&quot;:&quot;0&quot;,&quot;credit&quot;:&quot;&quot;,&quot;camera&quot;:&quot;Canon TS6000 series Network&quot;,&quot;caption&quot;:&quot;&quot;,&quot;created_timestamp&quot;:&quot;1635861843&quot;,&quot;copyright&quot;:&quot;&quot;,&quot;focal_length&quot;:&quot;0&quot;,&quot;iso&quot;:&quot;0&quot;,&quot;shutter_speed&quot;:&quot;0&quot;,&quot;title&quot;:&quot;&quot;,&quot;orientation&quot;:&quot;1&quot;}\" data-image-title=\"Waroux 2019 2\" data-image-description=\"\" data-image-caption=\"\" data-medium-file=\"https:\/\/i0.wp.com\/www.gietka.be\/wp-content\/uploads\/2021\/11\/Waroux-2019-2-scaled-e1635860375695.jpg?fit=214%2C300&amp;ssl=1\" data-large-file=\"https:\/\/i0.wp.com\/www.gietka.be\/wp-content\/uploads\/2021\/11\/Waroux-2019-2-scaled-e1635860375695.jpg?fit=640%2C898&amp;ssl=1\" src=\"https:\/\/i0.wp.com\/www.gietka.be\/wp-content\/uploads\/2021\/11\/Waroux-2019-2.jpg?resize=640%2C898&#038;ssl=1\" alt=\"\" data-id=\"5510\" data-full-url=\"https:\/\/www.gietka.be\/wp-content\/uploads\/2021\/11\/Waroux-2019-2-scaled-e1635860375695.jpg\" data-link=\"https:\/\/www.gietka.be\/index.php\/2019-3\/waroux-2019-2\/\" class=\"wp-image-5510\"\/><\/figure><\/li><\/ul><\/figure>\n\n\n\n<p><\/p>\n\n\n\n<p><strong>Mars 2019&nbsp;:&nbsp;<\/strong>L\u2019aquarelle \u00ab&nbsp;Bouleversement&nbsp;\u00bb de Jos\u00e9 Gietka sur l&rsquo;invitation du groupe \u00ab\u00a0Envoz\u2019Art\u00a0\u00bb \u00e0 la maison de la La\u00efcit\u00e9 d\u2019Andenne<\/p>\n\n\n\n<div class=\"wp-block-image\"><figure class=\"aligncenter size-large is-resized\"><img data-recalc-dims=\"1\" loading=\"lazy\" decoding=\"async\" data-attachment-id=\"5506\" data-permalink=\"https:\/\/www.gietka.be\/index.php\/2019-3\/invitation-3\/\" data-orig-file=\"https:\/\/i0.wp.com\/www.gietka.be\/wp-content\/uploads\/2021\/11\/INVITATION.jpg?fit=1744%2C1232&amp;ssl=1\" data-orig-size=\"1744,1232\" data-comments-opened=\"0\" data-image-meta=\"{&quot;aperture&quot;:&quot;0&quot;,&quot;credit&quot;:&quot;&quot;,&quot;camera&quot;:&quot;Canon TS6000 series Network&quot;,&quot;caption&quot;:&quot;&quot;,&quot;created_timestamp&quot;:&quot;&quot;,&quot;copyright&quot;:&quot;&quot;,&quot;focal_length&quot;:&quot;0&quot;,&quot;iso&quot;:&quot;0&quot;,&quot;shutter_speed&quot;:&quot;0&quot;,&quot;title&quot;:&quot;&quot;,&quot;orientation&quot;:&quot;1&quot;}\" data-image-title=\"INVITATION\" data-image-description=\"\" data-image-caption=\"\" data-medium-file=\"https:\/\/i0.wp.com\/www.gietka.be\/wp-content\/uploads\/2021\/11\/INVITATION.jpg?fit=300%2C212&amp;ssl=1\" data-large-file=\"https:\/\/i0.wp.com\/www.gietka.be\/wp-content\/uploads\/2021\/11\/INVITATION.jpg?fit=640%2C452&amp;ssl=1\" src=\"https:\/\/i0.wp.com\/www.gietka.be\/wp-content\/uploads\/2021\/11\/INVITATION.jpg?resize=512%2C362&#038;ssl=1\" alt=\"\" class=\"wp-image-5506\" width=\"512\" height=\"362\" srcset=\"https:\/\/i0.wp.com\/www.gietka.be\/wp-content\/uploads\/2021\/11\/INVITATION.jpg?resize=1024%2C723&amp;ssl=1 1024w, https:\/\/i0.wp.com\/www.gietka.be\/wp-content\/uploads\/2021\/11\/INVITATION.jpg?resize=300%2C212&amp;ssl=1 300w, https:\/\/i0.wp.com\/www.gietka.be\/wp-content\/uploads\/2021\/11\/INVITATION.jpg?resize=768%2C543&amp;ssl=1 768w, https:\/\/i0.wp.com\/www.gietka.be\/wp-content\/uploads\/2021\/11\/INVITATION.jpg?resize=1536%2C1085&amp;ssl=1 1536w, https:\/\/i0.wp.com\/www.gietka.be\/wp-content\/uploads\/2021\/11\/INVITATION.jpg?w=1744&amp;ssl=1 1744w, https:\/\/i0.wp.com\/www.gietka.be\/wp-content\/uploads\/2021\/11\/INVITATION.jpg?w=1280&amp;ssl=1 1280w\" sizes=\"auto, (max-width: 512px) 100vw, 512px\" \/><\/figure><\/div>\n","protected":false},"excerpt":{"rendered":"<p>Septembre 2019&nbsp;: Jos\u00e9 Gietka figure dans le catalogue de la Biennale internationale d\u2019Art na\u00eff et singulier au ch\u00e2teau de Waroux. Mars 2019&nbsp;:&nbsp;L\u2019aquarelle \u00ab&nbsp;Bouleversement&nbsp;\u00bb de Jos\u00e9 Gietka sur l&rsquo;invitation du groupe \u00ab\u00a0Envoz\u2019Art\u00a0\u00bb \u00e0 la maison de la La\u00efcit\u00e9 d\u2019Andenne<\/p>\n","protected":false},"author":2,"featured_media":0,"parent":0,"menu_order":0,"comment_status":"closed","ping_status":"closed","template":"","meta":{"jetpack_post_was_ever_published":false,"footnotes":""},"class_list":["post-5497","page","type-page","status-publish","hentry"],"yoast_head":"<!-- This site is optimized with the Yoast SEO plugin v27.2 - https:\/\/yoast.com\/product\/yoast-seo-wordpress\/ -->\n<title>2019 - Jos\u00e9 Gietka, aquarelliste et cr\u00e9ateur de bijoux<\/title>\n<meta name=\"robots\" content=\"index, follow, max-snippet:-1, max-image-preview:large, max-video-preview:-1\" \/>\n<link rel=\"canonical\" href=\"https:\/\/www.gietka.be\/index.php\/2019-3\/\" \/>\n<meta property=\"og:locale\" content=\"fr_FR\" \/>\n<meta property=\"og:type\" content=\"article\" \/>\n<meta property=\"og:title\" content=\"2019 - Jos\u00e9 Gietka, aquarelliste et cr\u00e9ateur de bijoux\" \/>\n<meta property=\"og:description\" content=\"Septembre 2019&nbsp;: Jos\u00e9 Gietka figure dans le catalogue de la Biennale internationale d\u2019Art na\u00eff et singulier au ch\u00e2teau de Waroux. Mars 2019&nbsp;:&nbsp;L\u2019aquarelle \u00ab&nbsp;Bouleversement&nbsp;\u00bb de Jos\u00e9 Gietka sur l&rsquo;invitation du groupe \u00ab\u00a0Envoz\u2019Art\u00a0\u00bb \u00e0 la maison de la La\u00efcit\u00e9 d\u2019Andenne\" \/>\n<meta property=\"og:url\" content=\"https:\/\/www.gietka.be\/index.php\/2019-3\/\" \/>\n<meta property=\"og:site_name\" content=\"Jos\u00e9 Gietka, aquarelliste et cr\u00e9ateur de bijoux\" \/>\n<meta property=\"article:modified_time\" content=\"2021-11-02T14:07:57+00:00\" \/>\n<meta property=\"og:image\" content=\"http:\/\/www.gietka.be\/wp-content\/uploads\/2021\/11\/Waroux-2019-1-755x1024.jpg\" \/>\n<meta name=\"twitter:card\" content=\"summary_large_image\" \/>\n<script type=\"application\/ld+json\" class=\"yoast-schema-graph\">{\"@context\":\"https:\/\/schema.org\",\"@graph\":[{\"@type\":\"WebPage\",\"@id\":\"https:\/\/www.gietka.be\/index.php\/2019-3\/\",\"url\":\"https:\/\/www.gietka.be\/index.php\/2019-3\/\",\"name\":\"2019 - Jos\u00e9 Gietka, aquarelliste et cr\u00e9ateur de bijoux\",\"isPartOf\":{\"@id\":\"https:\/\/www.gietka.be\/#website\"},\"primaryImageOfPage\":{\"@id\":\"https:\/\/www.gietka.be\/index.php\/2019-3\/#primaryimage\"},\"image\":{\"@id\":\"https:\/\/www.gietka.be\/index.php\/2019-3\/#primaryimage\"},\"thumbnailUrl\":\"http:\/\/www.gietka.be\/wp-content\/uploads\/2021\/11\/Waroux-2019-1-755x1024.jpg\",\"datePublished\":\"2021-11-02T13:21:47+00:00\",\"dateModified\":\"2021-11-02T14:07:57+00:00\",\"breadcrumb\":{\"@id\":\"https:\/\/www.gietka.be\/index.php\/2019-3\/#breadcrumb\"},\"inLanguage\":\"fr-FR\",\"potentialAction\":[{\"@type\":\"ReadAction\",\"target\":[\"https:\/\/www.gietka.be\/index.php\/2019-3\/\"]}]},{\"@type\":\"ImageObject\",\"inLanguage\":\"fr-FR\",\"@id\":\"https:\/\/www.gietka.be\/index.php\/2019-3\/#primaryimage\",\"url\":\"http:\/\/www.gietka.be\/wp-content\/uploads\/2021\/11\/Waroux-2019-1-755x1024.jpg\",\"contentUrl\":\"http:\/\/www.gietka.be\/wp-content\/uploads\/2021\/11\/Waroux-2019-1-755x1024.jpg\"},{\"@type\":\"BreadcrumbList\",\"@id\":\"https:\/\/www.gietka.be\/index.php\/2019-3\/#breadcrumb\",\"itemListElement\":[{\"@type\":\"ListItem\",\"position\":1,\"name\":\"Accueil\",\"item\":\"https:\/\/www.gietka.be\/\"},{\"@type\":\"ListItem\",\"position\":2,\"name\":\"2019\"}]},{\"@type\":\"WebSite\",\"@id\":\"https:\/\/www.gietka.be\/#website\",\"url\":\"https:\/\/www.gietka.be\/\",\"name\":\"Jos\u00e9 Gietka, aquarelliste et cr\u00e9ateur de bijoux\",\"description\":\"L&#039;art de l&#039;aquarelle cr\u00e9ative\",\"potentialAction\":[{\"@type\":\"SearchAction\",\"target\":{\"@type\":\"EntryPoint\",\"urlTemplate\":\"https:\/\/www.gietka.be\/?s={search_term_string}\"},\"query-input\":{\"@type\":\"PropertyValueSpecification\",\"valueRequired\":true,\"valueName\":\"search_term_string\"}}],\"inLanguage\":\"fr-FR\"}]}<\/script>\n<!-- \/ Yoast SEO plugin. -->","yoast_head_json":{"title":"2019 - Jos\u00e9 Gietka, aquarelliste et cr\u00e9ateur de bijoux","robots":{"index":"index","follow":"follow","max-snippet":"max-snippet:-1","max-image-preview":"max-image-preview:large","max-video-preview":"max-video-preview:-1"},"canonical":"https:\/\/www.gietka.be\/index.php\/2019-3\/","og_locale":"fr_FR","og_type":"article","og_title":"2019 - Jos\u00e9 Gietka, aquarelliste et cr\u00e9ateur de bijoux","og_description":"Septembre 2019&nbsp;: Jos\u00e9 Gietka figure dans le catalogue de la Biennale internationale d\u2019Art na\u00eff et singulier au ch\u00e2teau de Waroux. Mars 2019&nbsp;:&nbsp;L\u2019aquarelle \u00ab&nbsp;Bouleversement&nbsp;\u00bb de Jos\u00e9 Gietka sur l&rsquo;invitation du groupe \u00ab\u00a0Envoz\u2019Art\u00a0\u00bb \u00e0 la maison de la La\u00efcit\u00e9 d\u2019Andenne","og_url":"https:\/\/www.gietka.be\/index.php\/2019-3\/","og_site_name":"Jos\u00e9 Gietka, aquarelliste et cr\u00e9ateur de bijoux","article_modified_time":"2021-11-02T14:07:57+00:00","og_image":[{"url":"http:\/\/www.gietka.be\/wp-content\/uploads\/2021\/11\/Waroux-2019-1-755x1024.jpg","type":"","width":"","height":""}],"twitter_card":"summary_large_image","schema":{"@context":"https:\/\/schema.org","@graph":[{"@type":"WebPage","@id":"https:\/\/www.gietka.be\/index.php\/2019-3\/","url":"https:\/\/www.gietka.be\/index.php\/2019-3\/","name":"2019 - Jos\u00e9 Gietka, aquarelliste et cr\u00e9ateur de bijoux","isPartOf":{"@id":"https:\/\/www.gietka.be\/#website"},"primaryImageOfPage":{"@id":"https:\/\/www.gietka.be\/index.php\/2019-3\/#primaryimage"},"image":{"@id":"https:\/\/www.gietka.be\/index.php\/2019-3\/#primaryimage"},"thumbnailUrl":"http:\/\/www.gietka.be\/wp-content\/uploads\/2021\/11\/Waroux-2019-1-755x1024.jpg","datePublished":"2021-11-02T13:21:47+00:00","dateModified":"2021-11-02T14:07:57+00:00","breadcrumb":{"@id":"https:\/\/www.gietka.be\/index.php\/2019-3\/#breadcrumb"},"inLanguage":"fr-FR","potentialAction":[{"@type":"ReadAction","target":["https:\/\/www.gietka.be\/index.php\/2019-3\/"]}]},{"@type":"ImageObject","inLanguage":"fr-FR","@id":"https:\/\/www.gietka.be\/index.php\/2019-3\/#primaryimage","url":"http:\/\/www.gietka.be\/wp-content\/uploads\/2021\/11\/Waroux-2019-1-755x1024.jpg","contentUrl":"http:\/\/www.gietka.be\/wp-content\/uploads\/2021\/11\/Waroux-2019-1-755x1024.jpg"},{"@type":"BreadcrumbList","@id":"https:\/\/www.gietka.be\/index.php\/2019-3\/#breadcrumb","itemListElement":[{"@type":"ListItem","position":1,"name":"Accueil","item":"https:\/\/www.gietka.be\/"},{"@type":"ListItem","position":2,"name":"2019"}]},{"@type":"WebSite","@id":"https:\/\/www.gietka.be\/#website","url":"https:\/\/www.gietka.be\/","name":"Jos\u00e9 Gietka, aquarelliste et cr\u00e9ateur de bijoux","description":"L&#039;art de l&#039;aquarelle cr\u00e9ative","potentialAction":[{"@type":"SearchAction","target":{"@type":"EntryPoint","urlTemplate":"https:\/\/www.gietka.be\/?s={search_term_string}"},"query-input":{"@type":"PropertyValueSpecification","valueRequired":true,"valueName":"search_term_string"}}],"inLanguage":"fr-FR"}]}},"jetpack_sharing_enabled":true,"jetpack_shortlink":"https:\/\/wp.me\/P7ZytP-1qF","_links":{"self":[{"href":"https:\/\/www.gietka.be\/index.php\/wp-json\/wp\/v2\/pages\/5497","targetHints":{"allow":["GET"]}}],"collection":[{"href":"https:\/\/www.gietka.be\/index.php\/wp-json\/wp\/v2\/pages"}],"about":[{"href":"https:\/\/www.gietka.be\/index.php\/wp-json\/wp\/v2\/types\/page"}],"author":[{"embeddable":true,"href":"https:\/\/www.gietka.be\/index.php\/wp-json\/wp\/v2\/users\/2"}],"replies":[{"embeddable":true,"href":"https:\/\/www.gietka.be\/index.php\/wp-json\/wp\/v2\/comments?post=5497"}],"version-history":[{"count":5,"href":"https:\/\/www.gietka.be\/index.php\/wp-json\/wp\/v2\/pages\/5497\/revisions"}],"predecessor-version":[{"id":5525,"href":"https:\/\/www.gietka.be\/index.php\/wp-json\/wp\/v2\/pages\/5497\/revisions\/5525"}],"wp:attachment":[{"href":"https:\/\/www.gietka.be\/index.php\/wp-json\/wp\/v2\/media?parent=5497"}],"curies":[{"name":"wp","href":"https:\/\/api.w.org\/{rel}","templated":true}]}}