{"id":47,"date":"2016-11-07T19:30:46","date_gmt":"2016-11-07T18:30:46","guid":{"rendered":"http:\/\/www.gietka.be\/?page_id=47"},"modified":"2017-07-13T13:33:34","modified_gmt":"2017-07-13T11:33:34","slug":"2016-3","status":"publish","type":"page","link":"https:\/\/www.gietka.be\/index.php\/2016-3\/","title":{"rendered":"2016"},"content":{"rendered":"<p><span style=\"text-decoration: underline;\"><strong>2016<\/strong><\/span><span style=\"color: #000000;\"> : Jos\u00e9 Gietka est repris dans l'\u00a0\u00bbannuaire international des Beaux-Arts\u00a0\u00bb<\/span><\/p>\n<p><a href=\"https:\/\/i0.wp.com\/www.gietka.be\/wp-content\/uploads\/2016\/11\/2016-annuaire-internationnal-des-beaux-arts.jpg?ssl=1\"><img data-recalc-dims=\"1\" loading=\"lazy\" decoding=\"async\" data-attachment-id=\"674\" data-permalink=\"https:\/\/www.gietka.be\/index.php\/2016-3\/2016-annuaire-internationnal-des-beaux-arts\/\" data-orig-file=\"https:\/\/i0.wp.com\/www.gietka.be\/wp-content\/uploads\/2016\/11\/2016-annuaire-internationnal-des-beaux-arts.jpg?fit=611%2C960&amp;ssl=1\" data-orig-size=\"611,960\" data-comments-opened=\"1\" data-image-meta=\"{&quot;aperture&quot;:&quot;0&quot;,&quot;credit&quot;:&quot;&quot;,&quot;camera&quot;:&quot;&quot;,&quot;caption&quot;:&quot;&quot;,&quot;created_timestamp&quot;:&quot;0&quot;,&quot;copyright&quot;:&quot;&quot;,&quot;focal_length&quot;:&quot;0&quot;,&quot;iso&quot;:&quot;0&quot;,&quot;shutter_speed&quot;:&quot;0&quot;,&quot;title&quot;:&quot;&quot;,&quot;orientation&quot;:&quot;0&quot;}\" data-image-title=\"2016-annuaire-internationnal-des-beaux-arts\" data-image-description=\"\" data-image-caption=\"\" data-medium-file=\"https:\/\/i0.wp.com\/www.gietka.be\/wp-content\/uploads\/2016\/11\/2016-annuaire-internationnal-des-beaux-arts.jpg?fit=191%2C300&amp;ssl=1\" data-large-file=\"https:\/\/i0.wp.com\/www.gietka.be\/wp-content\/uploads\/2016\/11\/2016-annuaire-internationnal-des-beaux-arts.jpg?fit=611%2C960&amp;ssl=1\" class=\"aligncenter wp-image-674 size-medium\" src=\"https:\/\/i0.wp.com\/www.gietka.be\/wp-content\/uploads\/2016\/11\/2016-annuaire-internationnal-des-beaux-arts.jpg?resize=191%2C300&#038;ssl=1\" alt=\"2016-annuaire-internationnal-des-beaux-arts\" width=\"191\" height=\"300\" srcset=\"https:\/\/i0.wp.com\/www.gietka.be\/wp-content\/uploads\/2016\/11\/2016-annuaire-internationnal-des-beaux-arts.jpg?resize=191%2C300&amp;ssl=1 191w, https:\/\/i0.wp.com\/www.gietka.be\/wp-content\/uploads\/2016\/11\/2016-annuaire-internationnal-des-beaux-arts.jpg?resize=300%2C471&amp;ssl=1 300w, https:\/\/i0.wp.com\/www.gietka.be\/wp-content\/uploads\/2016\/11\/2016-annuaire-internationnal-des-beaux-arts.jpg?w=611&amp;ssl=1 611w\" sizes=\"auto, (max-width: 191px) 100vw, 191px\" \/><\/a><\/p>\n<p><span style=\"color: #000000;\"><span style=\"text-decoration: underline;\"><strong>Septembre 2016<\/strong><\/span>\u00a0: Son aquarelle \u00ab\u00a0D\u00e9part en vacances\u00a0\u00bb illustre les articles de la biennale d\u2019art na\u00eff et singulier de Waroux dans \u00ab\u00a0la Derni\u00e8re Heure\u00a0\u00bb et dans \u00ab\u00a0la Meuse\u00a0\u00bb du 12 septembre 2016.<\/span><\/p>\n<p><a href=\"https:\/\/i0.wp.com\/www.gietka.be\/wp-content\/uploads\/2016\/11\/2016-Regart-Waroux-la-derni%C3%A8re-heure-e1499945517711.jpg?ssl=1\"><img data-recalc-dims=\"1\" loading=\"lazy\" decoding=\"async\" data-attachment-id=\"289\" data-permalink=\"https:\/\/www.gietka.be\/index.php\/2016-3\/2016-regart-waroux-la-derniere-heure\/\" data-orig-file=\"https:\/\/i0.wp.com\/www.gietka.be\/wp-content\/uploads\/2016\/11\/2016-Regart-Waroux-la-derni%C3%A8re-heure-e1499945517711.jpg?fit=875%2C1000&amp;ssl=1\" data-orig-size=\"875,1000\" data-comments-opened=\"1\" data-image-meta=\"{&quot;aperture&quot;:&quot;0&quot;,&quot;credit&quot;:&quot;&quot;,&quot;camera&quot;:&quot;&quot;,&quot;caption&quot;:&quot;&quot;,&quot;created_timestamp&quot;:&quot;0&quot;,&quot;copyright&quot;:&quot;&quot;,&quot;focal_length&quot;:&quot;0&quot;,&quot;iso&quot;:&quot;0&quot;,&quot;shutter_speed&quot;:&quot;0&quot;,&quot;title&quot;:&quot;&quot;,&quot;orientation&quot;:&quot;0&quot;}\" data-image-title=\"2016-regart-waroux-la-derniere-heure\" data-image-description=\"\" data-image-caption=\"\" data-medium-file=\"https:\/\/i0.wp.com\/www.gietka.be\/wp-content\/uploads\/2016\/11\/2016-Regart-Waroux-la-derni%C3%A8re-heure-e1499945517711.jpg?fit=263%2C300&amp;ssl=1\" data-large-file=\"https:\/\/i0.wp.com\/www.gietka.be\/wp-content\/uploads\/2016\/11\/2016-Regart-Waroux-la-derni%C3%A8re-heure-e1499945517711.jpg?fit=640%2C731&amp;ssl=1\" class=\"aligncenter wp-image-289 size-medium\" src=\"https:\/\/i0.wp.com\/www.gietka.be\/wp-content\/uploads\/2016\/11\/2016-Regart-Waroux-la-derni%C3%A8re-heure.jpg?resize=263%2C300&#038;ssl=1\" alt=\"2016-regart-waroux-la-derniere-heure\" width=\"263\" height=\"300\" \/><\/a><\/p>\n<p><a href=\"https:\/\/i0.wp.com\/www.gietka.be\/wp-content\/uploads\/2016\/11\/2016-Regart-Waroux-la-meuse.jpg?ssl=1\"><img data-recalc-dims=\"1\" loading=\"lazy\" decoding=\"async\" data-attachment-id=\"290\" data-permalink=\"https:\/\/www.gietka.be\/index.php\/2016-3\/2016-regart-waroux-la-meuse\/\" data-orig-file=\"https:\/\/i0.wp.com\/www.gietka.be\/wp-content\/uploads\/2016\/11\/2016-Regart-Waroux-la-meuse.jpg?fit=900%2C768&amp;ssl=1\" data-orig-size=\"900,768\" data-comments-opened=\"1\" data-image-meta=\"{&quot;aperture&quot;:&quot;0&quot;,&quot;credit&quot;:&quot;&quot;,&quot;camera&quot;:&quot;&quot;,&quot;caption&quot;:&quot;&quot;,&quot;created_timestamp&quot;:&quot;0&quot;,&quot;copyright&quot;:&quot;&quot;,&quot;focal_length&quot;:&quot;0&quot;,&quot;iso&quot;:&quot;0&quot;,&quot;shutter_speed&quot;:&quot;0&quot;,&quot;title&quot;:&quot;&quot;,&quot;orientation&quot;:&quot;0&quot;}\" data-image-title=\"2016-regart-waroux-la-meuse\" data-image-description=\"\" data-image-caption=\"\" data-medium-file=\"https:\/\/i0.wp.com\/www.gietka.be\/wp-content\/uploads\/2016\/11\/2016-Regart-Waroux-la-meuse.jpg?fit=300%2C256&amp;ssl=1\" data-large-file=\"https:\/\/i0.wp.com\/www.gietka.be\/wp-content\/uploads\/2016\/11\/2016-Regart-Waroux-la-meuse.jpg?fit=640%2C546&amp;ssl=1\" class=\"aligncenter wp-image-290 size-medium\" src=\"https:\/\/i0.wp.com\/www.gietka.be\/wp-content\/uploads\/2016\/11\/2016-Regart-Waroux-la-meuse.jpg?resize=300%2C256&#038;ssl=1\" alt=\"2016-regart-waroux-la-meuse\" width=\"300\" height=\"256\" srcset=\"https:\/\/i0.wp.com\/www.gietka.be\/wp-content\/uploads\/2016\/11\/2016-Regart-Waroux-la-meuse.jpg?resize=300%2C256&amp;ssl=1 300w, https:\/\/i0.wp.com\/www.gietka.be\/wp-content\/uploads\/2016\/11\/2016-Regart-Waroux-la-meuse.jpg?resize=768%2C655&amp;ssl=1 768w, https:\/\/i0.wp.com\/www.gietka.be\/wp-content\/uploads\/2016\/11\/2016-Regart-Waroux-la-meuse.jpg?w=900&amp;ssl=1 900w\" sizes=\"auto, (max-width: 300px) 100vw, 300px\" \/><\/a><\/p>\n<p><span style=\"color: #000000;\"><strong><span style=\"text-decoration: underline;\">Septembre 2016<\/span><\/strong> : Jos\u00e9 Gietka figure \u00e0 la page 36 du catalogue de la biennale d&rsquo;art na\u00eff et singulier de Waroux<\/span><\/p>\n<p><a href=\"https:\/\/i0.wp.com\/www.gietka.be\/wp-content\/uploads\/2016\/11\/2016-Regart-Waroux-catalogue.jpg?ssl=1\" target=\"_blank\" rel=\"noopener noreferrer\"><img data-recalc-dims=\"1\" loading=\"lazy\" decoding=\"async\" data-attachment-id=\"291\" data-permalink=\"https:\/\/www.gietka.be\/index.php\/2016-3\/2016-regart-waroux-catalogue\/\" data-orig-file=\"https:\/\/i0.wp.com\/www.gietka.be\/wp-content\/uploads\/2016\/11\/2016-Regart-Waroux-catalogue.jpg?fit=674%2C1024&amp;ssl=1\" data-orig-size=\"674,1024\" data-comments-opened=\"1\" data-image-meta=\"{&quot;aperture&quot;:&quot;0&quot;,&quot;credit&quot;:&quot;&quot;,&quot;camera&quot;:&quot;&quot;,&quot;caption&quot;:&quot;&quot;,&quot;created_timestamp&quot;:&quot;0&quot;,&quot;copyright&quot;:&quot;&quot;,&quot;focal_length&quot;:&quot;0&quot;,&quot;iso&quot;:&quot;0&quot;,&quot;shutter_speed&quot;:&quot;0&quot;,&quot;title&quot;:&quot;&quot;,&quot;orientation&quot;:&quot;0&quot;}\" data-image-title=\"2016-regart-waroux-catalogue\" data-image-description=\"\" data-image-caption=\"\" data-medium-file=\"https:\/\/i0.wp.com\/www.gietka.be\/wp-content\/uploads\/2016\/11\/2016-Regart-Waroux-catalogue.jpg?fit=197%2C300&amp;ssl=1\" data-large-file=\"https:\/\/i0.wp.com\/www.gietka.be\/wp-content\/uploads\/2016\/11\/2016-Regart-Waroux-catalogue.jpg?fit=640%2C972&amp;ssl=1\" class=\"aligncenter wp-image-291 size-medium\" src=\"https:\/\/i0.wp.com\/www.gietka.be\/wp-content\/uploads\/2016\/11\/2016-Regart-Waroux-catalogue.jpg?resize=197%2C300&#038;ssl=1\" alt=\"2016-regart-waroux-catalogue\" width=\"197\" height=\"300\" srcset=\"https:\/\/i0.wp.com\/www.gietka.be\/wp-content\/uploads\/2016\/11\/2016-Regart-Waroux-catalogue.jpg?resize=197%2C300&amp;ssl=1 197w, https:\/\/i0.wp.com\/www.gietka.be\/wp-content\/uploads\/2016\/11\/2016-Regart-Waroux-catalogue.jpg?resize=300%2C456&amp;ssl=1 300w, https:\/\/i0.wp.com\/www.gietka.be\/wp-content\/uploads\/2016\/11\/2016-Regart-Waroux-catalogue.jpg?w=674&amp;ssl=1 674w\" sizes=\"auto, (max-width: 197px) 100vw, 197px\" \/><\/a><\/p>\n<p><span style=\"color: #000000;\"><strong>\u00a0<\/strong><\/span><span style=\"color: #000000;\"><span style=\"text-decoration: underline;\"><strong>Mai 2016<\/strong><\/span>\u00a0:\u00a0Jos\u00e9 Gietka figure \u00e0 la page 34 du 25<sup>\u00e8me<\/sup>\u00a0 catalogue des \u00ab\u00a0Printemps de l&rsquo;Aquarelle\u00a0\u00bb de Libramont.<\/span><\/p>\n<p><span style=\"color: #000000;\"><strong><a href=\"https:\/\/i0.wp.com\/www.gietka.be\/wp-content\/uploads\/2016\/11\/2016-Libramont-catalogue.jpg?ssl=1\" target=\"_blank\" rel=\"noopener noreferrer\"><img data-recalc-dims=\"1\" loading=\"lazy\" decoding=\"async\" data-attachment-id=\"292\" data-permalink=\"https:\/\/www.gietka.be\/index.php\/2016-3\/2016-libramont-catalogue\/\" data-orig-file=\"https:\/\/i0.wp.com\/www.gietka.be\/wp-content\/uploads\/2016\/11\/2016-Libramont-catalogue.jpg?fit=898%2C768&amp;ssl=1\" data-orig-size=\"898,768\" data-comments-opened=\"1\" data-image-meta=\"{&quot;aperture&quot;:&quot;0&quot;,&quot;credit&quot;:&quot;&quot;,&quot;camera&quot;:&quot;&quot;,&quot;caption&quot;:&quot;&quot;,&quot;created_timestamp&quot;:&quot;0&quot;,&quot;copyright&quot;:&quot;&quot;,&quot;focal_length&quot;:&quot;0&quot;,&quot;iso&quot;:&quot;0&quot;,&quot;shutter_speed&quot;:&quot;0&quot;,&quot;title&quot;:&quot;&quot;,&quot;orientation&quot;:&quot;0&quot;}\" data-image-title=\"2016-libramont-catalogue\" data-image-description=\"\" data-image-caption=\"\" data-medium-file=\"https:\/\/i0.wp.com\/www.gietka.be\/wp-content\/uploads\/2016\/11\/2016-Libramont-catalogue.jpg?fit=300%2C257&amp;ssl=1\" data-large-file=\"https:\/\/i0.wp.com\/www.gietka.be\/wp-content\/uploads\/2016\/11\/2016-Libramont-catalogue.jpg?fit=640%2C547&amp;ssl=1\" class=\"aligncenter wp-image-292 size-medium\" src=\"https:\/\/i0.wp.com\/www.gietka.be\/wp-content\/uploads\/2016\/11\/2016-Libramont-catalogue.jpg?resize=300%2C257&#038;ssl=1\" alt=\"2016-libramont-catalogue\" width=\"300\" height=\"257\" srcset=\"https:\/\/i0.wp.com\/www.gietka.be\/wp-content\/uploads\/2016\/11\/2016-Libramont-catalogue.jpg?resize=300%2C257&amp;ssl=1 300w, https:\/\/i0.wp.com\/www.gietka.be\/wp-content\/uploads\/2016\/11\/2016-Libramont-catalogue.jpg?resize=768%2C657&amp;ssl=1 768w, https:\/\/i0.wp.com\/www.gietka.be\/wp-content\/uploads\/2016\/11\/2016-Libramont-catalogue.jpg?w=898&amp;ssl=1 898w\" sizes=\"auto, (max-width: 300px) 100vw, 300px\" \/><\/a><\/strong><\/span><\/p>\n<p><span style=\"color: #000000;\"><strong><span style=\"text-decoration: underline;\">Mars 2016<\/span>\u00a0: <\/strong>Jos\u00e9 Gietka figure \u00e0 la page 116 du catalogue \u00ab\u00a0Chambres avec vues\u00a0\u00bb<\/span><\/p>\n<p><span style=\"color: #000000;\"><strong><br \/>\n<a href=\"https:\/\/i0.wp.com\/www.gietka.be\/wp-content\/uploads\/2016\/11\/2016-Catalogue-chambre-avec-vues.jpg?ssl=1\" target=\"_blank\" rel=\"noopener noreferrer\"><img data-recalc-dims=\"1\" loading=\"lazy\" decoding=\"async\" data-attachment-id=\"293\" data-permalink=\"https:\/\/www.gietka.be\/index.php\/2016-3\/2016-catalogue-chambre-avec-vues\/\" data-orig-file=\"https:\/\/i0.wp.com\/www.gietka.be\/wp-content\/uploads\/2016\/11\/2016-Catalogue-chambre-avec-vues.jpg?fit=730%2C1024&amp;ssl=1\" data-orig-size=\"730,1024\" data-comments-opened=\"1\" data-image-meta=\"{&quot;aperture&quot;:&quot;0&quot;,&quot;credit&quot;:&quot;&quot;,&quot;camera&quot;:&quot;&quot;,&quot;caption&quot;:&quot;&quot;,&quot;created_timestamp&quot;:&quot;0&quot;,&quot;copyright&quot;:&quot;&quot;,&quot;focal_length&quot;:&quot;0&quot;,&quot;iso&quot;:&quot;0&quot;,&quot;shutter_speed&quot;:&quot;0&quot;,&quot;title&quot;:&quot;&quot;,&quot;orientation&quot;:&quot;0&quot;}\" data-image-title=\"2016-catalogue-chambre-avec-vues\" data-image-description=\"\" data-image-caption=\"\" data-medium-file=\"https:\/\/i0.wp.com\/www.gietka.be\/wp-content\/uploads\/2016\/11\/2016-Catalogue-chambre-avec-vues.jpg?fit=214%2C300&amp;ssl=1\" data-large-file=\"https:\/\/i0.wp.com\/www.gietka.be\/wp-content\/uploads\/2016\/11\/2016-Catalogue-chambre-avec-vues.jpg?fit=640%2C898&amp;ssl=1\" class=\"aligncenter wp-image-293 size-medium\" src=\"https:\/\/i0.wp.com\/www.gietka.be\/wp-content\/uploads\/2016\/11\/2016-Catalogue-chambre-avec-vues.jpg?resize=214%2C300&#038;ssl=1\" alt=\"2016-catalogue-chambre-avec-vues\" width=\"214\" height=\"300\" srcset=\"https:\/\/i0.wp.com\/www.gietka.be\/wp-content\/uploads\/2016\/11\/2016-Catalogue-chambre-avec-vues.jpg?resize=214%2C300&amp;ssl=1 214w, https:\/\/i0.wp.com\/www.gietka.be\/wp-content\/uploads\/2016\/11\/2016-Catalogue-chambre-avec-vues.jpg?resize=300%2C421&amp;ssl=1 300w, https:\/\/i0.wp.com\/www.gietka.be\/wp-content\/uploads\/2016\/11\/2016-Catalogue-chambre-avec-vues.jpg?w=730&amp;ssl=1 730w\" sizes=\"auto, (max-width: 214px) 100vw, 214px\" \/><\/a><\/strong><\/span><\/p>\n<p><span style=\"color: #000000;\"><span style=\"text-decoration: underline;\"><strong>2016<\/strong><\/span>\u00a0: Jos\u00e9 Gietka est repris dans le \u00ab\u00a0Guid\u2019Arts\u00a0\u00bb cotation des artistes 2016 et sur leur site \u00ab\u00a0Drouot cotation\u00a0\u00bb .\u00a0<\/span><\/p>\n","protected":false},"excerpt":{"rendered":"<p>2016 : Jos\u00e9 Gietka est repris dans l&rsquo;\u00a0\u00bbannuaire international des Beaux-Arts\u00a0\u00bb Septembre 2016\u00a0: Son aquarelle \u00ab\u00a0D\u00e9part en vacances\u00a0\u00bb illustre les articles de la biennale d\u2019art na\u00eff et singulier de Waroux dans \u00ab\u00a0la Derni\u00e8re Heure\u00a0\u00bb et dans \u00ab\u00a0la Meuse\u00a0\u00bb du 12 &hellip; <a href=\"https:\/\/www.gietka.be\/index.php\/2016-3\/\">Continuer la lecture <span class=\"meta-nav\">&rarr;<\/span><\/a><\/p>\n","protected":false},"author":2,"featured_media":0,"parent":0,"menu_order":0,"comment_status":"closed","ping_status":"closed","template":"","meta":{"jetpack_post_was_ever_published":false,"footnotes":""},"class_list":["post-47","page","type-page","status-publish","hentry"],"yoast_head":"<!-- This site is optimized with the Yoast SEO plugin v27.2 - https:\/\/yoast.com\/product\/yoast-seo-wordpress\/ -->\n<title>2016 - Jos\u00e9 Gietka, aquarelliste et cr\u00e9ateur de bijoux<\/title>\n<meta name=\"robots\" content=\"index, follow, max-snippet:-1, max-image-preview:large, max-video-preview:-1\" \/>\n<link rel=\"canonical\" href=\"https:\/\/www.gietka.be\/index.php\/2016-3\/\" \/>\n<meta property=\"og:locale\" content=\"fr_FR\" \/>\n<meta property=\"og:type\" content=\"article\" \/>\n<meta property=\"og:title\" content=\"2016 - Jos\u00e9 Gietka, aquarelliste et cr\u00e9ateur de bijoux\" \/>\n<meta property=\"og:description\" content=\"2016 : Jos\u00e9 Gietka est repris dans l&#039;\u00a0\u00bbannuaire international des Beaux-Arts\u00a0\u00bb Septembre 2016\u00a0: Son aquarelle \u00ab\u00a0D\u00e9part en vacances\u00a0\u00bb illustre les articles de la biennale d\u2019art na\u00eff et singulier de Waroux dans \u00ab\u00a0la Derni\u00e8re Heure\u00a0\u00bb et dans \u00ab\u00a0la Meuse\u00a0\u00bb du 12 &hellip; Continuer la lecture &rarr;\" \/>\n<meta property=\"og:url\" content=\"https:\/\/www.gietka.be\/index.php\/2016-3\/\" \/>\n<meta property=\"og:site_name\" content=\"Jos\u00e9 Gietka, aquarelliste et cr\u00e9ateur de bijoux\" \/>\n<meta property=\"article:modified_time\" content=\"2017-07-13T11:33:34+00:00\" \/>\n<meta property=\"og:image\" content=\"http:\/\/www.gietka.be\/wp-content\/uploads\/2016\/11\/2016-annuaire-internationnal-des-beaux-arts-191x300.jpg\" \/>\n<meta name=\"twitter:card\" content=\"summary_large_image\" \/>\n<meta name=\"twitter:label1\" content=\"Dur\u00e9e de lecture estim\u00e9e\" \/>\n\t<meta name=\"twitter:data1\" content=\"1 minute\" \/>\n<script type=\"application\/ld+json\" class=\"yoast-schema-graph\">{\"@context\":\"https:\/\/schema.org\",\"@graph\":[{\"@type\":\"WebPage\",\"@id\":\"https:\/\/www.gietka.be\/index.php\/2016-3\/\",\"url\":\"https:\/\/www.gietka.be\/index.php\/2016-3\/\",\"name\":\"2016 - Jos\u00e9 Gietka, aquarelliste et cr\u00e9ateur de bijoux\",\"isPartOf\":{\"@id\":\"https:\/\/www.gietka.be\/#website\"},\"primaryImageOfPage\":{\"@id\":\"https:\/\/www.gietka.be\/index.php\/2016-3\/#primaryimage\"},\"image\":{\"@id\":\"https:\/\/www.gietka.be\/index.php\/2016-3\/#primaryimage\"},\"thumbnailUrl\":\"http:\/\/www.gietka.be\/wp-content\/uploads\/2016\/11\/2016-annuaire-internationnal-des-beaux-arts-191x300.jpg\",\"datePublished\":\"2016-11-07T18:30:46+00:00\",\"dateModified\":\"2017-07-13T11:33:34+00:00\",\"breadcrumb\":{\"@id\":\"https:\/\/www.gietka.be\/index.php\/2016-3\/#breadcrumb\"},\"inLanguage\":\"fr-FR\",\"potentialAction\":[{\"@type\":\"ReadAction\",\"target\":[\"https:\/\/www.gietka.be\/index.php\/2016-3\/\"]}]},{\"@type\":\"ImageObject\",\"inLanguage\":\"fr-FR\",\"@id\":\"https:\/\/www.gietka.be\/index.php\/2016-3\/#primaryimage\",\"url\":\"http:\/\/www.gietka.be\/wp-content\/uploads\/2016\/11\/2016-annuaire-internationnal-des-beaux-arts-191x300.jpg\",\"contentUrl\":\"http:\/\/www.gietka.be\/wp-content\/uploads\/2016\/11\/2016-annuaire-internationnal-des-beaux-arts-191x300.jpg\"},{\"@type\":\"BreadcrumbList\",\"@id\":\"https:\/\/www.gietka.be\/index.php\/2016-3\/#breadcrumb\",\"itemListElement\":[{\"@type\":\"ListItem\",\"position\":1,\"name\":\"Accueil\",\"item\":\"https:\/\/www.gietka.be\/\"},{\"@type\":\"ListItem\",\"position\":2,\"name\":\"2016\"}]},{\"@type\":\"WebSite\",\"@id\":\"https:\/\/www.gietka.be\/#website\",\"url\":\"https:\/\/www.gietka.be\/\",\"name\":\"Jos\u00e9 Gietka, aquarelliste et cr\u00e9ateur de bijoux\",\"description\":\"L&#039;art de l&#039;aquarelle cr\u00e9ative\",\"potentialAction\":[{\"@type\":\"SearchAction\",\"target\":{\"@type\":\"EntryPoint\",\"urlTemplate\":\"https:\/\/www.gietka.be\/?s={search_term_string}\"},\"query-input\":{\"@type\":\"PropertyValueSpecification\",\"valueRequired\":true,\"valueName\":\"search_term_string\"}}],\"inLanguage\":\"fr-FR\"}]}<\/script>\n<!-- \/ Yoast SEO plugin. -->","yoast_head_json":{"title":"2016 - Jos\u00e9 Gietka, aquarelliste et cr\u00e9ateur de bijoux","robots":{"index":"index","follow":"follow","max-snippet":"max-snippet:-1","max-image-preview":"max-image-preview:large","max-video-preview":"max-video-preview:-1"},"canonical":"https:\/\/www.gietka.be\/index.php\/2016-3\/","og_locale":"fr_FR","og_type":"article","og_title":"2016 - Jos\u00e9 Gietka, aquarelliste et cr\u00e9ateur de bijoux","og_description":"2016 : Jos\u00e9 Gietka est repris dans l'\u00a0\u00bbannuaire international des Beaux-Arts\u00a0\u00bb Septembre 2016\u00a0: Son aquarelle \u00ab\u00a0D\u00e9part en vacances\u00a0\u00bb illustre les articles de la biennale d\u2019art na\u00eff et singulier de Waroux dans \u00ab\u00a0la Derni\u00e8re Heure\u00a0\u00bb et dans \u00ab\u00a0la Meuse\u00a0\u00bb du 12 &hellip; Continuer la lecture &rarr;","og_url":"https:\/\/www.gietka.be\/index.php\/2016-3\/","og_site_name":"Jos\u00e9 Gietka, aquarelliste et cr\u00e9ateur de bijoux","article_modified_time":"2017-07-13T11:33:34+00:00","og_image":[{"url":"http:\/\/www.gietka.be\/wp-content\/uploads\/2016\/11\/2016-annuaire-internationnal-des-beaux-arts-191x300.jpg","type":"","width":"","height":""}],"twitter_card":"summary_large_image","twitter_misc":{"Dur\u00e9e de lecture estim\u00e9e":"1 minute"},"schema":{"@context":"https:\/\/schema.org","@graph":[{"@type":"WebPage","@id":"https:\/\/www.gietka.be\/index.php\/2016-3\/","url":"https:\/\/www.gietka.be\/index.php\/2016-3\/","name":"2016 - Jos\u00e9 Gietka, aquarelliste et cr\u00e9ateur de bijoux","isPartOf":{"@id":"https:\/\/www.gietka.be\/#website"},"primaryImageOfPage":{"@id":"https:\/\/www.gietka.be\/index.php\/2016-3\/#primaryimage"},"image":{"@id":"https:\/\/www.gietka.be\/index.php\/2016-3\/#primaryimage"},"thumbnailUrl":"http:\/\/www.gietka.be\/wp-content\/uploads\/2016\/11\/2016-annuaire-internationnal-des-beaux-arts-191x300.jpg","datePublished":"2016-11-07T18:30:46+00:00","dateModified":"2017-07-13T11:33:34+00:00","breadcrumb":{"@id":"https:\/\/www.gietka.be\/index.php\/2016-3\/#breadcrumb"},"inLanguage":"fr-FR","potentialAction":[{"@type":"ReadAction","target":["https:\/\/www.gietka.be\/index.php\/2016-3\/"]}]},{"@type":"ImageObject","inLanguage":"fr-FR","@id":"https:\/\/www.gietka.be\/index.php\/2016-3\/#primaryimage","url":"http:\/\/www.gietka.be\/wp-content\/uploads\/2016\/11\/2016-annuaire-internationnal-des-beaux-arts-191x300.jpg","contentUrl":"http:\/\/www.gietka.be\/wp-content\/uploads\/2016\/11\/2016-annuaire-internationnal-des-beaux-arts-191x300.jpg"},{"@type":"BreadcrumbList","@id":"https:\/\/www.gietka.be\/index.php\/2016-3\/#breadcrumb","itemListElement":[{"@type":"ListItem","position":1,"name":"Accueil","item":"https:\/\/www.gietka.be\/"},{"@type":"ListItem","position":2,"name":"2016"}]},{"@type":"WebSite","@id":"https:\/\/www.gietka.be\/#website","url":"https:\/\/www.gietka.be\/","name":"Jos\u00e9 Gietka, aquarelliste et cr\u00e9ateur de bijoux","description":"L&#039;art de l&#039;aquarelle cr\u00e9ative","potentialAction":[{"@type":"SearchAction","target":{"@type":"EntryPoint","urlTemplate":"https:\/\/www.gietka.be\/?s={search_term_string}"},"query-input":{"@type":"PropertyValueSpecification","valueRequired":true,"valueName":"search_term_string"}}],"inLanguage":"fr-FR"}]}},"jetpack_sharing_enabled":true,"jetpack_shortlink":"https:\/\/wp.me\/P7ZytP-L","_links":{"self":[{"href":"https:\/\/www.gietka.be\/index.php\/wp-json\/wp\/v2\/pages\/47","targetHints":{"allow":["GET"]}}],"collection":[{"href":"https:\/\/www.gietka.be\/index.php\/wp-json\/wp\/v2\/pages"}],"about":[{"href":"https:\/\/www.gietka.be\/index.php\/wp-json\/wp\/v2\/types\/page"}],"author":[{"embeddable":true,"href":"https:\/\/www.gietka.be\/index.php\/wp-json\/wp\/v2\/users\/2"}],"replies":[{"embeddable":true,"href":"https:\/\/www.gietka.be\/index.php\/wp-json\/wp\/v2\/comments?post=47"}],"version-history":[{"count":7,"href":"https:\/\/www.gietka.be\/index.php\/wp-json\/wp\/v2\/pages\/47\/revisions"}],"predecessor-version":[{"id":822,"href":"https:\/\/www.gietka.be\/index.php\/wp-json\/wp\/v2\/pages\/47\/revisions\/822"}],"wp:attachment":[{"href":"https:\/\/www.gietka.be\/index.php\/wp-json\/wp\/v2\/media?parent=47"}],"curies":[{"name":"wp","href":"https:\/\/api.w.org\/{rel}","templated":true}]}}