{"id":4301,"date":"2020-11-12T13:55:25","date_gmt":"2020-11-12T12:55:25","guid":{"rendered":"http:\/\/www.gietka.be\/?page_id=4301"},"modified":"2020-11-12T14:14:01","modified_gmt":"2020-11-12T13:14:01","slug":"2020-2","status":"publish","type":"page","link":"https:\/\/www.gietka.be\/index.php\/2020-2\/","title":{"rendered":"2020"},"content":{"rendered":"\n<p><strong>Du 11\/09\/2020 au 25\/10\/2020<\/strong>&nbsp;: Biennale internationale d\u2019Art na\u00eff et singulier au Ch\u00e2teau de Waroux<\/p>\n\n\n\n<div class=\"wp-block-image\"><figure class=\"aligncenter\"><a href=\"https:\/\/i0.wp.com\/www.gietka.be\/wp-content\/uploads\/2020\/09\/bache-waroux-scaled.jpg?ssl=1\"><img data-recalc-dims=\"1\" decoding=\"async\" data-attachment-id=\"4013\" data-permalink=\"https:\/\/www.gietka.be\/index.php\/prochaines-expositions\/bache-waroux\/\" data-orig-file=\"https:\/\/i0.wp.com\/www.gietka.be\/wp-content\/uploads\/2020\/09\/bache-waroux-scaled-e1605186584268.jpg?fit=1000%2C500&amp;ssl=1\" data-orig-size=\"1000,500\" data-comments-opened=\"0\" data-image-meta=\"{&quot;aperture&quot;:&quot;0&quot;,&quot;credit&quot;:&quot;&quot;,&quot;camera&quot;:&quot;&quot;,&quot;caption&quot;:&quot;&quot;,&quot;created_timestamp&quot;:&quot;0&quot;,&quot;copyright&quot;:&quot;&quot;,&quot;focal_length&quot;:&quot;0&quot;,&quot;iso&quot;:&quot;0&quot;,&quot;shutter_speed&quot;:&quot;0&quot;,&quot;title&quot;:&quot;&quot;,&quot;orientation&quot;:&quot;1&quot;}\" data-image-title=\"bache waroux\" data-image-description=\"\" data-image-caption=\"\" data-medium-file=\"https:\/\/i0.wp.com\/www.gietka.be\/wp-content\/uploads\/2020\/09\/bache-waroux-scaled-e1605186584268.jpg?fit=300%2C150&amp;ssl=1\" data-large-file=\"https:\/\/i0.wp.com\/www.gietka.be\/wp-content\/uploads\/2020\/09\/bache-waroux-scaled-e1605186584268.jpg?fit=640%2C320&amp;ssl=1\" src=\"https:\/\/i0.wp.com\/www.gietka.be\/wp-content\/uploads\/2020\/09\/bache-waroux-scaled.jpg?w=640&#038;ssl=1\" alt=\"\" class=\"wp-image-4013\"\/><\/a><\/figure><\/div>\n","protected":false},"excerpt":{"rendered":"<p>Du 11\/09\/2020 au 25\/10\/2020&nbsp;: Biennale internationale d\u2019Art na\u00eff et singulier au Ch\u00e2teau de Waroux<\/p>\n","protected":false},"author":2,"featured_media":0,"parent":0,"menu_order":0,"comment_status":"closed","ping_status":"closed","template":"","meta":{"jetpack_post_was_ever_published":false,"footnotes":""},"class_list":["post-4301","page","type-page","status-publish","hentry"],"yoast_head":"<!-- This site is optimized with the Yoast SEO plugin v27.2 - https:\/\/yoast.com\/product\/yoast-seo-wordpress\/ -->\n<title>2020 - Jos\u00e9 Gietka, aquarelliste et cr\u00e9ateur de bijoux<\/title>\n<meta name=\"robots\" content=\"index, follow, max-snippet:-1, max-image-preview:large, max-video-preview:-1\" \/>\n<link rel=\"canonical\" href=\"https:\/\/www.gietka.be\/index.php\/2020-2\/\" \/>\n<meta property=\"og:locale\" content=\"fr_FR\" \/>\n<meta property=\"og:type\" content=\"article\" \/>\n<meta property=\"og:title\" content=\"2020 - Jos\u00e9 Gietka, aquarelliste et cr\u00e9ateur de bijoux\" \/>\n<meta property=\"og:description\" content=\"Du 11\/09\/2020 au 25\/10\/2020&nbsp;: Biennale internationale d\u2019Art na\u00eff et singulier au Ch\u00e2teau de Waroux\" \/>\n<meta property=\"og:url\" content=\"https:\/\/www.gietka.be\/index.php\/2020-2\/\" \/>\n<meta property=\"og:site_name\" content=\"Jos\u00e9 Gietka, aquarelliste et cr\u00e9ateur de bijoux\" \/>\n<meta property=\"article:modified_time\" content=\"2020-11-12T13:14:01+00:00\" \/>\n<meta property=\"og:image\" content=\"http:\/\/www.gietka.be\/wp-content\/uploads\/2020\/09\/bache-waroux-scaled.jpg\" \/>\n<meta name=\"twitter:card\" content=\"summary_large_image\" \/>\n<script type=\"application\/ld+json\" class=\"yoast-schema-graph\">{\"@context\":\"https:\/\/schema.org\",\"@graph\":[{\"@type\":\"WebPage\",\"@id\":\"https:\/\/www.gietka.be\/index.php\/2020-2\/\",\"url\":\"https:\/\/www.gietka.be\/index.php\/2020-2\/\",\"name\":\"2020 - Jos\u00e9 Gietka, aquarelliste et cr\u00e9ateur de bijoux\",\"isPartOf\":{\"@id\":\"https:\/\/www.gietka.be\/#website\"},\"primaryImageOfPage\":{\"@id\":\"https:\/\/www.gietka.be\/index.php\/2020-2\/#primaryimage\"},\"image\":{\"@id\":\"https:\/\/www.gietka.be\/index.php\/2020-2\/#primaryimage\"},\"thumbnailUrl\":\"http:\/\/www.gietka.be\/wp-content\/uploads\/2020\/09\/bache-waroux-scaled.jpg\",\"datePublished\":\"2020-11-12T12:55:25+00:00\",\"dateModified\":\"2020-11-12T13:14:01+00:00\",\"breadcrumb\":{\"@id\":\"https:\/\/www.gietka.be\/index.php\/2020-2\/#breadcrumb\"},\"inLanguage\":\"fr-FR\",\"potentialAction\":[{\"@type\":\"ReadAction\",\"target\":[\"https:\/\/www.gietka.be\/index.php\/2020-2\/\"]}]},{\"@type\":\"ImageObject\",\"inLanguage\":\"fr-FR\",\"@id\":\"https:\/\/www.gietka.be\/index.php\/2020-2\/#primaryimage\",\"url\":\"http:\/\/www.gietka.be\/wp-content\/uploads\/2020\/09\/bache-waroux-scaled.jpg\",\"contentUrl\":\"http:\/\/www.gietka.be\/wp-content\/uploads\/2020\/09\/bache-waroux-scaled.jpg\"},{\"@type\":\"BreadcrumbList\",\"@id\":\"https:\/\/www.gietka.be\/index.php\/2020-2\/#breadcrumb\",\"itemListElement\":[{\"@type\":\"ListItem\",\"position\":1,\"name\":\"Accueil\",\"item\":\"https:\/\/www.gietka.be\/\"},{\"@type\":\"ListItem\",\"position\":2,\"name\":\"2020\"}]},{\"@type\":\"WebSite\",\"@id\":\"https:\/\/www.gietka.be\/#website\",\"url\":\"https:\/\/www.gietka.be\/\",\"name\":\"Jos\u00e9 Gietka, aquarelliste et cr\u00e9ateur de bijoux\",\"description\":\"L&#039;art de l&#039;aquarelle cr\u00e9ative\",\"potentialAction\":[{\"@type\":\"SearchAction\",\"target\":{\"@type\":\"EntryPoint\",\"urlTemplate\":\"https:\/\/www.gietka.be\/?s={search_term_string}\"},\"query-input\":{\"@type\":\"PropertyValueSpecification\",\"valueRequired\":true,\"valueName\":\"search_term_string\"}}],\"inLanguage\":\"fr-FR\"}]}<\/script>\n<!-- \/ Yoast SEO plugin. -->","yoast_head_json":{"title":"2020 - Jos\u00e9 Gietka, aquarelliste et cr\u00e9ateur de bijoux","robots":{"index":"index","follow":"follow","max-snippet":"max-snippet:-1","max-image-preview":"max-image-preview:large","max-video-preview":"max-video-preview:-1"},"canonical":"https:\/\/www.gietka.be\/index.php\/2020-2\/","og_locale":"fr_FR","og_type":"article","og_title":"2020 - Jos\u00e9 Gietka, aquarelliste et cr\u00e9ateur de bijoux","og_description":"Du 11\/09\/2020 au 25\/10\/2020&nbsp;: Biennale internationale d\u2019Art na\u00eff et singulier au Ch\u00e2teau de Waroux","og_url":"https:\/\/www.gietka.be\/index.php\/2020-2\/","og_site_name":"Jos\u00e9 Gietka, aquarelliste et cr\u00e9ateur de bijoux","article_modified_time":"2020-11-12T13:14:01+00:00","og_image":[{"url":"http:\/\/www.gietka.be\/wp-content\/uploads\/2020\/09\/bache-waroux-scaled.jpg","type":"","width":"","height":""}],"twitter_card":"summary_large_image","schema":{"@context":"https:\/\/schema.org","@graph":[{"@type":"WebPage","@id":"https:\/\/www.gietka.be\/index.php\/2020-2\/","url":"https:\/\/www.gietka.be\/index.php\/2020-2\/","name":"2020 - Jos\u00e9 Gietka, aquarelliste et cr\u00e9ateur de bijoux","isPartOf":{"@id":"https:\/\/www.gietka.be\/#website"},"primaryImageOfPage":{"@id":"https:\/\/www.gietka.be\/index.php\/2020-2\/#primaryimage"},"image":{"@id":"https:\/\/www.gietka.be\/index.php\/2020-2\/#primaryimage"},"thumbnailUrl":"http:\/\/www.gietka.be\/wp-content\/uploads\/2020\/09\/bache-waroux-scaled.jpg","datePublished":"2020-11-12T12:55:25+00:00","dateModified":"2020-11-12T13:14:01+00:00","breadcrumb":{"@id":"https:\/\/www.gietka.be\/index.php\/2020-2\/#breadcrumb"},"inLanguage":"fr-FR","potentialAction":[{"@type":"ReadAction","target":["https:\/\/www.gietka.be\/index.php\/2020-2\/"]}]},{"@type":"ImageObject","inLanguage":"fr-FR","@id":"https:\/\/www.gietka.be\/index.php\/2020-2\/#primaryimage","url":"http:\/\/www.gietka.be\/wp-content\/uploads\/2020\/09\/bache-waroux-scaled.jpg","contentUrl":"http:\/\/www.gietka.be\/wp-content\/uploads\/2020\/09\/bache-waroux-scaled.jpg"},{"@type":"BreadcrumbList","@id":"https:\/\/www.gietka.be\/index.php\/2020-2\/#breadcrumb","itemListElement":[{"@type":"ListItem","position":1,"name":"Accueil","item":"https:\/\/www.gietka.be\/"},{"@type":"ListItem","position":2,"name":"2020"}]},{"@type":"WebSite","@id":"https:\/\/www.gietka.be\/#website","url":"https:\/\/www.gietka.be\/","name":"Jos\u00e9 Gietka, aquarelliste et cr\u00e9ateur de bijoux","description":"L&#039;art de l&#039;aquarelle cr\u00e9ative","potentialAction":[{"@type":"SearchAction","target":{"@type":"EntryPoint","urlTemplate":"https:\/\/www.gietka.be\/?s={search_term_string}"},"query-input":{"@type":"PropertyValueSpecification","valueRequired":true,"valueName":"search_term_string"}}],"inLanguage":"fr-FR"}]}},"jetpack_sharing_enabled":true,"jetpack_shortlink":"https:\/\/wp.me\/P7ZytP-17n","_links":{"self":[{"href":"https:\/\/www.gietka.be\/index.php\/wp-json\/wp\/v2\/pages\/4301","targetHints":{"allow":["GET"]}}],"collection":[{"href":"https:\/\/www.gietka.be\/index.php\/wp-json\/wp\/v2\/pages"}],"about":[{"href":"https:\/\/www.gietka.be\/index.php\/wp-json\/wp\/v2\/types\/page"}],"author":[{"embeddable":true,"href":"https:\/\/www.gietka.be\/index.php\/wp-json\/wp\/v2\/users\/2"}],"replies":[{"embeddable":true,"href":"https:\/\/www.gietka.be\/index.php\/wp-json\/wp\/v2\/comments?post=4301"}],"version-history":[{"count":6,"href":"https:\/\/www.gietka.be\/index.php\/wp-json\/wp\/v2\/pages\/4301\/revisions"}],"predecessor-version":[{"id":4313,"href":"https:\/\/www.gietka.be\/index.php\/wp-json\/wp\/v2\/pages\/4301\/revisions\/4313"}],"wp:attachment":[{"href":"https:\/\/www.gietka.be\/index.php\/wp-json\/wp\/v2\/media?parent=4301"}],"curies":[{"name":"wp","href":"https:\/\/api.w.org\/{rel}","templated":true}]}}