{"id":430,"date":"2016-11-11T11:21:38","date_gmt":"2016-11-11T10:21:38","guid":{"rendered":"http:\/\/www.gietka.be\/?page_id=430"},"modified":"2016-11-11T16:07:12","modified_gmt":"2016-11-11T15:07:12","slug":"espace-reserve-a-mes-galeristes","status":"publish","type":"page","link":"https:\/\/www.gietka.be\/index.php\/espace-reserve-a-mes-galeristes\/","title":{"rendered":"Espace r\u00e9serv\u00e9 \u00e0 mes galeristes"},"content":{"rendered":"Vous devez \u00eatre connect\u00e9 pour voir ce contenu.","protected":false},"excerpt":{"rendered":"Vous devez \u00eatre connect\u00e9 pour voir ce contenu.","protected":false},"author":2,"featured_media":0,"parent":0,"menu_order":0,"comment_status":"closed","ping_status":"closed","template":"","meta":{"jetpack_post_was_ever_published":false,"footnotes":""},"class_list":["post-430","page","type-page","status-publish","hentry"],"yoast_head":"<!-- This site is optimized with the Yoast SEO plugin v27.2 - https:\/\/yoast.com\/product\/yoast-seo-wordpress\/ -->\n<title>Espace r\u00e9serv\u00e9 \u00e0 mes galeristes - Jos\u00e9 Gietka, aquarelliste et cr\u00e9ateur de bijoux<\/title>\n<meta name=\"robots\" content=\"index, follow, max-snippet:-1, max-image-preview:large, max-video-preview:-1\" \/>\n<link rel=\"canonical\" href=\"https:\/\/www.gietka.be\/index.php\/espace-reserve-a-mes-galeristes\/\" \/>\n<meta property=\"og:locale\" content=\"fr_FR\" \/>\n<meta property=\"og:type\" content=\"article\" \/>\n<meta property=\"og:title\" content=\"Espace r\u00e9serv\u00e9 \u00e0 mes galeristes - Jos\u00e9 Gietka, aquarelliste et cr\u00e9ateur de bijoux\" \/>\n<meta property=\"og:description\" content=\"Ce contenu n\u2019est accessible qu\u2019aux membres du site. Si vous \u00eates inscrit, veuillez vous connecter. Les nouveaux utilisateurs peuvent s&#039;inscrire ci-dessous.Connexion pour les utilisateurs enregistr\u00e9sIdentifiant ou e-mailMot de passe&nbsp;Se souvenir de moi&nbsp;&nbsp;Nouvel utilisateur\u00a0?Choisissez un Nom d\u2019utilisateur*Pr\u00e9nom*Nom*Adresse 1*Compl\u00e9ment d\u2019adresseVille*\u00c9tatCode postal*Pays*T\u00e9l\u00e9phone professionnel*Courriel**Champ &hellip; Continuer la lecture &rarr;\" \/>\n<meta property=\"og:url\" content=\"https:\/\/www.gietka.be\/index.php\/espace-reserve-a-mes-galeristes\/\" \/>\n<meta property=\"og:site_name\" content=\"Jos\u00e9 Gietka, aquarelliste et cr\u00e9ateur de bijoux\" \/>\n<meta property=\"article:modified_time\" content=\"2016-11-11T15:07:12+00:00\" \/>\n<meta property=\"og:image\" content=\"https:\/\/i0.wp.com\/www.gietka.be\/wp-content\/uploads\/2016\/11\/2016-VUE-SUR-UNE-CHAINE-DE-MONTAGNES-18x56.jpg?resize=150%2C150&amp;ssl=1\" \/>\n<meta name=\"twitter:card\" content=\"summary_large_image\" \/>\n<script type=\"application\/ld+json\" class=\"yoast-schema-graph\">{\"@context\":\"https:\/\/schema.org\",\"@graph\":[{\"@type\":\"WebPage\",\"@id\":\"https:\/\/www.gietka.be\/index.php\/espace-reserve-a-mes-galeristes\/\",\"url\":\"https:\/\/www.gietka.be\/index.php\/espace-reserve-a-mes-galeristes\/\",\"name\":\"Espace r\u00e9serv\u00e9 \u00e0 mes galeristes - Jos\u00e9 Gietka, aquarelliste et cr\u00e9ateur de bijoux\",\"isPartOf\":{\"@id\":\"https:\/\/www.gietka.be\/#website\"},\"datePublished\":\"2016-11-11T10:21:38+00:00\",\"dateModified\":\"2016-11-11T15:07:12+00:00\",\"breadcrumb\":{\"@id\":\"https:\/\/www.gietka.be\/index.php\/espace-reserve-a-mes-galeristes\/#breadcrumb\"},\"inLanguage\":\"fr-FR\",\"potentialAction\":[{\"@type\":\"ReadAction\",\"target\":[\"https:\/\/www.gietka.be\/index.php\/espace-reserve-a-mes-galeristes\/\"]}]},{\"@type\":\"BreadcrumbList\",\"@id\":\"https:\/\/www.gietka.be\/index.php\/espace-reserve-a-mes-galeristes\/#breadcrumb\",\"itemListElement\":[{\"@type\":\"ListItem\",\"position\":1,\"name\":\"Accueil\",\"item\":\"https:\/\/www.gietka.be\/\"},{\"@type\":\"ListItem\",\"position\":2,\"name\":\"Espace r\u00e9serv\u00e9 \u00e0 mes galeristes\"}]},{\"@type\":\"WebSite\",\"@id\":\"https:\/\/www.gietka.be\/#website\",\"url\":\"https:\/\/www.gietka.be\/\",\"name\":\"Jos\u00e9 Gietka, aquarelliste et cr\u00e9ateur de bijoux\",\"description\":\"L&#039;art de l&#039;aquarelle cr\u00e9ative\",\"potentialAction\":[{\"@type\":\"SearchAction\",\"target\":{\"@type\":\"EntryPoint\",\"urlTemplate\":\"https:\/\/www.gietka.be\/?s={search_term_string}\"},\"query-input\":{\"@type\":\"PropertyValueSpecification\",\"valueRequired\":true,\"valueName\":\"search_term_string\"}}],\"inLanguage\":\"fr-FR\"}]}<\/script>\n<!-- \/ Yoast SEO plugin. -->","yoast_head_json":{"title":"Espace r\u00e9serv\u00e9 \u00e0 mes galeristes - Jos\u00e9 Gietka, aquarelliste et cr\u00e9ateur de bijoux","robots":{"index":"index","follow":"follow","max-snippet":"max-snippet:-1","max-image-preview":"max-image-preview:large","max-video-preview":"max-video-preview:-1"},"canonical":"https:\/\/www.gietka.be\/index.php\/espace-reserve-a-mes-galeristes\/","og_locale":"fr_FR","og_type":"article","og_title":"Espace r\u00e9serv\u00e9 \u00e0 mes galeristes - Jos\u00e9 Gietka, aquarelliste et cr\u00e9ateur de bijoux","og_description":"Ce contenu n\u2019est accessible qu\u2019aux membres du site. Si vous \u00eates inscrit, veuillez vous connecter. Les nouveaux utilisateurs peuvent s'inscrire ci-dessous.Connexion pour les utilisateurs enregistr\u00e9sIdentifiant ou e-mailMot de passe&nbsp;Se souvenir de moi&nbsp;&nbsp;Nouvel utilisateur\u00a0?Choisissez un Nom d\u2019utilisateur*Pr\u00e9nom*Nom*Adresse 1*Compl\u00e9ment d\u2019adresseVille*\u00c9tatCode postal*Pays*T\u00e9l\u00e9phone professionnel*Courriel**Champ &hellip; Continuer la lecture &rarr;","og_url":"https:\/\/www.gietka.be\/index.php\/espace-reserve-a-mes-galeristes\/","og_site_name":"Jos\u00e9 Gietka, aquarelliste et cr\u00e9ateur de bijoux","article_modified_time":"2016-11-11T15:07:12+00:00","og_image":[{"url":"https:\/\/i0.wp.com\/www.gietka.be\/wp-content\/uploads\/2016\/11\/2016-VUE-SUR-UNE-CHAINE-DE-MONTAGNES-18x56.jpg?resize=150%2C150&amp;ssl=1","type":"","width":"","height":""}],"twitter_card":"summary_large_image","schema":{"@context":"https:\/\/schema.org","@graph":[{"@type":"WebPage","@id":"https:\/\/www.gietka.be\/index.php\/espace-reserve-a-mes-galeristes\/","url":"https:\/\/www.gietka.be\/index.php\/espace-reserve-a-mes-galeristes\/","name":"Espace r\u00e9serv\u00e9 \u00e0 mes galeristes - Jos\u00e9 Gietka, aquarelliste et cr\u00e9ateur de bijoux","isPartOf":{"@id":"https:\/\/www.gietka.be\/#website"},"datePublished":"2016-11-11T10:21:38+00:00","dateModified":"2016-11-11T15:07:12+00:00","breadcrumb":{"@id":"https:\/\/www.gietka.be\/index.php\/espace-reserve-a-mes-galeristes\/#breadcrumb"},"inLanguage":"fr-FR","potentialAction":[{"@type":"ReadAction","target":["https:\/\/www.gietka.be\/index.php\/espace-reserve-a-mes-galeristes\/"]}]},{"@type":"BreadcrumbList","@id":"https:\/\/www.gietka.be\/index.php\/espace-reserve-a-mes-galeristes\/#breadcrumb","itemListElement":[{"@type":"ListItem","position":1,"name":"Accueil","item":"https:\/\/www.gietka.be\/"},{"@type":"ListItem","position":2,"name":"Espace r\u00e9serv\u00e9 \u00e0 mes galeristes"}]},{"@type":"WebSite","@id":"https:\/\/www.gietka.be\/#website","url":"https:\/\/www.gietka.be\/","name":"Jos\u00e9 Gietka, aquarelliste et cr\u00e9ateur de bijoux","description":"L&#039;art de l&#039;aquarelle cr\u00e9ative","potentialAction":[{"@type":"SearchAction","target":{"@type":"EntryPoint","urlTemplate":"https:\/\/www.gietka.be\/?s={search_term_string}"},"query-input":{"@type":"PropertyValueSpecification","valueRequired":true,"valueName":"search_term_string"}}],"inLanguage":"fr-FR"}]}},"jetpack_sharing_enabled":true,"jetpack_shortlink":"https:\/\/wp.me\/P7ZytP-6W","_links":{"self":[{"href":"https:\/\/www.gietka.be\/index.php\/wp-json\/wp\/v2\/pages\/430","targetHints":{"allow":["GET"]}}],"collection":[{"href":"https:\/\/www.gietka.be\/index.php\/wp-json\/wp\/v2\/pages"}],"about":[{"href":"https:\/\/www.gietka.be\/index.php\/wp-json\/wp\/v2\/types\/page"}],"author":[{"embeddable":true,"href":"https:\/\/www.gietka.be\/index.php\/wp-json\/wp\/v2\/users\/2"}],"replies":[{"embeddable":true,"href":"https:\/\/www.gietka.be\/index.php\/wp-json\/wp\/v2\/comments?post=430"}],"version-history":[{"count":7,"href":"https:\/\/www.gietka.be\/index.php\/wp-json\/wp\/v2\/pages\/430\/revisions"}],"predecessor-version":[{"id":673,"href":"https:\/\/www.gietka.be\/index.php\/wp-json\/wp\/v2\/pages\/430\/revisions\/673"}],"wp:attachment":[{"href":"https:\/\/www.gietka.be\/index.php\/wp-json\/wp\/v2\/media?parent=430"}],"curies":[{"name":"wp","href":"https:\/\/api.w.org\/{rel}","templated":true}]}}