{"id":359,"date":"2016-11-10T19:35:57","date_gmt":"2016-11-10T18:35:57","guid":{"rendered":"http:\/\/www.gietka.be\/?page_id=359"},"modified":"2016-11-12T11:40:04","modified_gmt":"2016-11-12T10:40:04","slug":"dessins","status":"publish","type":"page","link":"https:\/\/www.gietka.be\/index.php\/dessins\/","title":{"rendered":"Dessins"},"content":{"rendered":"<p class=\"jetpack-slideshow-noscript robots-nocontent\">Ce diaporama n\u00e9cessite JavaScript.<\/p><div id=\"gallery-359-1-slideshow\" class=\"jetpack-slideshow-window jetpack-slideshow jetpack-slideshow-black\" data-trans=\"fade\" data-autostart=\"1\" data-gallery=\"[{&quot;src&quot;:&quot;https:\\\/\\\/i0.wp.com\\\/www.gietka.be\\\/wp-content\\\/uploads\\\/2016\\\/11\\\/Crayon-aust%C3%A9rit%C3%A9.jpg?fit=1000%2C651\\u0026ssl=1&quot;,&quot;id&quot;:&quot;420&quot;,&quot;title&quot;:&quot;\\u00ab\\u00a0Aust\\u00e9rit\\u00e9\\u00a0\\u00bb (crayon)&quot;,&quot;alt&quot;:&quot;Dessin Jos\\u00e9 Gietka&quot;,&quot;caption&quot;:&quot;\\u00ab\\u00a0Aust\\u00e9rit\\u00e9\\u00a0\\u00bb (crayon)&quot;,&quot;itemprop&quot;:&quot;image&quot;},{&quot;src&quot;:&quot;https:\\\/\\\/i0.wp.com\\\/www.gietka.be\\\/wp-content\\\/uploads\\\/2016\\\/11\\\/Crayon-la-grenouille.jpg?fit=674%2C1024\\u0026ssl=1&quot;,&quot;id&quot;:&quot;421&quot;,&quot;title&quot;:&quot;\\u00ab\\u00a0La grenouille\\u00a0\\u00bb (crayon)&quot;,&quot;alt&quot;:&quot;Dessin Jos\\u00e9 Gietka&quot;,&quot;caption&quot;:&quot;\\u00ab\\u00a0La grenouille\\u00a0\\u00bb (crayon)&quot;,&quot;itemprop&quot;:&quot;image&quot;},{&quot;src&quot;:&quot;https:\\\/\\\/i0.wp.com\\\/www.gietka.be\\\/wp-content\\\/uploads\\\/2016\\\/11\\\/Crayon-les-grimaces.jpg?fit=770%2C1024\\u0026ssl=1&quot;,&quot;id&quot;:&quot;422&quot;,&quot;title&quot;:&quot;\\u00ab\\u00a0Les grimaces\\u00a0\\u00bb (crayon)&quot;,&quot;alt&quot;:&quot;Dessin Jos\\u00e9 Gietka&quot;,&quot;caption&quot;:&quot;\\u00ab\\u00a0Les grimaces\\u00a0\\u00bb (crayon)&quot;,&quot;itemprop&quot;:&quot;image&quot;},{&quot;src&quot;:&quot;https:\\\/\\\/i0.wp.com\\\/www.gietka.be\\\/wp-content\\\/uploads\\\/2016\\\/11\\\/Encre-et-crayon-architecture.jpg?fit=719%2C1024\\u0026ssl=1&quot;,&quot;id&quot;:&quot;423&quot;,&quot;title&quot;:&quot;\\u00ab\\u00a0Architecture\\u00a0\\u00bb (encre et crayon)&quot;,&quot;alt&quot;:&quot;Dessin Jos\\u00e9 Gietka&quot;,&quot;caption&quot;:&quot;\\u00ab\\u00a0Architecture\\u00a0\\u00bb (encre et crayon)&quot;,&quot;itemprop&quot;:&quot;image&quot;},{&quot;src&quot;:&quot;https:\\\/\\\/i0.wp.com\\\/www.gietka.be\\\/wp-content\\\/uploads\\\/2016\\\/11\\\/Encre-et-crayon-le-musicien.jpg?fit=711%2C1024\\u0026ssl=1&quot;,&quot;id&quot;:&quot;424&quot;,&quot;title&quot;:&quot;\\u00ab\\u00a0Le musicien\\u00a0\\u00bb (encre et crayon)&quot;,&quot;alt&quot;:&quot;Dessin Jos\\u00e9 Gietka&quot;,&quot;caption&quot;:&quot;\\u00ab\\u00a0Le musicien\\u00a0\\u00bb (encre et crayon)&quot;,&quot;itemprop&quot;:&quot;image&quot;},{&quot;src&quot;:&quot;https:\\\/\\\/i0.wp.com\\\/www.gietka.be\\\/wp-content\\\/uploads\\\/2016\\\/11\\\/Encre-et-crayon-lorientation.jpg?fit=543%2C1024\\u0026ssl=1&quot;,&quot;id&quot;:&quot;425&quot;,&quot;title&quot;:&quot;\\u00ab\\u00a0Orientation\\u00a0\\u00bb (encre et crayon)&quot;,&quot;alt&quot;:&quot;Dessin Jos\\u00e9 Gietka&quot;,&quot;caption&quot;:&quot;\\u00ab\\u00a0Orientation\\u00a0\\u00bb (encre et crayon)&quot;,&quot;itemprop&quot;:&quot;image&quot;},{&quot;src&quot;:&quot;https:\\\/\\\/i0.wp.com\\\/www.gietka.be\\\/wp-content\\\/uploads\\\/2016\\\/11\\\/Encre-et-crayon-spots.jpg?fit=1000%2C485\\u0026ssl=1&quot;,&quot;id&quot;:&quot;426&quot;,&quot;title&quot;:&quot;\\u00ab\\u00a0Spot\\u00a0\\u00bb (encre et crayon)&quot;,&quot;alt&quot;:&quot;Dessin Jos\\u00e9 Gietka&quot;,&quot;caption&quot;:&quot;\\u00ab\\u00a0Spot\\u00a0\\u00bb (encre et crayon)&quot;,&quot;itemprop&quot;:&quot;image&quot;},{&quot;src&quot;:&quot;https:\\\/\\\/i0.wp.com\\\/www.gietka.be\\\/wp-content\\\/uploads\\\/2016\\\/11\\\/encre-village.jpg?fit=1000%2C756\\u0026ssl=1&quot;,&quot;id&quot;:&quot;427&quot;,&quot;title&quot;:&quot;\\u00ab\\u00a0Village\\u00a0\\u00bb (encre)&quot;,&quot;alt&quot;:&quot;Dessin Jos\\u00e9 Gietka&quot;,&quot;caption&quot;:&quot;\\u00ab\\u00a0Village\\u00a0\\u00bb (encre)&quot;,&quot;itemprop&quot;:&quot;image&quot;},{&quot;src&quot;:&quot;https:\\\/\\\/i0.wp.com\\\/www.gietka.be\\\/wp-content\\\/uploads\\\/2016\\\/11\\\/Plume-et-crayon-fantomatique.jpg?fit=635%2C1024\\u0026ssl=1&quot;,&quot;id&quot;:&quot;428&quot;,&quot;title&quot;:&quot;\\u00ab\\u00a0Fantomatique\\u00a0\\u00bb (plume et crayon)&quot;,&quot;alt&quot;:&quot;Dessin Jos\\u00e9 Gietka&quot;,&quot;caption&quot;:&quot;\\u00ab\\u00a0Fantomatique\\u00a0\\u00bb (plume et crayon)&quot;,&quot;itemprop&quot;:&quot;image&quot;}]\" itemscope itemtype=\"https:\/\/schema.org\/ImageGallery\"><\/div>\n","protected":false},"excerpt":{"rendered":"","protected":false},"author":2,"featured_media":0,"parent":0,"menu_order":0,"comment_status":"closed","ping_status":"closed","template":"","meta":{"jetpack_post_was_ever_published":false,"footnotes":""},"class_list":["post-359","page","type-page","status-publish","hentry"],"yoast_head":"<!-- This site is optimized with the Yoast SEO plugin v27.2 - https:\/\/yoast.com\/product\/yoast-seo-wordpress\/ -->\n<title>Dessins - Jos\u00e9 Gietka, aquarelliste et cr\u00e9ateur de bijoux<\/title>\n<meta name=\"robots\" content=\"index, follow, max-snippet:-1, max-image-preview:large, max-video-preview:-1\" \/>\n<link rel=\"canonical\" href=\"https:\/\/www.gietka.be\/index.php\/dessins\/\" \/>\n<meta property=\"og:locale\" content=\"fr_FR\" \/>\n<meta property=\"og:type\" content=\"article\" \/>\n<meta property=\"og:title\" content=\"Dessins - Jos\u00e9 Gietka, aquarelliste et cr\u00e9ateur de bijoux\" \/>\n<meta property=\"og:url\" content=\"https:\/\/www.gietka.be\/index.php\/dessins\/\" \/>\n<meta property=\"og:site_name\" content=\"Jos\u00e9 Gietka, aquarelliste et cr\u00e9ateur de bijoux\" \/>\n<meta property=\"article:modified_time\" content=\"2016-11-12T10:40:04+00:00\" \/>\n<meta name=\"twitter:card\" content=\"summary_large_image\" \/>\n<script type=\"application\/ld+json\" class=\"yoast-schema-graph\">{\"@context\":\"https:\/\/schema.org\",\"@graph\":[{\"@type\":\"WebPage\",\"@id\":\"https:\/\/www.gietka.be\/index.php\/dessins\/\",\"url\":\"https:\/\/www.gietka.be\/index.php\/dessins\/\",\"name\":\"Dessins - Jos\u00e9 Gietka, aquarelliste et cr\u00e9ateur de bijoux\",\"isPartOf\":{\"@id\":\"https:\/\/www.gietka.be\/#website\"},\"datePublished\":\"2016-11-10T18:35:57+00:00\",\"dateModified\":\"2016-11-12T10:40:04+00:00\",\"breadcrumb\":{\"@id\":\"https:\/\/www.gietka.be\/index.php\/dessins\/#breadcrumb\"},\"inLanguage\":\"fr-FR\",\"potentialAction\":[{\"@type\":\"ReadAction\",\"target\":[\"https:\/\/www.gietka.be\/index.php\/dessins\/\"]}]},{\"@type\":\"BreadcrumbList\",\"@id\":\"https:\/\/www.gietka.be\/index.php\/dessins\/#breadcrumb\",\"itemListElement\":[{\"@type\":\"ListItem\",\"position\":1,\"name\":\"Accueil\",\"item\":\"https:\/\/www.gietka.be\/\"},{\"@type\":\"ListItem\",\"position\":2,\"name\":\"Dessins\"}]},{\"@type\":\"WebSite\",\"@id\":\"https:\/\/www.gietka.be\/#website\",\"url\":\"https:\/\/www.gietka.be\/\",\"name\":\"Jos\u00e9 Gietka, aquarelliste et cr\u00e9ateur de bijoux\",\"description\":\"L&#039;art de l&#039;aquarelle cr\u00e9ative\",\"potentialAction\":[{\"@type\":\"SearchAction\",\"target\":{\"@type\":\"EntryPoint\",\"urlTemplate\":\"https:\/\/www.gietka.be\/?s={search_term_string}\"},\"query-input\":{\"@type\":\"PropertyValueSpecification\",\"valueRequired\":true,\"valueName\":\"search_term_string\"}}],\"inLanguage\":\"fr-FR\"}]}<\/script>\n<!-- \/ Yoast SEO plugin. -->","yoast_head_json":{"title":"Dessins - Jos\u00e9 Gietka, aquarelliste et cr\u00e9ateur de bijoux","robots":{"index":"index","follow":"follow","max-snippet":"max-snippet:-1","max-image-preview":"max-image-preview:large","max-video-preview":"max-video-preview:-1"},"canonical":"https:\/\/www.gietka.be\/index.php\/dessins\/","og_locale":"fr_FR","og_type":"article","og_title":"Dessins - Jos\u00e9 Gietka, aquarelliste et cr\u00e9ateur de bijoux","og_url":"https:\/\/www.gietka.be\/index.php\/dessins\/","og_site_name":"Jos\u00e9 Gietka, aquarelliste et cr\u00e9ateur de bijoux","article_modified_time":"2016-11-12T10:40:04+00:00","twitter_card":"summary_large_image","schema":{"@context":"https:\/\/schema.org","@graph":[{"@type":"WebPage","@id":"https:\/\/www.gietka.be\/index.php\/dessins\/","url":"https:\/\/www.gietka.be\/index.php\/dessins\/","name":"Dessins - Jos\u00e9 Gietka, aquarelliste et cr\u00e9ateur de bijoux","isPartOf":{"@id":"https:\/\/www.gietka.be\/#website"},"datePublished":"2016-11-10T18:35:57+00:00","dateModified":"2016-11-12T10:40:04+00:00","breadcrumb":{"@id":"https:\/\/www.gietka.be\/index.php\/dessins\/#breadcrumb"},"inLanguage":"fr-FR","potentialAction":[{"@type":"ReadAction","target":["https:\/\/www.gietka.be\/index.php\/dessins\/"]}]},{"@type":"BreadcrumbList","@id":"https:\/\/www.gietka.be\/index.php\/dessins\/#breadcrumb","itemListElement":[{"@type":"ListItem","position":1,"name":"Accueil","item":"https:\/\/www.gietka.be\/"},{"@type":"ListItem","position":2,"name":"Dessins"}]},{"@type":"WebSite","@id":"https:\/\/www.gietka.be\/#website","url":"https:\/\/www.gietka.be\/","name":"Jos\u00e9 Gietka, aquarelliste et cr\u00e9ateur de bijoux","description":"L&#039;art de l&#039;aquarelle cr\u00e9ative","potentialAction":[{"@type":"SearchAction","target":{"@type":"EntryPoint","urlTemplate":"https:\/\/www.gietka.be\/?s={search_term_string}"},"query-input":{"@type":"PropertyValueSpecification","valueRequired":true,"valueName":"search_term_string"}}],"inLanguage":"fr-FR"}]}},"jetpack_sharing_enabled":true,"jetpack_shortlink":"https:\/\/wp.me\/P7ZytP-5N","_links":{"self":[{"href":"https:\/\/www.gietka.be\/index.php\/wp-json\/wp\/v2\/pages\/359","targetHints":{"allow":["GET"]}}],"collection":[{"href":"https:\/\/www.gietka.be\/index.php\/wp-json\/wp\/v2\/pages"}],"about":[{"href":"https:\/\/www.gietka.be\/index.php\/wp-json\/wp\/v2\/types\/page"}],"author":[{"embeddable":true,"href":"https:\/\/www.gietka.be\/index.php\/wp-json\/wp\/v2\/users\/2"}],"replies":[{"embeddable":true,"href":"https:\/\/www.gietka.be\/index.php\/wp-json\/wp\/v2\/comments?post=359"}],"version-history":[{"count":3,"href":"https:\/\/www.gietka.be\/index.php\/wp-json\/wp\/v2\/pages\/359\/revisions"}],"predecessor-version":[{"id":680,"href":"https:\/\/www.gietka.be\/index.php\/wp-json\/wp\/v2\/pages\/359\/revisions\/680"}],"wp:attachment":[{"href":"https:\/\/www.gietka.be\/index.php\/wp-json\/wp\/v2\/media?parent=359"}],"curies":[{"name":"wp","href":"https:\/\/api.w.org\/{rel}","templated":true}]}}