{"id":355,"date":"2016-11-10T19:35:01","date_gmt":"2016-11-10T18:35:01","guid":{"rendered":"http:\/\/www.gietka.be\/?page_id=355"},"modified":"2021-10-30T13:44:29","modified_gmt":"2021-10-30T11:44:29","slug":"quelques-souvenirs","status":"publish","type":"page","link":"https:\/\/www.gietka.be\/index.php\/quelques-souvenirs\/","title":{"rendered":"Cours"},"content":{"rendered":"<p style=\"text-align: center;\"><div id=\"metaslider-id-401\" style=\"max-width: 700px;\" class=\"ml-slider-3-107-0 metaslider metaslider-flex metaslider-401 ml-slider has-dots-nav ms-theme-default\" role=\"region\" aria-label=\"Cours et stages\" data-height=\"500\" data-width=\"700\">\n    <div id=\"metaslider_container_401\">\n        <div id=\"metaslider_401\">\n            <ul class='slides'>\n                <li style=\"display: block; width: 100%;\" class=\"slide-380 ms-image \" aria-roledescription=\"slide\" data-date=\"2016-11-11 08:58:32\" data-filename=\"2012-Mosart-enfants-700x500.jpg\" data-slide-type=\"image\"><img data-recalc-dims=\"1\" loading=\"lazy\" decoding=\"async\" src=\"https:\/\/i0.wp.com\/www.gietka.be\/wp-content\/uploads\/2016\/11\/2012-Mosart-enfants-700x500.jpg?resize=640%2C457&#038;ssl=1\" height=\"457\" width=\"640\" alt=\"cours et stage Jos\u00e9 Gietka\" class=\"slider-401 slide-380 msDefaultImage\" \/><\/li>\n                <li style=\"display: none; width: 100%;\" class=\"slide-390 ms-image \" aria-roledescription=\"slide\" data-date=\"2016-11-11 09:00:18\" data-filename=\"2015-D\u00e9mo-Jos\u00e9-700x500.jpg\" data-slide-type=\"image\"><img data-recalc-dims=\"1\" loading=\"lazy\" decoding=\"async\" src=\"https:\/\/i0.wp.com\/www.gietka.be\/wp-content\/uploads\/2016\/11\/2015-D%C3%A9mo-Jos%C3%A9.jpg?resize=640%2C457&#038;ssl=1\" height=\"457\" width=\"640\" alt=\"cours et stage Jos\u00e9 Gietka\" class=\"slider-401 slide-390 msDefaultImage\" \/><\/li>\n                <li style=\"display: none; width: 100%;\" class=\"slide-389 ms-image \" aria-roledescription=\"slide\" data-date=\"2016-11-11 09:00:16\" data-filename=\"2014-Stage-700x500.jpg\" data-slide-type=\"image\"><img data-recalc-dims=\"1\" loading=\"lazy\" decoding=\"async\" src=\"https:\/\/i0.wp.com\/www.gietka.be\/wp-content\/uploads\/2016\/11\/2014-Stage.jpg?resize=640%2C457&#038;ssl=1\" height=\"457\" width=\"640\" alt=\"cours et stage Jos\u00e9 Gietka\" class=\"slider-401 slide-389 msDefaultImage\" \/><\/li>\n                <li style=\"display: none; width: 100%;\" class=\"slide-388 ms-image \" aria-roledescription=\"slide\" data-date=\"2016-11-11 09:00:14\" data-filename=\"2014-Stage-La-Plante-700x500.jpg\" data-slide-type=\"image\"><img data-recalc-dims=\"1\" loading=\"lazy\" decoding=\"async\" src=\"https:\/\/i0.wp.com\/www.gietka.be\/wp-content\/uploads\/2016\/11\/2014-Stage-La-Plante.jpg?resize=640%2C457&#038;ssl=1\" height=\"457\" width=\"640\" alt=\"cours et stage Jos\u00e9 Gietka\" class=\"slider-401 slide-388 msDefaultImage\" \/><\/li>\n                <li style=\"display: none; width: 100%;\" class=\"slide-387 ms-image \" aria-roledescription=\"slide\" data-date=\"2016-11-11 09:00:12\" data-filename=\"2014-lln-Stage-600x428.jpg\" data-slide-type=\"image\"><img data-recalc-dims=\"1\" loading=\"lazy\" decoding=\"async\" src=\"https:\/\/i0.wp.com\/www.gietka.be\/wp-content\/uploads\/2016\/11\/2014-lln-Stage.jpg?resize=640%2C457&#038;ssl=1\" height=\"457\" width=\"640\" alt=\"cours et stage Jos\u00e9 Gietka\" class=\"slider-401 slide-387 msDefaultImage\" \/><\/li>\n                <li style=\"display: none; width: 100%;\" class=\"slide-386 ms-image \" aria-roledescription=\"slide\" data-date=\"2016-11-11 09:00:10\" data-filename=\"2013-Stage-la-plante-4-700x500.jpg\" data-slide-type=\"image\"><img data-recalc-dims=\"1\" loading=\"lazy\" decoding=\"async\" src=\"https:\/\/i0.wp.com\/www.gietka.be\/wp-content\/uploads\/2016\/11\/2013-Stage-la-plante-4.jpg?resize=640%2C457&#038;ssl=1\" height=\"457\" width=\"640\" alt=\"cours et stage Jos\u00e9 Gietka\" class=\"slider-401 slide-386 msDefaultImage\" \/><\/li>\n                <li style=\"display: none; width: 100%;\" class=\"slide-385 ms-image \" aria-roledescription=\"slide\" data-date=\"2016-11-11 09:00:08\" data-filename=\"2013-Stage-la-plante-3-700x500.jpg\" data-slide-type=\"image\"><img data-recalc-dims=\"1\" loading=\"lazy\" decoding=\"async\" src=\"https:\/\/i0.wp.com\/www.gietka.be\/wp-content\/uploads\/2016\/11\/2013-Stage-la-plante-3.jpg?resize=640%2C457&#038;ssl=1\" height=\"457\" width=\"640\" alt=\"cours et stage Jos\u00e9 Gietka\" class=\"slider-401 slide-385 msDefaultImage\" \/><\/li>\n                <li style=\"display: none; width: 100%;\" class=\"slide-384 ms-image \" aria-roledescription=\"slide\" data-date=\"2016-11-11 09:00:06\" data-filename=\"2013-Stage-la-plante-2-700x500.jpg\" data-slide-type=\"image\"><img data-recalc-dims=\"1\" loading=\"lazy\" decoding=\"async\" src=\"https:\/\/i0.wp.com\/www.gietka.be\/wp-content\/uploads\/2016\/11\/2013-Stage-la-plante-2.jpg?resize=640%2C457&#038;ssl=1\" height=\"457\" width=\"640\" alt=\"cours et stage Jos\u00e9 Gietka\" class=\"slider-401 slide-384 msDefaultImage\" \/><\/li>\n                <li style=\"display: none; width: 100%;\" class=\"slide-383 ms-image \" aria-roledescription=\"slide\" data-date=\"2016-11-11 09:00:05\" data-filename=\"2013-Stage-la-plante-1-700x500.jpg\" data-slide-type=\"image\"><img data-recalc-dims=\"1\" loading=\"lazy\" decoding=\"async\" src=\"https:\/\/i0.wp.com\/www.gietka.be\/wp-content\/uploads\/2016\/11\/2013-Stage-la-plante-1.jpg?resize=640%2C457&#038;ssl=1\" height=\"457\" width=\"640\" alt=\"cours et stage Jos\u00e9 Gietka\" class=\"slider-401 slide-383 msDefaultImage\" \/><\/li>\n                <li style=\"display: none; width: 100%;\" class=\"slide-382 ms-image \" aria-roledescription=\"slide\" data-date=\"2016-11-11 09:00:02\" data-filename=\"2013-Graphica-demo-700x500.jpg\" data-slide-type=\"image\"><img data-recalc-dims=\"1\" loading=\"lazy\" decoding=\"async\" src=\"https:\/\/i0.wp.com\/www.gietka.be\/wp-content\/uploads\/2016\/11\/2013-Graphica-demo.jpg?resize=640%2C457&#038;ssl=1\" height=\"457\" width=\"640\" alt=\"cours et stage Jos\u00e9 Gietka\" class=\"slider-401 slide-382 msDefaultImage\" \/><\/li>\n                <li style=\"display: none; width: 100%;\" class=\"slide-381 ms-image \" aria-roledescription=\"slide\" data-date=\"2016-11-11 08:59:08\" data-filename=\"2013-Arbre-d\u00e9mo-700x500.jpg\" data-slide-type=\"image\"><img data-recalc-dims=\"1\" loading=\"lazy\" decoding=\"async\" src=\"https:\/\/i0.wp.com\/www.gietka.be\/wp-content\/uploads\/2016\/11\/2013-Arbre-d%C3%A9mo.jpg?resize=640%2C457&#038;ssl=1\" height=\"457\" width=\"640\" alt=\"cours et stage Jos\u00e9 Gietka\" class=\"slider-401 slide-381 msDefaultImage\" \/><\/li>\n                <li style=\"display: none; width: 100%;\" class=\"slide-391 ms-image \" aria-roledescription=\"slide\" data-date=\"2016-11-11 09:00:19\" data-filename=\"2015-Stage-St-Marc-resto-700x500.jpg\" data-slide-type=\"image\"><img data-recalc-dims=\"1\" loading=\"lazy\" decoding=\"async\" src=\"https:\/\/i0.wp.com\/www.gietka.be\/wp-content\/uploads\/2016\/11\/2015-Stage-St-Marc-resto.jpg?resize=640%2C457&#038;ssl=1\" height=\"457\" width=\"640\" alt=\"cours et stage Jos\u00e9 Gietka\" class=\"slider-401 slide-391 msDefaultImage\" \/><\/li>\n                <li style=\"display: none; width: 100%;\" class=\"slide-392 ms-image \" aria-roledescription=\"slide\" data-date=\"2016-11-11 09:00:20\" data-filename=\"2015-Stage-St-Marc-700x500.jpg\" data-slide-type=\"image\"><img data-recalc-dims=\"1\" loading=\"lazy\" decoding=\"async\" src=\"https:\/\/i0.wp.com\/www.gietka.be\/wp-content\/uploads\/2016\/11\/2015-Stage-St-Marc.jpg?resize=640%2C457&#038;ssl=1\" height=\"457\" width=\"640\" alt=\"cours et stage Jos\u00e9 Gietka\" class=\"slider-401 slide-392 msDefaultImage\" \/><\/li>\n                <li style=\"display: none; width: 100%;\" class=\"slide-399 ms-image \" aria-roledescription=\"slide\" data-date=\"2016-11-11 09:01:04\" data-filename=\"2016-Club-photo-conf\u00e9rence-700x500.jpg\" data-slide-type=\"image\"><img data-recalc-dims=\"1\" loading=\"lazy\" decoding=\"async\" src=\"https:\/\/i0.wp.com\/www.gietka.be\/wp-content\/uploads\/2016\/11\/2016-Club-photo-conf%C3%A9rence.jpg?resize=640%2C457&#038;ssl=1\" height=\"457\" width=\"640\" alt=\"cours et stage Jos\u00e9 Gietka\" class=\"slider-401 slide-399 msDefaultImage\" \/><\/li>\n                <li style=\"display: none; width: 100%;\" class=\"slide-1022 ms-image \" aria-roledescription=\"slide\" data-date=\"2018-02-17 12:49:14\" data-filename=\"2016-1ere-expo-\u00e9l\u00e8ves-5-700x500.jpg\" data-slide-type=\"image\"><img data-recalc-dims=\"1\" loading=\"lazy\" decoding=\"async\" src=\"https:\/\/i0.wp.com\/www.gietka.be\/wp-content\/uploads\/2016\/11\/2016-1ere-expo-%C3%A9l%C3%A8ves-5.jpg?resize=640%2C457&#038;ssl=1\" height=\"457\" width=\"640\" alt=\"cours et stage Jos\u00e9 Gietka\" class=\"slider-401 slide-1022 msDefaultImage\" \/><\/li>\n                <li style=\"display: none; width: 100%;\" class=\"slide-1023 ms-image \" aria-roledescription=\"slide\" data-date=\"2018-02-17 12:49:46\" data-filename=\"2016-1ere-expo-\u00e9l\u00e8ves-4-700x500.jpg\" data-slide-type=\"image\"><img data-recalc-dims=\"1\" loading=\"lazy\" decoding=\"async\" src=\"https:\/\/i0.wp.com\/www.gietka.be\/wp-content\/uploads\/2016\/11\/2016-1ere-expo-%C3%A9l%C3%A8ves-4.jpg?resize=640%2C457&#038;ssl=1\" height=\"457\" width=\"640\" alt=\"cours et stage Jos\u00e9 Gietka\" class=\"slider-401 slide-1023 msDefaultImage\" \/><\/li>\n                <li style=\"display: none; width: 100%;\" class=\"slide-1024 ms-image \" aria-roledescription=\"slide\" data-date=\"2018-02-17 12:50:01\" data-filename=\"2016-1ere-expo-\u00e9l\u00e8ves-3-700x500.jpg\" data-slide-type=\"image\"><img data-recalc-dims=\"1\" loading=\"lazy\" decoding=\"async\" src=\"https:\/\/i0.wp.com\/www.gietka.be\/wp-content\/uploads\/2016\/11\/2016-1ere-expo-%C3%A9l%C3%A8ves-3.jpg?resize=640%2C457&#038;ssl=1\" height=\"457\" width=\"640\" alt=\"cours et stage Jos\u00e9 Gietka\" class=\"slider-401 slide-1024 msDefaultImage\" \/><\/li>\n                <li style=\"display: none; width: 100%;\" class=\"slide-1025 ms-image \" aria-roledescription=\"slide\" data-date=\"2018-02-17 12:50:13\" data-filename=\"2016-1ere-expo-\u00e9l\u00e8ves-2-700x500.jpg\" data-slide-type=\"image\"><img data-recalc-dims=\"1\" loading=\"lazy\" decoding=\"async\" src=\"https:\/\/i0.wp.com\/www.gietka.be\/wp-content\/uploads\/2016\/11\/2016-1ere-expo-%C3%A9l%C3%A8ves-2.jpg?resize=640%2C457&#038;ssl=1\" height=\"457\" width=\"640\" alt=\"cours et stage Jos\u00e9 Gietka\" class=\"slider-401 slide-1025 msDefaultImage\" \/><\/li>\n            <\/ul>\n        <\/div>\n        \n    <\/div>\n<\/div><\/p>\n","protected":false},"excerpt":{"rendered":"","protected":false},"author":2,"featured_media":0,"parent":0,"menu_order":0,"comment_status":"closed","ping_status":"closed","template":"","meta":{"jetpack_post_was_ever_published":false,"footnotes":""},"class_list":["post-355","page","type-page","status-publish","hentry"],"yoast_head":"<!-- This site is optimized with the Yoast SEO plugin v27.2 - https:\/\/yoast.com\/product\/yoast-seo-wordpress\/ -->\n<title>Cours - Jos\u00e9 Gietka, aquarelliste et cr\u00e9ateur de bijoux<\/title>\n<meta name=\"robots\" content=\"index, follow, max-snippet:-1, max-image-preview:large, max-video-preview:-1\" \/>\n<link rel=\"canonical\" href=\"https:\/\/www.gietka.be\/index.php\/quelques-souvenirs\/\" \/>\n<meta property=\"og:locale\" content=\"fr_FR\" \/>\n<meta property=\"og:type\" content=\"article\" \/>\n<meta property=\"og:title\" content=\"Cours - Jos\u00e9 Gietka, aquarelliste et cr\u00e9ateur de bijoux\" \/>\n<meta property=\"og:url\" content=\"https:\/\/www.gietka.be\/index.php\/quelques-souvenirs\/\" \/>\n<meta property=\"og:site_name\" content=\"Jos\u00e9 Gietka, aquarelliste et cr\u00e9ateur de bijoux\" \/>\n<meta property=\"article:modified_time\" content=\"2021-10-30T11:44:29+00:00\" \/>\n<meta name=\"twitter:card\" content=\"summary_large_image\" \/>\n<script type=\"application\/ld+json\" class=\"yoast-schema-graph\">{\"@context\":\"https:\/\/schema.org\",\"@graph\":[{\"@type\":\"WebPage\",\"@id\":\"https:\/\/www.gietka.be\/index.php\/quelques-souvenirs\/\",\"url\":\"https:\/\/www.gietka.be\/index.php\/quelques-souvenirs\/\",\"name\":\"Cours - Jos\u00e9 Gietka, aquarelliste et cr\u00e9ateur de bijoux\",\"isPartOf\":{\"@id\":\"https:\/\/www.gietka.be\/#website\"},\"datePublished\":\"2016-11-10T18:35:01+00:00\",\"dateModified\":\"2021-10-30T11:44:29+00:00\",\"breadcrumb\":{\"@id\":\"https:\/\/www.gietka.be\/index.php\/quelques-souvenirs\/#breadcrumb\"},\"inLanguage\":\"fr-FR\",\"potentialAction\":[{\"@type\":\"ReadAction\",\"target\":[\"https:\/\/www.gietka.be\/index.php\/quelques-souvenirs\/\"]}]},{\"@type\":\"BreadcrumbList\",\"@id\":\"https:\/\/www.gietka.be\/index.php\/quelques-souvenirs\/#breadcrumb\",\"itemListElement\":[{\"@type\":\"ListItem\",\"position\":1,\"name\":\"Accueil\",\"item\":\"https:\/\/www.gietka.be\/\"},{\"@type\":\"ListItem\",\"position\":2,\"name\":\"Cours\"}]},{\"@type\":\"WebSite\",\"@id\":\"https:\/\/www.gietka.be\/#website\",\"url\":\"https:\/\/www.gietka.be\/\",\"name\":\"Jos\u00e9 Gietka, aquarelliste et cr\u00e9ateur de bijoux\",\"description\":\"L&#039;art de l&#039;aquarelle cr\u00e9ative\",\"potentialAction\":[{\"@type\":\"SearchAction\",\"target\":{\"@type\":\"EntryPoint\",\"urlTemplate\":\"https:\/\/www.gietka.be\/?s={search_term_string}\"},\"query-input\":{\"@type\":\"PropertyValueSpecification\",\"valueRequired\":true,\"valueName\":\"search_term_string\"}}],\"inLanguage\":\"fr-FR\"}]}<\/script>\n<!-- \/ Yoast SEO plugin. -->","yoast_head_json":{"title":"Cours - Jos\u00e9 Gietka, aquarelliste et cr\u00e9ateur de bijoux","robots":{"index":"index","follow":"follow","max-snippet":"max-snippet:-1","max-image-preview":"max-image-preview:large","max-video-preview":"max-video-preview:-1"},"canonical":"https:\/\/www.gietka.be\/index.php\/quelques-souvenirs\/","og_locale":"fr_FR","og_type":"article","og_title":"Cours - Jos\u00e9 Gietka, aquarelliste et cr\u00e9ateur de bijoux","og_url":"https:\/\/www.gietka.be\/index.php\/quelques-souvenirs\/","og_site_name":"Jos\u00e9 Gietka, aquarelliste et cr\u00e9ateur de bijoux","article_modified_time":"2021-10-30T11:44:29+00:00","twitter_card":"summary_large_image","schema":{"@context":"https:\/\/schema.org","@graph":[{"@type":"WebPage","@id":"https:\/\/www.gietka.be\/index.php\/quelques-souvenirs\/","url":"https:\/\/www.gietka.be\/index.php\/quelques-souvenirs\/","name":"Cours - Jos\u00e9 Gietka, aquarelliste et cr\u00e9ateur de bijoux","isPartOf":{"@id":"https:\/\/www.gietka.be\/#website"},"datePublished":"2016-11-10T18:35:01+00:00","dateModified":"2021-10-30T11:44:29+00:00","breadcrumb":{"@id":"https:\/\/www.gietka.be\/index.php\/quelques-souvenirs\/#breadcrumb"},"inLanguage":"fr-FR","potentialAction":[{"@type":"ReadAction","target":["https:\/\/www.gietka.be\/index.php\/quelques-souvenirs\/"]}]},{"@type":"BreadcrumbList","@id":"https:\/\/www.gietka.be\/index.php\/quelques-souvenirs\/#breadcrumb","itemListElement":[{"@type":"ListItem","position":1,"name":"Accueil","item":"https:\/\/www.gietka.be\/"},{"@type":"ListItem","position":2,"name":"Cours"}]},{"@type":"WebSite","@id":"https:\/\/www.gietka.be\/#website","url":"https:\/\/www.gietka.be\/","name":"Jos\u00e9 Gietka, aquarelliste et cr\u00e9ateur de bijoux","description":"L&#039;art de l&#039;aquarelle cr\u00e9ative","potentialAction":[{"@type":"SearchAction","target":{"@type":"EntryPoint","urlTemplate":"https:\/\/www.gietka.be\/?s={search_term_string}"},"query-input":{"@type":"PropertyValueSpecification","valueRequired":true,"valueName":"search_term_string"}}],"inLanguage":"fr-FR"}]}},"jetpack_sharing_enabled":true,"jetpack_shortlink":"https:\/\/wp.me\/P7ZytP-5J","_links":{"self":[{"href":"https:\/\/www.gietka.be\/index.php\/wp-json\/wp\/v2\/pages\/355","targetHints":{"allow":["GET"]}}],"collection":[{"href":"https:\/\/www.gietka.be\/index.php\/wp-json\/wp\/v2\/pages"}],"about":[{"href":"https:\/\/www.gietka.be\/index.php\/wp-json\/wp\/v2\/types\/page"}],"author":[{"embeddable":true,"href":"https:\/\/www.gietka.be\/index.php\/wp-json\/wp\/v2\/users\/2"}],"replies":[{"embeddable":true,"href":"https:\/\/www.gietka.be\/index.php\/wp-json\/wp\/v2\/comments?post=355"}],"version-history":[{"count":3,"href":"https:\/\/www.gietka.be\/index.php\/wp-json\/wp\/v2\/pages\/355\/revisions"}],"predecessor-version":[{"id":5492,"href":"https:\/\/www.gietka.be\/index.php\/wp-json\/wp\/v2\/pages\/355\/revisions\/5492"}],"wp:attachment":[{"href":"https:\/\/www.gietka.be\/index.php\/wp-json\/wp\/v2\/media?parent=355"}],"curies":[{"name":"wp","href":"https:\/\/api.w.org\/{rel}","templated":true}]}}