{"id":1979,"date":"2019-12-01T11:59:14","date_gmt":"2019-12-01T10:59:14","guid":{"rendered":"http:\/\/www.gietka.be\/?page_id=1979"},"modified":"2020-02-16T18:03:33","modified_gmt":"2020-02-16T17:03:33","slug":"cires","status":"publish","type":"page","link":"https:\/\/www.gietka.be\/index.php\/cires\/","title":{"rendered":"Sculptures"},"content":{"rendered":"\n<p class=\"has-text-align-left\"><strong>Mes sculptures, en Ag 925, sont souvent des pi\u00e8ces uniques pour monter sur bagues ou pendentifs avec ou sans gemme, \u00e0 la demande<\/strong><\/p>\n\n\n\n<figure class=\"wp-block-gallery columns-3 wp-block-gallery-1 is-layout-flex wp-block-gallery-is-layout-flex\"><ul class=\"blocks-gallery-grid\"><li class=\"blocks-gallery-item\"><figure><a href=\"https:\/\/i0.wp.com\/www.gietka.be\/wp-content\/uploads\/2019\/11\/CIRE5-scaled-e1575129626806.jpg?ssl=1\"><img data-recalc-dims=\"1\" height=\"480\" width=\"640\" decoding=\"async\" src=\"https:\/\/i0.wp.com\/www.gietka.be\/wp-content\/uploads\/2019\/11\/CIRE5-1024x768.jpg?resize=640%2C480&#038;ssl=1\" alt=\"\" data-id=\"1956\" data-full-url=\"https:\/\/www.gietka.be\/wp-content\/uploads\/2019\/11\/CIRE5-scaled-e1575129626806.jpg\" data-link=\"https:\/\/www.gietka.be\/cire5\/\" class=\"wp-image-1956\"\/><\/a><\/figure><\/li><li class=\"blocks-gallery-item\"><figure><a href=\"https:\/\/i0.wp.com\/www.gietka.be\/wp-content\/uploads\/2019\/11\/CIRE4-scaled-e1575129637677.jpg?ssl=1\"><img data-recalc-dims=\"1\" height=\"480\" width=\"640\" decoding=\"async\" src=\"https:\/\/i0.wp.com\/www.gietka.be\/wp-content\/uploads\/2019\/11\/CIRE4-1024x768.jpg?resize=640%2C480&#038;ssl=1\" alt=\"\" data-id=\"1955\" data-full-url=\"https:\/\/www.gietka.be\/wp-content\/uploads\/2019\/11\/CIRE4-scaled-e1575129637677.jpg\" data-link=\"https:\/\/www.gietka.be\/cire4\/\" class=\"wp-image-1955\"\/><\/a><\/figure><\/li><li class=\"blocks-gallery-item\"><figure><a href=\"https:\/\/i0.wp.com\/www.gietka.be\/wp-content\/uploads\/2019\/11\/CIRE3-scaled-e1575129647961.jpg?ssl=1\"><img data-recalc-dims=\"1\" height=\"480\" width=\"640\" decoding=\"async\" src=\"https:\/\/i0.wp.com\/www.gietka.be\/wp-content\/uploads\/2019\/11\/CIRE3-1024x768.jpg?resize=640%2C480&#038;ssl=1\" alt=\"\" data-id=\"1954\" data-full-url=\"https:\/\/www.gietka.be\/wp-content\/uploads\/2019\/11\/CIRE3-scaled-e1575129647961.jpg\" data-link=\"https:\/\/www.gietka.be\/cire3\/\" class=\"wp-image-1954\"\/><\/a><\/figure><\/li><li class=\"blocks-gallery-item\"><figure><a href=\"https:\/\/i0.wp.com\/www.gietka.be\/wp-content\/uploads\/2019\/11\/CIRE2-scaled-e1575129656727.jpg?ssl=1\"><img data-recalc-dims=\"1\" height=\"480\" width=\"640\" decoding=\"async\" src=\"https:\/\/i0.wp.com\/www.gietka.be\/wp-content\/uploads\/2019\/11\/CIRE2-1024x768.jpg?resize=640%2C480&#038;ssl=1\" alt=\"\" data-id=\"1953\" data-full-url=\"https:\/\/www.gietka.be\/wp-content\/uploads\/2019\/11\/CIRE2-scaled-e1575129656727.jpg\" data-link=\"https:\/\/www.gietka.be\/cire2\/\" class=\"wp-image-1953\"\/><\/a><\/figure><\/li><li class=\"blocks-gallery-item\"><figure><a href=\"https:\/\/i0.wp.com\/www.gietka.be\/wp-content\/uploads\/2019\/11\/CIRE1-scaled-e1575129666939.jpg?ssl=1\"><img data-recalc-dims=\"1\" height=\"480\" width=\"640\" decoding=\"async\" src=\"https:\/\/i0.wp.com\/www.gietka.be\/wp-content\/uploads\/2019\/11\/CIRE1-1024x768.jpg?resize=640%2C480&#038;ssl=1\" alt=\"\" data-id=\"1952\" data-full-url=\"https:\/\/www.gietka.be\/wp-content\/uploads\/2019\/11\/CIRE1-scaled-e1575129666939.jpg\" data-link=\"https:\/\/www.gietka.be\/cire1\/\" class=\"wp-image-1952\"\/><\/a><\/figure><\/li><li class=\"blocks-gallery-item\"><figure><a href=\"https:\/\/i0.wp.com\/www.gietka.be\/wp-content\/uploads\/2019\/12\/IMG_6879-scaled-e1575203226177.jpg?ssl=1\"><img data-recalc-dims=\"1\" height=\"480\" width=\"640\" decoding=\"async\" src=\"https:\/\/i0.wp.com\/www.gietka.be\/wp-content\/uploads\/2019\/12\/IMG_6879-1024x768.jpg?resize=640%2C480&#038;ssl=1\" alt=\"\" data-id=\"2001\" data-full-url=\"https:\/\/www.gietka.be\/wp-content\/uploads\/2019\/12\/IMG_6879-scaled-e1575203226177.jpg\" data-link=\"https:\/\/www.gietka.be\/img_6879\/\" class=\"wp-image-2001\"\/><\/a><\/figure><\/li><li class=\"blocks-gallery-item\"><figure><a href=\"https:\/\/i0.wp.com\/www.gietka.be\/wp-content\/uploads\/2019\/11\/CIRE-BOSSU-scaled-e1575129676216.jpg?ssl=1\"><img data-recalc-dims=\"1\" height=\"480\" width=\"640\" decoding=\"async\" src=\"https:\/\/i0.wp.com\/www.gietka.be\/wp-content\/uploads\/2019\/11\/CIRE-BOSSU-1024x768.jpg?resize=640%2C480&#038;ssl=1\" alt=\"\" data-id=\"1951\" data-full-url=\"https:\/\/www.gietka.be\/wp-content\/uploads\/2019\/11\/CIRE-BOSSU-scaled-e1575129676216.jpg\" data-link=\"https:\/\/www.gietka.be\/cire-bossu\/\" class=\"wp-image-1951\"\/><\/a><\/figure><\/li><\/ul><\/figure>\n\n\n\n<div class=\"wp-block-jetpack-tiled-gallery aligncenter is-style-circle\"><div class=\"tiled-gallery__gallery\"><div class=\"tiled-gallery__row columns-3\"><div class=\"tiled-gallery__col\"><figure class=\"tiled-gallery__item\"><img decoding=\"async\" role=\"button\" tabindex=\"0\" aria-label=\"Ouvrir l\u2019image 1 sur 6 en plein \u00e9cran\"srcset=\"https:\/\/i2.wp.com\/www.gietka.be\/wp-content\/uploads\/2020\/02\/Sculpture-6.jpg?resize=600,600&#038;strip=info 600w,https:\/\/i2.wp.com\/www.gietka.be\/wp-content\/uploads\/2020\/02\/Sculpture-6.jpg?resize=900,900&#038;strip=info 900w,https:\/\/i2.wp.com\/www.gietka.be\/wp-content\/uploads\/2020\/02\/Sculpture-6.jpg?resize=953,953&#038;strip=info 953w\" alt=\"\" data-height=\"1000\" data-id=\"2745\" data-link=\"https:\/\/www.gietka.be\/sculpture-6\/\" data-url=\"https:\/\/www.gietka.be\/wp-content\/uploads\/2020\/02\/Sculpture-6.jpg\" data-width=\"953\" src=\"https:\/\/i2.wp.com\/www.gietka.be\/wp-content\/uploads\/2020\/02\/Sculpture-6.jpg?resize=953%2C953\"\/><\/figure><\/div><div class=\"tiled-gallery__col\"><figure class=\"tiled-gallery__item\"><img decoding=\"async\" role=\"button\" tabindex=\"0\" aria-label=\"Ouvrir l\u2019image 2 sur 6 en plein \u00e9cran\"srcset=\"https:\/\/i0.wp.com\/www.gietka.be\/wp-content\/uploads\/2020\/02\/Sculpture-5.jpg?resize=600,600&#038;strip=info 600w,https:\/\/i0.wp.com\/www.gietka.be\/wp-content\/uploads\/2020\/02\/Sculpture-5.jpg?resize=900,900&#038;strip=info 900w,https:\/\/i0.wp.com\/www.gietka.be\/wp-content\/uploads\/2020\/02\/Sculpture-5.jpg?resize=926,926&#038;strip=info 926w\" alt=\"\" data-height=\"1000\" data-id=\"2744\" data-link=\"https:\/\/www.gietka.be\/sculpture-5\/\" data-url=\"https:\/\/www.gietka.be\/wp-content\/uploads\/2020\/02\/Sculpture-5.jpg\" data-width=\"926\" src=\"https:\/\/i0.wp.com\/www.gietka.be\/wp-content\/uploads\/2020\/02\/Sculpture-5.jpg?resize=926%2C926\"\/><\/figure><\/div><div class=\"tiled-gallery__col\"><figure class=\"tiled-gallery__item\"><img decoding=\"async\" role=\"button\" tabindex=\"0\" aria-label=\"Ouvrir l\u2019image 3 sur 6 en plein \u00e9cran\"srcset=\"https:\/\/i1.wp.com\/www.gietka.be\/wp-content\/uploads\/2020\/02\/Sculpture-4.jpg?resize=600,600&#038;strip=info 600w,https:\/\/i1.wp.com\/www.gietka.be\/wp-content\/uploads\/2020\/02\/Sculpture-4.jpg?resize=900,900&#038;strip=info 900w,https:\/\/i1.wp.com\/www.gietka.be\/wp-content\/uploads\/2020\/02\/Sculpture-4.jpg?resize=960,960&#038;strip=info 960w\" alt=\"\" data-height=\"960\" data-id=\"2743\" data-link=\"https:\/\/www.gietka.be\/sculpture-4\/\" data-url=\"https:\/\/www.gietka.be\/wp-content\/uploads\/2020\/02\/Sculpture-4.jpg\" data-width=\"1000\" src=\"https:\/\/i1.wp.com\/www.gietka.be\/wp-content\/uploads\/2020\/02\/Sculpture-4.jpg?resize=960%2C960\"\/><\/figure><\/div><\/div><div class=\"tiled-gallery__row columns-3\"><div class=\"tiled-gallery__col\"><figure class=\"tiled-gallery__item\"><img decoding=\"async\" role=\"button\" tabindex=\"0\" aria-label=\"Ouvrir l\u2019image 4 sur 6 en plein \u00e9cran\"srcset=\"https:\/\/i0.wp.com\/www.gietka.be\/wp-content\/uploads\/2020\/02\/Sculpture-3.jpg?resize=554,554&#038;strip=info 554w\" alt=\"\" data-height=\"554\" data-id=\"2742\" data-link=\"https:\/\/www.gietka.be\/sculpture-3\/\" data-url=\"https:\/\/www.gietka.be\/wp-content\/uploads\/2020\/02\/Sculpture-3.jpg\" data-width=\"1000\" src=\"https:\/\/i0.wp.com\/www.gietka.be\/wp-content\/uploads\/2020\/02\/Sculpture-3.jpg?resize=554%2C554\"\/><\/figure><\/div><div class=\"tiled-gallery__col\"><figure class=\"tiled-gallery__item\"><img decoding=\"async\" role=\"button\" tabindex=\"0\" aria-label=\"Ouvrir l\u2019image 5 sur 6 en plein \u00e9cran\"srcset=\"https:\/\/i0.wp.com\/www.gietka.be\/wp-content\/uploads\/2020\/02\/Sculpture-2.jpg?resize=600,600&#038;strip=info 600w,https:\/\/i0.wp.com\/www.gietka.be\/wp-content\/uploads\/2020\/02\/Sculpture-2.jpg?resize=720,720&#038;strip=info 720w\" alt=\"\" data-height=\"720\" data-id=\"2741\" data-link=\"https:\/\/www.gietka.be\/sculpture-2\/\" data-url=\"https:\/\/www.gietka.be\/wp-content\/uploads\/2020\/02\/Sculpture-2.jpg\" data-width=\"1000\" src=\"https:\/\/i0.wp.com\/www.gietka.be\/wp-content\/uploads\/2020\/02\/Sculpture-2.jpg?resize=720%2C720\"\/><\/figure><\/div><div class=\"tiled-gallery__col\"><figure class=\"tiled-gallery__item\"><img decoding=\"async\" role=\"button\" tabindex=\"0\" aria-label=\"Ouvrir l\u2019image 6 sur 6 en plein \u00e9cran\"srcset=\"https:\/\/i0.wp.com\/www.gietka.be\/wp-content\/uploads\/2020\/02\/Sculpture-1.jpg?resize=600,600&#038;strip=info 600w,https:\/\/i0.wp.com\/www.gietka.be\/wp-content\/uploads\/2020\/02\/Sculpture-1.jpg?resize=717,717&#038;strip=info 717w\" alt=\"\" data-height=\"717\" data-id=\"2740\" data-link=\"https:\/\/www.gietka.be\/sculpture-1\/\" data-url=\"https:\/\/www.gietka.be\/wp-content\/uploads\/2020\/02\/Sculpture-1.jpg\" data-width=\"1000\" src=\"https:\/\/i0.wp.com\/www.gietka.be\/wp-content\/uploads\/2020\/02\/Sculpture-1.jpg?resize=717%2C717\"\/><\/figure><\/div><\/div><\/div><\/div>\n\n\n\n<p class=\"has-text-align-center\"><\/p>\n","protected":false},"excerpt":{"rendered":"<p>Mes sculptures, en Ag 925, sont souvent des pi\u00e8ces uniques pour monter sur bagues ou pendentifs avec ou sans gemme, \u00e0 la demande<\/p>\n","protected":false},"author":2,"featured_media":0,"parent":0,"menu_order":0,"comment_status":"closed","ping_status":"closed","template":"","meta":{"jetpack_post_was_ever_published":false,"footnotes":""},"class_list":["post-1979","page","type-page","status-publish","hentry"],"yoast_head":"<!-- This site is optimized with the Yoast SEO plugin v27.2 - https:\/\/yoast.com\/product\/yoast-seo-wordpress\/ -->\n<title>Sculptures - Jos\u00e9 Gietka, aquarelliste et cr\u00e9ateur de bijoux<\/title>\n<meta name=\"robots\" content=\"index, follow, max-snippet:-1, max-image-preview:large, max-video-preview:-1\" \/>\n<link rel=\"canonical\" href=\"https:\/\/www.gietka.be\/index.php\/cires\/\" \/>\n<meta property=\"og:locale\" content=\"fr_FR\" \/>\n<meta property=\"og:type\" content=\"article\" \/>\n<meta property=\"og:title\" content=\"Sculptures - Jos\u00e9 Gietka, aquarelliste et cr\u00e9ateur de bijoux\" \/>\n<meta property=\"og:description\" content=\"Mes sculptures, en Ag 925, sont souvent des pi\u00e8ces uniques pour monter sur bagues ou pendentifs avec ou sans gemme, \u00e0 la demande\" \/>\n<meta property=\"og:url\" content=\"https:\/\/www.gietka.be\/index.php\/cires\/\" \/>\n<meta property=\"og:site_name\" content=\"Jos\u00e9 Gietka, aquarelliste et cr\u00e9ateur de bijoux\" \/>\n<meta property=\"article:modified_time\" content=\"2020-02-16T17:03:33+00:00\" \/>\n<meta property=\"og:image\" content=\"http:\/\/www.gietka.be\/wp-content\/uploads\/2019\/11\/CIRE5-1024x768.jpg\" \/>\n<meta name=\"twitter:card\" content=\"summary_large_image\" \/>\n<script type=\"application\/ld+json\" class=\"yoast-schema-graph\">{\"@context\":\"https:\/\/schema.org\",\"@graph\":[{\"@type\":\"WebPage\",\"@id\":\"https:\/\/www.gietka.be\/index.php\/cires\/\",\"url\":\"https:\/\/www.gietka.be\/index.php\/cires\/\",\"name\":\"Sculptures - Jos\u00e9 Gietka, aquarelliste et cr\u00e9ateur de bijoux\",\"isPartOf\":{\"@id\":\"https:\/\/www.gietka.be\/#website\"},\"primaryImageOfPage\":{\"@id\":\"https:\/\/www.gietka.be\/index.php\/cires\/#primaryimage\"},\"image\":{\"@id\":\"https:\/\/www.gietka.be\/index.php\/cires\/#primaryimage\"},\"thumbnailUrl\":\"http:\/\/www.gietka.be\/wp-content\/uploads\/2019\/11\/CIRE5-1024x768.jpg\",\"datePublished\":\"2019-12-01T10:59:14+00:00\",\"dateModified\":\"2020-02-16T17:03:33+00:00\",\"breadcrumb\":{\"@id\":\"https:\/\/www.gietka.be\/index.php\/cires\/#breadcrumb\"},\"inLanguage\":\"fr-FR\",\"potentialAction\":[{\"@type\":\"ReadAction\",\"target\":[\"https:\/\/www.gietka.be\/index.php\/cires\/\"]}]},{\"@type\":\"ImageObject\",\"inLanguage\":\"fr-FR\",\"@id\":\"https:\/\/www.gietka.be\/index.php\/cires\/#primaryimage\",\"url\":\"http:\/\/www.gietka.be\/wp-content\/uploads\/2019\/11\/CIRE5-1024x768.jpg\",\"contentUrl\":\"http:\/\/www.gietka.be\/wp-content\/uploads\/2019\/11\/CIRE5-1024x768.jpg\"},{\"@type\":\"BreadcrumbList\",\"@id\":\"https:\/\/www.gietka.be\/index.php\/cires\/#breadcrumb\",\"itemListElement\":[{\"@type\":\"ListItem\",\"position\":1,\"name\":\"Accueil\",\"item\":\"https:\/\/www.gietka.be\/\"},{\"@type\":\"ListItem\",\"position\":2,\"name\":\"Sculptures\"}]},{\"@type\":\"WebSite\",\"@id\":\"https:\/\/www.gietka.be\/#website\",\"url\":\"https:\/\/www.gietka.be\/\",\"name\":\"Jos\u00e9 Gietka, aquarelliste et cr\u00e9ateur de bijoux\",\"description\":\"L&#039;art de l&#039;aquarelle cr\u00e9ative\",\"potentialAction\":[{\"@type\":\"SearchAction\",\"target\":{\"@type\":\"EntryPoint\",\"urlTemplate\":\"https:\/\/www.gietka.be\/?s={search_term_string}\"},\"query-input\":{\"@type\":\"PropertyValueSpecification\",\"valueRequired\":true,\"valueName\":\"search_term_string\"}}],\"inLanguage\":\"fr-FR\"}]}<\/script>\n<!-- \/ Yoast SEO plugin. -->","yoast_head_json":{"title":"Sculptures - Jos\u00e9 Gietka, aquarelliste et cr\u00e9ateur de bijoux","robots":{"index":"index","follow":"follow","max-snippet":"max-snippet:-1","max-image-preview":"max-image-preview:large","max-video-preview":"max-video-preview:-1"},"canonical":"https:\/\/www.gietka.be\/index.php\/cires\/","og_locale":"fr_FR","og_type":"article","og_title":"Sculptures - Jos\u00e9 Gietka, aquarelliste et cr\u00e9ateur de bijoux","og_description":"Mes sculptures, en Ag 925, sont souvent des pi\u00e8ces uniques pour monter sur bagues ou pendentifs avec ou sans gemme, \u00e0 la demande","og_url":"https:\/\/www.gietka.be\/index.php\/cires\/","og_site_name":"Jos\u00e9 Gietka, aquarelliste et cr\u00e9ateur de bijoux","article_modified_time":"2020-02-16T17:03:33+00:00","og_image":[{"url":"http:\/\/www.gietka.be\/wp-content\/uploads\/2019\/11\/CIRE5-1024x768.jpg","type":"","width":"","height":""}],"twitter_card":"summary_large_image","schema":{"@context":"https:\/\/schema.org","@graph":[{"@type":"WebPage","@id":"https:\/\/www.gietka.be\/index.php\/cires\/","url":"https:\/\/www.gietka.be\/index.php\/cires\/","name":"Sculptures - Jos\u00e9 Gietka, aquarelliste et cr\u00e9ateur de bijoux","isPartOf":{"@id":"https:\/\/www.gietka.be\/#website"},"primaryImageOfPage":{"@id":"https:\/\/www.gietka.be\/index.php\/cires\/#primaryimage"},"image":{"@id":"https:\/\/www.gietka.be\/index.php\/cires\/#primaryimage"},"thumbnailUrl":"http:\/\/www.gietka.be\/wp-content\/uploads\/2019\/11\/CIRE5-1024x768.jpg","datePublished":"2019-12-01T10:59:14+00:00","dateModified":"2020-02-16T17:03:33+00:00","breadcrumb":{"@id":"https:\/\/www.gietka.be\/index.php\/cires\/#breadcrumb"},"inLanguage":"fr-FR","potentialAction":[{"@type":"ReadAction","target":["https:\/\/www.gietka.be\/index.php\/cires\/"]}]},{"@type":"ImageObject","inLanguage":"fr-FR","@id":"https:\/\/www.gietka.be\/index.php\/cires\/#primaryimage","url":"http:\/\/www.gietka.be\/wp-content\/uploads\/2019\/11\/CIRE5-1024x768.jpg","contentUrl":"http:\/\/www.gietka.be\/wp-content\/uploads\/2019\/11\/CIRE5-1024x768.jpg"},{"@type":"BreadcrumbList","@id":"https:\/\/www.gietka.be\/index.php\/cires\/#breadcrumb","itemListElement":[{"@type":"ListItem","position":1,"name":"Accueil","item":"https:\/\/www.gietka.be\/"},{"@type":"ListItem","position":2,"name":"Sculptures"}]},{"@type":"WebSite","@id":"https:\/\/www.gietka.be\/#website","url":"https:\/\/www.gietka.be\/","name":"Jos\u00e9 Gietka, aquarelliste et cr\u00e9ateur de bijoux","description":"L&#039;art de l&#039;aquarelle cr\u00e9ative","potentialAction":[{"@type":"SearchAction","target":{"@type":"EntryPoint","urlTemplate":"https:\/\/www.gietka.be\/?s={search_term_string}"},"query-input":{"@type":"PropertyValueSpecification","valueRequired":true,"valueName":"search_term_string"}}],"inLanguage":"fr-FR"}]}},"jetpack_sharing_enabled":true,"jetpack_shortlink":"https:\/\/wp.me\/P7ZytP-vV","_links":{"self":[{"href":"https:\/\/www.gietka.be\/index.php\/wp-json\/wp\/v2\/pages\/1979","targetHints":{"allow":["GET"]}}],"collection":[{"href":"https:\/\/www.gietka.be\/index.php\/wp-json\/wp\/v2\/pages"}],"about":[{"href":"https:\/\/www.gietka.be\/index.php\/wp-json\/wp\/v2\/types\/page"}],"author":[{"embeddable":true,"href":"https:\/\/www.gietka.be\/index.php\/wp-json\/wp\/v2\/users\/2"}],"replies":[{"embeddable":true,"href":"https:\/\/www.gietka.be\/index.php\/wp-json\/wp\/v2\/comments?post=1979"}],"version-history":[{"count":10,"href":"https:\/\/www.gietka.be\/index.php\/wp-json\/wp\/v2\/pages\/1979\/revisions"}],"predecessor-version":[{"id":2754,"href":"https:\/\/www.gietka.be\/index.php\/wp-json\/wp\/v2\/pages\/1979\/revisions\/2754"}],"wp:attachment":[{"href":"https:\/\/www.gietka.be\/index.php\/wp-json\/wp\/v2\/media?parent=1979"}],"curies":[{"name":"wp","href":"https:\/\/api.w.org\/{rel}","templated":true}]}}