{"id":16,"date":"2016-11-07T19:17:52","date_gmt":"2016-11-07T18:17:52","guid":{"rendered":"http:\/\/www.gietka.be\/?page_id=16"},"modified":"2016-11-12T13:13:26","modified_gmt":"2016-11-12T12:13:26","slug":"materiel","status":"publish","type":"page","link":"https:\/\/www.gietka.be\/index.php\/materiel\/","title":{"rendered":"Mat\u00e9riel"},"content":{"rendered":"<p>Liste de mat\u00e9riel sugg\u00e9r\u00e9 pour cours et stages\u00a0:<\/p>\n<ul>\n<li><span style=\"text-decoration: underline;\"><strong>Couleurs en tubes extra-fines Blockx<\/strong><\/span><\/li>\n<\/ul>\n<ol>\n<li>Jaune Blockx \u00a0n\u00b0212\u00a0 \u00a0pigment\u00a0: PY3<\/li>\n<li>Jaune cadmium p\u00e2le Blockx n\u00b0311 \u00a0\u00a0pigment\u00a0: PY35<\/li>\n<li>Jaune cadmium moyen Blockx n\u00b0315 \u00a0\u00a0\u00a0pigment\u00a0: PY35<\/li>\n<li>TSN<\/li>\n<li>TSB<\/li>\n<li>TON<\/li>\n<li>TOB<\/li>\n<li>Ceruleum gris Blockx n\u00b0453 \u00a0\u00a0\u00a0pigment\u00a0: PB35<\/li>\n<li>Bleu de cobalt Blockx n\u00b0452 \u00a0\u00a0\u00a0pigment\u00a0: PB28<\/li>\n<li>Outremer fonc\u00e9 Blockx 253 PB29<\/li>\n<li>Bleu cyanine (nuance rouge) Blockx n\u00b0454 \u00a0\u00a0\u00a0pigments\u00a0: PB28+PB15\u00a0:1<\/li>\n<li>Bleu primaire (nuance verte) Blockx \u00a0n\u00b0152 \u00a0\u00a0\u00a0pigment\u00a0: PB15\u00a0:3<\/li>\n<li>Quinacridone magenta Blockx \u00a0\u00a0n\u00b0329 \u00a0\u00a0\u00a0pigment\u00a0: PR122<\/li>\n<li>Lake rose Blockx \u00a0n\u00b0324 \u00a0\u00a0\u00a0pigment\u00a0: PV19<\/li>\n<li>Crimson lake Blockx n\u00b0 328 \u00a0\u00a0\u00a0pigment\u00a0: PR264<\/li>\n<li>Rouge cadmium Blockx n\u00b0323 \u00a0\u00a0\u00a0pigment\u00a0: PR108<\/li>\n<\/ol>\n<ul>\n<li><span style=\"text-decoration: underline;\"><strong>Papier Arches<\/strong><\/span><\/li>\n<\/ul>\n<ol>\n<li>Papier Arches France\u00a0 300 grammes grains fins (deux feuilles format 56 x 76 cm)<\/li>\n<\/ol>\n<ul>\n<li><span style=\"text-decoration: underline;\"><strong>Pinceaux<\/strong><\/span><\/li>\n<\/ul>\n<ol>\n<li>pinceau trainard Daler Rowney E50 n\u00b03<\/li>\n<li>pinceau Escoda oblique n\u00b030<\/li>\n<li>pinceau Escoda oblique n\u00b024<\/li>\n<li>pinceau Escoda oblique n\u00b0 20<\/li>\n<li>pinceau Escoda oblique n\u00b06<\/li>\n<li>pinceau ami (trainard fin) code magasin A98<\/li>\n<li>pinceau Daler Rowney E60 n\u00b0 6<\/li>\n<\/ol>\n<ul>\n<li><span style=\"text-decoration: underline;\"><strong>Autre petit mat\u00e9riel<\/strong><\/span><\/li>\n<\/ul>\n<ol>\n<li>Une farde pour ranger les feuilles de papier Arches vierge (format des feuilles 56 x 76 cm)<\/li>\n<li>1 rouleau de domex<\/li>\n<li>1 cutter<\/li>\n<li>plastique pour prot\u00e9ger la table<\/li>\n<li>1 rouleau de collant Tessa<\/li>\n<li>Une plaque de contre plaqu\u00e9 marin 60 cm x40 cm x 3 mm qui servira de support et \u00a0que je peux vous fournir au prix de 5 \u00e0 6 euros<\/li>\n<li>2 petits pots pour l\u2019eau avec une large ouverture<\/li>\n<li>1\u00a0 palette mod\u00e8le Janine Gallizia disponible uniquement chez \u00ab\u00a0Graphica\u00a0\u00bb Namur<\/li>\n<li>1 cahier ou bloc note et un stylo bille ou un crayon<\/li>\n<\/ol>\n<p>Pour se fournir\u00a0: Tout devrait \u00eatre disponible chez <a href=\"http:\/\/www.graphica-namur.be\/\" target=\"_blank\" data-cke-saved-href=\"http:\/\/www.graphica-namur.be\/\">Graphica Namur.<\/a><\/p>\n<p>Graphica\u00a0: Rue Saint Joseph, 16<br \/>\n5000\u00a0 Namur<br \/>\nT\u00e9l : 081\/222147<\/p>\n","protected":false},"excerpt":{"rendered":"<p>Liste de mat\u00e9riel sugg\u00e9r\u00e9 pour cours et stages\u00a0: Couleurs en tubes extra-fines Blockx Jaune Blockx \u00a0n\u00b0212\u00a0 \u00a0pigment\u00a0: PY3 Jaune cadmium p\u00e2le Blockx n\u00b0311 \u00a0\u00a0pigment\u00a0: PY35 Jaune cadmium moyen Blockx n\u00b0315 \u00a0\u00a0\u00a0pigment\u00a0: PY35 TSN TSB TON TOB Ceruleum gris Blockx n\u00b0453 &hellip; <a href=\"https:\/\/www.gietka.be\/index.php\/materiel\/\">Continuer la lecture <span class=\"meta-nav\">&rarr;<\/span><\/a><\/p>\n","protected":false},"author":2,"featured_media":0,"parent":0,"menu_order":0,"comment_status":"closed","ping_status":"closed","template":"","meta":{"jetpack_post_was_ever_published":false,"footnotes":""},"class_list":["post-16","page","type-page","status-publish","hentry"],"yoast_head":"<!-- This site is optimized with the Yoast SEO plugin v27.2 - https:\/\/yoast.com\/product\/yoast-seo-wordpress\/ -->\n<title>Mat\u00e9riel - Jos\u00e9 Gietka, aquarelliste et cr\u00e9ateur de bijoux<\/title>\n<meta name=\"robots\" content=\"index, follow, max-snippet:-1, max-image-preview:large, max-video-preview:-1\" \/>\n<link rel=\"canonical\" href=\"https:\/\/www.gietka.be\/index.php\/materiel\/\" \/>\n<meta property=\"og:locale\" content=\"fr_FR\" \/>\n<meta property=\"og:type\" content=\"article\" \/>\n<meta property=\"og:title\" content=\"Mat\u00e9riel - Jos\u00e9 Gietka, aquarelliste et cr\u00e9ateur de bijoux\" \/>\n<meta property=\"og:description\" content=\"Liste de mat\u00e9riel sugg\u00e9r\u00e9 pour cours et stages\u00a0: Couleurs en tubes extra-fines Blockx Jaune Blockx \u00a0n\u00b0212\u00a0 \u00a0pigment\u00a0: PY3 Jaune cadmium p\u00e2le Blockx n\u00b0311 \u00a0\u00a0pigment\u00a0: PY35 Jaune cadmium moyen Blockx n\u00b0315 \u00a0\u00a0\u00a0pigment\u00a0: PY35 TSN TSB TON TOB Ceruleum gris Blockx n\u00b0453 &hellip; Continuer la lecture &rarr;\" \/>\n<meta property=\"og:url\" content=\"https:\/\/www.gietka.be\/index.php\/materiel\/\" \/>\n<meta property=\"og:site_name\" content=\"Jos\u00e9 Gietka, aquarelliste et cr\u00e9ateur de bijoux\" \/>\n<meta property=\"article:modified_time\" content=\"2016-11-12T12:13:26+00:00\" \/>\n<meta name=\"twitter:card\" content=\"summary_large_image\" \/>\n<meta name=\"twitter:label1\" content=\"Dur\u00e9e de lecture estim\u00e9e\" \/>\n\t<meta name=\"twitter:data1\" content=\"1 minute\" \/>\n<script type=\"application\/ld+json\" class=\"yoast-schema-graph\">{\"@context\":\"https:\/\/schema.org\",\"@graph\":[{\"@type\":\"WebPage\",\"@id\":\"https:\/\/www.gietka.be\/index.php\/materiel\/\",\"url\":\"https:\/\/www.gietka.be\/index.php\/materiel\/\",\"name\":\"Mat\u00e9riel - Jos\u00e9 Gietka, aquarelliste et cr\u00e9ateur de bijoux\",\"isPartOf\":{\"@id\":\"https:\/\/www.gietka.be\/#website\"},\"datePublished\":\"2016-11-07T18:17:52+00:00\",\"dateModified\":\"2016-11-12T12:13:26+00:00\",\"breadcrumb\":{\"@id\":\"https:\/\/www.gietka.be\/index.php\/materiel\/#breadcrumb\"},\"inLanguage\":\"fr-FR\",\"potentialAction\":[{\"@type\":\"ReadAction\",\"target\":[\"https:\/\/www.gietka.be\/index.php\/materiel\/\"]}]},{\"@type\":\"BreadcrumbList\",\"@id\":\"https:\/\/www.gietka.be\/index.php\/materiel\/#breadcrumb\",\"itemListElement\":[{\"@type\":\"ListItem\",\"position\":1,\"name\":\"Accueil\",\"item\":\"https:\/\/www.gietka.be\/\"},{\"@type\":\"ListItem\",\"position\":2,\"name\":\"Mat\u00e9riel\"}]},{\"@type\":\"WebSite\",\"@id\":\"https:\/\/www.gietka.be\/#website\",\"url\":\"https:\/\/www.gietka.be\/\",\"name\":\"Jos\u00e9 Gietka, aquarelliste et cr\u00e9ateur de bijoux\",\"description\":\"L&#039;art de l&#039;aquarelle cr\u00e9ative\",\"potentialAction\":[{\"@type\":\"SearchAction\",\"target\":{\"@type\":\"EntryPoint\",\"urlTemplate\":\"https:\/\/www.gietka.be\/?s={search_term_string}\"},\"query-input\":{\"@type\":\"PropertyValueSpecification\",\"valueRequired\":true,\"valueName\":\"search_term_string\"}}],\"inLanguage\":\"fr-FR\"}]}<\/script>\n<!-- \/ Yoast SEO plugin. -->","yoast_head_json":{"title":"Mat\u00e9riel - Jos\u00e9 Gietka, aquarelliste et cr\u00e9ateur de bijoux","robots":{"index":"index","follow":"follow","max-snippet":"max-snippet:-1","max-image-preview":"max-image-preview:large","max-video-preview":"max-video-preview:-1"},"canonical":"https:\/\/www.gietka.be\/index.php\/materiel\/","og_locale":"fr_FR","og_type":"article","og_title":"Mat\u00e9riel - Jos\u00e9 Gietka, aquarelliste et cr\u00e9ateur de bijoux","og_description":"Liste de mat\u00e9riel sugg\u00e9r\u00e9 pour cours et stages\u00a0: Couleurs en tubes extra-fines Blockx Jaune Blockx \u00a0n\u00b0212\u00a0 \u00a0pigment\u00a0: PY3 Jaune cadmium p\u00e2le Blockx n\u00b0311 \u00a0\u00a0pigment\u00a0: PY35 Jaune cadmium moyen Blockx n\u00b0315 \u00a0\u00a0\u00a0pigment\u00a0: PY35 TSN TSB TON TOB Ceruleum gris Blockx n\u00b0453 &hellip; Continuer la lecture &rarr;","og_url":"https:\/\/www.gietka.be\/index.php\/materiel\/","og_site_name":"Jos\u00e9 Gietka, aquarelliste et cr\u00e9ateur de bijoux","article_modified_time":"2016-11-12T12:13:26+00:00","twitter_card":"summary_large_image","twitter_misc":{"Dur\u00e9e de lecture estim\u00e9e":"1 minute"},"schema":{"@context":"https:\/\/schema.org","@graph":[{"@type":"WebPage","@id":"https:\/\/www.gietka.be\/index.php\/materiel\/","url":"https:\/\/www.gietka.be\/index.php\/materiel\/","name":"Mat\u00e9riel - Jos\u00e9 Gietka, aquarelliste et cr\u00e9ateur de bijoux","isPartOf":{"@id":"https:\/\/www.gietka.be\/#website"},"datePublished":"2016-11-07T18:17:52+00:00","dateModified":"2016-11-12T12:13:26+00:00","breadcrumb":{"@id":"https:\/\/www.gietka.be\/index.php\/materiel\/#breadcrumb"},"inLanguage":"fr-FR","potentialAction":[{"@type":"ReadAction","target":["https:\/\/www.gietka.be\/index.php\/materiel\/"]}]},{"@type":"BreadcrumbList","@id":"https:\/\/www.gietka.be\/index.php\/materiel\/#breadcrumb","itemListElement":[{"@type":"ListItem","position":1,"name":"Accueil","item":"https:\/\/www.gietka.be\/"},{"@type":"ListItem","position":2,"name":"Mat\u00e9riel"}]},{"@type":"WebSite","@id":"https:\/\/www.gietka.be\/#website","url":"https:\/\/www.gietka.be\/","name":"Jos\u00e9 Gietka, aquarelliste et cr\u00e9ateur de bijoux","description":"L&#039;art de l&#039;aquarelle cr\u00e9ative","potentialAction":[{"@type":"SearchAction","target":{"@type":"EntryPoint","urlTemplate":"https:\/\/www.gietka.be\/?s={search_term_string}"},"query-input":{"@type":"PropertyValueSpecification","valueRequired":true,"valueName":"search_term_string"}}],"inLanguage":"fr-FR"}]}},"jetpack_sharing_enabled":true,"jetpack_shortlink":"https:\/\/wp.me\/P7ZytP-g","_links":{"self":[{"href":"https:\/\/www.gietka.be\/index.php\/wp-json\/wp\/v2\/pages\/16","targetHints":{"allow":["GET"]}}],"collection":[{"href":"https:\/\/www.gietka.be\/index.php\/wp-json\/wp\/v2\/pages"}],"about":[{"href":"https:\/\/www.gietka.be\/index.php\/wp-json\/wp\/v2\/types\/page"}],"author":[{"embeddable":true,"href":"https:\/\/www.gietka.be\/index.php\/wp-json\/wp\/v2\/users\/2"}],"replies":[{"embeddable":true,"href":"https:\/\/www.gietka.be\/index.php\/wp-json\/wp\/v2\/comments?post=16"}],"version-history":[{"count":5,"href":"https:\/\/www.gietka.be\/index.php\/wp-json\/wp\/v2\/pages\/16\/revisions"}],"predecessor-version":[{"id":683,"href":"https:\/\/www.gietka.be\/index.php\/wp-json\/wp\/v2\/pages\/16\/revisions\/683"}],"wp:attachment":[{"href":"https:\/\/www.gietka.be\/index.php\/wp-json\/wp\/v2\/media?parent=16"}],"curies":[{"name":"wp","href":"https:\/\/api.w.org\/{rel}","templated":true}]}}