{"id":12,"date":"2016-11-07T19:16:54","date_gmt":"2016-11-07T18:16:54","guid":{"rendered":"http:\/\/www.gietka.be\/?page_id=12"},"modified":"2019-05-27T17:27:36","modified_gmt":"2019-05-27T15:27:36","slug":"cours-et-stages","status":"publish","type":"page","link":"https:\/\/www.gietka.be\/index.php\/cours-et-stages\/","title":{"rendered":"Cours, stages&#8230;"},"content":{"rendered":"\n<p><strong><span style=\"text-decoration: underline;\">Cours d\u2019aquarelle \u00a0ou\u00a0\/et de dessin<\/span><\/strong><\/p>\n\n\n\n<p>Je suis disponible pour donner des\ncours, dur\u00e9e \u00e0 convenir ensemble uniquement en Belgique.<\/p>\n\n\n\n<p>Pour d\u00e9butants, amateurs et confirm\u00e9s,\naussi pour enfants et seniors. <\/p>\n\n\n\n<p>Aquarelle, gouache, dessins crayons\ngris et crayons de couleurs, dessins cr\u00e9atifs diff\u00e9rentes techniques, encre\netc.\u2026<\/p>\n\n\n\n<p><strong><span style=\"text-decoration: underline;\">Stages sur la Belgique, la France, etc.<\/span><\/strong><\/p>\n\n\n\n<p>Ils &nbsp;sont aussi disponibles \u00e0 la\ndemande sur diff\u00e9rents pays.<\/p>\n\n\n\n<p>&nbsp;Pour 1 ou plusieurs jours \u00e0\nd\u00e9finir ensemble<\/p>\n\n\n\n<p><strong><span style=\"text-decoration: underline;\">Conf\u00e9rences<\/span><\/strong><\/p>\n\n\n\n<p>Il est aussi possible d\u2019avoir des\nconf\u00e9rences sur diff\u00e9rents sujets artistiques.<\/p>\n\n\n\n<p><strong><span style=\"text-decoration: underline;\">Mes th\u00e8mes de pr\u00e9dilections<\/span>\u00a0<\/strong><\/p>\n\n\n\n<p>Les couleurs&nbsp;: m\u00e9langes, symboliques,\neffets visuels. <\/p>\n\n\n\n<p>La cr\u00e9ativit\u00e9, la libert\u00e9,\nl\u2019imaginaire, les r\u00eaves, la symbolique au sens large.<\/p>\n\n\n\n<p><strong><span style=\"text-decoration: underline;\">D\u00e9monstrations et animations publicitaires<\/span><\/strong><\/p>\n\n\n\n<p>Des d\u00e9monstrations d\u2019aquarelle\npublicitaires peuvent \u00eatre demand\u00e9es par toute personne ou soci\u00e9t\u00e9 d\u00e9sireuse d\u2019animer\nun \u00e9v\u00e9nement et&nbsp;\/ou offrir un cadeau \u00e0 sa client\u00e8le ou son personnel.<\/p>\n\n\n\n<p><strong><span style=\"text-decoration: underline;\">Encadrement d\u2019une aquarelle<\/span><\/strong><\/p>\n\n\n\n<p>Encadrement d\u2019une aquarelle (sous\nforme d\u2019une d\u00e9monstration) pour aquarellistes et dessinateurs d\u00e9butants ou\nautres.<\/p>\n\n\n\n<p>Pour toute demande me contacter &nbsp;<\/p>\n\n\n\n<p>E-mail&nbsp;:&nbsp;<a href=\"mailto:gietka.jose@gmail.com\" target=\"_blank\" rel=\"noreferrer noopener\">gietka.jose@gmail.com<\/a><\/p>\n\n\n\n<p>GSM&nbsp;: 0478 57 26 41.<\/p>\n","protected":false},"excerpt":{"rendered":"<p>Cours d\u2019aquarelle \u00a0ou\u00a0\/et de dessin Je suis disponible pour donner des cours, dur\u00e9e \u00e0 convenir ensemble uniquement en Belgique. Pour d\u00e9butants, amateurs et confirm\u00e9s, aussi pour enfants et seniors. Aquarelle, gouache, dessins crayons gris et crayons de couleurs, dessins cr\u00e9atifs &hellip; <a href=\"https:\/\/www.gietka.be\/index.php\/cours-et-stages\/\">Continuer la lecture <span class=\"meta-nav\">&rarr;<\/span><\/a><\/p>\n","protected":false},"author":2,"featured_media":0,"parent":0,"menu_order":0,"comment_status":"closed","ping_status":"closed","template":"","meta":{"jetpack_post_was_ever_published":false,"footnotes":""},"class_list":["post-12","page","type-page","status-publish","hentry"],"yoast_head":"<!-- This site is optimized with the Yoast SEO plugin v27.2 - https:\/\/yoast.com\/product\/yoast-seo-wordpress\/ -->\n<title>Cours, stages... - Jos\u00e9 Gietka, aquarelliste et cr\u00e9ateur de bijoux<\/title>\n<meta name=\"robots\" content=\"index, follow, max-snippet:-1, max-image-preview:large, max-video-preview:-1\" \/>\n<link rel=\"canonical\" href=\"https:\/\/www.gietka.be\/index.php\/cours-et-stages\/\" \/>\n<meta property=\"og:locale\" content=\"fr_FR\" \/>\n<meta property=\"og:type\" content=\"article\" \/>\n<meta property=\"og:title\" content=\"Cours, stages... - Jos\u00e9 Gietka, aquarelliste et cr\u00e9ateur de bijoux\" \/>\n<meta property=\"og:description\" content=\"Cours d\u2019aquarelle \u00a0ou\u00a0\/et de dessin Je suis disponible pour donner des cours, dur\u00e9e \u00e0 convenir ensemble uniquement en Belgique. Pour d\u00e9butants, amateurs et confirm\u00e9s, aussi pour enfants et seniors. Aquarelle, gouache, dessins crayons gris et crayons de couleurs, dessins cr\u00e9atifs &hellip; Continuer la lecture &rarr;\" \/>\n<meta property=\"og:url\" content=\"https:\/\/www.gietka.be\/index.php\/cours-et-stages\/\" \/>\n<meta property=\"og:site_name\" content=\"Jos\u00e9 Gietka, aquarelliste et cr\u00e9ateur de bijoux\" \/>\n<meta property=\"article:modified_time\" content=\"2019-05-27T15:27:36+00:00\" \/>\n<meta name=\"twitter:card\" content=\"summary_large_image\" \/>\n<meta name=\"twitter:label1\" content=\"Dur\u00e9e de lecture estim\u00e9e\" \/>\n\t<meta name=\"twitter:data1\" content=\"1 minute\" \/>\n<script type=\"application\/ld+json\" class=\"yoast-schema-graph\">{\"@context\":\"https:\/\/schema.org\",\"@graph\":[{\"@type\":\"WebPage\",\"@id\":\"https:\/\/www.gietka.be\/index.php\/cours-et-stages\/\",\"url\":\"https:\/\/www.gietka.be\/index.php\/cours-et-stages\/\",\"name\":\"Cours, stages... - Jos\u00e9 Gietka, aquarelliste et cr\u00e9ateur de bijoux\",\"isPartOf\":{\"@id\":\"https:\/\/www.gietka.be\/#website\"},\"datePublished\":\"2016-11-07T18:16:54+00:00\",\"dateModified\":\"2019-05-27T15:27:36+00:00\",\"breadcrumb\":{\"@id\":\"https:\/\/www.gietka.be\/index.php\/cours-et-stages\/#breadcrumb\"},\"inLanguage\":\"fr-FR\",\"potentialAction\":[{\"@type\":\"ReadAction\",\"target\":[\"https:\/\/www.gietka.be\/index.php\/cours-et-stages\/\"]}]},{\"@type\":\"BreadcrumbList\",\"@id\":\"https:\/\/www.gietka.be\/index.php\/cours-et-stages\/#breadcrumb\",\"itemListElement\":[{\"@type\":\"ListItem\",\"position\":1,\"name\":\"Accueil\",\"item\":\"https:\/\/www.gietka.be\/\"},{\"@type\":\"ListItem\",\"position\":2,\"name\":\"Cours, stages&#8230;\"}]},{\"@type\":\"WebSite\",\"@id\":\"https:\/\/www.gietka.be\/#website\",\"url\":\"https:\/\/www.gietka.be\/\",\"name\":\"Jos\u00e9 Gietka, aquarelliste et cr\u00e9ateur de bijoux\",\"description\":\"L&#039;art de l&#039;aquarelle cr\u00e9ative\",\"potentialAction\":[{\"@type\":\"SearchAction\",\"target\":{\"@type\":\"EntryPoint\",\"urlTemplate\":\"https:\/\/www.gietka.be\/?s={search_term_string}\"},\"query-input\":{\"@type\":\"PropertyValueSpecification\",\"valueRequired\":true,\"valueName\":\"search_term_string\"}}],\"inLanguage\":\"fr-FR\"}]}<\/script>\n<!-- \/ Yoast SEO plugin. -->","yoast_head_json":{"title":"Cours, stages... - Jos\u00e9 Gietka, aquarelliste et cr\u00e9ateur de bijoux","robots":{"index":"index","follow":"follow","max-snippet":"max-snippet:-1","max-image-preview":"max-image-preview:large","max-video-preview":"max-video-preview:-1"},"canonical":"https:\/\/www.gietka.be\/index.php\/cours-et-stages\/","og_locale":"fr_FR","og_type":"article","og_title":"Cours, stages... - Jos\u00e9 Gietka, aquarelliste et cr\u00e9ateur de bijoux","og_description":"Cours d\u2019aquarelle \u00a0ou\u00a0\/et de dessin Je suis disponible pour donner des cours, dur\u00e9e \u00e0 convenir ensemble uniquement en Belgique. Pour d\u00e9butants, amateurs et confirm\u00e9s, aussi pour enfants et seniors. Aquarelle, gouache, dessins crayons gris et crayons de couleurs, dessins cr\u00e9atifs &hellip; Continuer la lecture &rarr;","og_url":"https:\/\/www.gietka.be\/index.php\/cours-et-stages\/","og_site_name":"Jos\u00e9 Gietka, aquarelliste et cr\u00e9ateur de bijoux","article_modified_time":"2019-05-27T15:27:36+00:00","twitter_card":"summary_large_image","twitter_misc":{"Dur\u00e9e de lecture estim\u00e9e":"1 minute"},"schema":{"@context":"https:\/\/schema.org","@graph":[{"@type":"WebPage","@id":"https:\/\/www.gietka.be\/index.php\/cours-et-stages\/","url":"https:\/\/www.gietka.be\/index.php\/cours-et-stages\/","name":"Cours, stages... - Jos\u00e9 Gietka, aquarelliste et cr\u00e9ateur de bijoux","isPartOf":{"@id":"https:\/\/www.gietka.be\/#website"},"datePublished":"2016-11-07T18:16:54+00:00","dateModified":"2019-05-27T15:27:36+00:00","breadcrumb":{"@id":"https:\/\/www.gietka.be\/index.php\/cours-et-stages\/#breadcrumb"},"inLanguage":"fr-FR","potentialAction":[{"@type":"ReadAction","target":["https:\/\/www.gietka.be\/index.php\/cours-et-stages\/"]}]},{"@type":"BreadcrumbList","@id":"https:\/\/www.gietka.be\/index.php\/cours-et-stages\/#breadcrumb","itemListElement":[{"@type":"ListItem","position":1,"name":"Accueil","item":"https:\/\/www.gietka.be\/"},{"@type":"ListItem","position":2,"name":"Cours, stages&#8230;"}]},{"@type":"WebSite","@id":"https:\/\/www.gietka.be\/#website","url":"https:\/\/www.gietka.be\/","name":"Jos\u00e9 Gietka, aquarelliste et cr\u00e9ateur de bijoux","description":"L&#039;art de l&#039;aquarelle cr\u00e9ative","potentialAction":[{"@type":"SearchAction","target":{"@type":"EntryPoint","urlTemplate":"https:\/\/www.gietka.be\/?s={search_term_string}"},"query-input":{"@type":"PropertyValueSpecification","valueRequired":true,"valueName":"search_term_string"}}],"inLanguage":"fr-FR"}]}},"jetpack_sharing_enabled":true,"jetpack_shortlink":"https:\/\/wp.me\/P7ZytP-c","_links":{"self":[{"href":"https:\/\/www.gietka.be\/index.php\/wp-json\/wp\/v2\/pages\/12","targetHints":{"allow":["GET"]}}],"collection":[{"href":"https:\/\/www.gietka.be\/index.php\/wp-json\/wp\/v2\/pages"}],"about":[{"href":"https:\/\/www.gietka.be\/index.php\/wp-json\/wp\/v2\/types\/page"}],"author":[{"embeddable":true,"href":"https:\/\/www.gietka.be\/index.php\/wp-json\/wp\/v2\/users\/2"}],"replies":[{"embeddable":true,"href":"https:\/\/www.gietka.be\/index.php\/wp-json\/wp\/v2\/comments?post=12"}],"version-history":[{"count":2,"href":"https:\/\/www.gietka.be\/index.php\/wp-json\/wp\/v2\/pages\/12\/revisions"}],"predecessor-version":[{"id":1615,"href":"https:\/\/www.gietka.be\/index.php\/wp-json\/wp\/v2\/pages\/12\/revisions\/1615"}],"wp:attachment":[{"href":"https:\/\/www.gietka.be\/index.php\/wp-json\/wp\/v2\/media?parent=12"}],"curies":[{"name":"wp","href":"https:\/\/api.w.org\/{rel}","templated":true}]}}