{"id":11751,"date":"2026-03-25T10:21:31","date_gmt":"2026-03-25T09:21:31","guid":{"rendered":"https:\/\/www.gietka.be\/?page_id=11751"},"modified":"2026-03-25T10:31:02","modified_gmt":"2026-03-25T09:31:02","slug":"2026-2","status":"publish","type":"page","link":"https:\/\/www.gietka.be\/index.php\/2026-2\/","title":{"rendered":"2026"},"content":{"rendered":"\n<p><\/p>\n\n\n\n<p><\/p>\n\n\n\n<p><strong>A partir de mars 2026<\/strong><\/p>\n\n\n\n<p>Exposition permanente \u00e0 la galerie d&rsquo;art \u00ab\u00a0ART&rsquo;PERO\u00a0\u00bb de Crupet<\/p>\n\n\n\n<p><\/p>\n","protected":false},"excerpt":{"rendered":"<p>A partir de mars 2026 Exposition permanente \u00e0 la galerie d&rsquo;art \u00ab\u00a0ART&rsquo;PERO\u00a0\u00bb de Crupet<\/p>\n","protected":false},"author":2,"featured_media":0,"parent":0,"menu_order":0,"comment_status":"closed","ping_status":"closed","template":"","meta":{"jetpack_post_was_ever_published":false,"footnotes":""},"class_list":["post-11751","page","type-page","status-publish","hentry"],"yoast_head":"<!-- This site is optimized with the Yoast SEO plugin v27.2 - https:\/\/yoast.com\/product\/yoast-seo-wordpress\/ -->\n<title>2026 - Jos\u00e9 Gietka, aquarelliste et cr\u00e9ateur de bijoux<\/title>\n<meta name=\"robots\" content=\"index, follow, max-snippet:-1, max-image-preview:large, max-video-preview:-1\" \/>\n<link rel=\"canonical\" href=\"https:\/\/www.gietka.be\/index.php\/2026-2\/\" \/>\n<meta property=\"og:locale\" content=\"fr_FR\" \/>\n<meta property=\"og:type\" content=\"article\" \/>\n<meta property=\"og:title\" content=\"2026 - Jos\u00e9 Gietka, aquarelliste et cr\u00e9ateur de bijoux\" \/>\n<meta property=\"og:description\" content=\"A partir de mars 2026 Exposition permanente \u00e0 la galerie d&rsquo;art \u00ab\u00a0ART&rsquo;PERO\u00a0\u00bb de Crupet\" \/>\n<meta property=\"og:url\" content=\"https:\/\/www.gietka.be\/index.php\/2026-2\/\" \/>\n<meta property=\"og:site_name\" content=\"Jos\u00e9 Gietka, aquarelliste et cr\u00e9ateur de bijoux\" \/>\n<meta property=\"article:modified_time\" content=\"2026-03-25T09:31:02+00:00\" \/>\n<meta name=\"twitter:card\" content=\"summary_large_image\" \/>\n<meta name=\"twitter:label1\" content=\"Dur\u00e9e de lecture estim\u00e9e\" \/>\n\t<meta name=\"twitter:data1\" content=\"1 minute\" \/>\n<script type=\"application\/ld+json\" class=\"yoast-schema-graph\">{\"@context\":\"https:\/\/schema.org\",\"@graph\":[{\"@type\":\"WebPage\",\"@id\":\"https:\/\/www.gietka.be\/index.php\/2026-2\/\",\"url\":\"https:\/\/www.gietka.be\/index.php\/2026-2\/\",\"name\":\"2026 - Jos\u00e9 Gietka, aquarelliste et cr\u00e9ateur de bijoux\",\"isPartOf\":{\"@id\":\"https:\/\/www.gietka.be\/#website\"},\"datePublished\":\"2026-03-25T09:21:31+00:00\",\"dateModified\":\"2026-03-25T09:31:02+00:00\",\"breadcrumb\":{\"@id\":\"https:\/\/www.gietka.be\/index.php\/2026-2\/#breadcrumb\"},\"inLanguage\":\"fr-FR\",\"potentialAction\":[{\"@type\":\"ReadAction\",\"target\":[\"https:\/\/www.gietka.be\/index.php\/2026-2\/\"]}]},{\"@type\":\"BreadcrumbList\",\"@id\":\"https:\/\/www.gietka.be\/index.php\/2026-2\/#breadcrumb\",\"itemListElement\":[{\"@type\":\"ListItem\",\"position\":1,\"name\":\"Accueil\",\"item\":\"https:\/\/www.gietka.be\/\"},{\"@type\":\"ListItem\",\"position\":2,\"name\":\"2026\"}]},{\"@type\":\"WebSite\",\"@id\":\"https:\/\/www.gietka.be\/#website\",\"url\":\"https:\/\/www.gietka.be\/\",\"name\":\"Jos\u00e9 Gietka, aquarelliste et cr\u00e9ateur de bijoux\",\"description\":\"L&#039;art de l&#039;aquarelle cr\u00e9ative\",\"potentialAction\":[{\"@type\":\"SearchAction\",\"target\":{\"@type\":\"EntryPoint\",\"urlTemplate\":\"https:\/\/www.gietka.be\/?s={search_term_string}\"},\"query-input\":{\"@type\":\"PropertyValueSpecification\",\"valueRequired\":true,\"valueName\":\"search_term_string\"}}],\"inLanguage\":\"fr-FR\"}]}<\/script>\n<!-- \/ Yoast SEO plugin. -->","yoast_head_json":{"title":"2026 - Jos\u00e9 Gietka, aquarelliste et cr\u00e9ateur de bijoux","robots":{"index":"index","follow":"follow","max-snippet":"max-snippet:-1","max-image-preview":"max-image-preview:large","max-video-preview":"max-video-preview:-1"},"canonical":"https:\/\/www.gietka.be\/index.php\/2026-2\/","og_locale":"fr_FR","og_type":"article","og_title":"2026 - Jos\u00e9 Gietka, aquarelliste et cr\u00e9ateur de bijoux","og_description":"A partir de mars 2026 Exposition permanente \u00e0 la galerie d&rsquo;art \u00ab\u00a0ART&rsquo;PERO\u00a0\u00bb de Crupet","og_url":"https:\/\/www.gietka.be\/index.php\/2026-2\/","og_site_name":"Jos\u00e9 Gietka, aquarelliste et cr\u00e9ateur de bijoux","article_modified_time":"2026-03-25T09:31:02+00:00","twitter_card":"summary_large_image","twitter_misc":{"Dur\u00e9e de lecture estim\u00e9e":"1 minute"},"schema":{"@context":"https:\/\/schema.org","@graph":[{"@type":"WebPage","@id":"https:\/\/www.gietka.be\/index.php\/2026-2\/","url":"https:\/\/www.gietka.be\/index.php\/2026-2\/","name":"2026 - Jos\u00e9 Gietka, aquarelliste et cr\u00e9ateur de bijoux","isPartOf":{"@id":"https:\/\/www.gietka.be\/#website"},"datePublished":"2026-03-25T09:21:31+00:00","dateModified":"2026-03-25T09:31:02+00:00","breadcrumb":{"@id":"https:\/\/www.gietka.be\/index.php\/2026-2\/#breadcrumb"},"inLanguage":"fr-FR","potentialAction":[{"@type":"ReadAction","target":["https:\/\/www.gietka.be\/index.php\/2026-2\/"]}]},{"@type":"BreadcrumbList","@id":"https:\/\/www.gietka.be\/index.php\/2026-2\/#breadcrumb","itemListElement":[{"@type":"ListItem","position":1,"name":"Accueil","item":"https:\/\/www.gietka.be\/"},{"@type":"ListItem","position":2,"name":"2026"}]},{"@type":"WebSite","@id":"https:\/\/www.gietka.be\/#website","url":"https:\/\/www.gietka.be\/","name":"Jos\u00e9 Gietka, aquarelliste et cr\u00e9ateur de bijoux","description":"L&#039;art de l&#039;aquarelle cr\u00e9ative","potentialAction":[{"@type":"SearchAction","target":{"@type":"EntryPoint","urlTemplate":"https:\/\/www.gietka.be\/?s={search_term_string}"},"query-input":{"@type":"PropertyValueSpecification","valueRequired":true,"valueName":"search_term_string"}}],"inLanguage":"fr-FR"}]}},"jetpack_sharing_enabled":true,"jetpack_shortlink":"https:\/\/wp.me\/P7ZytP-33x","_links":{"self":[{"href":"https:\/\/www.gietka.be\/index.php\/wp-json\/wp\/v2\/pages\/11751","targetHints":{"allow":["GET"]}}],"collection":[{"href":"https:\/\/www.gietka.be\/index.php\/wp-json\/wp\/v2\/pages"}],"about":[{"href":"https:\/\/www.gietka.be\/index.php\/wp-json\/wp\/v2\/types\/page"}],"author":[{"embeddable":true,"href":"https:\/\/www.gietka.be\/index.php\/wp-json\/wp\/v2\/users\/2"}],"replies":[{"embeddable":true,"href":"https:\/\/www.gietka.be\/index.php\/wp-json\/wp\/v2\/comments?post=11751"}],"version-history":[{"count":4,"href":"https:\/\/www.gietka.be\/index.php\/wp-json\/wp\/v2\/pages\/11751\/revisions"}],"predecessor-version":[{"id":11759,"href":"https:\/\/www.gietka.be\/index.php\/wp-json\/wp\/v2\/pages\/11751\/revisions\/11759"}],"wp:attachment":[{"href":"https:\/\/www.gietka.be\/index.php\/wp-json\/wp\/v2\/media?parent=11751"}],"curies":[{"name":"wp","href":"https:\/\/api.w.org\/{rel}","templated":true}]}}