{"id":11402,"date":"2025-12-01T15:33:16","date_gmt":"2025-12-01T14:33:16","guid":{"rendered":"https:\/\/www.gietka.be\/?page_id=11402"},"modified":"2025-12-01T15:41:15","modified_gmt":"2025-12-01T14:41:15","slug":"2025-2","status":"publish","type":"page","link":"https:\/\/www.gietka.be\/index.php\/2025-2\/","title":{"rendered":"2025"},"content":{"rendered":"\n<p><strong><u>Du 23 au 25 mai 2025 :<\/u><\/strong><\/p>\n\n\n\n<p>Salon d\u2019Art 2025 avec le groupe \u00ab Happy Art \u00bb \u00e0 Oreye, Hall Omnisport, rue de la Cit\u00e9, 18.<\/p>\n\n\n\n<figure class=\"wp-block-gallery has-nested-images columns-default is-cropped wp-block-gallery-1 is-layout-flex wp-block-gallery-is-layout-flex\">\n<figure class=\"wp-block-image size-large\"><img data-recalc-dims=\"1\" loading=\"lazy\" decoding=\"async\" width=\"640\" height=\"360\" data-attachment-id=\"11410\" data-permalink=\"https:\/\/www.gietka.be\/index.php\/2025-2\/500134004_1909581233209758_5246071860890093542_n\/\" data-orig-file=\"https:\/\/i0.wp.com\/www.gietka.be\/wp-content\/uploads\/2025\/12\/500134004_1909581233209758_5246071860890093542_n.jpg?fit=1920%2C1080&amp;ssl=1\" data-orig-size=\"1920,1080\" data-comments-opened=\"0\" data-image-meta=\"{&quot;aperture&quot;:&quot;0&quot;,&quot;credit&quot;:&quot;&quot;,&quot;camera&quot;:&quot;&quot;,&quot;caption&quot;:&quot;&quot;,&quot;created_timestamp&quot;:&quot;0&quot;,&quot;copyright&quot;:&quot;&quot;,&quot;focal_length&quot;:&quot;0&quot;,&quot;iso&quot;:&quot;0&quot;,&quot;shutter_speed&quot;:&quot;0&quot;,&quot;title&quot;:&quot;&quot;,&quot;orientation&quot;:&quot;0&quot;}\" data-image-title=\"500134004_1909581233209758_5246071860890093542_n\" data-image-description=\"\" data-image-caption=\"\" data-medium-file=\"https:\/\/i0.wp.com\/www.gietka.be\/wp-content\/uploads\/2025\/12\/500134004_1909581233209758_5246071860890093542_n.jpg?fit=300%2C169&amp;ssl=1\" data-large-file=\"https:\/\/i0.wp.com\/www.gietka.be\/wp-content\/uploads\/2025\/12\/500134004_1909581233209758_5246071860890093542_n.jpg?fit=640%2C360&amp;ssl=1\" data-id=\"11410\" src=\"https:\/\/i0.wp.com\/www.gietka.be\/wp-content\/uploads\/2025\/12\/500134004_1909581233209758_5246071860890093542_n.jpg?resize=640%2C360&#038;ssl=1\" alt=\"\" class=\"wp-image-11410\" srcset=\"https:\/\/i0.wp.com\/www.gietka.be\/wp-content\/uploads\/2025\/12\/500134004_1909581233209758_5246071860890093542_n.jpg?resize=1024%2C576&amp;ssl=1 1024w, https:\/\/i0.wp.com\/www.gietka.be\/wp-content\/uploads\/2025\/12\/500134004_1909581233209758_5246071860890093542_n.jpg?resize=300%2C169&amp;ssl=1 300w, https:\/\/i0.wp.com\/www.gietka.be\/wp-content\/uploads\/2025\/12\/500134004_1909581233209758_5246071860890093542_n.jpg?resize=768%2C432&amp;ssl=1 768w, https:\/\/i0.wp.com\/www.gietka.be\/wp-content\/uploads\/2025\/12\/500134004_1909581233209758_5246071860890093542_n.jpg?resize=1536%2C864&amp;ssl=1 1536w, https:\/\/i0.wp.com\/www.gietka.be\/wp-content\/uploads\/2025\/12\/500134004_1909581233209758_5246071860890093542_n.jpg?resize=1320%2C743&amp;ssl=1 1320w, https:\/\/i0.wp.com\/www.gietka.be\/wp-content\/uploads\/2025\/12\/500134004_1909581233209758_5246071860890093542_n.jpg?w=1920&amp;ssl=1 1920w\" sizes=\"auto, (max-width: 640px) 100vw, 640px\" \/><\/figure>\n\n\n\n<figure class=\"wp-block-image size-large\"><img data-recalc-dims=\"1\" loading=\"lazy\" decoding=\"async\" width=\"640\" height=\"853\" data-attachment-id=\"11409\" data-permalink=\"https:\/\/www.gietka.be\/index.php\/2025-2\/20250525_122847\/\" data-orig-file=\"https:\/\/i0.wp.com\/www.gietka.be\/wp-content\/uploads\/2025\/12\/20250525_122847-scaled.jpg?fit=1919%2C2560&amp;ssl=1\" data-orig-size=\"1919,2560\" data-comments-opened=\"0\" data-image-meta=\"{&quot;aperture&quot;:&quot;0&quot;,&quot;credit&quot;:&quot;&quot;,&quot;camera&quot;:&quot;SM-A125F&quot;,&quot;caption&quot;:&quot;&quot;,&quot;created_timestamp&quot;:&quot;0&quot;,&quot;copyright&quot;:&quot;&quot;,&quot;focal_length&quot;:&quot;0&quot;,&quot;iso&quot;:&quot;0&quot;,&quot;shutter_speed&quot;:&quot;0&quot;,&quot;title&quot;:&quot;&quot;,&quot;orientation&quot;:&quot;1&quot;}\" data-image-title=\"20250525_122847\" data-image-description=\"\" data-image-caption=\"\" data-medium-file=\"https:\/\/i0.wp.com\/www.gietka.be\/wp-content\/uploads\/2025\/12\/20250525_122847-scaled.jpg?fit=225%2C300&amp;ssl=1\" data-large-file=\"https:\/\/i0.wp.com\/www.gietka.be\/wp-content\/uploads\/2025\/12\/20250525_122847-scaled.jpg?fit=640%2C853&amp;ssl=1\" data-id=\"11409\" src=\"https:\/\/i0.wp.com\/www.gietka.be\/wp-content\/uploads\/2025\/12\/20250525_122847.jpg?resize=640%2C853&#038;ssl=1\" alt=\"\" class=\"wp-image-11409\" srcset=\"https:\/\/i0.wp.com\/www.gietka.be\/wp-content\/uploads\/2025\/12\/20250525_122847-scaled.jpg?resize=768%2C1024&amp;ssl=1 768w, https:\/\/i0.wp.com\/www.gietka.be\/wp-content\/uploads\/2025\/12\/20250525_122847-scaled.jpg?resize=225%2C300&amp;ssl=1 225w, https:\/\/i0.wp.com\/www.gietka.be\/wp-content\/uploads\/2025\/12\/20250525_122847-scaled.jpg?resize=1152%2C1536&amp;ssl=1 1152w, https:\/\/i0.wp.com\/www.gietka.be\/wp-content\/uploads\/2025\/12\/20250525_122847-scaled.jpg?resize=1535%2C2048&amp;ssl=1 1535w, https:\/\/i0.wp.com\/www.gietka.be\/wp-content\/uploads\/2025\/12\/20250525_122847-scaled.jpg?resize=1320%2C1761&amp;ssl=1 1320w, https:\/\/i0.wp.com\/www.gietka.be\/wp-content\/uploads\/2025\/12\/20250525_122847-scaled.jpg?w=1919&amp;ssl=1 1919w\" sizes=\"auto, (max-width: 640px) 100vw, 640px\" \/><\/figure>\n\n\n\n<figure class=\"wp-block-image size-large\"><img data-recalc-dims=\"1\" loading=\"lazy\" decoding=\"async\" width=\"640\" height=\"640\" data-attachment-id=\"11408\" data-permalink=\"https:\/\/www.gietka.be\/index.php\/2025-2\/501610916_9678118625575147_1509680444941296127_n\/\" data-orig-file=\"https:\/\/i0.wp.com\/www.gietka.be\/wp-content\/uploads\/2025\/12\/501610916_9678118625575147_1509680444941296127_n.jpg?fit=2048%2C2048&amp;ssl=1\" data-orig-size=\"2048,2048\" data-comments-opened=\"0\" data-image-meta=\"{&quot;aperture&quot;:&quot;0&quot;,&quot;credit&quot;:&quot;&quot;,&quot;camera&quot;:&quot;&quot;,&quot;caption&quot;:&quot;&quot;,&quot;created_timestamp&quot;:&quot;0&quot;,&quot;copyright&quot;:&quot;&quot;,&quot;focal_length&quot;:&quot;0&quot;,&quot;iso&quot;:&quot;0&quot;,&quot;shutter_speed&quot;:&quot;0&quot;,&quot;title&quot;:&quot;&quot;,&quot;orientation&quot;:&quot;0&quot;}\" data-image-title=\"501610916_9678118625575147_1509680444941296127_n\" data-image-description=\"\" data-image-caption=\"\" data-medium-file=\"https:\/\/i0.wp.com\/www.gietka.be\/wp-content\/uploads\/2025\/12\/501610916_9678118625575147_1509680444941296127_n.jpg?fit=300%2C300&amp;ssl=1\" data-large-file=\"https:\/\/i0.wp.com\/www.gietka.be\/wp-content\/uploads\/2025\/12\/501610916_9678118625575147_1509680444941296127_n.jpg?fit=640%2C640&amp;ssl=1\" data-id=\"11408\" src=\"https:\/\/i0.wp.com\/www.gietka.be\/wp-content\/uploads\/2025\/12\/501610916_9678118625575147_1509680444941296127_n.jpg?resize=640%2C640&#038;ssl=1\" alt=\"\" class=\"wp-image-11408\" srcset=\"https:\/\/i0.wp.com\/www.gietka.be\/wp-content\/uploads\/2025\/12\/501610916_9678118625575147_1509680444941296127_n.jpg?resize=1024%2C1024&amp;ssl=1 1024w, https:\/\/i0.wp.com\/www.gietka.be\/wp-content\/uploads\/2025\/12\/501610916_9678118625575147_1509680444941296127_n.jpg?resize=300%2C300&amp;ssl=1 300w, https:\/\/i0.wp.com\/www.gietka.be\/wp-content\/uploads\/2025\/12\/501610916_9678118625575147_1509680444941296127_n.jpg?resize=150%2C150&amp;ssl=1 150w, https:\/\/i0.wp.com\/www.gietka.be\/wp-content\/uploads\/2025\/12\/501610916_9678118625575147_1509680444941296127_n.jpg?resize=768%2C768&amp;ssl=1 768w, https:\/\/i0.wp.com\/www.gietka.be\/wp-content\/uploads\/2025\/12\/501610916_9678118625575147_1509680444941296127_n.jpg?resize=1536%2C1536&amp;ssl=1 1536w, https:\/\/i0.wp.com\/www.gietka.be\/wp-content\/uploads\/2025\/12\/501610916_9678118625575147_1509680444941296127_n.jpg?resize=1320%2C1320&amp;ssl=1 1320w, https:\/\/i0.wp.com\/www.gietka.be\/wp-content\/uploads\/2025\/12\/501610916_9678118625575147_1509680444941296127_n.jpg?w=2048&amp;ssl=1 2048w, https:\/\/i0.wp.com\/www.gietka.be\/wp-content\/uploads\/2025\/12\/501610916_9678118625575147_1509680444941296127_n.jpg?w=1920&amp;ssl=1 1920w\" sizes=\"auto, (max-width: 640px) 100vw, 640px\" \/><\/figure>\n\n\n\n<figure class=\"wp-block-image size-large\"><img data-recalc-dims=\"1\" loading=\"lazy\" decoding=\"async\" width=\"640\" height=\"480\" data-attachment-id=\"11407\" data-permalink=\"https:\/\/www.gietka.be\/index.php\/2025-2\/499913918_122208047294131326_7160729954467892461_n-1\/\" data-orig-file=\"https:\/\/i0.wp.com\/www.gietka.be\/wp-content\/uploads\/2025\/12\/499913918_122208047294131326_7160729954467892461_n-1.jpg?fit=2000%2C1500&amp;ssl=1\" data-orig-size=\"2000,1500\" data-comments-opened=\"0\" data-image-meta=\"{&quot;aperture&quot;:&quot;0&quot;,&quot;credit&quot;:&quot;&quot;,&quot;camera&quot;:&quot;&quot;,&quot;caption&quot;:&quot;&quot;,&quot;created_timestamp&quot;:&quot;0&quot;,&quot;copyright&quot;:&quot;&quot;,&quot;focal_length&quot;:&quot;0&quot;,&quot;iso&quot;:&quot;0&quot;,&quot;shutter_speed&quot;:&quot;0&quot;,&quot;title&quot;:&quot;&quot;,&quot;orientation&quot;:&quot;0&quot;}\" data-image-title=\"499913918_122208047294131326_7160729954467892461_n (1)\" data-image-description=\"\" data-image-caption=\"\" data-medium-file=\"https:\/\/i0.wp.com\/www.gietka.be\/wp-content\/uploads\/2025\/12\/499913918_122208047294131326_7160729954467892461_n-1.jpg?fit=300%2C225&amp;ssl=1\" data-large-file=\"https:\/\/i0.wp.com\/www.gietka.be\/wp-content\/uploads\/2025\/12\/499913918_122208047294131326_7160729954467892461_n-1.jpg?fit=640%2C480&amp;ssl=1\" data-id=\"11407\" src=\"https:\/\/i0.wp.com\/www.gietka.be\/wp-content\/uploads\/2025\/12\/499913918_122208047294131326_7160729954467892461_n-1.jpg?resize=640%2C480&#038;ssl=1\" alt=\"\" class=\"wp-image-11407\" srcset=\"https:\/\/i0.wp.com\/www.gietka.be\/wp-content\/uploads\/2025\/12\/499913918_122208047294131326_7160729954467892461_n-1.jpg?resize=1024%2C768&amp;ssl=1 1024w, https:\/\/i0.wp.com\/www.gietka.be\/wp-content\/uploads\/2025\/12\/499913918_122208047294131326_7160729954467892461_n-1.jpg?resize=300%2C225&amp;ssl=1 300w, https:\/\/i0.wp.com\/www.gietka.be\/wp-content\/uploads\/2025\/12\/499913918_122208047294131326_7160729954467892461_n-1.jpg?resize=768%2C576&amp;ssl=1 768w, https:\/\/i0.wp.com\/www.gietka.be\/wp-content\/uploads\/2025\/12\/499913918_122208047294131326_7160729954467892461_n-1.jpg?resize=1536%2C1152&amp;ssl=1 1536w, https:\/\/i0.wp.com\/www.gietka.be\/wp-content\/uploads\/2025\/12\/499913918_122208047294131326_7160729954467892461_n-1.jpg?resize=1320%2C990&amp;ssl=1 1320w, https:\/\/i0.wp.com\/www.gietka.be\/wp-content\/uploads\/2025\/12\/499913918_122208047294131326_7160729954467892461_n-1.jpg?w=2000&amp;ssl=1 2000w, https:\/\/i0.wp.com\/www.gietka.be\/wp-content\/uploads\/2025\/12\/499913918_122208047294131326_7160729954467892461_n-1.jpg?w=1920&amp;ssl=1 1920w\" sizes=\"auto, (max-width: 640px) 100vw, 640px\" \/><\/figure>\n\n\n\n<figure class=\"wp-block-image size-large\"><img data-recalc-dims=\"1\" loading=\"lazy\" decoding=\"async\" width=\"640\" height=\"480\" data-attachment-id=\"11406\" data-permalink=\"https:\/\/www.gietka.be\/index.php\/2025-2\/20250523_212152\/\" data-orig-file=\"https:\/\/i0.wp.com\/www.gietka.be\/wp-content\/uploads\/2025\/12\/20250523_212152.jpg?fit=1998%2C1499&amp;ssl=1\" data-orig-size=\"1998,1499\" data-comments-opened=\"0\" data-image-meta=\"{&quot;aperture&quot;:&quot;0&quot;,&quot;credit&quot;:&quot;&quot;,&quot;camera&quot;:&quot;SM-A125F&quot;,&quot;caption&quot;:&quot;&quot;,&quot;created_timestamp&quot;:&quot;0&quot;,&quot;copyright&quot;:&quot;&quot;,&quot;focal_length&quot;:&quot;0&quot;,&quot;iso&quot;:&quot;0&quot;,&quot;shutter_speed&quot;:&quot;0&quot;,&quot;title&quot;:&quot;&quot;,&quot;orientation&quot;:&quot;1&quot;}\" data-image-title=\"20250523_212152\" data-image-description=\"\" data-image-caption=\"\" data-medium-file=\"https:\/\/i0.wp.com\/www.gietka.be\/wp-content\/uploads\/2025\/12\/20250523_212152.jpg?fit=300%2C225&amp;ssl=1\" data-large-file=\"https:\/\/i0.wp.com\/www.gietka.be\/wp-content\/uploads\/2025\/12\/20250523_212152.jpg?fit=640%2C480&amp;ssl=1\" data-id=\"11406\" src=\"https:\/\/i0.wp.com\/www.gietka.be\/wp-content\/uploads\/2025\/12\/20250523_212152.jpg?resize=640%2C480&#038;ssl=1\" alt=\"\" class=\"wp-image-11406\" srcset=\"https:\/\/i0.wp.com\/www.gietka.be\/wp-content\/uploads\/2025\/12\/20250523_212152.jpg?resize=1024%2C768&amp;ssl=1 1024w, https:\/\/i0.wp.com\/www.gietka.be\/wp-content\/uploads\/2025\/12\/20250523_212152.jpg?resize=300%2C225&amp;ssl=1 300w, https:\/\/i0.wp.com\/www.gietka.be\/wp-content\/uploads\/2025\/12\/20250523_212152.jpg?resize=768%2C576&amp;ssl=1 768w, https:\/\/i0.wp.com\/www.gietka.be\/wp-content\/uploads\/2025\/12\/20250523_212152.jpg?resize=1536%2C1152&amp;ssl=1 1536w, https:\/\/i0.wp.com\/www.gietka.be\/wp-content\/uploads\/2025\/12\/20250523_212152.jpg?resize=1320%2C990&amp;ssl=1 1320w, https:\/\/i0.wp.com\/www.gietka.be\/wp-content\/uploads\/2025\/12\/20250523_212152.jpg?w=1998&amp;ssl=1 1998w, https:\/\/i0.wp.com\/www.gietka.be\/wp-content\/uploads\/2025\/12\/20250523_212152.jpg?w=1920&amp;ssl=1 1920w\" sizes=\"auto, (max-width: 640px) 100vw, 640px\" \/><\/figure>\n<\/figure>\n","protected":false},"excerpt":{"rendered":"<p>Du 23 au 25 mai 2025 : Salon d\u2019Art 2025 avec le groupe \u00ab Happy Art \u00bb \u00e0 Oreye, Hall Omnisport, rue de la Cit\u00e9, 18.<\/p>\n","protected":false},"author":2,"featured_media":0,"parent":0,"menu_order":0,"comment_status":"closed","ping_status":"closed","template":"","meta":{"jetpack_post_was_ever_published":false,"footnotes":""},"class_list":["post-11402","page","type-page","status-publish","hentry"],"yoast_head":"<!-- This site is optimized with the Yoast SEO plugin v27.2 - https:\/\/yoast.com\/product\/yoast-seo-wordpress\/ -->\n<title>2025 - Jos\u00e9 Gietka, aquarelliste et cr\u00e9ateur de bijoux<\/title>\n<meta name=\"robots\" content=\"index, follow, max-snippet:-1, max-image-preview:large, max-video-preview:-1\" \/>\n<link rel=\"canonical\" href=\"https:\/\/www.gietka.be\/index.php\/2025-2\/\" \/>\n<meta property=\"og:locale\" content=\"fr_FR\" \/>\n<meta property=\"og:type\" content=\"article\" \/>\n<meta property=\"og:title\" content=\"2025 - Jos\u00e9 Gietka, aquarelliste et cr\u00e9ateur de bijoux\" \/>\n<meta property=\"og:description\" content=\"Du 23 au 25 mai 2025 : Salon d\u2019Art 2025 avec le groupe \u00ab Happy Art \u00bb \u00e0 Oreye, Hall Omnisport, rue de la Cit\u00e9, 18.\" \/>\n<meta property=\"og:url\" content=\"https:\/\/www.gietka.be\/index.php\/2025-2\/\" \/>\n<meta property=\"og:site_name\" content=\"Jos\u00e9 Gietka, aquarelliste et cr\u00e9ateur de bijoux\" \/>\n<meta property=\"article:modified_time\" content=\"2025-12-01T14:41:15+00:00\" \/>\n<meta property=\"og:image\" content=\"https:\/\/www.gietka.be\/wp-content\/uploads\/2025\/12\/500134004_1909581233209758_5246071860890093542_n-1024x576.jpg\" \/>\n<meta name=\"twitter:card\" content=\"summary_large_image\" \/>\n<meta name=\"twitter:label1\" content=\"Dur\u00e9e de lecture estim\u00e9e\" \/>\n\t<meta name=\"twitter:data1\" content=\"2 minutes\" \/>\n<script type=\"application\/ld+json\" class=\"yoast-schema-graph\">{\"@context\":\"https:\/\/schema.org\",\"@graph\":[{\"@type\":\"WebPage\",\"@id\":\"https:\/\/www.gietka.be\/index.php\/2025-2\/\",\"url\":\"https:\/\/www.gietka.be\/index.php\/2025-2\/\",\"name\":\"2025 - Jos\u00e9 Gietka, aquarelliste et cr\u00e9ateur de bijoux\",\"isPartOf\":{\"@id\":\"https:\/\/www.gietka.be\/#website\"},\"primaryImageOfPage\":{\"@id\":\"https:\/\/www.gietka.be\/index.php\/2025-2\/#primaryimage\"},\"image\":{\"@id\":\"https:\/\/www.gietka.be\/index.php\/2025-2\/#primaryimage\"},\"thumbnailUrl\":\"https:\/\/www.gietka.be\/wp-content\/uploads\/2025\/12\/500134004_1909581233209758_5246071860890093542_n-1024x576.jpg\",\"datePublished\":\"2025-12-01T14:33:16+00:00\",\"dateModified\":\"2025-12-01T14:41:15+00:00\",\"breadcrumb\":{\"@id\":\"https:\/\/www.gietka.be\/index.php\/2025-2\/#breadcrumb\"},\"inLanguage\":\"fr-FR\",\"potentialAction\":[{\"@type\":\"ReadAction\",\"target\":[\"https:\/\/www.gietka.be\/index.php\/2025-2\/\"]}]},{\"@type\":\"ImageObject\",\"inLanguage\":\"fr-FR\",\"@id\":\"https:\/\/www.gietka.be\/index.php\/2025-2\/#primaryimage\",\"url\":\"https:\/\/i0.wp.com\/www.gietka.be\/wp-content\/uploads\/2025\/12\/500134004_1909581233209758_5246071860890093542_n.jpg?fit=1920%2C1080&ssl=1\",\"contentUrl\":\"https:\/\/i0.wp.com\/www.gietka.be\/wp-content\/uploads\/2025\/12\/500134004_1909581233209758_5246071860890093542_n.jpg?fit=1920%2C1080&ssl=1\",\"width\":1920,\"height\":1080},{\"@type\":\"BreadcrumbList\",\"@id\":\"https:\/\/www.gietka.be\/index.php\/2025-2\/#breadcrumb\",\"itemListElement\":[{\"@type\":\"ListItem\",\"position\":1,\"name\":\"Accueil\",\"item\":\"https:\/\/www.gietka.be\/\"},{\"@type\":\"ListItem\",\"position\":2,\"name\":\"2025\"}]},{\"@type\":\"WebSite\",\"@id\":\"https:\/\/www.gietka.be\/#website\",\"url\":\"https:\/\/www.gietka.be\/\",\"name\":\"Jos\u00e9 Gietka, aquarelliste et cr\u00e9ateur de bijoux\",\"description\":\"L&#039;art de l&#039;aquarelle cr\u00e9ative\",\"potentialAction\":[{\"@type\":\"SearchAction\",\"target\":{\"@type\":\"EntryPoint\",\"urlTemplate\":\"https:\/\/www.gietka.be\/?s={search_term_string}\"},\"query-input\":{\"@type\":\"PropertyValueSpecification\",\"valueRequired\":true,\"valueName\":\"search_term_string\"}}],\"inLanguage\":\"fr-FR\"}]}<\/script>\n<!-- \/ Yoast SEO plugin. -->","yoast_head_json":{"title":"2025 - Jos\u00e9 Gietka, aquarelliste et cr\u00e9ateur de bijoux","robots":{"index":"index","follow":"follow","max-snippet":"max-snippet:-1","max-image-preview":"max-image-preview:large","max-video-preview":"max-video-preview:-1"},"canonical":"https:\/\/www.gietka.be\/index.php\/2025-2\/","og_locale":"fr_FR","og_type":"article","og_title":"2025 - Jos\u00e9 Gietka, aquarelliste et cr\u00e9ateur de bijoux","og_description":"Du 23 au 25 mai 2025 : Salon d\u2019Art 2025 avec le groupe \u00ab Happy Art \u00bb \u00e0 Oreye, Hall Omnisport, rue de la Cit\u00e9, 18.","og_url":"https:\/\/www.gietka.be\/index.php\/2025-2\/","og_site_name":"Jos\u00e9 Gietka, aquarelliste et cr\u00e9ateur de bijoux","article_modified_time":"2025-12-01T14:41:15+00:00","og_image":[{"url":"https:\/\/www.gietka.be\/wp-content\/uploads\/2025\/12\/500134004_1909581233209758_5246071860890093542_n-1024x576.jpg","type":"","width":"","height":""}],"twitter_card":"summary_large_image","twitter_misc":{"Dur\u00e9e de lecture estim\u00e9e":"2 minutes"},"schema":{"@context":"https:\/\/schema.org","@graph":[{"@type":"WebPage","@id":"https:\/\/www.gietka.be\/index.php\/2025-2\/","url":"https:\/\/www.gietka.be\/index.php\/2025-2\/","name":"2025 - Jos\u00e9 Gietka, aquarelliste et cr\u00e9ateur de bijoux","isPartOf":{"@id":"https:\/\/www.gietka.be\/#website"},"primaryImageOfPage":{"@id":"https:\/\/www.gietka.be\/index.php\/2025-2\/#primaryimage"},"image":{"@id":"https:\/\/www.gietka.be\/index.php\/2025-2\/#primaryimage"},"thumbnailUrl":"https:\/\/www.gietka.be\/wp-content\/uploads\/2025\/12\/500134004_1909581233209758_5246071860890093542_n-1024x576.jpg","datePublished":"2025-12-01T14:33:16+00:00","dateModified":"2025-12-01T14:41:15+00:00","breadcrumb":{"@id":"https:\/\/www.gietka.be\/index.php\/2025-2\/#breadcrumb"},"inLanguage":"fr-FR","potentialAction":[{"@type":"ReadAction","target":["https:\/\/www.gietka.be\/index.php\/2025-2\/"]}]},{"@type":"ImageObject","inLanguage":"fr-FR","@id":"https:\/\/www.gietka.be\/index.php\/2025-2\/#primaryimage","url":"https:\/\/i0.wp.com\/www.gietka.be\/wp-content\/uploads\/2025\/12\/500134004_1909581233209758_5246071860890093542_n.jpg?fit=1920%2C1080&ssl=1","contentUrl":"https:\/\/i0.wp.com\/www.gietka.be\/wp-content\/uploads\/2025\/12\/500134004_1909581233209758_5246071860890093542_n.jpg?fit=1920%2C1080&ssl=1","width":1920,"height":1080},{"@type":"BreadcrumbList","@id":"https:\/\/www.gietka.be\/index.php\/2025-2\/#breadcrumb","itemListElement":[{"@type":"ListItem","position":1,"name":"Accueil","item":"https:\/\/www.gietka.be\/"},{"@type":"ListItem","position":2,"name":"2025"}]},{"@type":"WebSite","@id":"https:\/\/www.gietka.be\/#website","url":"https:\/\/www.gietka.be\/","name":"Jos\u00e9 Gietka, aquarelliste et cr\u00e9ateur de bijoux","description":"L&#039;art de l&#039;aquarelle cr\u00e9ative","potentialAction":[{"@type":"SearchAction","target":{"@type":"EntryPoint","urlTemplate":"https:\/\/www.gietka.be\/?s={search_term_string}"},"query-input":{"@type":"PropertyValueSpecification","valueRequired":true,"valueName":"search_term_string"}}],"inLanguage":"fr-FR"}]}},"jetpack_sharing_enabled":true,"jetpack_shortlink":"https:\/\/wp.me\/P7ZytP-2XU","_links":{"self":[{"href":"https:\/\/www.gietka.be\/index.php\/wp-json\/wp\/v2\/pages\/11402","targetHints":{"allow":["GET"]}}],"collection":[{"href":"https:\/\/www.gietka.be\/index.php\/wp-json\/wp\/v2\/pages"}],"about":[{"href":"https:\/\/www.gietka.be\/index.php\/wp-json\/wp\/v2\/types\/page"}],"author":[{"embeddable":true,"href":"https:\/\/www.gietka.be\/index.php\/wp-json\/wp\/v2\/users\/2"}],"replies":[{"embeddable":true,"href":"https:\/\/www.gietka.be\/index.php\/wp-json\/wp\/v2\/comments?post=11402"}],"version-history":[{"count":2,"href":"https:\/\/www.gietka.be\/index.php\/wp-json\/wp\/v2\/pages\/11402\/revisions"}],"predecessor-version":[{"id":11411,"href":"https:\/\/www.gietka.be\/index.php\/wp-json\/wp\/v2\/pages\/11402\/revisions\/11411"}],"wp:attachment":[{"href":"https:\/\/www.gietka.be\/index.php\/wp-json\/wp\/v2\/media?parent=11402"}],"curies":[{"name":"wp","href":"https:\/\/api.w.org\/{rel}","templated":true}]}}