{"id":1110,"date":"2018-06-27T11:30:19","date_gmt":"2018-06-27T09:30:19","guid":{"rendered":"http:\/\/www.gietka.be\/?page_id=1110"},"modified":"2018-06-27T11:38:29","modified_gmt":"2018-06-27T09:38:29","slug":"stage-de-chuzelles","status":"publish","type":"page","link":"https:\/\/www.gietka.be\/index.php\/stage-de-chuzelles\/","title":{"rendered":"Stage de Chuzelles"},"content":{"rendered":"<div id=\"metaslider-id-898\" style=\"max-width: 700px;\" class=\"ml-slider-3-107-0 metaslider metaslider-flex metaslider-898 ml-slider has-dots-nav ms-theme-default\" role=\"region\" aria-label=\"Chuzelles\" data-height=\"500\" data-width=\"700\">\n    <div id=\"metaslider_container_898\">\n        <div id=\"metaslider_898\">\n            <ul class='slides'>\n                <li style=\"display: block; width: 100%;\" class=\"slide-1124 ms-image \" aria-roledescription=\"slide\" data-date=\"2018-06-27 11:35:56\" data-filename=\"IMG_7203-700x500.jpg\" data-slide-type=\"image\"><img data-recalc-dims=\"1\" loading=\"lazy\" decoding=\"async\" src=\"https:\/\/i0.wp.com\/www.gietka.be\/wp-content\/uploads\/2018\/06\/IMG_7203.jpg?resize=640%2C457&#038;ssl=1\" height=\"457\" width=\"640\" alt=\"Stage de Jos\u00e9 Gietka \u00e0 Chuzelles (France)\" class=\"slider-898 slide-1124 msDefaultImage\" title=\"Stage Chuzelles\" \/><\/li>\n                <li style=\"display: none; width: 100%;\" class=\"slide-1125 ms-image \" aria-roledescription=\"slide\" data-date=\"2018-06-27 11:36:16\" data-filename=\"IMG_7197-700x500.jpg\" data-slide-type=\"image\"><img data-recalc-dims=\"1\" loading=\"lazy\" decoding=\"async\" src=\"https:\/\/i0.wp.com\/www.gietka.be\/wp-content\/uploads\/2018\/06\/IMG_7197.jpg?resize=640%2C457&#038;ssl=1\" height=\"457\" width=\"640\" alt=\"D\u00e9mo au cours du stage de Chuzelles\" class=\"slider-898 slide-1125 msDefaultImage\" title=\"D\u00e9mo Jos\u00e9 Gietka\" \/><\/li>\n                <li style=\"display: none; width: 100%;\" class=\"slide-1126 ms-image \" aria-roledescription=\"slide\" data-date=\"2018-06-27 11:36:44\" data-filename=\"IMG_4420-700x500.jpg\" data-slide-type=\"image\"><img data-recalc-dims=\"1\" loading=\"lazy\" decoding=\"async\" src=\"https:\/\/i0.wp.com\/www.gietka.be\/wp-content\/uploads\/2018\/06\/IMG_4420.jpg?resize=640%2C457&#038;ssl=1\" height=\"457\" width=\"640\" alt=\"Stage d&#039;aquarelle \u00e0 Chuzelles\" class=\"slider-898 slide-1126 msDefaultImage\" title=\"Stage Chuzelles\" \/><\/li>\n                <li style=\"display: none; width: 100%;\" class=\"slide-1127 ms-image \" aria-roledescription=\"slide\" data-date=\"2018-06-27 11:36:44\" data-filename=\"IMG_4419-700x500.jpg\" data-slide-type=\"image\"><img data-recalc-dims=\"1\" loading=\"lazy\" decoding=\"async\" src=\"https:\/\/i0.wp.com\/www.gietka.be\/wp-content\/uploads\/2018\/06\/IMG_4419.jpg?resize=640%2C457&#038;ssl=1\" height=\"457\" width=\"640\" alt=\"Stage d&#039;aquarelle \u00e0 Chuzelles\" class=\"slider-898 slide-1127 msDefaultImage\" title=\"Stage d&#039;aquarelle \u00e0 Chuzelles\" \/><\/li>\n                <li style=\"display: none; width: 100%;\" class=\"slide-1128 ms-image \" aria-roledescription=\"slide\" data-date=\"2018-06-27 11:36:45\" data-filename=\"IMG_4417-700x500.jpg\" data-slide-type=\"image\"><img data-recalc-dims=\"1\" loading=\"lazy\" decoding=\"async\" src=\"https:\/\/i0.wp.com\/www.gietka.be\/wp-content\/uploads\/2018\/06\/IMG_4417.jpg?resize=640%2C457&#038;ssl=1\" height=\"457\" width=\"640\" alt=\"Stage d&#039;aquarelle \u00e0 Chuzelles\" class=\"slider-898 slide-1128 msDefaultImage\" title=\"Stage d&#039;aquarelle \u00e0 Chuzelles\" \/><\/li>\n                <li style=\"display: none; width: 100%;\" class=\"slide-1129 ms-image \" aria-roledescription=\"slide\" data-date=\"2018-06-27 11:36:45\" data-filename=\"IMG_4414-700x500.jpg\" data-slide-type=\"image\"><img data-recalc-dims=\"1\" loading=\"lazy\" decoding=\"async\" src=\"https:\/\/i0.wp.com\/www.gietka.be\/wp-content\/uploads\/2018\/06\/IMG_4414.jpg?resize=640%2C457&#038;ssl=1\" height=\"457\" width=\"640\" alt=\"Stage d&#039;aquarelle \u00e0 Chuzelles\" class=\"slider-898 slide-1129 msDefaultImage\" title=\"Stage d&#039;aquarelle \u00e0 Chuzelles\" \/><\/li>\n                <li style=\"display: none; width: 100%;\" class=\"slide-1130 ms-image \" aria-roledescription=\"slide\" data-date=\"2018-06-27 11:36:45\" data-filename=\"IMG_4362-700x500.jpg\" data-slide-type=\"image\"><img data-recalc-dims=\"1\" loading=\"lazy\" decoding=\"async\" src=\"https:\/\/i0.wp.com\/www.gietka.be\/wp-content\/uploads\/2018\/06\/IMG_4362.jpg?resize=640%2C457&#038;ssl=1\" height=\"457\" width=\"640\" alt=\"Stage d&#039;aquarelle \u00e0 Chuzelles\" class=\"slider-898 slide-1130 msDefaultImage\" title=\"Stage d&#039;aquarelle \u00e0 Chuzelles\" \/><\/li>\n                <li style=\"display: none; width: 100%;\" class=\"slide-1131 ms-image \" aria-roledescription=\"slide\" data-date=\"2018-06-27 11:36:45\" data-filename=\"IMG_4346-700x500.jpg\" data-slide-type=\"image\"><img data-recalc-dims=\"1\" loading=\"lazy\" decoding=\"async\" src=\"https:\/\/i0.wp.com\/www.gietka.be\/wp-content\/uploads\/2018\/06\/IMG_4346.jpg?resize=640%2C457&#038;ssl=1\" height=\"457\" width=\"640\" alt=\"Stage d&#039;aquarelle \u00e0 Chuzelles\" class=\"slider-898 slide-1131 msDefaultImage\" title=\"Stage d&#039;aquarelle \u00e0 Chuzelles\" \/><\/li>\n                <li style=\"display: none; width: 100%;\" class=\"slide-1132 ms-image \" aria-roledescription=\"slide\" data-date=\"2018-06-27 11:36:45\" data-filename=\"IMG_4343-700x500.jpg\" data-slide-type=\"image\"><img data-recalc-dims=\"1\" loading=\"lazy\" decoding=\"async\" src=\"https:\/\/i0.wp.com\/www.gietka.be\/wp-content\/uploads\/2018\/06\/IMG_4343.jpg?resize=640%2C457&#038;ssl=1\" height=\"457\" width=\"640\" alt=\"Stage d&#039;aquarelle \u00e0 Chuzelles\" class=\"slider-898 slide-1132 msDefaultImage\" title=\"Stage d&#039;aquarelle \u00e0 Chuzelles\" \/><\/li>\n                <li style=\"display: none; width: 100%;\" class=\"slide-1133 ms-image \" aria-roledescription=\"slide\" data-date=\"2018-06-27 11:36:45\" data-filename=\"IMG_4329-700x500.jpg\" data-slide-type=\"image\"><img data-recalc-dims=\"1\" loading=\"lazy\" decoding=\"async\" src=\"https:\/\/i0.wp.com\/www.gietka.be\/wp-content\/uploads\/2018\/06\/IMG_4329.jpg?resize=640%2C457&#038;ssl=1\" height=\"457\" width=\"640\" alt=\"Stage d&#039;aquarelle \u00e0 Chuzelles\" class=\"slider-898 slide-1133 msDefaultImage\" title=\"Stage d&#039;aquarelle \u00e0 Chuzelles\" \/><\/li>\n            <\/ul>\n        <\/div>\n        \n    <\/div>\n<\/div>\n","protected":false},"excerpt":{"rendered":"","protected":false},"author":2,"featured_media":0,"parent":0,"menu_order":0,"comment_status":"closed","ping_status":"closed","template":"","meta":{"jetpack_post_was_ever_published":false,"footnotes":""},"class_list":["post-1110","page","type-page","status-publish","hentry"],"yoast_head":"<!-- This site is optimized with the Yoast SEO plugin v27.2 - https:\/\/yoast.com\/product\/yoast-seo-wordpress\/ -->\n<title>Stage de Chuzelles - Jos\u00e9 Gietka, aquarelliste et cr\u00e9ateur de bijoux<\/title>\n<meta name=\"robots\" content=\"index, follow, max-snippet:-1, max-image-preview:large, max-video-preview:-1\" \/>\n<link rel=\"canonical\" href=\"https:\/\/www.gietka.be\/index.php\/stage-de-chuzelles\/\" \/>\n<meta property=\"og:locale\" content=\"fr_FR\" \/>\n<meta property=\"og:type\" content=\"article\" \/>\n<meta property=\"og:title\" content=\"Stage de Chuzelles - Jos\u00e9 Gietka, aquarelliste et cr\u00e9ateur de bijoux\" \/>\n<meta property=\"og:url\" content=\"https:\/\/www.gietka.be\/index.php\/stage-de-chuzelles\/\" \/>\n<meta property=\"og:site_name\" content=\"Jos\u00e9 Gietka, aquarelliste et cr\u00e9ateur de bijoux\" \/>\n<meta property=\"article:modified_time\" content=\"2018-06-27T09:38:29+00:00\" \/>\n<meta name=\"twitter:card\" content=\"summary_large_image\" \/>\n<script type=\"application\/ld+json\" class=\"yoast-schema-graph\">{\"@context\":\"https:\/\/schema.org\",\"@graph\":[{\"@type\":\"WebPage\",\"@id\":\"https:\/\/www.gietka.be\/index.php\/stage-de-chuzelles\/\",\"url\":\"https:\/\/www.gietka.be\/index.php\/stage-de-chuzelles\/\",\"name\":\"Stage de Chuzelles - Jos\u00e9 Gietka, aquarelliste et cr\u00e9ateur de bijoux\",\"isPartOf\":{\"@id\":\"https:\/\/www.gietka.be\/#website\"},\"datePublished\":\"2018-06-27T09:30:19+00:00\",\"dateModified\":\"2018-06-27T09:38:29+00:00\",\"breadcrumb\":{\"@id\":\"https:\/\/www.gietka.be\/index.php\/stage-de-chuzelles\/#breadcrumb\"},\"inLanguage\":\"fr-FR\",\"potentialAction\":[{\"@type\":\"ReadAction\",\"target\":[\"https:\/\/www.gietka.be\/index.php\/stage-de-chuzelles\/\"]}]},{\"@type\":\"BreadcrumbList\",\"@id\":\"https:\/\/www.gietka.be\/index.php\/stage-de-chuzelles\/#breadcrumb\",\"itemListElement\":[{\"@type\":\"ListItem\",\"position\":1,\"name\":\"Accueil\",\"item\":\"https:\/\/www.gietka.be\/\"},{\"@type\":\"ListItem\",\"position\":2,\"name\":\"Stage de Chuzelles\"}]},{\"@type\":\"WebSite\",\"@id\":\"https:\/\/www.gietka.be\/#website\",\"url\":\"https:\/\/www.gietka.be\/\",\"name\":\"Jos\u00e9 Gietka, aquarelliste et cr\u00e9ateur de bijoux\",\"description\":\"L&#039;art de l&#039;aquarelle cr\u00e9ative\",\"potentialAction\":[{\"@type\":\"SearchAction\",\"target\":{\"@type\":\"EntryPoint\",\"urlTemplate\":\"https:\/\/www.gietka.be\/?s={search_term_string}\"},\"query-input\":{\"@type\":\"PropertyValueSpecification\",\"valueRequired\":true,\"valueName\":\"search_term_string\"}}],\"inLanguage\":\"fr-FR\"}]}<\/script>\n<!-- \/ Yoast SEO plugin. -->","yoast_head_json":{"title":"Stage de Chuzelles - Jos\u00e9 Gietka, aquarelliste et cr\u00e9ateur de bijoux","robots":{"index":"index","follow":"follow","max-snippet":"max-snippet:-1","max-image-preview":"max-image-preview:large","max-video-preview":"max-video-preview:-1"},"canonical":"https:\/\/www.gietka.be\/index.php\/stage-de-chuzelles\/","og_locale":"fr_FR","og_type":"article","og_title":"Stage de Chuzelles - Jos\u00e9 Gietka, aquarelliste et cr\u00e9ateur de bijoux","og_url":"https:\/\/www.gietka.be\/index.php\/stage-de-chuzelles\/","og_site_name":"Jos\u00e9 Gietka, aquarelliste et cr\u00e9ateur de bijoux","article_modified_time":"2018-06-27T09:38:29+00:00","twitter_card":"summary_large_image","schema":{"@context":"https:\/\/schema.org","@graph":[{"@type":"WebPage","@id":"https:\/\/www.gietka.be\/index.php\/stage-de-chuzelles\/","url":"https:\/\/www.gietka.be\/index.php\/stage-de-chuzelles\/","name":"Stage de Chuzelles - Jos\u00e9 Gietka, aquarelliste et cr\u00e9ateur de bijoux","isPartOf":{"@id":"https:\/\/www.gietka.be\/#website"},"datePublished":"2018-06-27T09:30:19+00:00","dateModified":"2018-06-27T09:38:29+00:00","breadcrumb":{"@id":"https:\/\/www.gietka.be\/index.php\/stage-de-chuzelles\/#breadcrumb"},"inLanguage":"fr-FR","potentialAction":[{"@type":"ReadAction","target":["https:\/\/www.gietka.be\/index.php\/stage-de-chuzelles\/"]}]},{"@type":"BreadcrumbList","@id":"https:\/\/www.gietka.be\/index.php\/stage-de-chuzelles\/#breadcrumb","itemListElement":[{"@type":"ListItem","position":1,"name":"Accueil","item":"https:\/\/www.gietka.be\/"},{"@type":"ListItem","position":2,"name":"Stage de Chuzelles"}]},{"@type":"WebSite","@id":"https:\/\/www.gietka.be\/#website","url":"https:\/\/www.gietka.be\/","name":"Jos\u00e9 Gietka, aquarelliste et cr\u00e9ateur de bijoux","description":"L&#039;art de l&#039;aquarelle cr\u00e9ative","potentialAction":[{"@type":"SearchAction","target":{"@type":"EntryPoint","urlTemplate":"https:\/\/www.gietka.be\/?s={search_term_string}"},"query-input":{"@type":"PropertyValueSpecification","valueRequired":true,"valueName":"search_term_string"}}],"inLanguage":"fr-FR"}]}},"jetpack_sharing_enabled":true,"jetpack_shortlink":"https:\/\/wp.me\/P7ZytP-hU","_links":{"self":[{"href":"https:\/\/www.gietka.be\/index.php\/wp-json\/wp\/v2\/pages\/1110","targetHints":{"allow":["GET"]}}],"collection":[{"href":"https:\/\/www.gietka.be\/index.php\/wp-json\/wp\/v2\/pages"}],"about":[{"href":"https:\/\/www.gietka.be\/index.php\/wp-json\/wp\/v2\/types\/page"}],"author":[{"embeddable":true,"href":"https:\/\/www.gietka.be\/index.php\/wp-json\/wp\/v2\/users\/2"}],"replies":[{"embeddable":true,"href":"https:\/\/www.gietka.be\/index.php\/wp-json\/wp\/v2\/comments?post=1110"}],"version-history":[{"count":2,"href":"https:\/\/www.gietka.be\/index.php\/wp-json\/wp\/v2\/pages\/1110\/revisions"}],"predecessor-version":[{"id":1134,"href":"https:\/\/www.gietka.be\/index.php\/wp-json\/wp\/v2\/pages\/1110\/revisions\/1134"}],"wp:attachment":[{"href":"https:\/\/www.gietka.be\/index.php\/wp-json\/wp\/v2\/media?parent=1110"}],"curies":[{"name":"wp","href":"https:\/\/api.w.org\/{rel}","templated":true}]}}