{"id":1069,"date":"2018-04-20T17:16:03","date_gmt":"2018-04-20T15:16:03","guid":{"rendered":"http:\/\/www.gietka.be\/?page_id=1069"},"modified":"2018-10-23T14:50:24","modified_gmt":"2018-10-23T12:50:24","slug":"2018-3","status":"publish","type":"page","link":"https:\/\/www.gietka.be\/index.php\/2018-3\/","title":{"rendered":"2018"},"content":{"rendered":"<p><strong><u>Septembre 2018<\/u><\/strong>\u00a0: Jos\u00e9 Gietka figure dans le catalogue de la Biennale internationale d&rsquo;Art na\u00eff et singulier au ch\u00e2teau de Waroux.<\/p>\n<p><a href=\"https:\/\/i0.wp.com\/www.gietka.be\/wp-content\/uploads\/2018\/10\/Livre-e1540298964424.jpg?ssl=1\"><img data-recalc-dims=\"1\" loading=\"lazy\" decoding=\"async\" data-attachment-id=\"1189\" data-permalink=\"https:\/\/www.gietka.be\/index.php\/2018-3\/livre\/\" data-orig-file=\"https:\/\/i0.wp.com\/www.gietka.be\/wp-content\/uploads\/2018\/10\/Livre-e1540298964424.jpg?fit=695%2C1000&amp;ssl=1\" data-orig-size=\"695,1000\" data-comments-opened=\"0\" data-image-meta=\"{&quot;aperture&quot;:&quot;0&quot;,&quot;credit&quot;:&quot;&quot;,&quot;camera&quot;:&quot;&quot;,&quot;caption&quot;:&quot;&quot;,&quot;created_timestamp&quot;:&quot;0&quot;,&quot;copyright&quot;:&quot;&quot;,&quot;focal_length&quot;:&quot;0&quot;,&quot;iso&quot;:&quot;0&quot;,&quot;shutter_speed&quot;:&quot;0&quot;,&quot;title&quot;:&quot;&quot;,&quot;orientation&quot;:&quot;0&quot;}\" data-image-title=\"Livre Waroux\" data-image-description=\"&lt;p&gt;Aquarelle \u00ab\u00a0le l\u00e9opard\u00a0\u00bb dans le catalogue de l&amp;rsquo;exposition du ch\u00e2teau de Waroux&lt;\/p&gt;\n\" data-image-caption=\"\" data-medium-file=\"https:\/\/i0.wp.com\/www.gietka.be\/wp-content\/uploads\/2018\/10\/Livre-e1540298964424.jpg?fit=208%2C300&amp;ssl=1\" data-large-file=\"https:\/\/i0.wp.com\/www.gietka.be\/wp-content\/uploads\/2018\/10\/Livre-e1540298964424.jpg?fit=640%2C922&amp;ssl=1\" class=\"aligncenter wp-image-1189 size-medium\" src=\"https:\/\/i0.wp.com\/www.gietka.be\/wp-content\/uploads\/2018\/10\/Livre.jpg?resize=208%2C300&#038;ssl=1\" alt=\"\" width=\"208\" height=\"300\" \/><\/a><\/p>\n<p><strong><u>Avril 2018 :<\/u><\/strong>\u00a0Jos\u00e9 Gietka figure dans le journal \u00ab\u00a0Vers l&rsquo;Avenir\u00a0\u00bb, \u00e9dition Namur du 17 avril 2018 : \u00ab\u00a0Labelg&rsquo;Art, rencontre d&rsquo;artistes au Beffroi\u00a0\u00bb.<\/p>\n<p><a href=\"https:\/\/i0.wp.com\/www.gietka.be\/wp-content\/uploads\/2018\/04\/Vers-lavenir-du-17-avril-2018-Copie.jpg?ssl=1\"><img data-recalc-dims=\"1\" loading=\"lazy\" decoding=\"async\" data-attachment-id=\"1073\" data-permalink=\"https:\/\/www.gietka.be\/index.php\/2018-3\/vers-lavenir-du-17-avril-2018-copie\/\" data-orig-file=\"https:\/\/i0.wp.com\/www.gietka.be\/wp-content\/uploads\/2018\/04\/Vers-lavenir-du-17-avril-2018-Copie.jpg?fit=600%2C539&amp;ssl=1\" data-orig-size=\"600,539\" data-comments-opened=\"0\" data-image-meta=\"{&quot;aperture&quot;:&quot;0&quot;,&quot;credit&quot;:&quot;&quot;,&quot;camera&quot;:&quot;&quot;,&quot;caption&quot;:&quot;&quot;,&quot;created_timestamp&quot;:&quot;0&quot;,&quot;copyright&quot;:&quot;&quot;,&quot;focal_length&quot;:&quot;0&quot;,&quot;iso&quot;:&quot;0&quot;,&quot;shutter_speed&quot;:&quot;0&quot;,&quot;title&quot;:&quot;&quot;,&quot;orientation&quot;:&quot;0&quot;}\" data-image-title=\"Vers l&amp;rsquo;avenir du 17 avril 2018\" data-image-description=\"&lt;p&gt;Jos\u00e9 Gietka dans \u00ab\u00a0Vers l&amp;rsquo;avenir\u00a0\u00bb du 17 avril 2018&lt;\/p&gt;\n\" data-image-caption=\"\" data-medium-file=\"https:\/\/i0.wp.com\/www.gietka.be\/wp-content\/uploads\/2018\/04\/Vers-lavenir-du-17-avril-2018-Copie.jpg?fit=300%2C270&amp;ssl=1\" data-large-file=\"https:\/\/i0.wp.com\/www.gietka.be\/wp-content\/uploads\/2018\/04\/Vers-lavenir-du-17-avril-2018-Copie.jpg?fit=600%2C539&amp;ssl=1\" class=\"aligncenter wp-image-1073 size-medium\" src=\"https:\/\/i0.wp.com\/www.gietka.be\/wp-content\/uploads\/2018\/04\/Vers-lavenir-du-17-avril-2018-Copie.jpg?resize=300%2C270&#038;ssl=1\" alt=\"\" width=\"300\" height=\"270\" srcset=\"https:\/\/i0.wp.com\/www.gietka.be\/wp-content\/uploads\/2018\/04\/Vers-lavenir-du-17-avril-2018-Copie.jpg?resize=300%2C270&amp;ssl=1 300w, https:\/\/i0.wp.com\/www.gietka.be\/wp-content\/uploads\/2018\/04\/Vers-lavenir-du-17-avril-2018-Copie.jpg?w=600&amp;ssl=1 600w\" sizes=\"auto, (max-width: 300px) 100vw, 300px\" \/><\/a><\/p>\n<p class=\"articleintro\" style=\"background: white; vertical-align: baseline;\"><b><span style=\"font-size: 11.0pt; font-family: 'Georgia','serif'; color: #333333;\">Vendredi soir, la galerie du Beffroi vernissait Labelg\u2019Art. Une exposition r\u00e9unissant une dizaine d\u2019artistes aux styles tr\u00e8s divers.<\/span><\/b><\/p>\n<p class=\"articleintro\" style=\"background: white; vertical-align: baseline;\"><span style=\"font-size: 11.0pt; font-family: 'Georgia','serif'; color: #333333;\">Ne cherchez pas de fil conducteur \u00e0 cette exposition, il n\u2019y en a pas! Acrylique, huile, aquarelle, a\u00e9rographe, collage, paysages, abstraction, figuratif, etc. Les styles, les sujets et les techniques d\u00e9filent et ne se ressemblent pas. L\u2019exposition Labelg\u2019Art \u00e0 la galerie du Beffroi propose un parcours \u00e9clectique o\u00f9 r\u00e8gnent la convivialit\u00e9 et le partage. Son organisateur, Jacques Thys l\u2019a voulu comme tel et l\u2019assume pleinement:\u00a0<i>\u00abJ\u2019ai mont\u00e9 l\u2019expo au feeling. Rien n\u2019est comparable et c\u2019est ce qui me plait. Le but, c\u2019est d\u2019offrir une visibilit\u00e9 aux artistes de la plateforme Labelg\u2019Art.\u00bb<\/i><\/span><\/p>\n<p style=\"background: white; vertical-align: baseline;\"><b><span style=\"font-size: 11.0pt; font-family: 'Georgia','serif'; color: #333333;\">Une passion commune<\/span><\/b><\/p>\n<p style=\"background: white; vertical-align: baseline;\"><span style=\"font-size: 11.0pt; font-family: 'Georgia','serif'; color: #333333;\">Car avant d\u2019\u00eatre une exposition, Labelg\u2019Art, c\u2019est surtout une plateforme qui r\u00e9unit divers artistes, qu\u2019ils soient professionnels ou amateurs, autour d\u2019une passion commune: l\u2019art.\u00a0<i>\u00abAu d\u00e9part, je r\u00e9pondais \u00e0 des demandes d\u2019artistes qui cherchaient des lieux d\u2019exposition, des conseils, etc. Et en 2003, j\u2019ai d\u00e9cid\u00e9 de cr\u00e9er une plateforme d\u00e9di\u00e9e aux artistes namurois: Labelg\u2019Art. L\u2019objectif \u00e9tait surtout de leur donner un espace pour pr\u00e9senter leur travail tant sur la toile que dans la vie. Mais aussi de permettre des rencontres.\u00bb<\/i>\u00a0Aujourd\u2019hui, la plateforme compte 65 membres venus des quatre coins de la Belgique et pas seulement. Des Fran\u00e7ais et des Luxembourgeois ont aussi rejoint l\u2019aventure et Labelg\u2019Art n\u2019est plus exclusivement r\u00e9serv\u00e9 aux Namurois. Pour participer au projet, aucune s\u00e9lection n\u2019est effectu\u00e9e. Peu importe le niveau, chacun est le bienvenu:\u00a0<i>\u00abLa seule condition, c\u2019est la volont\u00e9 de partager sa passion et d\u2019accepter tout le monde. On est tous sur un pied d\u2019\u00e9galit\u00e9.\u00bb<\/i>\u00a0Mais pour monter cette exposition, Jacques Thys a quand m\u00eame d\u00fb op\u00e9rer un choix et d\u00e9cid\u00e9 de qui participe et qui ne participe pas.\u00a0<i>\u00abJ\u2019ai lanc\u00e9 l\u2019invitation \u00e0 l\u2019ensemble des membres. Premier inscrit, premier servi. J\u2019ai \u00e9videmment privil\u00e9gi\u00e9 ceux qui n\u2019avaient pas particip\u00e9 aux pr\u00e9c\u00e9dentes expos.\u00bb<\/i>\u00a0Comme invit\u00e9e d\u2019honneur cette ann\u00e9e, la Carolo Claire Van Maercke qui a d\u00e9cid\u00e9 de travailler autour du th\u00e8me \u00abune vue, une ville\u00bb \u00e0 l\u2019occasion de l\u2019\u00e9v\u00e9nement.<\/span><\/p>\n<p style=\"background: white; vertical-align: baseline;\"><b><span style=\"font-size: 11.0pt; font-family: 'Georgia','serif'; color: #333333;\">Une grande famille<\/span><\/b><\/p>\n<p style=\"margin: 0cm; margin-bottom: .0001pt; background: white; vertical-align: baseline;\"><i><span style=\"font-size: 11.0pt; font-family: 'Georgia','serif'; color: #333333;\">\u00abC\u2019est la sympathie du groupe qui m\u2019a donn\u00e9 envie de rejoindre la plateforme. On est vraiment dans le partage, on se retrouve comme des potes. On est comme une grande famille\u00bb<\/span><\/i><span style=\"font-size: 11.0pt; font-family: 'Georgia','serif'; color: #333333;\">\u00a0nous confie Claire Van Maercke. Pour le Namurois Jos\u00e9 Gietka, aquarelliste, c\u2019est une grande premi\u00e8re avec Labelg\u2019Art. Et ce qui lui a plu dans le concept, c\u2019est la bienveillance qui en \u00e9mane:\u00a0<i>\u00abOn est tous log\u00e9s \u00e0 la m\u00eame enseigne. Personne n\u2019est sup\u00e9rieur ou inf\u00e9rieur. C\u2019est tr\u00e8s riche de m\u00ealer tout le monde sans faire de distinction.\u00bb<\/i>\u00a0Au total, l\u2019exposition r\u00e9unit 16 artistes, tous anim\u00e9s par l\u2019envie de d\u00e9livrer leur travail \u00e0 la vue du public. Toutes les \u0153uvres sont mises en vente \u00e0 cette occasion. Labelg\u2019Art sera accessible jusqu\u2019au 22 avril et reviendra du 5 au 10 juin avec une nouvelle exposition.<\/span><\/p>\n<p style=\"margin: 0cm; margin-bottom: .0001pt; background: white; vertical-align: baseline;\"><span style=\"font-size: 11.0pt; font-family: 'Georgia','serif'; color: #333333;\">\u00a0<\/span><\/p>\n<p style=\"margin: 0cm; margin-bottom: .0001pt; background: white; vertical-align: baseline;\"><span style=\"font-size: 11.0pt; font-family: 'Georgia','serif'; color: #333333;\">Article de Maude Destray<\/span><\/p>\n<p>&nbsp;<\/p>\n<p><strong><u>Avril 2018 :<\/u><\/strong>\u00a0Jos\u00e9 Gietka figure \u00e0 la page 12 du magazine \u00ab\u00a0le Vlan\u00a0\u00bbdu 11 avril 2018.<\/p>\n<p><a href=\"https:\/\/i0.wp.com\/www.gietka.be\/wp-content\/uploads\/2018\/04\/Vlan-du-11-04-2018-page-12-D%C3%A9tail.jpg?ssl=1\"><img data-recalc-dims=\"1\" loading=\"lazy\" decoding=\"async\" data-attachment-id=\"1074\" data-permalink=\"https:\/\/www.gietka.be\/index.php\/2018-3\/vlan-du-11-04-2018-page-12-detail\/\" data-orig-file=\"https:\/\/i0.wp.com\/www.gietka.be\/wp-content\/uploads\/2018\/04\/Vlan-du-11-04-2018-page-12-D%C3%A9tail.jpg?fit=581%2C454&amp;ssl=1\" data-orig-size=\"581,454\" data-comments-opened=\"0\" data-image-meta=\"{&quot;aperture&quot;:&quot;0&quot;,&quot;credit&quot;:&quot;&quot;,&quot;camera&quot;:&quot;&quot;,&quot;caption&quot;:&quot;&quot;,&quot;created_timestamp&quot;:&quot;0&quot;,&quot;copyright&quot;:&quot;&quot;,&quot;focal_length&quot;:&quot;0&quot;,&quot;iso&quot;:&quot;0&quot;,&quot;shutter_speed&quot;:&quot;0&quot;,&quot;title&quot;:&quot;&quot;,&quot;orientation&quot;:&quot;0&quot;}\" data-image-title=\"Vlan du 11-04-2018 page 12 &amp;#8211; (D\u00e9tail)\" data-image-description=\"&lt;p&gt;Jos\u00e9 figure dans le vlan&lt;\/p&gt;\n\" data-image-caption=\"\" data-medium-file=\"https:\/\/i0.wp.com\/www.gietka.be\/wp-content\/uploads\/2018\/04\/Vlan-du-11-04-2018-page-12-D%C3%A9tail.jpg?fit=300%2C234&amp;ssl=1\" data-large-file=\"https:\/\/i0.wp.com\/www.gietka.be\/wp-content\/uploads\/2018\/04\/Vlan-du-11-04-2018-page-12-D%C3%A9tail.jpg?fit=581%2C454&amp;ssl=1\" class=\"aligncenter wp-image-1074 size-medium\" src=\"https:\/\/i0.wp.com\/www.gietka.be\/wp-content\/uploads\/2018\/04\/Vlan-du-11-04-2018-page-12-D%C3%A9tail.jpg?resize=300%2C234&#038;ssl=1\" alt=\"\" width=\"300\" height=\"234\" srcset=\"https:\/\/i0.wp.com\/www.gietka.be\/wp-content\/uploads\/2018\/04\/Vlan-du-11-04-2018-page-12-D%C3%A9tail.jpg?resize=300%2C234&amp;ssl=1 300w, https:\/\/i0.wp.com\/www.gietka.be\/wp-content\/uploads\/2018\/04\/Vlan-du-11-04-2018-page-12-D%C3%A9tail.jpg?w=581&amp;ssl=1 581w\" sizes=\"auto, (max-width: 300px) 100vw, 300px\" \/><\/a><\/p>\n","protected":false},"excerpt":{"rendered":"<p>Septembre 2018\u00a0: Jos\u00e9 Gietka figure dans le catalogue de la Biennale internationale d&rsquo;Art na\u00eff et singulier au ch\u00e2teau de Waroux. Avril 2018 :\u00a0Jos\u00e9 Gietka figure dans le journal \u00ab\u00a0Vers l&rsquo;Avenir\u00a0\u00bb, \u00e9dition Namur du 17 avril 2018 : \u00ab\u00a0Labelg&rsquo;Art, rencontre d&rsquo;artistes &hellip; <a href=\"https:\/\/www.gietka.be\/index.php\/2018-3\/\">Continuer la lecture <span class=\"meta-nav\">&rarr;<\/span><\/a><\/p>\n","protected":false},"author":2,"featured_media":0,"parent":0,"menu_order":0,"comment_status":"closed","ping_status":"closed","template":"","meta":{"jetpack_post_was_ever_published":false,"footnotes":""},"class_list":["post-1069","page","type-page","status-publish","hentry"],"yoast_head":"<!-- This site is optimized with the Yoast SEO plugin v27.2 - https:\/\/yoast.com\/product\/yoast-seo-wordpress\/ -->\n<title>2018 - Jos\u00e9 Gietka, aquarelliste et cr\u00e9ateur de bijoux<\/title>\n<meta name=\"robots\" content=\"index, follow, max-snippet:-1, max-image-preview:large, max-video-preview:-1\" \/>\n<link rel=\"canonical\" href=\"https:\/\/www.gietka.be\/index.php\/2018-3\/\" \/>\n<meta property=\"og:locale\" content=\"fr_FR\" \/>\n<meta property=\"og:type\" content=\"article\" \/>\n<meta property=\"og:title\" content=\"2018 - Jos\u00e9 Gietka, aquarelliste et cr\u00e9ateur de bijoux\" \/>\n<meta property=\"og:description\" content=\"Septembre 2018\u00a0: Jos\u00e9 Gietka figure dans le catalogue de la Biennale internationale d&rsquo;Art na\u00eff et singulier au ch\u00e2teau de Waroux. Avril 2018 :\u00a0Jos\u00e9 Gietka figure dans le journal \u00ab\u00a0Vers l&rsquo;Avenir\u00a0\u00bb, \u00e9dition Namur du 17 avril 2018 : \u00ab\u00a0Labelg&rsquo;Art, rencontre d&rsquo;artistes &hellip; Continuer la lecture &rarr;\" \/>\n<meta property=\"og:url\" content=\"https:\/\/www.gietka.be\/index.php\/2018-3\/\" \/>\n<meta property=\"og:site_name\" content=\"Jos\u00e9 Gietka, aquarelliste et cr\u00e9ateur de bijoux\" \/>\n<meta property=\"article:modified_time\" content=\"2018-10-23T12:50:24+00:00\" \/>\n<meta property=\"og:image\" content=\"http:\/\/www.gietka.be\/wp-content\/uploads\/2018\/10\/Livre-208x300.jpg\" \/>\n<meta name=\"twitter:card\" content=\"summary_large_image\" \/>\n<meta name=\"twitter:label1\" content=\"Dur\u00e9e de lecture estim\u00e9e\" \/>\n\t<meta name=\"twitter:data1\" content=\"3 minutes\" \/>\n<script type=\"application\/ld+json\" class=\"yoast-schema-graph\">{\"@context\":\"https:\/\/schema.org\",\"@graph\":[{\"@type\":\"WebPage\",\"@id\":\"https:\/\/www.gietka.be\/index.php\/2018-3\/\",\"url\":\"https:\/\/www.gietka.be\/index.php\/2018-3\/\",\"name\":\"2018 - Jos\u00e9 Gietka, aquarelliste et cr\u00e9ateur de bijoux\",\"isPartOf\":{\"@id\":\"https:\/\/www.gietka.be\/#website\"},\"primaryImageOfPage\":{\"@id\":\"https:\/\/www.gietka.be\/index.php\/2018-3\/#primaryimage\"},\"image\":{\"@id\":\"https:\/\/www.gietka.be\/index.php\/2018-3\/#primaryimage\"},\"thumbnailUrl\":\"http:\/\/www.gietka.be\/wp-content\/uploads\/2018\/10\/Livre-208x300.jpg\",\"datePublished\":\"2018-04-20T15:16:03+00:00\",\"dateModified\":\"2018-10-23T12:50:24+00:00\",\"breadcrumb\":{\"@id\":\"https:\/\/www.gietka.be\/index.php\/2018-3\/#breadcrumb\"},\"inLanguage\":\"fr-FR\",\"potentialAction\":[{\"@type\":\"ReadAction\",\"target\":[\"https:\/\/www.gietka.be\/index.php\/2018-3\/\"]}]},{\"@type\":\"ImageObject\",\"inLanguage\":\"fr-FR\",\"@id\":\"https:\/\/www.gietka.be\/index.php\/2018-3\/#primaryimage\",\"url\":\"http:\/\/www.gietka.be\/wp-content\/uploads\/2018\/10\/Livre-208x300.jpg\",\"contentUrl\":\"http:\/\/www.gietka.be\/wp-content\/uploads\/2018\/10\/Livre-208x300.jpg\"},{\"@type\":\"BreadcrumbList\",\"@id\":\"https:\/\/www.gietka.be\/index.php\/2018-3\/#breadcrumb\",\"itemListElement\":[{\"@type\":\"ListItem\",\"position\":1,\"name\":\"Accueil\",\"item\":\"https:\/\/www.gietka.be\/\"},{\"@type\":\"ListItem\",\"position\":2,\"name\":\"2018\"}]},{\"@type\":\"WebSite\",\"@id\":\"https:\/\/www.gietka.be\/#website\",\"url\":\"https:\/\/www.gietka.be\/\",\"name\":\"Jos\u00e9 Gietka, aquarelliste et cr\u00e9ateur de bijoux\",\"description\":\"L&#039;art de l&#039;aquarelle cr\u00e9ative\",\"potentialAction\":[{\"@type\":\"SearchAction\",\"target\":{\"@type\":\"EntryPoint\",\"urlTemplate\":\"https:\/\/www.gietka.be\/?s={search_term_string}\"},\"query-input\":{\"@type\":\"PropertyValueSpecification\",\"valueRequired\":true,\"valueName\":\"search_term_string\"}}],\"inLanguage\":\"fr-FR\"}]}<\/script>\n<!-- \/ Yoast SEO plugin. -->","yoast_head_json":{"title":"2018 - Jos\u00e9 Gietka, aquarelliste et cr\u00e9ateur de bijoux","robots":{"index":"index","follow":"follow","max-snippet":"max-snippet:-1","max-image-preview":"max-image-preview:large","max-video-preview":"max-video-preview:-1"},"canonical":"https:\/\/www.gietka.be\/index.php\/2018-3\/","og_locale":"fr_FR","og_type":"article","og_title":"2018 - Jos\u00e9 Gietka, aquarelliste et cr\u00e9ateur de bijoux","og_description":"Septembre 2018\u00a0: Jos\u00e9 Gietka figure dans le catalogue de la Biennale internationale d&rsquo;Art na\u00eff et singulier au ch\u00e2teau de Waroux. Avril 2018 :\u00a0Jos\u00e9 Gietka figure dans le journal \u00ab\u00a0Vers l&rsquo;Avenir\u00a0\u00bb, \u00e9dition Namur du 17 avril 2018 : \u00ab\u00a0Labelg&rsquo;Art, rencontre d&rsquo;artistes &hellip; Continuer la lecture &rarr;","og_url":"https:\/\/www.gietka.be\/index.php\/2018-3\/","og_site_name":"Jos\u00e9 Gietka, aquarelliste et cr\u00e9ateur de bijoux","article_modified_time":"2018-10-23T12:50:24+00:00","og_image":[{"url":"http:\/\/www.gietka.be\/wp-content\/uploads\/2018\/10\/Livre-208x300.jpg","type":"","width":"","height":""}],"twitter_card":"summary_large_image","twitter_misc":{"Dur\u00e9e de lecture estim\u00e9e":"3 minutes"},"schema":{"@context":"https:\/\/schema.org","@graph":[{"@type":"WebPage","@id":"https:\/\/www.gietka.be\/index.php\/2018-3\/","url":"https:\/\/www.gietka.be\/index.php\/2018-3\/","name":"2018 - Jos\u00e9 Gietka, aquarelliste et cr\u00e9ateur de bijoux","isPartOf":{"@id":"https:\/\/www.gietka.be\/#website"},"primaryImageOfPage":{"@id":"https:\/\/www.gietka.be\/index.php\/2018-3\/#primaryimage"},"image":{"@id":"https:\/\/www.gietka.be\/index.php\/2018-3\/#primaryimage"},"thumbnailUrl":"http:\/\/www.gietka.be\/wp-content\/uploads\/2018\/10\/Livre-208x300.jpg","datePublished":"2018-04-20T15:16:03+00:00","dateModified":"2018-10-23T12:50:24+00:00","breadcrumb":{"@id":"https:\/\/www.gietka.be\/index.php\/2018-3\/#breadcrumb"},"inLanguage":"fr-FR","potentialAction":[{"@type":"ReadAction","target":["https:\/\/www.gietka.be\/index.php\/2018-3\/"]}]},{"@type":"ImageObject","inLanguage":"fr-FR","@id":"https:\/\/www.gietka.be\/index.php\/2018-3\/#primaryimage","url":"http:\/\/www.gietka.be\/wp-content\/uploads\/2018\/10\/Livre-208x300.jpg","contentUrl":"http:\/\/www.gietka.be\/wp-content\/uploads\/2018\/10\/Livre-208x300.jpg"},{"@type":"BreadcrumbList","@id":"https:\/\/www.gietka.be\/index.php\/2018-3\/#breadcrumb","itemListElement":[{"@type":"ListItem","position":1,"name":"Accueil","item":"https:\/\/www.gietka.be\/"},{"@type":"ListItem","position":2,"name":"2018"}]},{"@type":"WebSite","@id":"https:\/\/www.gietka.be\/#website","url":"https:\/\/www.gietka.be\/","name":"Jos\u00e9 Gietka, aquarelliste et cr\u00e9ateur de bijoux","description":"L&#039;art de l&#039;aquarelle cr\u00e9ative","potentialAction":[{"@type":"SearchAction","target":{"@type":"EntryPoint","urlTemplate":"https:\/\/www.gietka.be\/?s={search_term_string}"},"query-input":{"@type":"PropertyValueSpecification","valueRequired":true,"valueName":"search_term_string"}}],"inLanguage":"fr-FR"}]}},"jetpack_sharing_enabled":true,"jetpack_shortlink":"https:\/\/wp.me\/P7ZytP-hf","_links":{"self":[{"href":"https:\/\/www.gietka.be\/index.php\/wp-json\/wp\/v2\/pages\/1069","targetHints":{"allow":["GET"]}}],"collection":[{"href":"https:\/\/www.gietka.be\/index.php\/wp-json\/wp\/v2\/pages"}],"about":[{"href":"https:\/\/www.gietka.be\/index.php\/wp-json\/wp\/v2\/types\/page"}],"author":[{"embeddable":true,"href":"https:\/\/www.gietka.be\/index.php\/wp-json\/wp\/v2\/users\/2"}],"replies":[{"embeddable":true,"href":"https:\/\/www.gietka.be\/index.php\/wp-json\/wp\/v2\/comments?post=1069"}],"version-history":[{"count":6,"href":"https:\/\/www.gietka.be\/index.php\/wp-json\/wp\/v2\/pages\/1069\/revisions"}],"predecessor-version":[{"id":1190,"href":"https:\/\/www.gietka.be\/index.php\/wp-json\/wp\/v2\/pages\/1069\/revisions\/1190"}],"wp:attachment":[{"href":"https:\/\/www.gietka.be\/index.php\/wp-json\/wp\/v2\/media?parent=1069"}],"curies":[{"name":"wp","href":"https:\/\/api.w.org\/{rel}","templated":true}]}}